{"id":347,"date":"2025-09-30T20:55:50","date_gmt":"2025-09-30T20:55:50","guid":{"rendered":"https:\/\/lightgray-crow-170497.hostingersite.com\/?post_type=product&#038;p=347"},"modified":"2025-09-30T20:55:50","modified_gmt":"2025-09-30T20:55:50","slug":"taille-haies-sur-perche-thermique-stihl-hl-94-c-e","status":"publish","type":"product","link":"https:\/\/routinesfashione.com\/fr\/produit\/taille-haies-sur-perche-thermique-stihl-hl-94-c-e\/","title":{"rendered":"Tour de taille sur la Stihl HL 94 CE thermique"},"content":{"rendered":"<h2 class=\"m_product-specifications__headline\" data-test-id=\"pdp-specifications\">Caract\u00e9ristiques techniques<\/h2>\n<div class=\"m_product-specifications__table\">\n<table data-test-id=\"pdp-spec-tech-table\">\n<tbody>\n<tr>\n<td>Cylindree<\/td>\n<td>24,1 cm\u00b3<\/td>\n<\/tr>\n<tr>\n<td>Pouvoir<\/td>\n<td>0,9 kW<\/td>\n<\/tr>\n<tr>\n<td>Vitesse<\/td>\n<td>4000 tr\/min (UM)<\/td>\n<\/tr>\n<tr>\n<td>CO2<\/td>\n<td>794 g\/kWh<\/td>\n<\/tr>\n<tr>\n<td>Poids unitaire sans carburant<\/td>\n<td>5,6 kg\u00a0<sup>1)<\/sup><\/td>\n<\/tr>\n<\/tbody>\n<\/table>\n<h2 class=\"product-details__title\">queue-haie sur perche thermique<\/h2>\n<div class=\"product-details__description richtexteditor\">Pour un travail professionnel sur la peau et une utilisation au soleil. Nouveau r\u00e9ducteur en magn\u00e9sium, moteur 2T avec balayage stratifi\u00e9 avec ECOSPEED pour une r\u00e9gulation du r\u00e9gime moteur sur de longues p\u00e9riodes de travail dans les zones sensibles au bruit, barre de coupe orientable \u00e0 145\u00b0, longueur totale 199 cm.<\/div>\n<div>\n<div class=\"m_infobox_product-detail__highlights\">\n<div class=\"m_infobox_product-detail-v2__highlights-title\">Pour conserver<\/div>\n<div class=\"m_infobox_product-detail__bulletlist\" data-test-id=\"pdp-highlight-box\">\n<ul>\n<li>tail-haie sur perche pour les travaux professionnels sur des haies hautes et au ras du sol<\/li>\n<li>Efficacit\u00e9 thermique et \u00e9conomie des requins de taille dans le tube extra court<\/li>\n<li>Pour les professionnels du jardinage et de l&#039;am\u00e9nagement paysager<\/li>\n<\/ul>\n<\/div>\n<p><button class=\"m_infobox_product-detail-v2__highlights-link\" data-test-id=\"product-info-box-show-more-details\">Voir toutes les caract\u00e9ristiques<\/button><\/div>\n<div class=\"m_infobox_product-detail__delivery-section\">\n<div class=\"m_infobox_product-detail__delivery-section-group\">\n<div class=\"m_infobox_product-detail__product-availability m_infobox_product--reset-border\">\n<div>\n<div class=\"list-shopping-cart__stock\">\n<div class=\"list-shopping-cart__stock-icon\"><\/div>\n<div data-test-id=\"product-availability-information\"><strong>MODES DE LIVRAISON<\/strong><\/div>\n<\/div>\n<\/div>\n<div class=\"m_infobox_delivery-options\">\n<div class=\"m_infobox_delivery-options__headline\">\n<div id=\"delivery-options-hint-headline\" class=\"richtexteditor\">\n<p><b>LIVRAISON \u00c0 DOMICILE (OFFERTE D\u00c8S 100\u20ac D&#039;ACHATS) : <\/b>Livr\u00e9 chez vous sous 2 \u00e0 3 jours ouvr\u00e9s pour toute commande effectu\u00e9e avant 12H.<\/p>\n<\/div>\n<\/div>\n<div class=\"m_infobox_delivery-options\">\n<div class=\"product-status__item-wrapper\">\n<div class=\"product-status__item pick-up\">\n<p><b>OFFRE DE RETRAIT EN CLICK &amp; SERVICE :\u00a0<\/b>Livr\u00e9 et mis en service chez un revendeur partenaire pr\u00e8s de chez vous sous 2 \u00e0 3 jours ouvr\u00e9s pour toute commande effectu\u00e9e avant 12H.<\/p>\n<\/div>\n<\/div>\n<\/div>\n<\/div>\n<\/div>\n<\/div>\n<\/div>\n<\/div>\n<\/div>","protected":false},"excerpt":{"rendered":"<p>Caract\u00e9ristiques techniques Cylindr\u00e9e 24,1 cm\u00b3 Puissance 0,9 kW Vitesse de course 4000 tr\/min (UM) CO2 794 g\/kWh Poids unitaire sans<\/p>","protected":false},"featured_media":13064,"template":"","meta":[],"product_brand":[],"product_cat":[61],"product_tag":[],"product_country":[1503],"class_list":{"0":"post-347","1":"product","2":"type-product","3":"status-publish","4":"has-post-thumbnail","6":"product_cat-sale-france","7":"product_country-france","9":"first","10":"instock","11":"sale","12":"taxable","13":"shipping-taxable","14":"purchasable","15":"product-type-simple"},"_links":{"self":[{"href":"https:\/\/routinesfashione.com\/fr\/wp-json\/wp\/v2\/product\/347","targetHints":{"allow":["GET"]}}],"collection":[{"href":"https:\/\/routinesfashione.com\/fr\/wp-json\/wp\/v2\/product"}],"about":[{"href":"https:\/\/routinesfashione.com\/fr\/wp-json\/wp\/v2\/types\/product"}],"wp:featuredmedia":[{"embeddable":true,"href":"https:\/\/routinesfashione.com\/fr\/wp-json\/wp\/v2\/media\/13064"}],"wp:attachment":[{"href":"https:\/\/routinesfashione.com\/fr\/wp-json\/wp\/v2\/media?parent=347"}],"wp:term":[{"taxonomy":"product_brand","embeddable":true,"href":"https:\/\/routinesfashione.com\/fr\/wp-json\/wp\/v2\/product_brand?post=347"},{"taxonomy":"product_cat","embeddable":true,"href":"https:\/\/routinesfashione.com\/fr\/wp-json\/wp\/v2\/product_cat?post=347"},{"taxonomy":"product_tag","embeddable":true,"href":"https:\/\/routinesfashione.com\/fr\/wp-json\/wp\/v2\/product_tag?post=347"},{"taxonomy":"product_country","embeddable":true,"href":"https:\/\/routinesfashione.com\/fr\/wp-json\/wp\/v2\/product_country?post=347"}],"curies":[{"name":"wp","href":"https:\/\/api.w.org\/{rel}","templated":true}]}}