{"id":348,"date":"2025-09-30T20:55:50","date_gmt":"2025-09-30T20:55:50","guid":{"rendered":"https:\/\/lightgray-crow-170497.hostingersite.com\/?post_type=product&#038;p=348"},"modified":"2025-09-30T20:55:50","modified_gmt":"2025-09-30T20:55:50","slug":"debroussailleuse-543rs-husqvarna","status":"publish","type":"product","link":"https:\/\/routinesfashione.com\/fr\/produit\/debroussailleuse-543rs-husqvarna\/","title":{"rendered":"D\u00e9broussailleuse 543RS Husqvarna"},"content":{"rendered":"<div class=\"short-description\">\n<div class=\"std\"><span dir=\"auto\">La d\u00e9broussailleuse HUSQVARNA 543 RS est id\u00e9ale pour les travaux autour de la maison, dans les parcs et les domaines. Cette d\u00e9broussailleuse thermique est id\u00e9ale pour tondre de grandes surfaces et \u00e9liminer les ronces. Dot\u00e9e d&#039;un tube de transmission de 28,0 mm et d&#039;une puissance de 1500 W, la HUSQVARNA 543RS offre un r\u00e9gime moteur \u00e9lev\u00e9.<\/span><\/div>\n<\/div>\n<p class=\"produit_ajout\"><span dir=\"auto\">La d\u00e9broussailleuse HUSQVARNA 543 RS est livr\u00e9e avec deux outils de coupe (t\u00eate de coupe et d\u00e9broussailleuse), un harnais Duo et d&#039;autres \u00e9quipements standard.<\/p>\n<p><\/span><\/p>\n<div class=\"product-carac\">\n<div class=\"titre-sections titre-sections-left\">\n<h2><span dir=\"auto\">Caract\u00e9ristiques techniques<\/span><\/h2>\n<\/div>\n<ul>\n<li><span dir=\"auto\">Couteau de d\u00e9broussailleuse HUSQVARNA 543 RS<\/span><\/li>\n<li><span dir=\"auto\">D\u00e9broussailleuse pour parcs et espaces verts<\/span><\/li>\n<li><span dir=\"auto\">Moteur 2 temps avec allumage \u00e9lectronique<\/span><\/li>\n<li><span dir=\"auto\">Puissance : 1,50 KW ; 2,03 CV<\/span><\/li>\n<li><span dir=\"auto\">Cylindr\u00e9e : 40,1 cm3<\/span><\/li>\n<li><span dir=\"auto\">Fonctionne au m\u00e9lange 2%<\/span><\/li>\n<li><span dir=\"auto\">Poids : 7,4 kg<\/span><\/li>\n<li><span dir=\"auto\">D\u00e9broussailleuse \u00e0 transmission rigide<\/span><\/li>\n<li><span dir=\"auto\">Diam\u00e8tre de transmission : 28 mm<\/span><\/li>\n<\/ul>\n<\/div>\n<div class=\"product-avantages\">\n<div class=\"titre-sections titre-sections-left\">\n<h2><span dir=\"auto\">Les \u00ab Plus \u00bb du produit<\/span><\/h2>\n<\/div>\n<ul>\n<li><span dir=\"auto\">D\u00e9broussailleuse tr\u00e8s l\u00e9g\u00e8re<\/span><\/li>\n<li><span dir=\"auto\">Support de guidon d\u00e9cal\u00e9 de 7\u00b0C<\/span><\/li>\n<li><span dir=\"auto\">Equip\u00e9 d&#039;une pompe d&#039;amor\u00e7age<\/span><\/li>\n<li><span dir=\"auto\">Technologie HUSQVARNA X-Torq<\/span><\/li>\n<li><span dir=\"auto\">Livr\u00e9 avec t\u00eate de filetage semi-automatique en nylon Husqvarna<\/span><\/li>\n<li><span dir=\"auto\">Livr\u00e9 avec un couteau \u00e0 3 dents<\/span><\/li>\n<li><span dir=\"auto\">Livr\u00e9 avec harnais Duo<\/span><\/li>\n<\/ul>\n<\/div>\n<p class=\"produit_ajout\"><span dir=\"auto\">\u00a0<\/span><\/p>","protected":false},"excerpt":{"rendered":"<p>The HUSQVARNA 543 RS brushcutter is suitable for work around the home, parks, and estates. This petrol brushcutter is perfect<\/p>","protected":false},"featured_media":13066,"template":"","meta":[],"product_brand":[],"product_cat":[61],"product_tag":[],"product_country":[1503],"class_list":{"0":"post-348","1":"product","2":"type-product","3":"status-publish","4":"has-post-thumbnail","6":"product_cat-sale-france","7":"product_country-france","9":"first","10":"instock","11":"sale","12":"taxable","13":"shipping-taxable","14":"purchasable","15":"product-type-simple"},"_links":{"self":[{"href":"https:\/\/routinesfashione.com\/fr\/wp-json\/wp\/v2\/product\/348","targetHints":{"allow":["GET"]}}],"collection":[{"href":"https:\/\/routinesfashione.com\/fr\/wp-json\/wp\/v2\/product"}],"about":[{"href":"https:\/\/routinesfashione.com\/fr\/wp-json\/wp\/v2\/types\/product"}],"wp:featuredmedia":[{"embeddable":true,"href":"https:\/\/routinesfashione.com\/fr\/wp-json\/wp\/v2\/media\/13066"}],"wp:attachment":[{"href":"https:\/\/routinesfashione.com\/fr\/wp-json\/wp\/v2\/media?parent=348"}],"wp:term":[{"taxonomy":"product_brand","embeddable":true,"href":"https:\/\/routinesfashione.com\/fr\/wp-json\/wp\/v2\/product_brand?post=348"},{"taxonomy":"product_cat","embeddable":true,"href":"https:\/\/routinesfashione.com\/fr\/wp-json\/wp\/v2\/product_cat?post=348"},{"taxonomy":"product_tag","embeddable":true,"href":"https:\/\/routinesfashione.com\/fr\/wp-json\/wp\/v2\/product_tag?post=348"},{"taxonomy":"product_country","embeddable":true,"href":"https:\/\/routinesfashione.com\/fr\/wp-json\/wp\/v2\/product_country?post=348"}],"curies":[{"name":"wp","href":"https:\/\/api.w.org\/{rel}","templated":true}]}}