{"id":350,"date":"2025-09-30T20:55:50","date_gmt":"2025-09-30T20:55:50","guid":{"rendered":"https:\/\/lightgray-crow-170497.hostingersite.com\/?post_type=product&#038;p=350"},"modified":"2025-09-30T20:55:50","modified_gmt":"2025-09-30T20:55:50","slug":"honda-grasmaaier-hrx537cvk","status":"publish","type":"product","link":"https:\/\/routinesfashione.com\/fr\/produit\/honda-grasmaaier-hrx537cvk\/","title":{"rendered":"Tondeuse \u00e0 gazon Honda HRX537CVK"},"content":{"rendered":"<h3 data-start=\"108\" data-end=\"140\"><strong data-start=\"112\" data-end=\"138\">Description du produit<\/strong><\/h3>\n<p data-start=\"141\" data-end=\"658\">La <strong data-start=\"144\" data-end=\"163\">Honda HRX537CVK<\/strong> est une <strong data-start=\"172\" data-end=\"220\">tondeuse thermique autotract\u00e9e haut de gamme<\/strong>, id\u00e9ale pour l\u2019entretien des grandes pelouses. \u00c9quip\u00e9e d\u2019un <strong data-start=\"281\" data-end=\"313\">moteur Honda GCV200 puissant<\/strong> et d\u2019un <strong data-start=\"322\" data-end=\"346\">d\u00e9marrage \u00e9lectrique<\/strong>, elle garantit confort et fiabilit\u00e9. Son syst\u00e8me <strong data-start=\"396\" data-end=\"409\">Versamow\u2122<\/strong> permet de passer facilement du ramassage au mulching, tandis que son carter robuste et sa transmission r\u00e9glable assurent une tonte rapide et efficace. C\u2019est un mod\u00e8le con\u00e7u pour durer et pour offrir une coupe parfaite m\u00eame sur terrains exigeants.<\/p>\n<hr data-start=\"660\" data-end=\"663\" \/>\n<h3 data-start=\"665\" data-end=\"702\"><strong data-start=\"669\" data-end=\"700\">Caract\u00e9ristiques techniques<\/strong><\/h3>\n<ul data-start=\"703\" data-end=\"1605\">\n<li data-start=\"703\" data-end=\"725\">\n<p data-start=\"705\" data-end=\"725\"><strong data-start=\"705\" data-end=\"715\">Marque<\/strong> : Honda<\/p>\n<\/li>\n<li data-start=\"726\" data-end=\"752\">\n<p data-start=\"728\" data-end=\"752\"><strong data-start=\"728\" data-end=\"738\">Mod\u00e8le<\/strong> : HRX537CVK<\/p>\n<\/li>\n<li data-start=\"753\" data-end=\"826\">\n<p data-start=\"755\" data-end=\"826\"><strong data-start=\"755\" data-end=\"763\">Taper<\/strong> : Tondeuse thermique autotract\u00e9e (avec d\u00e9marrage \u00e9lectrique)<\/p>\n<\/li>\n<li data-start=\"827\" data-end=\"876\">\n<p data-start=\"829\" data-end=\"876\"><strong data-start=\"829\" data-end=\"839\">Moteur<\/strong> : Honda GCV200 \u2013 4 temps \u2013 187 cm\u00b3<\/p>\n<\/li>\n<li data-start=\"877\" data-end=\"932\">\n<p data-start=\"879\" data-end=\"932\"><strong data-start=\"879\" data-end=\"901\">Puissance nominale<\/strong> : env. 3,2 kW \u00e0 2 850 tr\/min<\/p>\n<\/li>\n<li data-start=\"933\" data-end=\"965\">\n<p data-start=\"935\" data-end=\"965\"><strong data-start=\"935\" data-end=\"955\">Largeur de mignonne<\/strong> : 53 cm<\/p>\n<\/li>\n<li data-start=\"966\" data-end=\"1023\">\n<p data-start=\"968\" data-end=\"1023\"><strong data-start=\"968\" data-end=\"988\">Hauteur de coupe<\/strong> : 7 positions (env. 20 \u00e0 100 mm)<\/p>\n<\/li>\n<li data-start=\"1024\" data-end=\"1077\">\n<p data-start=\"1026\" data-end=\"1077\"><strong data-start=\"1026\" data-end=\"1058\">Capacit\u00e9 du bac de ramassage<\/strong> : env. 88 litres<\/p>\n<\/li>\n<li data-start=\"1078\" data-end=\"1156\">\n<p data-start=\"1080\" data-end=\"1156\"><strong data-start=\"1080\" data-end=\"1102\">Fonctions de coupe<\/strong> : Ramassage, mulching (Versamow\u2122), \u00e9jection arri\u00e8re<\/p>\n<\/li>\n<li data-start=\"1157\" data-end=\"1219\">\n<p data-start=\"1159\" data-end=\"1219\"><strong data-start=\"1159\" data-end=\"1174\">Carrosserie<\/strong> : Mat\u00e9riau Xenoy\u00ae r\u00e9sistant \u00e0 la corrosion<\/p>\n<\/li>\n<li data-start=\"1220\" data-end=\"1274\">\n<p data-start=\"1222\" data-end=\"1274\"><strong data-start=\"1222\" data-end=\"1238\">transmission<\/strong> : Autopropuls\u00e9e, vitesse variable<\/p>\n<\/li>\n<li data-start=\"1275\" data-end=\"1316\">\n<p data-start=\"1277\" data-end=\"1316\"><strong data-start=\"1277\" data-end=\"1300\">R\u00e9servoir d\u2019essence<\/strong> : env. 0,93 L<\/p>\n<\/li>\n<li data-start=\"1317\" data-end=\"1362\">\n<p data-start=\"1319\" data-end=\"1362\"><strong data-start=\"1319\" data-end=\"1346\">Capacit\u00e9 d\u2019huile moteur<\/strong> : env. 0,55 L<\/p>\n<\/li>\n<li data-start=\"1363\" data-end=\"1389\">\n<p data-start=\"1365\" data-end=\"1389\"><strong data-start=\"1365\" data-end=\"1374\">Poids<\/strong> : env. 40 kg<\/p>\n<\/li>\n<li data-start=\"1390\" data-end=\"1468\">\n<p data-start=\"1392\" data-end=\"1468\"><strong data-start=\"1392\" data-end=\"1415\">Syst\u00e8me de s\u00e9curit\u00e9<\/strong> : Roto-Stop\u00ae (arr\u00eat de lame sans couper le moteur)<\/p>\n<\/li>\n<li data-start=\"1469\" data-end=\"1605\">\n<p data-start=\"1471\" data-end=\"1605\"><strong data-start=\"1471\" data-end=\"1481\">Extras<\/strong> : Guidon ergonomique r\u00e9glable et pliable, d\u00e9marrage \u00e9lectrique pratique, roues \u00e0 roulements \u00e0 billes pour plus de confort<\/p>\n<\/li>\n<\/ul>","protected":false},"excerpt":{"rendered":"<p>Description du produit La Honda HRX537CVK est une tondeuse thermique autotract\u00e9e haut de gamme, id\u00e9ale pour l\u2019entretien des grandes pelouses.<\/p>","protected":false},"featured_media":19580,"template":"","meta":[],"product_brand":[],"product_cat":[64],"product_tag":[65],"product_country":[1503],"class_list":{"0":"post-350","1":"product","2":"type-product","3":"status-publish","4":"has-post-thumbnail","6":"product_cat-movers","7":"product_tag-movers","8":"product_country-france","10":"first","11":"instock","12":"sale","13":"taxable","14":"shipping-taxable","15":"purchasable","16":"product-type-simple"},"_links":{"self":[{"href":"https:\/\/routinesfashione.com\/fr\/wp-json\/wp\/v2\/product\/350","targetHints":{"allow":["GET"]}}],"collection":[{"href":"https:\/\/routinesfashione.com\/fr\/wp-json\/wp\/v2\/product"}],"about":[{"href":"https:\/\/routinesfashione.com\/fr\/wp-json\/wp\/v2\/types\/product"}],"wp:featuredmedia":[{"embeddable":true,"href":"https:\/\/routinesfashione.com\/fr\/wp-json\/wp\/v2\/media\/19580"}],"wp:attachment":[{"href":"https:\/\/routinesfashione.com\/fr\/wp-json\/wp\/v2\/media?parent=350"}],"wp:term":[{"taxonomy":"product_brand","embeddable":true,"href":"https:\/\/routinesfashione.com\/fr\/wp-json\/wp\/v2\/product_brand?post=350"},{"taxonomy":"product_cat","embeddable":true,"href":"https:\/\/routinesfashione.com\/fr\/wp-json\/wp\/v2\/product_cat?post=350"},{"taxonomy":"product_tag","embeddable":true,"href":"https:\/\/routinesfashione.com\/fr\/wp-json\/wp\/v2\/product_tag?post=350"},{"taxonomy":"product_country","embeddable":true,"href":"https:\/\/routinesfashione.com\/fr\/wp-json\/wp\/v2\/product_country?post=350"}],"curies":[{"name":"wp","href":"https:\/\/api.w.org\/{rel}","templated":true}]}}