{"id":3517,"date":"2025-09-30T20:36:59","date_gmt":"2025-09-30T20:36:59","guid":{"rendered":"https:\/\/lightgray-crow-170497.hostingersite.com\/?post_type=product&#038;p=3517"},"modified":"2025-11-01T13:57:36","modified_gmt":"2025-11-01T13:57:36","slug":"yardistry-meridian-gazebo-12ft-x-16ft-3-66m-x-4-88m","status":"publish","type":"product","link":"https:\/\/routinesfashione.com\/fr\/produit\/yardistry-meridian-gazebo-12ft-x-16ft-3-66m-x-4-88m\/","title":{"rendered":"Gazebo Meridian Yardistry 12 pi x 16 pi (3,66 m x 4,88 m)"},"content":{"rendered":"<h3 data-start=\"156\" data-end=\"191\"><strong data-start=\"163\" data-end=\"189\"><span dir=\"auto\" style=\"vertical-align: inherit;\"><span dir=\"auto\" style=\"vertical-align: inherit;\">Product description<\/span><\/span><\/strong><\/h3>\n<p data-start=\"192\" data-end=\"471\"><span dir=\"auto\" style=\"vertical-align: inherit;\"><span dir=\"auto\" style=\"vertical-align: inherit;\">Le <\/span><\/span><strong data-start=\"195\" data-end=\"232\"><span dir=\"auto\" style=\"vertical-align: inherit;\"><span dir=\"auto\" style=\"vertical-align: inherit;\">Meridian Yardistry 12 x 16 gazebo<\/span><\/span><\/strong><span dir=\"auto\" style=\"vertical-align: inherit;\"><span dir=\"auto\" style=\"vertical-align: inherit;\"> is an <\/span><\/span><strong data-start=\"241\" data-end=\"275\"><span dir=\"auto\" style=\"vertical-align: inherit;\"><span dir=\"auto\" style=\"vertical-align: inherit;\">elegant and spacious barrel<\/span><\/span><\/strong><span dir=\"auto\" style=\"vertical-align: inherit;\"><span dir=\"auto\" style=\"vertical-align: inherit;\"> that instantly returns to your outdoor space. Con\u00e7u in <\/span><\/span><strong data-start=\"337\" data-end=\"362\"><span dir=\"auto\" style=\"vertical-align: inherit;\"><span dir=\"auto\" style=\"vertical-align: inherit;\">bois de c\u00e8dre naturel<\/span><\/span><\/strong><span dir=\"auto\" style=\"vertical-align: inherit;\"><span dir=\"auto\" style=\"vertical-align: inherit;\"> , the offer a <\/span><\/span><strong data-start=\"377\" data-end=\"404\"><span dir=\"auto\" style=\"vertical-align: inherit;\"><span dir=\"auto\" style=\"vertical-align: inherit;\">large surface couverte<\/span><\/span><\/strong><span dir=\"auto\" style=\"vertical-align: inherit;\"><span dir=\"auto\" style=\"vertical-align: inherit;\"> ideale for receipt, installer and coin repas or abriter a spa.<\/span><\/span><\/p>\n<p data-start=\"473\" data-end=\"701\"><span dir=\"auto\" style=\"vertical-align: inherit;\"><span dir=\"auto\" style=\"vertical-align: inherit;\">Its <\/span><\/span><strong data-start=\"477\" data-end=\"500\"><span dir=\"auto\" style=\"vertical-align: inherit;\"><span dir=\"auto\" style=\"vertical-align: inherit;\">contemporary design<\/span><\/span><\/strong><span dir=\"auto\" style=\"vertical-align: inherit;\"><span dir=\"auto\" style=\"vertical-align: inherit;\"> et <\/span><\/span><strong data-start=\"507\" data-end=\"528\"><span dir=\"auto\" style=\"vertical-align: inherit;\"><span dir=\"auto\" style=\"vertical-align: inherit;\">robust structure<\/span><\/span><\/strong><span dir=\"auto\" style=\"vertical-align: inherit;\"><span dir=\"auto\" style=\"vertical-align: inherit;\"> guarantees a harmonious integration in your garden, terrace or near the pool, offering excellent protection against the sun and temperatures.<\/span><\/span><\/p>\n<hr data-start=\"703\" data-end=\"706\" \/>\n<h3 data-start=\"708\" data-end=\"748\"><strong data-start=\"715\" data-end=\"746\"><span dir=\"auto\" style=\"vertical-align: inherit;\"><span dir=\"auto\" style=\"vertical-align: inherit;\">Technical features<\/span><\/span><\/strong><\/h3>\n<ul data-start=\"750\" data-end=\"1740\">\n<li data-start=\"750\" data-end=\"776\">\n<p data-start=\"752\" data-end=\"776\"><strong data-start=\"752\" data-end=\"762\"><span dir=\"auto\" style=\"vertical-align: inherit;\"><span dir=\"auto\" style=\"vertical-align: inherit;\">feu<\/span><\/span><\/strong><span dir=\"auto\" style=\"vertical-align: inherit;\"><span dir=\"auto\" style=\"vertical-align: inherit;\"> : Yardistry<\/span><\/span><\/p>\n<\/li>\n<li data-start=\"777\" data-end=\"817\">\n<p data-start=\"779\" data-end=\"817\"><strong data-start=\"779\" data-end=\"797\"><span dir=\"auto\" style=\"vertical-align: inherit;\"><span dir=\"auto\" style=\"vertical-align: inherit;\">Product name<\/span><\/span><\/strong><span dir=\"auto\" style=\"vertical-align: inherit;\"><span dir=\"auto\" style=\"vertical-align: inherit;\"> : Gazebo Meridian<\/span><\/span><\/p>\n<\/li>\n<li data-start=\"818\" data-end=\"870\">\n<p data-start=\"820\" data-end=\"870\"><strong data-start=\"820\" data-end=\"834\"><span dir=\"auto\" style=\"vertical-align: inherit;\"><span dir=\"auto\" style=\"vertical-align: inherit;\">Dimensions<\/span><\/span><\/strong><span dir=\"auto\" style=\"vertical-align: inherit;\"><span dir=\"auto\" style=\"vertical-align: inherit;\"> : 12pi x 16pi (3.66m x 4.88m)<\/span><\/span><\/p>\n<\/li>\n<li data-start=\"871\" data-end=\"913\">\n<p data-start=\"873\" data-end=\"913\"><strong data-start=\"873\" data-end=\"893\"><span dir=\"auto\" style=\"vertical-align: inherit;\"><span dir=\"auto\" style=\"vertical-align: inherit;\">Surface couverte<\/span><\/span><\/strong><span dir=\"auto\" style=\"vertical-align: inherit;\"><span dir=\"auto\" style=\"vertical-align: inherit;\"> : Environ 17.8 m\u00b2<\/span><\/span><\/p>\n<\/li>\n<li data-start=\"914\" data-end=\"956\">\n<p data-start=\"916\" data-end=\"956\"><strong data-start=\"916\" data-end=\"924\"><span dir=\"auto\" style=\"vertical-align: inherit;\"><span dir=\"auto\" style=\"vertical-align: inherit;\">Taper<\/span><\/span><\/strong><span dir=\"auto\" style=\"vertical-align: inherit;\"><span dir=\"auto\" style=\"vertical-align: inherit;\"> : Gazebo \/ tonnelle de jardin<\/span><\/span><\/p>\n<\/li>\n<li data-start=\"957\" data-end=\"1060\">\n<p data-start=\"959\" data-end=\"1060\"><strong data-start=\"959\" data-end=\"972\"><span dir=\"auto\" style=\"vertical-align: inherit;\"><span dir=\"auto\" style=\"vertical-align: inherit;\">Structure<\/span><\/span><\/strong><span dir=\"auto\" style=\"vertical-align: inherit;\"><span dir=\"auto\" style=\"vertical-align: inherit;\"> : Bois de c\u00e8dre certifi\u00e9 FSC, naturellement r\u00e9sistant aux insectes et \u00e0 la pourriture<\/span><\/span><\/p>\n<\/li>\n<li data-start=\"1061\" data-end=\"1160\">\n<p data-start=\"1063\" data-end=\"1160\"><strong data-start=\"1063\" data-end=\"1071\"><span dir=\"auto\" style=\"vertical-align: inherit;\"><span dir=\"auto\" style=\"vertical-align: inherit;\">Toit<\/span><\/span><\/strong><span dir=\"auto\" style=\"vertical-align: inherit;\"><span dir=\"auto\" style=\"vertical-align: inherit;\"> : Aluminum or paint (selon model), protection UV and resistance aux intemp\u00e9ries<\/span><\/span><\/p>\n<\/li>\n<li data-start=\"1161\" data-end=\"1212\">\n<p data-start=\"1163\" data-end=\"1212\"><strong data-start=\"1163\" data-end=\"1172\"><span dir=\"auto\" style=\"vertical-align: inherit;\"><span dir=\"auto\" style=\"vertical-align: inherit;\">Style<\/span><\/span><\/strong><span dir=\"auto\" style=\"vertical-align: inherit;\"><span dir=\"auto\" style=\"vertical-align: inherit;\"> : Contemporary, chaleur and durable<\/span><\/span><\/p>\n<\/li>\n<li data-start=\"1213\" data-end=\"1283\">\n<p data-start=\"1215\" data-end=\"1283\"><strong data-start=\"1215\" data-end=\"1237\"><span dir=\"auto\" style=\"vertical-align: inherit;\"><span dir=\"auto\" style=\"vertical-align: inherit;\">Color \/ finition<\/span><\/span><\/strong><span dir=\"auto\" style=\"vertical-align: inherit;\"><span dir=\"auto\" style=\"vertical-align: inherit;\"> : Natural wood with anthracite or gris<\/span><\/span><\/p>\n<\/li>\n<li data-start=\"1284\" data-end=\"1349\">\n<p data-start=\"1286\" data-end=\"1349\"><strong data-start=\"1286\" data-end=\"1301\"><span dir=\"auto\" style=\"vertical-align: inherit;\"><span dir=\"auto\" style=\"vertical-align: inherit;\">Utilization<\/span><\/span><\/strong><span dir=\"auto\" style=\"vertical-align: inherit;\"><span dir=\"auto\" style=\"vertical-align: inherit;\"> : Jardin, terrace, spa, coin repas exterior<\/span><\/span><\/p>\n<\/li>\n<li data-start=\"1350\" data-end=\"1456\">\n<p data-start=\"1352\" data-end=\"1456\"><strong data-start=\"1352\" data-end=\"1365\"><span dir=\"auto\" style=\"vertical-align: inherit;\"><span dir=\"auto\" style=\"vertical-align: inherit;\">Entretiens<\/span><\/span><\/strong><span dir=\"auto\" style=\"vertical-align: inherit;\"><span dir=\"auto\" style=\"vertical-align: inherit;\"> : Bois \u00e0 huiler p\u00e9riodiquement pour prolonger sa dur\u00e9e de vie ; nettoyage simple du toit<\/span><\/span><\/p>\n<\/li>\n<li data-start=\"1457\" data-end=\"1564\">\n<p data-start=\"1459\" data-end=\"1564\"><strong data-start=\"1459\" data-end=\"1475\"><span dir=\"auto\" style=\"vertical-align: inherit;\"><span dir=\"auto\" style=\"vertical-align: inherit;\">installation<\/span><\/span><\/strong><span dir=\"auto\" style=\"vertical-align: inherit;\"><span dir=\"auto\" style=\"vertical-align: inherit;\"> : Livery in kit complete with view and detail notice; fixation au sol recommended<\/span><\/span><\/p>\n<\/li>\n<li data-start=\"1565\" data-end=\"1640\">\n<p data-start=\"1567\" data-end=\"1640\"><strong data-start=\"1567\" data-end=\"1588\"><span dir=\"auto\" style=\"vertical-align: inherit;\"><span dir=\"auto\" style=\"vertical-align: inherit;\">Poids \/ stability<\/span><\/span><\/strong><span dir=\"auto\" style=\"vertical-align: inherit;\"><span dir=\"auto\" style=\"vertical-align: inherit;\"> : Structure strong and stable for permanent usage<\/span><\/span><\/p>\n<\/li>\n<li data-start=\"1641\" data-end=\"1740\">\n<p data-start=\"1643\" data-end=\"1740\"><strong data-start=\"1643\" data-end=\"1660\"><span dir=\"auto\" style=\"vertical-align: inherit;\"><span dir=\"auto\" style=\"vertical-align: inherit;\">Particularity<\/span><\/span><\/strong><span dir=\"auto\" style=\"vertical-align: inherit;\"><span dir=\"auto\" style=\"vertical-align: inherit;\"> : Large surface cover to create an external space that is convivial and protected<\/span><\/span><\/p>\n<\/li>\n<\/ul>","protected":false},"excerpt":{"rendered":"<p>Product description The Meridian Yardistry 12 x 16 gazebo is an elegant and spacious barrel that instantly returns to your<\/p>","protected":false},"featured_media":29962,"template":"","meta":[],"product_brand":[],"product_cat":[61],"product_tag":[1514],"product_country":[1503],"class_list":{"0":"post-3517","1":"product","2":"type-product","3":"status-publish","4":"has-post-thumbnail","6":"product_cat-sale-france","7":"product_tag-sale-france","8":"product_country-france","10":"first","11":"instock","12":"sale","13":"taxable","14":"shipping-taxable","15":"purchasable","16":"product-type-simple"},"_links":{"self":[{"href":"https:\/\/routinesfashione.com\/fr\/wp-json\/wp\/v2\/product\/3517","targetHints":{"allow":["GET"]}}],"collection":[{"href":"https:\/\/routinesfashione.com\/fr\/wp-json\/wp\/v2\/product"}],"about":[{"href":"https:\/\/routinesfashione.com\/fr\/wp-json\/wp\/v2\/types\/product"}],"wp:featuredmedia":[{"embeddable":true,"href":"https:\/\/routinesfashione.com\/fr\/wp-json\/wp\/v2\/media\/29962"}],"wp:attachment":[{"href":"https:\/\/routinesfashione.com\/fr\/wp-json\/wp\/v2\/media?parent=3517"}],"wp:term":[{"taxonomy":"product_brand","embeddable":true,"href":"https:\/\/routinesfashione.com\/fr\/wp-json\/wp\/v2\/product_brand?post=3517"},{"taxonomy":"product_cat","embeddable":true,"href":"https:\/\/routinesfashione.com\/fr\/wp-json\/wp\/v2\/product_cat?post=3517"},{"taxonomy":"product_tag","embeddable":true,"href":"https:\/\/routinesfashione.com\/fr\/wp-json\/wp\/v2\/product_tag?post=3517"},{"taxonomy":"product_country","embeddable":true,"href":"https:\/\/routinesfashione.com\/fr\/wp-json\/wp\/v2\/product_country?post=3517"}],"curies":[{"name":"wp","href":"https:\/\/api.w.org\/{rel}","templated":true}]}}