{"id":3541,"date":"2025-09-30T20:36:58","date_gmt":"2025-09-30T20:36:58","guid":{"rendered":"https:\/\/lightgray-crow-170497.hostingersite.com\/?post_type=product&#038;p=3541"},"modified":"2025-09-30T20:36:58","modified_gmt":"2025-09-30T20:36:58","slug":"cazeboo-pergola-carport-kleo-adosse-xl-aluminium-blanc","status":"publish","type":"product","link":"https:\/\/routinesfashione.com\/fr\/produit\/cazeboo-pergola-carport-kleo-adosse-xl-aluminium-blanc\/","title":{"rendered":"Cazeboo Pergola\/Carport KLEO adoss\u00e9e XL Blanc aluminium"},"content":{"rendered":"<h2 class=\"pb-4\">Description<\/h2>\n<div class=\"text-justify\">\n<ul>\n<li>Pergola \/ carport adoss\u00e9 avec toit inclin\u00e9<\/li>\n<li>Largeur: 748cm &amp; Profondeur: 300cm<\/li>\n<li>Structure : Aluminium &#8211; blanc<\/li>\n<li>Toiture : Polycarbonate alv\u00e9olaire<\/li>\n<li>Accessoire et visserie sp\u00e9cifique fournis<\/li>\n<\/ul>\n<p>Le carport KLEO \u00e9galement tr\u00e8s pris\u00e9 en tant que pergola adoss\u00e9e est certainement la solution d\u2019ombrage la plus \u00e9l\u00e9gante et facile qui existe pour couvrir une terrasse ou abriter un v\u00e9hicule.<\/p>\n<p>Couvrant une surface de pr\u00e8s de 24 m\u00b2 le mod\u00e8le KLEO, install\u00e9 en tant que carport, vous permettra de garer confortablement votre ou vos v\u00e9hicule(s) \u00e0 l\u2019abri des intemp\u00e9ries et de la chaleur.<\/p>\n<p>En tant que toit terrasse ou pergola adoss\u00e9e, le mod\u00e8le KLEO r\u00e9v\u00e8lera tous ses atouts gr\u00e2ce \u00e0 sa large surface couverte, vous promettant ainsi un espace ext\u00e9rieur aux dimensions agr\u00e9ables pour y installer un beau salon de jardin, un espace barbecue et encore bien d\u2019autres am\u00e9nagements.<\/p>\n<p>Vous pourrez profiter pleinement de votre ext\u00e9rieur tout en \u00e9tant prot\u00e9g\u00e9 de la pluie, de la gr\u00eale, du soleil et des rayons UV gr\u00e2ce \u00e0 son traitement en surface UV30+.<\/p>\n<p>Gr\u00e2ce \u00e0 des poteaux stables et robustes con\u00e7us en aluminium, le mod\u00e8le KLEO saura d\u00e9montrer sa durabilit\u00e9.<br \/>\nCe mat\u00e9riau reconnu pour sa r\u00e9sistance contre la rouille a subi un thermolaquage sur la surface afin de renforcer ses aptitudes face \u00e0 la corrosion.<br \/>\nConsid\u00e9r\u00e9 comme la grande tendance du moment, l\u2019aluminium est un des mat\u00e9riaux les plus appr\u00e9ci\u00e9s lorsqu\u2019il s\u2019agit des structures ext\u00e9rieures et des abris de jardin.<\/p>\n<p>Son toit compos\u00e9 de panneaux en polycarbonate alv\u00e9olaire transparent trait\u00e9 en surface pour conserver au mieux la couleur vous assure une grande solidit\u00e9 et la durabilit\u00e9 de ce produit.<br \/>\nReconnu pour sa l\u00e9g\u00e8ret\u00e9, son \u00e9tanch\u00e9it\u00e9 remarquable et sa grande r\u00e9sistance aux chocs et aux impacts, le polycarbonate \u00e9tant bien moins fragile que le verre, est tr\u00e8s utilis\u00e9 lorsqu\u2019il s\u2019agit des toitures destin\u00e9es aux pergolas ou carports.<\/p>\n<p>Son syst\u00e8me de goutti\u00e8res int\u00e9gr\u00e9 \u00e0 l\u2019avant permet d\u2019\u00e9vacuer l\u2019eau de pluie sur les c\u00f4t\u00e9s de mani\u00e8re efficace, ce qui renforce l\u2019\u00e9tanch\u00e9it\u00e9 de cette pergola.<\/p>\n<p>Description : Pergola\/ Carport aluminium avec toit en polycarbonate<br \/>\nMat\u00e9riau de la structure : Aluminium<br \/>\nMat\u00e9riau de la toiture : Polycarbonate<br \/>\nColoris de la structure : Blanc<br \/>\nColoris du toit : Transparent<br \/>\nDimensions : Largeur 748 cm x Profondeur 300 cm<br \/>\nSurface couverte : 24 m\u00b2<br \/>\nHauteur de passage : Minimum 180 cm et Maximum 193 cm (Toit inclin\u00e9)<\/p>\n<p>Ce kit de pergola\/carport adoss\u00e9 en aluminium, \u00e0 monter et \u00e0 installer par vous-m\u00eame contient :<br \/>\n&#8211; Structure en aluminium thermolaqu\u00e9<br \/>\n&#8211; 6 poteaux en aluminium thermolaqu\u00e9 (70x35x0,8 mm)<br \/>\n&#8211; 24 plaques de polycarbonate alv\u00e9olaire (\u00c9paisseur 6 mm)<br \/>\n&#8211; Goutti\u00e8res incluses<br \/>\n&#8211; Kit d&#8217;ancrage pour sol en b\u00e9ton ou en bois<br \/>\n&#8211; Visserie<\/p>\n<p>Le mod\u00e8le KLEO a l\u2019avantage d\u2019\u00eatre facilement modulable et peut s\u2019installer selon diff\u00e9rentes configurations en fonction de vos besoins et de vos contraintes.<\/p>\n<p>&#8211; Le toit est r\u00e9glable \u00e0 la fois dans la hauteur mais \u00e9galement dans l\u2019inclinaison.<br \/>\nVous pourrez b\u00e9n\u00e9ficier d\u2019une hauteur comprise entre 180cm et 193cm au niveau du mur de soutien.<br \/>\nNos carports arborent une pente de toit variant entre 16 % et 20 %, assurant une \u00e9vacuation efficace des eaux de pluie Les deux peuvent \u00eatre compl\u00e9mentaires<\/p>\n<p>&#8211; Les poteaux sont \u00e9galement ajustables.<br \/>\nVous pouvez les d\u00e9placer lat\u00e9ralement ind\u00e9pendamment les uns des autres selon votre espace et vos contraintes : salon de jardin, barbecue, etc&#8230;<br \/>\nVeillez cependant \u00e0 respecter une distance de 30 \u00e0 45 cm entre l&#8217;extr\u00e9mit\u00e9 de la toiture et le poteau pour assurer le soutien optimal de votre carport.<\/p>\n<p>Pour une meilleure compr\u00e9hension, nous vous invitions \u00e0 consulter le sch\u00e9ma technique de ce produit.<\/p>\n<p>Le mod\u00e8le KLEO est \u00e9galement disponible en coloris Blanc avec un toit en polycarbonate gris transparent.<br \/>\nExiste aussi en largeurs : 3m \u2013 4m \u2013 4,5m \u2013 5m \u2013 5,5m \u2013 6m \u2013 9m \u2013 10m \u2013 11m<\/p>\n<h2 class=\"pb-4 text-uppercase\">Caract\u00e9ristiques techniques<\/h2>\n<ul>\n<li class=\"d-flex justify-content-between col-12 col-sm-6 pl-2\">\n<p class=\"font-weight-bold\">Poids de la structure<\/p>\n<p class=\"font-weight-light text-right\">50,1 kg<\/p>\n<\/li>\n<li class=\"d-flex justify-content-between col-12 col-sm-6 pl-2\">\n<p class=\"font-weight-bold\">Angle de la pente maximum<\/p>\n<p class=\"font-weight-light text-right\">74 \u00b0<\/p>\n<\/li>\n<li class=\"d-flex justify-content-between col-12 col-sm-6 pl-2\">\n<p class=\"font-weight-bold\">Angle de la pente minimum<\/p>\n<p class=\"font-weight-light text-right\">80 \u00b0<\/p>\n<\/li>\n<li class=\"d-flex justify-content-between col-12 col-sm-6 pl-2\">\n<p class=\"font-weight-bold\">Diam\u00e8tre goutti\u00e8re<\/p>\n<p class=\"font-weight-light text-right\">73 mm<\/p>\n<\/li>\n<li class=\"d-flex justify-content-between col-12 col-sm-6 pl-2\">\n<p class=\"font-weight-bold\">Charge support\u00e9e maximum<\/p>\n<p class=\"font-weight-light text-right\">35 kg\/m\u00b2<\/p>\n<\/li>\n<li class=\"d-flex justify-content-between col-12 col-sm-6 pl-2\">\n<p class=\"font-weight-bold\">Epaisseur des poutres sup\u00e9rieures<\/p>\n<p class=\"font-weight-light text-right\">0,9 mm<\/p>\n<\/li>\n<li class=\"d-flex justify-content-between col-12 col-sm-6 pl-2\">\n<p class=\"font-weight-bold\">Facteur de protection ultraviolet<\/p>\n<p class=\"font-weight-light text-right\">Oui<\/p>\n<\/li>\n<li class=\"d-flex justify-content-between col-12 col-sm-6 pl-2\">\n<p class=\"font-weight-bold\">Finition de la structure<\/p>\n<p class=\"font-weight-light text-right\">Mat<\/p>\n<\/li>\n<li class=\"d-flex justify-content-between col-12 col-sm-6 pl-2\">\n<p class=\"font-weight-bold\">Section des poteaux<\/p>\n<p class=\"font-weight-light text-right\">70&#215;35 mm<\/p>\n<\/li>\n<li class=\"d-flex justify-content-between col-12 col-sm-6 pl-2\">\n<p class=\"font-weight-bold\">Nombre de plaques<\/p>\n<p class=\"font-weight-light text-right\">24<\/p>\n<\/li>\n<li class=\"d-flex justify-content-between col-12 col-sm-6 pl-2\">\n<p class=\"font-weight-bold\">RAL de la structure<\/p>\n<p class=\"font-weight-light text-right\">1055<\/p>\n<\/li>\n<li class=\"d-flex justify-content-between col-12 col-sm-6 pl-2\">\n<p class=\"font-weight-bold\">Nombre de poteaux<\/p>\n<p class=\"font-weight-light text-right\">6<\/p>\n<\/li>\n<li class=\"d-flex justify-content-between col-12 col-sm-6 pl-2\">\n<p class=\"font-weight-bold\">Garantie l\u00e9gale<\/p>\n<p class=\"font-weight-light text-right\">2 allum\u00e9(s)<\/p>\n<\/li>\n<li class=\"d-flex justify-content-between col-12 col-sm-6 pl-2\">\n<p class=\"font-weight-bold\">Toit r\u00e9tractable<\/p>\n<p class=\"font-weight-light text-right\">Non<\/p>\n<\/li>\n<li class=\"d-flex justify-content-between col-12 col-sm-6 pl-2\">\n<p class=\"font-weight-bold\">Mati\u00e8re du toit<\/p>\n<p class=\"font-weight-light text-right\">Polycarbonates<\/p>\n<\/li>\n<li class=\"d-flex justify-content-between col-12 col-sm-6 pl-2\">\n<p class=\"font-weight-bold\">Fixation au sol<\/p>\n<p class=\"font-weight-light text-right\">Oui<\/p>\n<\/li>\n<li class=\"d-flex justify-content-between col-12 col-sm-6 pl-2\">\n<p class=\"font-weight-bold\">Formulaire<\/p>\n<p class=\"font-weight-light text-right\">Rectangulaire<\/p>\n<\/li>\n<li class=\"d-flex justify-content-between col-12 col-sm-6 pl-2\">\n<p class=\"font-weight-bold\">Surface couverte<\/p>\n<p class=\"font-weight-light text-right\">22,44 m\u00b2<\/p>\n<\/li>\n<li class=\"d-flex justify-content-between col-12 col-sm-6 pl-2\">\n<p class=\"font-weight-bold\">Notice de montage<\/p>\n<p class=\"font-weight-light text-right\">Oui<\/p>\n<\/li>\n<li class=\"d-flex justify-content-between col-12 col-sm-6 pl-2\">\n<p class=\"font-weight-bold\">Eligibilit\u00e9 extension de garantie 5 ans<\/p>\n<p class=\"font-weight-light text-right\">Oui<\/p>\n<\/li>\n<li class=\"d-flex justify-content-between col-12 col-sm-6 pl-2\">\n<p class=\"font-weight-bold\">D\u00e9perlant<\/p>\n<p class=\"font-weight-light text-right\">Oui<\/p>\n<\/li>\n<li class=\"d-flex justify-content-between col-12 col-sm-6 pl-2\">\n<p class=\"font-weight-bold\">Visserie incluse<\/p>\n<p class=\"font-weight-light text-right\">Oui<\/p>\n<\/li>\n<li class=\"d-flex justify-content-between col-12 col-sm-6 pl-2\">\n<p class=\"font-weight-bold\">Type de fixation murale<\/p>\n<p class=\"font-weight-light text-right\">Ancrages \u00e0 b\u00e9ton<\/p>\n<\/li>\n<li class=\"d-flex justify-content-between col-12 col-sm-6 pl-2\">\n<p class=\"font-weight-bold\">Utilisation<\/p>\n<p class=\"font-weight-light text-right\">Dehors<\/p>\n<\/li>\n<li class=\"d-flex justify-content-between col-12 col-sm-6 pl-2\">\n<p class=\"font-weight-bold\">Couleur du toit<\/p>\n<p class=\"font-weight-light text-right\">Blanc<\/p>\n<\/li>\n<li class=\"d-flex justify-content-between col-12 col-sm-6 pl-2\">\n<p class=\"font-weight-bold\">Traitement de protection du toit<\/p>\n<p class=\"font-weight-light text-right\">Protection UV<\/p>\n<\/li>\n<li class=\"d-flex justify-content-between col-12 col-sm-6 pl-2\">\n<p class=\"font-weight-bold\">Accessoires inclus<\/p>\n<p class=\"font-weight-light text-right\">Oui (voir instructions)<\/p>\n<\/li>\n<li class=\"d-flex justify-content-between col-12 col-sm-6 pl-2\">\n<p class=\"font-weight-bold\">Section des poutres<\/p>\n<p class=\"font-weight-light text-right\">42,8X41\/42,8X47<\/p>\n<\/li>\n<li class=\"d-flex justify-content-between col-12 col-sm-6 pl-2\">\n<p class=\"font-weight-bold\">Fixation au mur<\/p>\n<p class=\"font-weight-light text-right\">Oui<\/p>\n<\/li>\n<li class=\"d-flex justify-content-between col-12 col-sm-6 pl-2\">\n<p class=\"font-weight-bold\">Kit de fixation bois<\/p>\n<p class=\"font-weight-light text-right\">Comprend<\/p>\n<\/li>\n<li class=\"d-flex justify-content-between col-12 col-sm-6 pl-2\">\n<p class=\"font-weight-bold\">Traitement de la structure<\/p>\n<p class=\"font-weight-light text-right\">Peinture \u00e9poxy<\/p>\n<\/li>\n<li class=\"d-flex justify-content-between col-12 col-sm-6 pl-2\">\n<p class=\"font-weight-bold\">Nombre de personnes conseill\u00e9 pour le montage<\/p>\n<p class=\"font-weight-light text-right\">2<\/p>\n<\/li>\n<li class=\"d-flex justify-content-between col-12 col-sm-6 pl-2\">\n<p class=\"font-weight-bold\">Syst\u00e8me de collecte d\u2019eau de pluie<\/p>\n<p class=\"font-weight-light text-right\">Goutti\u00e8re<\/p>\n<\/li>\n<li class=\"d-flex justify-content-between col-12 col-sm-6 pl-2\">\n<p class=\"font-weight-bold\">Hauteur de fa\u00eetage du produit<\/p>\n<p class=\"font-weight-light text-right\">270 cm<\/p>\n<\/li>\n<li class=\"d-flex justify-content-between col-12 col-sm-6 pl-2\">\n<p class=\"font-weight-bold\">Eligibilit\u00e9 extension de garantie 10 ans<\/p>\n<p class=\"font-weight-light text-right\">Oui<\/p>\n<\/li>\n<li class=\"d-flex justify-content-between col-12 col-sm-6 pl-2\">\n<p class=\"font-weight-bold\">Kit de fixation b\u00e9ton<\/p>\n<p class=\"font-weight-light text-right\">Comprend<\/p>\n<\/li>\n<li class=\"d-flex justify-content-between col-12 col-sm-6 pl-2\">\n<p class=\"font-weight-bold\">Hauteur de passage<\/p>\n<p class=\"font-weight-light text-right\">Entre 176 et 270 cm<\/p>\n<\/li>\n<li class=\"d-flex justify-content-between col-12 col-sm-6 pl-2\">\n<p class=\"font-weight-bold\">Etanch\u00e9it\u00e9<\/p>\n<p class=\"font-weight-light text-right\">Silicone non inclus<\/p>\n<\/li>\n<li class=\"d-flex justify-content-between col-12 col-sm-6 pl-2\">\n<p class=\"font-weight-bold\">Espace entre les pieds ajustable<\/p>\n<p class=\"font-weight-light text-right\">Oui<\/p>\n<\/li>\n<li class=\"d-flex justify-content-between col-12 col-sm-6 pl-2\">\n<p class=\"font-weight-bold\">Dimensions ext\u00e9rieures<\/p>\n<p class=\"font-weight-light text-right\">748*300 cm<\/p>\n<\/li>\n<li class=\"d-flex justify-content-between col-12 col-sm-6 pl-2\">\n<p class=\"font-weight-bold\">Sp\u00e9cification du toit<\/p>\n<p class=\"font-weight-light text-right\">UV30+<\/p>\n<\/li>\n<li class=\"d-flex justify-content-between col-12 col-sm-6 pl-2\">\n<p class=\"font-weight-bold\">Couleur de la structure<\/p>\n<p class=\"font-weight-light text-right\">Blanc<\/p>\n<\/li>\n<li class=\"d-flex justify-content-between col-12 col-sm-6 pl-2\">\n<p class=\"font-weight-bold\">Type de pergola<\/p>\n<p class=\"font-weight-light text-right\">Adoss\u00e9e<\/p>\n<\/li>\n<li class=\"d-flex justify-content-between col-12 col-sm-6 pl-2\">\n<p class=\"font-weight-bold\">R\u00e9sistance au vent<\/p>\n<p class=\"font-weight-light text-right\">40 km\/h<\/p>\n<\/li>\n<li class=\"d-flex justify-content-between col-12 col-sm-6 pl-2\">\n<p class=\"font-weight-bold\">Temps de montage<\/p>\n<p class=\"font-weight-light text-right\">10 H<\/p>\n<\/li>\n<li class=\"d-flex justify-content-between col-12 col-sm-6 pl-2\">\n<p class=\"font-weight-bold\">Mat\u00e9riau de la structure<\/p>\n<p class=\"font-weight-light text-right\">aluminium<\/p>\n<\/li>\n<li class=\"d-flex justify-content-between col-12 col-sm-6 pl-2\">\n<p class=\"font-weight-bold\">Epaisseur des poteaux<\/p>\n<p class=\"font-weight-light text-right\">0,8 mm<\/p>\n<\/li>\n<li class=\"d-flex justify-content-between col-12 col-sm-6 pl-2\">\n<p class=\"font-weight-bold\">Longueur du produit<\/p>\n<p class=\"font-weight-light text-right\">748 cm<\/p>\n<\/li>\n<li class=\"d-flex justify-content-between col-12 col-sm-6 pl-2\">\n<p class=\"font-weight-bold\">Motoris\u00e9<\/p>\n<p class=\"font-weight-light text-right\">Non<\/p>\n<\/li>\n<li class=\"d-flex justify-content-between col-12 col-sm-6 pl-2\">\n<p class=\"font-weight-bold\">Position de la goutti\u00e8re<\/p>\n<p class=\"font-weight-light text-right\">Sur le devant du carport<\/p>\n<\/li>\n<li class=\"d-flex justify-content-between col-12 col-sm-6 pl-2\">\n<p class=\"font-weight-bold\">Montage<\/p>\n<p class=\"font-weight-light text-right\">Livr\u00e9 en KIT \u00e0 monter<\/p>\n<\/li>\n<li class=\"d-flex justify-content-between col-12 col-sm-6 pl-2\">\n<p class=\"font-weight-bold\">Largeur du produit<\/p>\n<p class=\"font-weight-light text-right\">300 cm<\/p>\n<\/li>\n<\/ul>\n<p>&nbsp;<\/p>\n<\/div>","protected":false},"excerpt":{"rendered":"<p>Description Pergola \/ carport adoss\u00e9 avec toit inclin\u00e9 Largeur: 748cm &amp; Profondeur: 300cm Structure : Aluminium &#8211; blanc Toiture :<\/p>","protected":false},"featured_media":28877,"template":"","meta":[],"product_brand":[],"product_cat":[61],"product_tag":[1514],"product_country":[1503],"class_list":{"0":"post-3541","1":"product","2":"type-product","3":"status-publish","4":"has-post-thumbnail","6":"product_cat-sale-france","7":"product_tag-sale-france","8":"product_country-france","10":"first","11":"instock","12":"sale","13":"taxable","14":"shipping-taxable","15":"purchasable","16":"product-type-simple"},"_links":{"self":[{"href":"https:\/\/routinesfashione.com\/fr\/wp-json\/wp\/v2\/product\/3541","targetHints":{"allow":["GET"]}}],"collection":[{"href":"https:\/\/routinesfashione.com\/fr\/wp-json\/wp\/v2\/product"}],"about":[{"href":"https:\/\/routinesfashione.com\/fr\/wp-json\/wp\/v2\/types\/product"}],"wp:featuredmedia":[{"embeddable":true,"href":"https:\/\/routinesfashione.com\/fr\/wp-json\/wp\/v2\/media\/28877"}],"wp:attachment":[{"href":"https:\/\/routinesfashione.com\/fr\/wp-json\/wp\/v2\/media?parent=3541"}],"wp:term":[{"taxonomy":"product_brand","embeddable":true,"href":"https:\/\/routinesfashione.com\/fr\/wp-json\/wp\/v2\/product_brand?post=3541"},{"taxonomy":"product_cat","embeddable":true,"href":"https:\/\/routinesfashione.com\/fr\/wp-json\/wp\/v2\/product_cat?post=3541"},{"taxonomy":"product_tag","embeddable":true,"href":"https:\/\/routinesfashione.com\/fr\/wp-json\/wp\/v2\/product_tag?post=3541"},{"taxonomy":"product_country","embeddable":true,"href":"https:\/\/routinesfashione.com\/fr\/wp-json\/wp\/v2\/product_country?post=3541"}],"curies":[{"name":"wp","href":"https:\/\/api.w.org\/{rel}","templated":true}]}}