{"id":385,"date":"2025-09-30T20:55:50","date_gmt":"2025-09-30T20:55:50","guid":{"rendered":"https:\/\/lightgray-crow-170497.hostingersite.com\/?post_type=product&#038;p=385"},"modified":"2025-09-30T20:55:50","modified_gmt":"2025-09-30T20:55:50","slug":"nettoyeur-haute-pression-karcher-hd-5-15-cx","status":"publish","type":"product","link":"https:\/\/routinesfashione.com\/fr\/produit\/nettoyeur-haute-pression-karcher-hd-5-15-cx\/","title":{"rendered":"Nettoyeur haute pression Karcher HD 5\/15 CX+"},"content":{"rendered":"<p>Le nettoyeur haute pression \u00e0 eau froide HD 5\/15 CX+ est un appareil tout-terrain qui se caract\u00e9rise par sa grande mobilit\u00e9, ses dimensions compactes et son efficacit\u00e9. Pratique et agr\u00e9able \u00e0 utiliser, il est \u00e9quip\u00e9 d\u2019une poign\u00e9e de transport, d\u2019un guidon r\u00e9tractable et d\u2019une sangle de maintien pour c\u00e2ble. Avec sa pompe, son arriv\u00e9e d&#8217;eau et la sortie haute pression en laiton, il dispose d&#8217;une grande r\u00e9sistance aux chocs et \u00e0 la corrosion, ainsi qu&#8217;une plus longue dur\u00e9e de vie. La pompe haute pression et le moteur sont prot\u00e9g\u00e9s contre les dommages et les souillures par un habillage int\u00e9gral antichoc. Gr\u00e2ce \u00e0 la poign\u00e9e-pistolet\u00a0<span class=\"fix-spelling\">EASY!Force<\/span>, la force de recul est r\u00e9duite \u00e0 z\u00e9ro pour un nettoyage confortable et sans effort. Les risques de troubles musculo-squelettiques sont consid\u00e9rablement diminu\u00e9s. La connexion\u00a0<span class=\"fix-spelling\">EASY!Lock<\/span>\u00a0permet de connecter les accessoires plus rapidement en garantissantfiabilit\u00e9 et s\u00e9curit\u00e9. L&#8217;HD 5\/15 CX+ convient parfaitement aux milieux agricoles, artisanaux et aux collectivit\u00e9s.<\/p>","protected":false},"excerpt":{"rendered":"<p>Le nettoyeur haute pression \u00e0 eau froide HD 5\/15 CX+ est un appareil tout-terrain qui se caract\u00e9rise par sa grande<\/p>","protected":false},"featured_media":13083,"template":"","meta":[],"product_brand":[],"product_cat":[61],"product_tag":[],"product_country":[1503],"class_list":{"0":"post-385","1":"product","2":"type-product","3":"status-publish","4":"has-post-thumbnail","6":"product_cat-sale-france","7":"product_country-france","9":"first","10":"instock","11":"sale","12":"taxable","13":"shipping-taxable","14":"purchasable","15":"product-type-simple"},"_links":{"self":[{"href":"https:\/\/routinesfashione.com\/fr\/wp-json\/wp\/v2\/product\/385","targetHints":{"allow":["GET"]}}],"collection":[{"href":"https:\/\/routinesfashione.com\/fr\/wp-json\/wp\/v2\/product"}],"about":[{"href":"https:\/\/routinesfashione.com\/fr\/wp-json\/wp\/v2\/types\/product"}],"wp:featuredmedia":[{"embeddable":true,"href":"https:\/\/routinesfashione.com\/fr\/wp-json\/wp\/v2\/media\/13083"}],"wp:attachment":[{"href":"https:\/\/routinesfashione.com\/fr\/wp-json\/wp\/v2\/media?parent=385"}],"wp:term":[{"taxonomy":"product_brand","embeddable":true,"href":"https:\/\/routinesfashione.com\/fr\/wp-json\/wp\/v2\/product_brand?post=385"},{"taxonomy":"product_cat","embeddable":true,"href":"https:\/\/routinesfashione.com\/fr\/wp-json\/wp\/v2\/product_cat?post=385"},{"taxonomy":"product_tag","embeddable":true,"href":"https:\/\/routinesfashione.com\/fr\/wp-json\/wp\/v2\/product_tag?post=385"},{"taxonomy":"product_country","embeddable":true,"href":"https:\/\/routinesfashione.com\/fr\/wp-json\/wp\/v2\/product_country?post=385"}],"curies":[{"name":"wp","href":"https:\/\/api.w.org\/{rel}","templated":true}]}}