{"id":444,"date":"2025-09-30T20:55:48","date_gmt":"2025-09-30T20:55:48","guid":{"rendered":"https:\/\/lightgray-crow-170497.hostingersite.com\/?post_type=product&#038;p=444"},"modified":"2025-09-30T20:55:48","modified_gmt":"2025-09-30T20:55:48","slug":"taille-haie-thermique-stihl-hs-82-t","status":"publish","type":"product","link":"https:\/\/routinesfashione.com\/fr\/produit\/taille-haie-thermique-stihl-hs-82-t\/","title":{"rendered":"Chauffe-taille thermique Stihl HS 82 T"},"content":{"rendered":"<p><strong><span style=\"font-size: medium;\">COUPON DE R\u00c9DUCTION SP\u00c9CIAL<\/span><\/strong><br \/>\nLe HS 82 R est une ceinture thermique professionnelle avec une cadence de coupe rouge et un laminage sp\u00e9cifique avec un grand \u00e9cartement des dents de 38 mm sp\u00e9cialement optimis\u00e9 pour une coupe puissante de remise.<\/p>\n<ul>\n<li>Lamier professionnel avec couteaux \u00e0 double versement progression plus rapide dans les v\u00e9g\u00e9taux.<\/li>\n<li>Jusqu&#039;\u00e0 20% de consommation en moins avec le moteur 2 temps STIHL \u00e0 balaye stratifi\u00e9.<\/li>\n<li>Syst\u00e8me anti-vibration : offre plus de confort et r\u00e9duit les vibrations dans la provenance du moteur et de l&#039;outil du coup\u00e9<\/li>\n<li>Poign\u00e9e tournante sur 180\u00b0 : prix en ergonomie principale et guidage optimal dans toutes les positions de travail<\/li>\n<li>D\u00e9marrage \u00e0 froid facile : gr\u00e2ce \u00e0 la pompe d&#039;amor\u00e7age \u00e0 carburant.<\/li>\n<\/ul>","protected":false},"excerpt":{"rendered":"<p>SP\u00c9CIAL COUPE DE RABATTAGE Le HS 82 R est un taille-haie thermique professionnel \u00e0 cadence de coupe r\u00e9duite et lamier<\/p>","protected":false},"featured_media":13127,"template":"","meta":[],"product_brand":[],"product_cat":[61],"product_tag":[],"product_country":[1503],"class_list":{"0":"post-444","1":"product","2":"type-product","3":"status-publish","4":"has-post-thumbnail","6":"product_cat-sale-france","7":"product_country-france","9":"first","10":"instock","11":"sale","12":"taxable","13":"shipping-taxable","14":"purchasable","15":"product-type-simple"},"_links":{"self":[{"href":"https:\/\/routinesfashione.com\/fr\/wp-json\/wp\/v2\/product\/444","targetHints":{"allow":["GET"]}}],"collection":[{"href":"https:\/\/routinesfashione.com\/fr\/wp-json\/wp\/v2\/product"}],"about":[{"href":"https:\/\/routinesfashione.com\/fr\/wp-json\/wp\/v2\/types\/product"}],"wp:featuredmedia":[{"embeddable":true,"href":"https:\/\/routinesfashione.com\/fr\/wp-json\/wp\/v2\/media\/13127"}],"wp:attachment":[{"href":"https:\/\/routinesfashione.com\/fr\/wp-json\/wp\/v2\/media?parent=444"}],"wp:term":[{"taxonomy":"product_brand","embeddable":true,"href":"https:\/\/routinesfashione.com\/fr\/wp-json\/wp\/v2\/product_brand?post=444"},{"taxonomy":"product_cat","embeddable":true,"href":"https:\/\/routinesfashione.com\/fr\/wp-json\/wp\/v2\/product_cat?post=444"},{"taxonomy":"product_tag","embeddable":true,"href":"https:\/\/routinesfashione.com\/fr\/wp-json\/wp\/v2\/product_tag?post=444"},{"taxonomy":"product_country","embeddable":true,"href":"https:\/\/routinesfashione.com\/fr\/wp-json\/wp\/v2\/product_country?post=444"}],"curies":[{"name":"wp","href":"https:\/\/api.w.org\/{rel}","templated":true}]}}