{"id":4497,"date":"2025-08-06T14:55:18","date_gmt":"2025-08-06T14:55:18","guid":{"rendered":"https:\/\/lightgray-crow-170497.hostingersite.com\/?post_type=product&#038;p=4497"},"modified":"2025-09-30T21:16:54","modified_gmt":"2025-09-30T21:16:54","slug":"fuxtec-cortacesped-autopropulsado-de-gasolina-rm5170es","status":"publish","type":"product","link":"https:\/\/routinesfashione.com\/fr\/produit\/fuxtec-cortacesped-autopropulsado-de-gasolina-rm5170es\/","title":{"rendered":"Fuxtec Cortac\u00e9sped zelfrijdende benzine RM5170eS"},"content":{"rendered":"<h2 class=\"default\">Productbeschrijving<\/h2>\n<div id=\"productDescription\" class=\"a-section a-spacing-small\">\n<p>&nbsp;<\/p>\n<p><span class=\"a-text-bold\">De FUXTEC Benzine Grasmaaier FX-RM5170eS nog zuiniger, lichter en met handige e-startfunctie<\/span><\/p>\n<p>De FUXTEC Benzine Grasmaaier\u00a0<span class=\"a-text-bold\">FX-5170eS\u00a0<\/span>is het\u00a0<span class=\"a-text-bold\">ultieme prestatiepakket<\/span>\u00a0van de 51-serie en staat voor\u00a0<span class=\"a-text-bold\">prestaties, betrouwbaarheid en zuinigheid<\/span>. Bovendien onderscheidt het motortype zich door de meest innovatieve en eenvoudige startprocedure die ooit voor grasmaaiers is ontwikkeld. Dit maakt herhaaldelijk en betrouwbaar starten mogelijk zonder trekkoorden te hoeven gebruiken &#8211; gewoon op de startknop drukken en klaar.<\/p>\n<h2>Productinformatie<\/h2>\n<div class=\"a-row\">\n<div class=\"a-column a-span12 a-span-last\">\n<div class=\"a-row a-spacing-top-base\">\n<div class=\"a-column a-span6\">\n<div class=\"a-row a-spacing-base\">\n<div class=\"a-row a-expander-container a-expander-extend-container\">\n<div class=\"a-row\">\n<div class=\"a-column a-span6\">\n<h1 class=\"a-size-medium a-spacing-small\">Technische gegevens<\/h1>\n<\/div>\n<\/div>\n<div class=\"a-expander-content a-expander-extend-content\" data-expanded=\"true\">\n<div class=\"a-row a-expander-container a-expander-inline-container\">\n<div class=\"a-expander-content a-expander-section-content a-section-expander-inner\" data-expanded=\"true\">\n<table id=\"productDetails_techSpec_section_1\" class=\"a-keyvalue prodDetTable\" style=\"height: 448px;\" width=\"846\">\n<tbody>\n<tr>\n<th class=\"a-color-secondary a-size-base prodDetSectionEntry\">Fabrikant<\/th>\n<td class=\"a-size-base prodDetAttrValue\">\u200eFUXTEC<\/td>\n<\/tr>\n<tr>\n<th class=\"a-color-secondary a-size-base prodDetSectionEntry\">Onderdeelnummer<\/th>\n<td class=\"a-size-base prodDetAttrValue\">\u200eFX-RM5170eS<\/td>\n<\/tr>\n<tr>\n<th class=\"a-color-secondary a-size-base prodDetSectionEntry\">Afmetingen pakket<\/th>\n<td class=\"a-size-base prodDetAttrValue\">\u200e83 x 57 x 48,5 cm; 29,5 kg<\/td>\n<\/tr>\n<tr>\n<th class=\"a-color-secondary a-size-base prodDetSectionEntry\">Modelnummer item<\/th>\n<td class=\"a-size-base prodDetAttrValue\">\u200eFX-RM5170eS<\/td>\n<\/tr>\n<tr>\n<th class=\"a-color-secondary a-size-base prodDetSectionEntry\">Grootte<\/th>\n<td class=\"a-size-base prodDetAttrValue\">\u200e4PK &#8211; 51cm Snijbreedte<\/td>\n<\/tr>\n<tr>\n<th class=\"a-color-secondary a-size-base prodDetSectionEntry\">Kleur<\/th>\n<td class=\"a-size-base prodDetAttrValue\">\u200eMeerkleurig<\/td>\n<\/tr>\n<tr>\n<th class=\"a-color-secondary a-size-base prodDetSectionEntry\">Stijl<\/th>\n<td class=\"a-size-base prodDetAttrValue\">\u200eRobuust en<\/td>\n<\/tr>\n<tr>\n<th class=\"a-color-secondary a-size-base prodDetSectionEntry\">Materiaal<\/th>\n<td class=\"a-size-base prodDetAttrValue\">\u200ebenzine<\/td>\n<\/tr>\n<tr>\n<th class=\"a-color-secondary a-size-base prodDetSectionEntry\">Energiebron<\/th>\n<td class=\"a-size-base prodDetAttrValue\">\u200eGas aangedreven<\/td>\n<\/tr>\n<tr>\n<th class=\"a-color-secondary a-size-base prodDetSectionEntry\">Wattage<\/th>\n<td class=\"a-size-base prodDetAttrValue\">\u200e2.9 kW<\/td>\n<\/tr>\n<tr>\n<th class=\"a-color-secondary a-size-base prodDetSectionEntry\">Pk<\/th>\n<td class=\"a-size-base prodDetAttrValue\">\u200e4 hp<\/td>\n<\/tr>\n<tr>\n<th class=\"a-color-secondary a-size-base prodDetSectionEntry\">Poids<\/th>\n<td class=\"a-size-base prodDetAttrValue\">\u200e29,5 Kilogram<\/td>\n<\/tr>\n<tr>\n<th class=\"a-color-secondary a-size-base prodDetSectionEntry\">Fabrikant<\/th>\n<td class=\"a-size-base prodDetAttrValue\">\u200eFUXTEC<\/td>\n<\/tr>\n<tr>\n<th class=\"a-color-secondary a-size-base prodDetSectionEntry\">ASIN<\/th>\n<td class=\"a-size-base prodDetAttrValue\">\u200eB0BWNQW33F<\/td>\n<\/tr>\n<tr>\n<th class=\"a-color-secondary a-size-base prodDetSectionEntry\">Gegarandeerde software-updates tot<\/th>\n<td class=\"a-size-base prodDetAttrValue\">\u200eonbekend<\/td>\n<\/tr>\n<\/tbody>\n<\/table>\n<h1 class=\"a-size-base-plus a-text-bold\">Over dit item<\/h1>\n<ul class=\"a-unordered-list a-vertical a-spacing-mini\">\n<li class=\"a-spacing-mini\"><span class=\"a-list-item\">KRACHTIG: FUXTEC Benzine grasmaaier met 4PK en elektrische start, uitgerust met sterke 4-takt 170ccm motor en zelfaandrijving voor grotere oppervlakken. Met Easy Start voor gemakkelijk starten.<\/span><\/li>\n<li class=\"a-spacing-mini\"><span class=\"a-list-item\">ELEKTRISCHE START: Start de grasmaaier met \u00e9\u00e9n druk op de knop dankzij de Li-Ion batterij. Benzine grasmaaier met achterwielaandrijving en 2,9 kW vermogen voor comfortabel maaien van middelgrote tot grote oppervlakken.<\/span><\/li>\n<li class=\"a-spacing-mini\"><span class=\"a-list-item\">4IN1 M\u00c4HER: M\u00e4hen, Fangen, Mulchen &amp; Seitenauswurf. Dank der Schnittbreite von 51cm auch f\u00fcr Fl\u00e4chen bis 1.000m\u00b2 geeignet. Bequem abnehmbarer 60l Grasfangkorb.<\/span><\/li>\n<li class=\"a-spacing-mini\"><span class=\"a-list-item\">HOCHWERTIG UND ROBUST: Robustes Stahlblechgeh\u00e4use mit Seitenauswurf und hochwertig geschliffenem Mulchmesser aus Spezialstahl. Kugelgelagerte Big Wheel R\u00e4der 230mm hinten und 180mm vorne f\u00fcr ein besseres Fahrgef\u00fchl auch auf unebenem Gel\u00e4nde.<\/span><\/li>\n<li class=\"a-spacing-mini\"><span class=\"a-list-item\">VERSTELLBARE SCHNITTH\u00d6HE: Schnitth\u00f6henverstellung von 25-75mm f\u00fcr optimale M\u00e4hergebnisse.<\/span><\/li>\n<\/ul>\n<\/div>\n<\/div>\n<\/div>\n<\/div>\n<\/div>\n<\/div>\n<\/div>\n<\/div>\n<\/div>\n<\/div>","protected":false},"excerpt":{"rendered":"<p>Productbeschrijving &nbsp; De FUXTEC Benzine Grasmaaier FX-RM5170eS nog zuiniger, lichter en met handige e-startfunctie De FUXTEC Benzine Grasmaaier\u00a0FX-5170eS\u00a0is het\u00a0ultieme prestatiepakket\u00a0van<\/p>","protected":false},"featured_media":16705,"template":"","meta":[],"product_brand":[],"product_cat":[64],"product_tag":[65],"product_country":[1504],"class_list":{"0":"post-4497","1":"product","2":"type-product","3":"status-publish","4":"has-post-thumbnail","6":"product_cat-movers","7":"product_tag-movers","8":"product_country-netherlands","10":"first","11":"instock","12":"sale","13":"taxable","14":"shipping-taxable","15":"purchasable","16":"product-type-simple"},"_links":{"self":[{"href":"https:\/\/routinesfashione.com\/fr\/wp-json\/wp\/v2\/product\/4497","targetHints":{"allow":["GET"]}}],"collection":[{"href":"https:\/\/routinesfashione.com\/fr\/wp-json\/wp\/v2\/product"}],"about":[{"href":"https:\/\/routinesfashione.com\/fr\/wp-json\/wp\/v2\/types\/product"}],"wp:featuredmedia":[{"embeddable":true,"href":"https:\/\/routinesfashione.com\/fr\/wp-json\/wp\/v2\/media\/16705"}],"wp:attachment":[{"href":"https:\/\/routinesfashione.com\/fr\/wp-json\/wp\/v2\/media?parent=4497"}],"wp:term":[{"taxonomy":"product_brand","embeddable":true,"href":"https:\/\/routinesfashione.com\/fr\/wp-json\/wp\/v2\/product_brand?post=4497"},{"taxonomy":"product_cat","embeddable":true,"href":"https:\/\/routinesfashione.com\/fr\/wp-json\/wp\/v2\/product_cat?post=4497"},{"taxonomy":"product_tag","embeddable":true,"href":"https:\/\/routinesfashione.com\/fr\/wp-json\/wp\/v2\/product_tag?post=4497"},{"taxonomy":"product_country","embeddable":true,"href":"https:\/\/routinesfashione.com\/fr\/wp-json\/wp\/v2\/product_country?post=4497"}],"curies":[{"name":"wp","href":"https:\/\/api.w.org\/{rel}","templated":true}]}}