{"id":504,"date":"2025-09-30T20:55:48","date_gmt":"2025-09-30T20:55:48","guid":{"rendered":"https:\/\/lightgray-crow-170497.hostingersite.com\/?post_type=product&#038;p=504"},"modified":"2025-09-30T20:55:48","modified_gmt":"2025-09-30T20:55:48","slug":"attila-honda-adg-50-hc-i-debroussailleuse-a-essence-4-temps-multifonction","status":"publish","type":"product","link":"https:\/\/routinesfashione.com\/fr\/produit\/attila-honda-adg-50-hc-i-debroussailleuse-a-essence-4-temps-multifonction\/","title":{"rendered":"Attila Honda ADG 50 HC I D\u00e9broussailleuse \u00e0 essence 4 temps multifonction"},"content":{"rendered":"<p class=\"yVWuFvz6 yVWuFvz7 yVWuFvz9\">La d\u00e9broussailleuse multifonction Attila ADG 50 HC \u00e9quip\u00e9e d&#039;un moteur Honda GX 50 est un outil professionnel alliant puissance, efficacit\u00e9 et fiabilit\u00e9, tout en \u00e9tant extr\u00eamement polyvalente. Les d\u00e9broussailleuses thermiques \u00e0 moteur 4 temps de Honda, grand constructeur multinational de voitures et de motos, comptent parmi les plus modernes du march\u00e9 actuel.<\/p>\n<p class=\"yVWuFvz6 yVWuFvzB yVWuFvzC\">Donn\u00e9es techniques :<\/p>\n<ul class=\"yVWuFvzD\">\n<li class=\"yVWuFvzE yVWuFvzF yVWuFvzG\">Typologie : Poign\u00e9e unique<\/li>\n<li class=\"yVWuFvzE yVWuFvzF yVWuFvzG\">Type de moteur : 4 temps<\/li>\n<li class=\"yVWuFvzE yVWuFvzF yVWuFvzG\">Marque du moteur : Honda<\/li>\n<li class=\"yVWuFvzE yVWuFvzF yVWuFvzG\">Mod\u00e8le de moteur : GX 50<\/li>\n<li class=\"yVWuFvzE yVWuFvzF yVWuFvzG\">Cylindr\u00e9e : 47,9 cm\u00b3<\/li>\n<li class=\"yVWuFvzE yVWuFvzF yVWuFvzG\">Puissance nominale : 2 CV<\/li>\n<li class=\"yVWuFvzE yVWuFvzF yVWuFvzG\">Diam\u00e8tre de la tige : 26 mm<\/li>\n<li class=\"yVWuFvzE yVWuFvzF yVWuFvzG\">La tige peut \u00eatre divis\u00e9e en 2 parties : Oui<\/li>\n<li class=\"yVWuFvzE yVWuFvzF yVWuFvzG\">Barre d&#039;extension : 80 cm<\/li>\n<li class=\"yVWuFvzE yVWuFvzF yVWuFvzG\">Longueur de la lame de coupe : 40 cm<\/li>\n<li class=\"yVWuFvzE yVWuFvzF yVWuFvzG\">Longueur de la lame : 25,4 cm<\/li>\n<li class=\"yVWuFvzE yVWuFvzF yVWuFvzG\">Pas de cha\u00eene : 3\/8\u201c Maxi<\/li>\n<li class=\"yVWuFvzE yVWuFvzF yVWuFvzG\">Poids : 7,5 kg<\/li>\n<li class=\"yVWuFvzE yVWuFvzF yVWuFvzG\">T\u00eate de taille-haie r\u00e9glable : Oui<\/li>\n<li class=\"yVWuFvzE yVWuFvzF yVWuFvzG\">Lubrification des \u00e9quipements de coupe : S\u00e9par\u00e9e, avec r\u00e9servoir<\/li>\n<li class=\"yVWuFvzE yVWuFvzF yVWuFvzG\">Inclus dans la livraison :<\/li>\n<li class=\"yVWuFvzE yVWuFvzF yVWuFvzG\">T\u00eate automatique \u00ab Tap and Go \u00bb<\/li>\n<li class=\"yVWuFvzE yVWuFvzF yVWuFvzG\">2 bouteilles de 600 ml d&#039;huile<\/li>\n<li class=\"yVWuFvzE yVWuFvzF yVWuFvzG\">Dimensions du produit (L x l x H) : 308 x 33 x 28 cm.<\/li>\n<\/ul>","protected":false},"excerpt":{"rendered":"<p>The Attila ADG 50 HC multi-function brushcutter with Honda GX 50 engine is a professional tool that combines power, efficiency,<\/p>","protected":false},"featured_media":13165,"template":"","meta":[],"product_brand":[],"product_cat":[61],"product_tag":[],"product_country":[1503],"class_list":{"0":"post-504","1":"product","2":"type-product","3":"status-publish","4":"has-post-thumbnail","6":"product_cat-sale-france","7":"product_country-france","9":"first","10":"instock","11":"sale","12":"taxable","13":"shipping-taxable","14":"purchasable","15":"product-type-simple"},"_links":{"self":[{"href":"https:\/\/routinesfashione.com\/fr\/wp-json\/wp\/v2\/product\/504","targetHints":{"allow":["GET"]}}],"collection":[{"href":"https:\/\/routinesfashione.com\/fr\/wp-json\/wp\/v2\/product"}],"about":[{"href":"https:\/\/routinesfashione.com\/fr\/wp-json\/wp\/v2\/types\/product"}],"wp:featuredmedia":[{"embeddable":true,"href":"https:\/\/routinesfashione.com\/fr\/wp-json\/wp\/v2\/media\/13165"}],"wp:attachment":[{"href":"https:\/\/routinesfashione.com\/fr\/wp-json\/wp\/v2\/media?parent=504"}],"wp:term":[{"taxonomy":"product_brand","embeddable":true,"href":"https:\/\/routinesfashione.com\/fr\/wp-json\/wp\/v2\/product_brand?post=504"},{"taxonomy":"product_cat","embeddable":true,"href":"https:\/\/routinesfashione.com\/fr\/wp-json\/wp\/v2\/product_cat?post=504"},{"taxonomy":"product_tag","embeddable":true,"href":"https:\/\/routinesfashione.com\/fr\/wp-json\/wp\/v2\/product_tag?post=504"},{"taxonomy":"product_country","embeddable":true,"href":"https:\/\/routinesfashione.com\/fr\/wp-json\/wp\/v2\/product_country?post=504"}],"curies":[{"name":"wp","href":"https:\/\/api.w.org\/{rel}","templated":true}]}}