{"id":5332,"date":"2025-08-07T12:06:15","date_gmt":"2025-08-07T12:06:15","guid":{"rendered":"https:\/\/lightgray-crow-170497.hostingersite.com\/?post_type=product&#038;p=5332"},"modified":"2025-09-30T21:04:59","modified_gmt":"2025-09-30T21:04:59","slug":"cafetera-superautomatica-siemens-eq-700-negro-y-gris-tp715r01","status":"publish","type":"product","link":"https:\/\/routinesfashione.com\/fr\/produit\/cafetera-superautomatica-siemens-eq-700-negro-y-gris-tp715r01\/","title":{"rendered":"Siemens EQ.700 Volautomatische Koffiemachine Zwart en Grijs TP715R01"},"content":{"rendered":"<h3 data-start=\"175\" data-end=\"203\">Productbeschrijving<\/h3>\n<p data-start=\"204\" data-end=\"677\">De <strong data-start=\"207\" data-end=\"234\">Siemens EQ.700 TP715R01<\/strong> volautomatische koffiemachine combineert een strak design met geavanceerde technologie. Met \u00e9\u00e9n druk op het intu\u00eftieve touchscreen zet je heerlijke espresso, cappuccino, latte macchiato en vele andere koffiespecialiteiten. Dankzij het iAroma-systeem worden aroma, temperatuur en extractietijd optimaal afgestemd voor een constante koffiekwaliteit. De machine heeft een stijlvol zwart-grijs ontwerp dat perfect past in iedere moderne keuken.<\/p>\n<hr data-start=\"679\" data-end=\"682\" \/>\n<h3 data-start=\"684\" data-end=\"720\">Specificaties<\/h3>\n<ul data-start=\"721\" data-end=\"1629\">\n<li data-start=\"721\" data-end=\"766\">\n<p data-start=\"723\" data-end=\"766\"><strong data-start=\"723\" data-end=\"739\">Merk &amp; Model<\/strong>: Siemens EQ.700 TP715R01<\/p>\n<\/li>\n<li data-start=\"767\" data-end=\"810\">\n<p data-start=\"769\" data-end=\"810\"><strong data-start=\"769\" data-end=\"777\">Taper<\/strong>: Volautomatische koffiemachine<\/p>\n<\/li>\n<li data-start=\"811\" data-end=\"840\">\n<p data-start=\"813\" data-end=\"840\"><strong data-start=\"813\" data-end=\"822\">Kleur<\/strong>: Zwart en grijs<\/p>\n<\/li>\n<li data-start=\"841\" data-end=\"898\">\n<p data-start=\"843\" data-end=\"898\"><strong data-start=\"843\" data-end=\"856\">Bediening<\/strong>: TFT-touchdisplay met intu\u00eftieve menu\u2019s<\/p>\n<\/li>\n<li data-start=\"899\" data-end=\"998\">\n<p data-start=\"901\" data-end=\"998\"><strong data-start=\"901\" data-end=\"925\">Koffiespecialiteiten<\/strong>: Espresso, koffie, cappuccino, latte macchiato, flat white, warme melk<\/p>\n<\/li>\n<li data-start=\"999\" data-end=\"1076\">\n<p data-start=\"1001\" data-end=\"1076\"><strong data-start=\"1001\" data-end=\"1016\">Melksysteem<\/strong>: Automatisch melkopschuimsysteem met extern melkreservoir<\/p>\n<\/li>\n<li data-start=\"1077\" data-end=\"1116\">\n<p data-start=\"1079\" data-end=\"1116\"><strong data-start=\"1079\" data-end=\"1103\">Koffiebonenreservoir<\/strong>: ca. 350 g<\/p>\n<\/li>\n<li data-start=\"1117\" data-end=\"1167\">\n<p data-start=\"1119\" data-end=\"1167\"><strong data-start=\"1119\" data-end=\"1137\">Waterreservoir<\/strong>: ca. 2,4 liter, uitneembaar<\/p>\n<\/li>\n<li data-start=\"1168\" data-end=\"1228\">\n<p data-start=\"1170\" data-end=\"1228\"><strong data-start=\"1170\" data-end=\"1185\">Maalsysteem<\/strong>: Stil, instelbare keramische koffiemolen<\/p>\n<\/li>\n<li data-start=\"1229\" data-end=\"1253\">\n<p data-start=\"1231\" data-end=\"1253\"><strong data-start=\"1231\" data-end=\"1243\">Pompdruk<\/strong>: 15 bar<\/p>\n<\/li>\n<li data-start=\"1254\" data-end=\"1306\">\n<p data-start=\"1256\" data-end=\"1306\"><strong data-start=\"1256\" data-end=\"1274\">iAroma-systeem<\/strong>: Voor optimale smaak en aroma<\/p>\n<\/li>\n<li data-start=\"1307\" data-end=\"1374\">\n<p data-start=\"1309\" data-end=\"1374\"><strong data-start=\"1309\" data-end=\"1331\">Dubbele zetfunctie<\/strong>: Twee kopjes koffie of espresso tegelijk<\/p>\n<\/li>\n<li data-start=\"1375\" data-end=\"1433\">\n<p data-start=\"1377\" data-end=\"1433\"><strong data-start=\"1377\" data-end=\"1427\">Instelbare sterkte, hoeveelheid en temperatuur<\/strong>: Ja<\/p>\n<\/li>\n<li data-start=\"1434\" data-end=\"1482\">\n<p data-start=\"1436\" data-end=\"1482\"><strong data-start=\"1436\" data-end=\"1476\">Automatische reiniging en ontkalking<\/strong>: Ja<\/p>\n<\/li>\n<li data-start=\"1483\" data-end=\"1530\">\n<p data-start=\"1485\" data-end=\"1530\"><strong data-start=\"1485\" data-end=\"1499\">Afmetingen<\/strong>: ca. 32 \u00d7 47 \u00d7 39 cm (BxDxH)<\/p>\n<\/li>\n<li data-start=\"1531\" data-end=\"1559\">\n<p data-start=\"1533\" data-end=\"1559\"><strong data-start=\"1533\" data-end=\"1544\">Poids<\/strong>: ca. 9\u201310 kg<\/p>\n<\/li>\n<li data-start=\"1560\" data-end=\"1629\">\n<p data-start=\"1562\" data-end=\"1629\"><strong data-start=\"1562\" data-end=\"1580\">Extra functies<\/strong>: Favorieten opslaan, eco-modus, stille werking<\/p>\n<\/li>\n<\/ul>","protected":false},"excerpt":{"rendered":"<p>Productbeschrijving De Siemens EQ.700 TP715R01 volautomatische koffiemachine combineert een strak design met geavanceerde technologie. Met \u00e9\u00e9n druk op het intu\u00eftieve<\/p>","protected":false},"featured_media":17287,"template":"","meta":[],"product_brand":[],"product_cat":[70],"product_tag":[71],"product_country":[1504],"class_list":{"0":"post-5332","1":"product","2":"type-product","3":"status-publish","4":"has-post-thumbnail","6":"product_cat-cofee-machine","7":"product_tag-cofee-machine","8":"product_country-netherlands","10":"first","11":"instock","12":"sale","13":"taxable","14":"shipping-taxable","15":"purchasable","16":"product-type-simple"},"_links":{"self":[{"href":"https:\/\/routinesfashione.com\/fr\/wp-json\/wp\/v2\/product\/5332","targetHints":{"allow":["GET"]}}],"collection":[{"href":"https:\/\/routinesfashione.com\/fr\/wp-json\/wp\/v2\/product"}],"about":[{"href":"https:\/\/routinesfashione.com\/fr\/wp-json\/wp\/v2\/types\/product"}],"wp:featuredmedia":[{"embeddable":true,"href":"https:\/\/routinesfashione.com\/fr\/wp-json\/wp\/v2\/media\/17287"}],"wp:attachment":[{"href":"https:\/\/routinesfashione.com\/fr\/wp-json\/wp\/v2\/media?parent=5332"}],"wp:term":[{"taxonomy":"product_brand","embeddable":true,"href":"https:\/\/routinesfashione.com\/fr\/wp-json\/wp\/v2\/product_brand?post=5332"},{"taxonomy":"product_cat","embeddable":true,"href":"https:\/\/routinesfashione.com\/fr\/wp-json\/wp\/v2\/product_cat?post=5332"},{"taxonomy":"product_tag","embeddable":true,"href":"https:\/\/routinesfashione.com\/fr\/wp-json\/wp\/v2\/product_tag?post=5332"},{"taxonomy":"product_country","embeddable":true,"href":"https:\/\/routinesfashione.com\/fr\/wp-json\/wp\/v2\/product_country?post=5332"}],"curies":[{"name":"wp","href":"https:\/\/api.w.org\/{rel}","templated":true}]}}