{"id":5603,"date":"2025-08-07T17:37:08","date_gmt":"2025-08-07T17:37:08","guid":{"rendered":"https:\/\/lightgray-crow-170497.hostingersite.com\/?post_type=product&#038;p=5603"},"modified":"2025-09-30T21:21:28","modified_gmt":"2025-09-30T21:21:28","slug":"cafetera-wmf-full-auto-perfection-660-wmf","status":"publish","type":"product","link":"https:\/\/routinesfashione.com\/fr\/produit\/cafetera-wmf-full-auto-perfection-660-wmf\/","title":{"rendered":"Cafetera WMF Full Auto Perfection 660 WMF"},"content":{"rendered":"<h3 data-start=\"135\" data-end=\"164\"><strong data-start=\"139\" data-end=\"162\">Productbeschrijving<\/strong><\/h3>\n<p data-start=\"165\" data-end=\"743\">De WMF Full Auto Perfection 660 is een geavanceerde volautomatische espressomachine die Duitse precisie combineert met gebruiksgemak en een strak, modern design. Deze koffiemachine biedt een breed scala aan koffiespecialiteiten, allemaal met \u00e9\u00e9n druk op de knop. Dankzij het intu\u00eftieve touchscreen en het gepatenteerde WMF Perfection-systeem geniet je altijd van versgemalen koffie, perfecte crema en een constante smaak. Met het ge\u00efntegreerde melkopschuimsysteem maak je moeiteloos cappuccino\u2019s en latte macchiato\u2019s met zijdezacht melkschuim. Ideaal voor thuis of op kantoor.<\/p>\n<hr data-start=\"745\" data-end=\"748\" \/>\n<h3 data-start=\"750\" data-end=\"773\"><strong data-start=\"754\" data-end=\"771\">Specificaties<\/strong><\/h3>\n<ul data-start=\"774\" data-end=\"1723\">\n<li data-start=\"774\" data-end=\"828\">\n<p data-start=\"776\" data-end=\"828\"><strong data-start=\"776\" data-end=\"794\">Type apparaat:<\/strong> Volautomatische espressomachine<\/p>\n<\/li>\n<li data-start=\"829\" data-end=\"872\">\n<p data-start=\"831\" data-end=\"872\"><strong data-start=\"831\" data-end=\"841\">Model:<\/strong> WMF Full Auto Perfection 660<\/p>\n<\/li>\n<li data-start=\"873\" data-end=\"936\">\n<p data-start=\"875\" data-end=\"936\"><strong data-start=\"875\" data-end=\"895\">Kleur\/afwerking:<\/strong> Roestvrij staal\/zwart (premium design)<\/p>\n<\/li>\n<li data-start=\"937\" data-end=\"990\">\n<p data-start=\"939\" data-end=\"990\"><strong data-start=\"939\" data-end=\"953\">Bediening:<\/strong> Intu\u00eftief touchscreen en draaiknop<\/p>\n<\/li>\n<li data-start=\"991\" data-end=\"1078\">\n<p data-start=\"993\" data-end=\"1078\"><strong data-start=\"993\" data-end=\"1018\">Koffiespecialiteiten:<\/strong> Espresso, koffie, cappuccino, latte macchiato, warme melk<\/p>\n<\/li>\n<li data-start=\"1079\" data-end=\"1155\">\n<p data-start=\"1081\" data-end=\"1155\"><strong data-start=\"1081\" data-end=\"1100\">Bonenreservoir:<\/strong> 2 aparte reservoirs voor verschillende soorten bonen<\/p>\n<\/li>\n<li data-start=\"1156\" data-end=\"1200\">\n<p data-start=\"1158\" data-end=\"1200\"><strong data-start=\"1158\" data-end=\"1177\">Waterreservoir:<\/strong> 2,2 liter afneembaar<\/p>\n<\/li>\n<li data-start=\"1201\" data-end=\"1281\">\n<p data-start=\"1203\" data-end=\"1281\"><strong data-start=\"1203\" data-end=\"1223\">Maaltechnologie:<\/strong> Hoogwaardige conische koffiemolen, instelbare maalgraad<\/p>\n<\/li>\n<li data-start=\"1282\" data-end=\"1366\">\n<p data-start=\"1284\" data-end=\"1366\"><strong data-start=\"1284\" data-end=\"1303\">Melkopschuimer:<\/strong> Automatisch ge\u00efntegreerd melksysteem met reinigingsprogramma<\/p>\n<\/li>\n<li data-start=\"1367\" data-end=\"1391\">\n<p data-start=\"1369\" data-end=\"1391\"><strong data-start=\"1369\" data-end=\"1382\">Pompdruk:<\/strong> 15 bars<\/p>\n<\/li>\n<li data-start=\"1392\" data-end=\"1442\">\n<p data-start=\"1394\" data-end=\"1442\"><strong data-start=\"1394\" data-end=\"1423\">Instelbare koffiesterkte:<\/strong> Meerdere niveaus<\/p>\n<\/li>\n<li data-start=\"1443\" data-end=\"1501\">\n<p data-start=\"1445\" data-end=\"1501\"><strong data-start=\"1445\" data-end=\"1472\">Dubbele koffie-uitloop:<\/strong> Ja, voor 2 kopjes tegelijk<\/p>\n<\/li>\n<li data-start=\"1502\" data-end=\"1577\">\n<p data-start=\"1504\" data-end=\"1577\"><strong data-start=\"1504\" data-end=\"1531\">Automatische reiniging:<\/strong> Ge\u00efntegreerd spoel- en ontkalkingsprogramma<\/p>\n<\/li>\n<li data-start=\"1578\" data-end=\"1648\">\n<p data-start=\"1580\" data-end=\"1648\"><strong data-start=\"1580\" data-end=\"1601\">Energiebesparing:<\/strong> Stand-by modus en automatische uitschakeling<\/p>\n<\/li>\n<li data-start=\"1649\" data-end=\"1723\">\n<p data-start=\"1651\" data-end=\"1723\"><strong data-start=\"1651\" data-end=\"1670\">Bijzonderheden:<\/strong> WMF Perfection Technology voor constante kwaliteit<\/p>\n<\/li>\n<\/ul>","protected":false},"excerpt":{"rendered":"<p>Productbeschrijving De WMF Full Auto Perfection 660 is een geavanceerde volautomatische espressomachine die Duitse precisie combineert met gebruiksgemak en een<\/p>","protected":false},"featured_media":17489,"template":"","meta":[],"product_brand":[],"product_cat":[70],"product_tag":[71],"product_country":[1504],"class_list":{"0":"post-5603","1":"product","2":"type-product","3":"status-publish","4":"has-post-thumbnail","6":"product_cat-cofee-machine","7":"product_tag-cofee-machine","8":"product_country-netherlands","10":"first","11":"instock","12":"sale","13":"taxable","14":"shipping-taxable","15":"purchasable","16":"product-type-simple"},"_links":{"self":[{"href":"https:\/\/routinesfashione.com\/fr\/wp-json\/wp\/v2\/product\/5603","targetHints":{"allow":["GET"]}}],"collection":[{"href":"https:\/\/routinesfashione.com\/fr\/wp-json\/wp\/v2\/product"}],"about":[{"href":"https:\/\/routinesfashione.com\/fr\/wp-json\/wp\/v2\/types\/product"}],"wp:featuredmedia":[{"embeddable":true,"href":"https:\/\/routinesfashione.com\/fr\/wp-json\/wp\/v2\/media\/17489"}],"wp:attachment":[{"href":"https:\/\/routinesfashione.com\/fr\/wp-json\/wp\/v2\/media?parent=5603"}],"wp:term":[{"taxonomy":"product_brand","embeddable":true,"href":"https:\/\/routinesfashione.com\/fr\/wp-json\/wp\/v2\/product_brand?post=5603"},{"taxonomy":"product_cat","embeddable":true,"href":"https:\/\/routinesfashione.com\/fr\/wp-json\/wp\/v2\/product_cat?post=5603"},{"taxonomy":"product_tag","embeddable":true,"href":"https:\/\/routinesfashione.com\/fr\/wp-json\/wp\/v2\/product_tag?post=5603"},{"taxonomy":"product_country","embeddable":true,"href":"https:\/\/routinesfashione.com\/fr\/wp-json\/wp\/v2\/product_country?post=5603"}],"curies":[{"name":"wp","href":"https:\/\/api.w.org\/{rel}","templated":true}]}}