{"id":578,"date":"2025-09-30T20:53:43","date_gmt":"2025-09-30T20:53:43","guid":{"rendered":"https:\/\/lightgray-crow-170497.hostingersite.com\/?post_type=product&#038;p=578"},"modified":"2025-09-30T20:53:43","modified_gmt":"2025-09-30T20:53:43","slug":"siemens-te658209rw-volautomatische-koffiemachine","status":"publish","type":"product","link":"https:\/\/routinesfashione.com\/fr\/produit\/siemens-te658209rw-volautomatische-koffiemachine\/","title":{"rendered":"Machine \u00e0 caf\u00e9 enti\u00e8rement automatique Siemens TE658209RW"},"content":{"rendered":"<h3 data-start=\"170\" data-end=\"202\"><strong data-start=\"174\" data-end=\"200\">Description du produit<\/strong><\/h3>\n<p data-start=\"203\" data-end=\"829\">La <strong data-start=\"206\" data-end=\"228\">Siemens TE658209RW<\/strong> est une machine \u00e0 caf\u00e9 enti\u00e8rement automatique con\u00e7ue pour les amateurs d\u2019espresso et de boissons lact\u00e9es. Gr\u00e2ce \u00e0 son syst\u00e8me iAroma, elle offre un ar\u00f4me optimal \u00e0 chaque tasse. Son \u00e9cran tactile intuitif et son interface claire permettent de pr\u00e9parer facilement cappuccinos, lattes macchiatos et autres sp\u00e9cialit\u00e9s. Le syst\u00e8me OneTouch DoubleCup pr\u00e9pare deux boissons simultan\u00e9ment, tandis que son broyeur en c\u00e9ramique silencieux garantit une mouture uniforme et durable. Avec son design moderne et ses programmes de nettoyage automatiques, cette machine associe performance, confort et \u00e9l\u00e9gance.<\/p>\n<hr data-start=\"831\" data-end=\"834\" \/>\n<h3 data-start=\"836\" data-end=\"873\"><strong data-start=\"840\" data-end=\"871\">Caract\u00e9ristiques techniques<\/strong><\/h3>\n<ul data-start=\"874\" data-end=\"1605\">\n<li data-start=\"874\" data-end=\"938\">\n<p data-start=\"876\" data-end=\"938\"><strong data-start=\"876\" data-end=\"897\">Type d\u2019appareil :<\/strong> Machine \u00e0 caf\u00e9 enti\u00e8rement automatique<\/p>\n<\/li>\n<li data-start=\"939\" data-end=\"974\">\n<p data-start=\"941\" data-end=\"974\"><strong data-start=\"941\" data-end=\"953\">Mod\u00e8le :<\/strong> Siemens TE658209RW<\/p>\n<\/li>\n<li data-start=\"975\" data-end=\"1031\">\n<p data-start=\"977\" data-end=\"1031\"><strong data-start=\"977\" data-end=\"991\">Commande :<\/strong> \u00c9cran tactile et boutons de s\u00e9lection<\/p>\n<\/li>\n<li data-start=\"1032\" data-end=\"1084\">\n<p data-start=\"1034\" data-end=\"1084\"><strong data-start=\"1034\" data-end=\"1067\">Capacit\u00e9 du r\u00e9servoir d\u2019eau :<\/strong> env. 1,7 litre<\/p>\n<\/li>\n<li data-start=\"1085\" data-end=\"1124\">\n<p data-start=\"1087\" data-end=\"1124\"><strong data-start=\"1087\" data-end=\"1111\">R\u00e9servoir \u00e0 grains :<\/strong> env. 300 g<\/p>\n<\/li>\n<li data-start=\"1125\" data-end=\"1163\">\n<p data-start=\"1127\" data-end=\"1163\"><strong data-start=\"1127\" data-end=\"1153\">Pression de la pompe :<\/strong> 15 barres<\/p>\n<\/li>\n<li data-start=\"1164\" data-end=\"1251\">\n<p data-start=\"1166\" data-end=\"1251\"><strong data-start=\"1166\" data-end=\"1190\">Syst\u00e8me de broyage :<\/strong> Broyeur en c\u00e9ramique avec r\u00e9glage de la finesse de mouture<\/p>\n<\/li>\n<li data-start=\"1252\" data-end=\"1303\">\n<p data-start=\"1254\" data-end=\"1303\"><strong data-start=\"1254\" data-end=\"1272\">Syst\u00e8me lait :<\/strong> OneTouch Milk System int\u00e9gr\u00e9<\/p>\n<\/li>\n<li data-start=\"1304\" data-end=\"1373\">\n<p data-start=\"1306\" data-end=\"1373\"><strong data-start=\"1306\" data-end=\"1330\">Fonction DoubleCup :<\/strong> Pr\u00e9paration de deux tasses simultan\u00e9ment<\/p>\n<\/li>\n<li data-start=\"1374\" data-end=\"1453\">\n<p data-start=\"1376\" data-end=\"1453\"><strong data-start=\"1376\" data-end=\"1405\">Programmes automatiques :<\/strong> Rin\u00e7age, nettoyage et d\u00e9tartrage automatiques<\/p>\n<\/li>\n<li data-start=\"1454\" data-end=\"1485\">\n<p data-start=\"1456\" data-end=\"1485\"><strong data-start=\"1456\" data-end=\"1471\">Pouvoir:<\/strong> env. 1500 W<\/p>\n<\/li>\n<li data-start=\"1486\" data-end=\"1539\">\n<p data-start=\"1488\" data-end=\"1539\"><strong data-start=\"1488\" data-end=\"1516\">Dimensions (H x L x P) :<\/strong> env. 38 x 28 x 46 cm<\/p>\n<\/li>\n<li data-start=\"1540\" data-end=\"1568\">\n<p data-start=\"1542\" data-end=\"1568\"><strong data-start=\"1542\" data-end=\"1553\">Poids:<\/strong> env. 9\u201310 kg<\/p>\n<\/li>\n<\/ul>","protected":false},"excerpt":{"rendered":"<p>Description du produit La Siemens TE658209RW est une machine \u00e0 caf\u00e9 enti\u00e8rement automatique con\u00e7ue pour les amateurs d\u2019espresso et de<\/p>","protected":false},"featured_media":19670,"template":"","meta":[],"product_brand":[],"product_cat":[70],"product_tag":[71],"product_country":[1503],"class_list":{"0":"post-578","1":"product","2":"type-product","3":"status-publish","4":"has-post-thumbnail","6":"product_cat-cofee-machine","7":"product_tag-cofee-machine","8":"product_country-france","10":"first","11":"instock","12":"sale","13":"taxable","14":"shipping-taxable","15":"purchasable","16":"product-type-simple"},"_links":{"self":[{"href":"https:\/\/routinesfashione.com\/fr\/wp-json\/wp\/v2\/product\/578","targetHints":{"allow":["GET"]}}],"collection":[{"href":"https:\/\/routinesfashione.com\/fr\/wp-json\/wp\/v2\/product"}],"about":[{"href":"https:\/\/routinesfashione.com\/fr\/wp-json\/wp\/v2\/types\/product"}],"wp:featuredmedia":[{"embeddable":true,"href":"https:\/\/routinesfashione.com\/fr\/wp-json\/wp\/v2\/media\/19670"}],"wp:attachment":[{"href":"https:\/\/routinesfashione.com\/fr\/wp-json\/wp\/v2\/media?parent=578"}],"wp:term":[{"taxonomy":"product_brand","embeddable":true,"href":"https:\/\/routinesfashione.com\/fr\/wp-json\/wp\/v2\/product_brand?post=578"},{"taxonomy":"product_cat","embeddable":true,"href":"https:\/\/routinesfashione.com\/fr\/wp-json\/wp\/v2\/product_cat?post=578"},{"taxonomy":"product_tag","embeddable":true,"href":"https:\/\/routinesfashione.com\/fr\/wp-json\/wp\/v2\/product_tag?post=578"},{"taxonomy":"product_country","embeddable":true,"href":"https:\/\/routinesfashione.com\/fr\/wp-json\/wp\/v2\/product_country?post=578"}],"curies":[{"name":"wp","href":"https:\/\/api.w.org\/{rel}","templated":true}]}}