{"id":5827,"date":"2025-08-07T18:44:03","date_gmt":"2025-08-07T18:44:03","guid":{"rendered":"https:\/\/lightgray-crow-170497.hostingersite.com\/?post_type=product&#038;p=5827"},"modified":"2025-09-30T21:21:44","modified_gmt":"2025-09-30T21:21:44","slug":"cafetera-philips-serie-3300-ep3321-40-de-grano-a-taza","status":"publish","type":"product","link":"https:\/\/routinesfashione.com\/fr\/produit\/cafetera-philips-serie-3300-ep3321-40-de-grano-a-taza\/","title":{"rendered":"Philips Serie 3300 EP3321\/40 Volautomatisch koffiezetapparaat"},"content":{"rendered":"<h3 data-start=\"188\" data-end=\"237\"><strong data-start=\"192\" data-end=\"235\">Productomschrijving\u00a0<\/strong><\/h3>\n<p data-start=\"238\" data-end=\"728\">De <strong data-start=\"241\" data-end=\"273\">Philips Serie 3300 EP3321\/40<\/strong> is een volautomatische koffiemachine waarmee je met \u00e9\u00e9n druk op de knop geniet van heerlijke koffiespecialiteiten. Dankzij het intu\u00eftieve touchdisplay kies je eenvoudig jouw favoriete drank, zoals espresso, koffie of americano. Het ge\u00efntegreerde LatteGo-melksysteem zorgt voor zijdezacht melkschuim zonder ingewikkelde onderdelen, waardoor schoonmaken heel gemakkelijk is. De machine heeft een compact, stijlvol ontwerp dat perfect past in elke keuken.<\/p>\n<hr data-start=\"730\" data-end=\"733\" \/>\n<h3 data-start=\"735\" data-end=\"792\"><strong data-start=\"739\" data-end=\"790\">Belangrijkste Specificaties\u00a0<\/strong><\/h3>\n<ul data-start=\"794\" data-end=\"1755\">\n<li data-start=\"794\" data-end=\"849\">\n<p data-start=\"796\" data-end=\"849\"><strong data-start=\"796\" data-end=\"814\">Type apparaat:<\/strong> Volautomatisch koffiezetapparaat<\/p>\n<\/li>\n<li data-start=\"850\" data-end=\"893\">\n<p data-start=\"852\" data-end=\"893\"><strong data-start=\"852\" data-end=\"868\">Modelnummer:<\/strong> EP3321\/40 (Serie 3300)<\/p>\n<\/li>\n<li data-start=\"894\" data-end=\"957\">\n<p data-start=\"896\" data-end=\"957\"><strong data-start=\"896\" data-end=\"911\">Koffietype:<\/strong> Geschikt voor koffiebonen \u00e9n gemalen koffie<\/p>\n<\/li>\n<li data-start=\"958\" data-end=\"1007\">\n<p data-start=\"960\" data-end=\"1007\"><strong data-start=\"960\" data-end=\"979\">Waterreservoir:<\/strong> Ca. 1,8 liter, afneembaar<\/p>\n<\/li>\n<li data-start=\"1008\" data-end=\"1044\">\n<p data-start=\"1010\" data-end=\"1044\"><strong data-start=\"1010\" data-end=\"1029\">Bonenreservoir:<\/strong> Ca. 275 gram<\/p>\n<\/li>\n<li data-start=\"1045\" data-end=\"1093\">\n<p data-start=\"1047\" data-end=\"1093\"><strong data-start=\"1047\" data-end=\"1060\">Pompdruk:<\/strong> 15 bar voor optimale extractie<\/p>\n<\/li>\n<li data-start=\"1094\" data-end=\"1171\">\n<p data-start=\"1096\" data-end=\"1171\"><strong data-start=\"1096\" data-end=\"1109\">Maalwerk:<\/strong> 100% keramische molen met instelbare maalgraad (12 standen)<\/p>\n<\/li>\n<li data-start=\"1172\" data-end=\"1257\">\n<p data-start=\"1174\" data-end=\"1257\"><strong data-start=\"1174\" data-end=\"1190\">Melksysteem:<\/strong> LatteGo-melksysteem voor romig melkschuim, eenvoudig te reinigen<\/p>\n<\/li>\n<li data-start=\"1258\" data-end=\"1321\">\n<p data-start=\"1260\" data-end=\"1321\"><strong data-start=\"1260\" data-end=\"1274\">Bediening:<\/strong> Intu\u00eftief touchdisplay met \u00e9\u00e9nknopsbediening<\/p>\n<\/li>\n<li data-start=\"1322\" data-end=\"1401\">\n<p data-start=\"1324\" data-end=\"1401\"><strong data-start=\"1324\" data-end=\"1341\">Instellingen:<\/strong> Programmeerbare koffiesterkte, hoeveelheid en temperatuur<\/p>\n<\/li>\n<li data-start=\"1402\" data-end=\"1478\">\n<p data-start=\"1404\" data-end=\"1478\"><strong data-start=\"1404\" data-end=\"1419\">Zetsysteem:<\/strong> Aroma Extract-systeem voor optimale smaak en temperatuur<\/p>\n<\/li>\n<li data-start=\"1479\" data-end=\"1548\">\n<p data-start=\"1481\" data-end=\"1548\"><strong data-start=\"1481\" data-end=\"1495\">Onderhoud:<\/strong> Automatische ontkalkings- en reinigingsprogramma\u2019s<\/p>\n<\/li>\n<li data-start=\"1549\" data-end=\"1625\">\n<p data-start=\"1551\" data-end=\"1625\"><strong data-start=\"1551\" data-end=\"1569\">Energiebeheer:<\/strong> Energiebesparingsmodus met automatische uitschakeling<\/p>\n<\/li>\n<li data-start=\"1626\" data-end=\"1679\">\n<p data-start=\"1628\" data-end=\"1679\"><strong data-start=\"1628\" data-end=\"1651\">Afmetingen (BxDxH):<\/strong> Ca. 24,6 \u00d7 37,1 \u00d7 43,3 cm<\/p>\n<\/li>\n<li data-start=\"1680\" data-end=\"1705\">\n<p data-start=\"1682\" data-end=\"1705\"><strong data-start=\"1682\" data-end=\"1694\">Gewicht:<\/strong> Ca. 8 kg<\/p>\n<\/li>\n<li data-start=\"1706\" data-end=\"1755\">\n<p data-start=\"1708\" data-end=\"1755\"><strong data-start=\"1708\" data-end=\"1728\">Kleur\/Afwerking:<\/strong> Zwart met chroomaccenten<\/p>\n<\/li>\n<\/ul>","protected":false},"excerpt":{"rendered":"<p>Productomschrijving\u00a0 De Philips Serie 3300 EP3321\/40 is een volautomatische koffiemachine waarmee je met \u00e9\u00e9n druk op de knop geniet van<\/p>","protected":false},"featured_media":17650,"template":"","meta":[],"product_brand":[],"product_cat":[70],"product_tag":[71],"product_country":[1504],"class_list":{"0":"post-5827","1":"product","2":"type-product","3":"status-publish","4":"has-post-thumbnail","6":"product_cat-cofee-machine","7":"product_tag-cofee-machine","8":"product_country-netherlands","10":"first","11":"instock","12":"sale","13":"taxable","14":"shipping-taxable","15":"purchasable","16":"product-type-simple"},"_links":{"self":[{"href":"https:\/\/routinesfashione.com\/fr\/wp-json\/wp\/v2\/product\/5827","targetHints":{"allow":["GET"]}}],"collection":[{"href":"https:\/\/routinesfashione.com\/fr\/wp-json\/wp\/v2\/product"}],"about":[{"href":"https:\/\/routinesfashione.com\/fr\/wp-json\/wp\/v2\/types\/product"}],"wp:featuredmedia":[{"embeddable":true,"href":"https:\/\/routinesfashione.com\/fr\/wp-json\/wp\/v2\/media\/17650"}],"wp:attachment":[{"href":"https:\/\/routinesfashione.com\/fr\/wp-json\/wp\/v2\/media?parent=5827"}],"wp:term":[{"taxonomy":"product_brand","embeddable":true,"href":"https:\/\/routinesfashione.com\/fr\/wp-json\/wp\/v2\/product_brand?post=5827"},{"taxonomy":"product_cat","embeddable":true,"href":"https:\/\/routinesfashione.com\/fr\/wp-json\/wp\/v2\/product_cat?post=5827"},{"taxonomy":"product_tag","embeddable":true,"href":"https:\/\/routinesfashione.com\/fr\/wp-json\/wp\/v2\/product_tag?post=5827"},{"taxonomy":"product_country","embeddable":true,"href":"https:\/\/routinesfashione.com\/fr\/wp-json\/wp\/v2\/product_country?post=5827"}],"curies":[{"name":"wp","href":"https:\/\/api.w.org\/{rel}","templated":true}]}}