{"id":5882,"date":"2025-08-07T19:19:11","date_gmt":"2025-08-07T19:19:11","guid":{"rendered":"https:\/\/lightgray-crow-170497.hostingersite.com\/?post_type=product&#038;p=5882"},"modified":"2025-09-30T21:21:48","modified_gmt":"2025-09-30T21:21:48","slug":"cafetera-electrica-totalmente-automatica-delonghi-ecam-22-110-sb-maquina-de-cafe-expreso-de-18-l","status":"publish","type":"product","link":"https:\/\/routinesfashione.com\/fr\/produit\/cafetera-electrica-totalmente-automatica-delonghi-ecam-22-110-sb-maquina-de-cafe-expreso-de-18-l\/","title":{"rendered":"Cafetera el\u00e9ctrica totalmente autom\u00e1tica De&#8217;Longhi ECAM 22.110.SB M\u00e1quina de caf\u00e9 expreso de 1,8 L"},"content":{"rendered":"<h3 data-start=\"200\" data-end=\"249\"><strong data-start=\"204\" data-end=\"247\">Productomschrijving\u00a0<\/strong><\/h3>\n<p data-start=\"250\" data-end=\"650\">De <strong data-start=\"253\" data-end=\"281\">De&#8217;Longhi ECAM 22.110.SB<\/strong> is een compacte, volautomatische espressomachine waarmee je met \u00e9\u00e9n druk op de knop verse koffie of espresso kunt bereiden. Dankzij het ge\u00efntegreerde maalwerk, het melkopschuimsysteem en het intu\u00eftieve bedieningspaneel geniet je thuis van barista-kwaliteit koffie. De machine is ideaal voor dagelijks gebruik en combineert gebruiksgemak met een strak, modern design.<\/p>\n<hr data-start=\"652\" data-end=\"655\" \/>\n<h3 data-start=\"657\" data-end=\"714\"><strong data-start=\"661\" data-end=\"712\">Belangrijkste Specificaties\u00a0<\/strong><\/h3>\n<ul data-start=\"716\" data-end=\"1754\">\n<li data-start=\"716\" data-end=\"770\">\n<p data-start=\"718\" data-end=\"770\"><strong data-start=\"718\" data-end=\"736\">Type apparaat:<\/strong> Volautomatische espressomachine<\/p>\n<\/li>\n<li data-start=\"771\" data-end=\"806\">\n<p data-start=\"773\" data-end=\"806\"><strong data-start=\"773\" data-end=\"789\">Modelnummer:<\/strong> ECAM 22.110.SB<\/p>\n<\/li>\n<li data-start=\"807\" data-end=\"876\">\n<p data-start=\"809\" data-end=\"876\"><strong data-start=\"809\" data-end=\"830\">Inhoud watertank:<\/strong> 1,8 liter, afneembaar voor eenvoudig vullen<\/p>\n<\/li>\n<li data-start=\"877\" data-end=\"932\">\n<p data-start=\"879\" data-end=\"932\"><strong data-start=\"879\" data-end=\"892\">Pompdruk:<\/strong> 15 bar voor optimale koffieresultaten<\/p>\n<\/li>\n<li data-start=\"933\" data-end=\"1026\">\n<p data-start=\"935\" data-end=\"1026\"><strong data-start=\"935\" data-end=\"951\">Koffiemolen:<\/strong> Ge\u00efntegreerde conische koffiemolen met instelbare maalgraad (13 standen)<\/p>\n<\/li>\n<li data-start=\"1027\" data-end=\"1111\">\n<p data-start=\"1029\" data-end=\"1111\"><strong data-start=\"1029\" data-end=\"1045\">Melksysteem:<\/strong> Handmatig cappuccinosysteem met stoompijpje voor melkopschuimen<\/p>\n<\/li>\n<li data-start=\"1112\" data-end=\"1182\">\n<p data-start=\"1114\" data-end=\"1182\"><strong data-start=\"1114\" data-end=\"1129\">Koffietype:<\/strong> Geschikt voor zowel koffiebonen als gemalen koffie<\/p>\n<\/li>\n<li data-start=\"1183\" data-end=\"1258\">\n<p data-start=\"1185\" data-end=\"1258\"><strong data-start=\"1185\" data-end=\"1199\">Bediening:<\/strong> Eenvoudig en intu\u00eftief bedieningspaneel met draaiknoppen<\/p>\n<\/li>\n<li data-start=\"1259\" data-end=\"1336\">\n<p data-start=\"1261\" data-end=\"1336\"><strong data-start=\"1261\" data-end=\"1281\">Energieverbruik:<\/strong> Automatische uitschakelfunctie voor energiebesparing<\/p>\n<\/li>\n<li data-start=\"1337\" data-end=\"1392\">\n<p data-start=\"1339\" data-end=\"1392\"><strong data-start=\"1339\" data-end=\"1354\">Opwarmtijd:<\/strong> Snel dankzij thermoblock-verwarming<\/p>\n<\/li>\n<li data-start=\"1393\" data-end=\"1455\">\n<p data-start=\"1395\" data-end=\"1455\"><strong data-start=\"1395\" data-end=\"1409\">Behuizing:<\/strong> Kunststof en roestvrij staal (zilver\/zwart)<\/p>\n<\/li>\n<li data-start=\"1456\" data-end=\"1638\">\n<p data-start=\"1458\" data-end=\"1479\"><strong data-start=\"1458\" data-end=\"1477\">Extra functies:<\/strong><\/p>\n<ul data-start=\"1482\" data-end=\"1638\">\n<li data-start=\"1482\" data-end=\"1534\">\n<p data-start=\"1484\" data-end=\"1534\">Voorprogrammeerbare koffiesterkte en hoeveelheid<\/p>\n<\/li>\n<li data-start=\"1537\" data-end=\"1586\">\n<p data-start=\"1539\" data-end=\"1586\">Afneembare zetgroep voor eenvoudige reiniging<\/p>\n<\/li>\n<li data-start=\"1589\" data-end=\"1638\">\n<p data-start=\"1591\" data-end=\"1638\">Automatische spoel- en ontkalkingsprogramma\u2019s<\/p>\n<\/li>\n<\/ul>\n<\/li>\n<li data-start=\"1639\" data-end=\"1695\">\n<p data-start=\"1641\" data-end=\"1695\"><strong data-start=\"1641\" data-end=\"1664\">Afmetingen (BxDxH):<\/strong> Ongeveer 23,8 \u00d7 43 \u00d7 35,1 cm<\/p>\n<\/li>\n<li data-start=\"1696\" data-end=\"1726\">\n<p data-start=\"1698\" data-end=\"1726\"><strong data-start=\"1698\" data-end=\"1710\">Gewicht:<\/strong> Ongeveer 9 kg<\/p>\n<\/li>\n<li data-start=\"1727\" data-end=\"1754\">\n<p data-start=\"1729\" data-end=\"1754\"><strong data-start=\"1729\" data-end=\"1739\">Kleur:<\/strong> Zilver\/Zwart<\/p>\n<\/li>\n<\/ul>","protected":false},"excerpt":{"rendered":"<p>Productomschrijving\u00a0 De De&#8217;Longhi ECAM 22.110.SB is een compacte, volautomatische espressomachine waarmee je met \u00e9\u00e9n druk op de knop verse koffie<\/p>","protected":false},"featured_media":17684,"template":"","meta":[],"product_brand":[],"product_cat":[70],"product_tag":[71],"product_country":[1504],"class_list":{"0":"post-5882","1":"product","2":"type-product","3":"status-publish","4":"has-post-thumbnail","6":"product_cat-cofee-machine","7":"product_tag-cofee-machine","8":"product_country-netherlands","10":"first","11":"instock","12":"sale","13":"taxable","14":"shipping-taxable","15":"purchasable","16":"product-type-simple"},"_links":{"self":[{"href":"https:\/\/routinesfashione.com\/fr\/wp-json\/wp\/v2\/product\/5882","targetHints":{"allow":["GET"]}}],"collection":[{"href":"https:\/\/routinesfashione.com\/fr\/wp-json\/wp\/v2\/product"}],"about":[{"href":"https:\/\/routinesfashione.com\/fr\/wp-json\/wp\/v2\/types\/product"}],"wp:featuredmedia":[{"embeddable":true,"href":"https:\/\/routinesfashione.com\/fr\/wp-json\/wp\/v2\/media\/17684"}],"wp:attachment":[{"href":"https:\/\/routinesfashione.com\/fr\/wp-json\/wp\/v2\/media?parent=5882"}],"wp:term":[{"taxonomy":"product_brand","embeddable":true,"href":"https:\/\/routinesfashione.com\/fr\/wp-json\/wp\/v2\/product_brand?post=5882"},{"taxonomy":"product_cat","embeddable":true,"href":"https:\/\/routinesfashione.com\/fr\/wp-json\/wp\/v2\/product_cat?post=5882"},{"taxonomy":"product_tag","embeddable":true,"href":"https:\/\/routinesfashione.com\/fr\/wp-json\/wp\/v2\/product_tag?post=5882"},{"taxonomy":"product_country","embeddable":true,"href":"https:\/\/routinesfashione.com\/fr\/wp-json\/wp\/v2\/product_country?post=5882"}],"curies":[{"name":"wp","href":"https:\/\/api.w.org\/{rel}","templated":true}]}}