{"id":589,"date":"2025-09-30T20:53:43","date_gmt":"2025-09-30T20:53:43","guid":{"rendered":"https:\/\/lightgray-crow-170497.hostingersite.com\/?post_type=product&#038;p=589"},"modified":"2025-09-30T20:53:43","modified_gmt":"2025-09-30T20:53:43","slug":"honda-tondeuse-hrg-466","status":"publish","type":"product","link":"https:\/\/routinesfashione.com\/fr\/produit\/honda-tondeuse-hrg-466\/","title":{"rendered":"Tondeuse Honda HRG 466"},"content":{"rendered":"<p>L\u00e9g\u00e8re, robuste et facile \u00e0 utiliser, la tondeuse HRG peut \u00eatre tourn\u00e9e dans les espaces du plus exigus, ce qui est id\u00e9al pour les petites surfaces sur petites surfaces. Tous sont recouverts d&#039;un rev\u00eatement protecteur qui garantit une grande r\u00e9sistance \u00e0 la corrosion, aux rayons UV et \u00e0 la rouille. Ces caract\u00e9ristiques garantissent que ces tondeuses resteront fiables dans le temps, tout en \u00e9tant faciles \u00e0 nettoyer et \u00e0 entrer.<\/p>\n<p><strong>Caract\u00e9ristiques principales<\/strong><\/p>\n<ul>\n<li>Tondeuse Monovitesse avec un grand coup\u00e9 de 46cm<\/li>\n<li>Starter automatique : D\u00e9marrage facile \u00e0 froid comme \u00e0 chaud<\/li>\n<li>Bac de ramassage : R\u00e9sistant et l\u00e9ger, facile \u00e0 soulever et vider gr\u00e2ce \u00e0 sa poign\u00e9e<\/li>\n<li>Moteur HONDA GCVx 145\u00a0: Respect des normes d&#039;\u00e9missions et des composants additionnels. Faible consommation, quelques vibrations.<\/li>\n<li>Axes de roues Monobloc : Deuxi\u00e8me pi\u00e8ce de construction, avec des points de rupture qui assurent la durabilit\u00e9 et la facilit\u00e9 d&#039;entretien.<\/li>\n<li>Faciles \u00e0 man\u0153uvrer: Grace \u00e0 ses grandes roues \u00e0 roulements \u00e0 billes<\/li>\n<li>R\u00e9glage de la hauteur de coup\u00e9 semi-centralis\u00e9 : 2 leviers ergonomiques pour un r\u00e9glage rapide et sans effort.<strong>garantie<\/strong>\n<p>Tous les produits Honda sont couverts par une garantie compl\u00e8te, couvrant tous les d\u00e9fauts de fabrication et de mat\u00e9riaux. Cette garantie est valable sous d&#039;autres conditions.<\/p>\n<p>La p\u00e9riode de garantie de votre mat\u00e9riel peut durer 5 ans. En vertu de cette Garantie, nous sommes tenus de r\u00e9parer ou de remplacer gratuitement les pi\u00e8ces d\u00e9fectueuses sont d\u00e9cel\u00e9es au cours de la p\u00e9riode de Garantie applicable. Les pi\u00e8ces remplac\u00e9es au cours de la p\u00e9riode de garantie restent la propri\u00e9t\u00e9 de Honda, et sont Garanties pour le reste de la p\u00e9riode de garantie de la machine.<\/li>\n<\/ul>","protected":false},"excerpt":{"rendered":"<p>L\u00e9g\u00e8re, robuste et facile \u00e0 utiliser, la tondeuse HRG peut tourner dans les espaces les plus exigus, ce qui la<\/p>","protected":false},"featured_media":13224,"template":"","meta":[],"product_brand":[],"product_cat":[61],"product_tag":[],"product_country":[1503],"class_list":{"0":"post-589","1":"product","2":"type-product","3":"status-publish","4":"has-post-thumbnail","6":"product_cat-sale-france","7":"product_country-france","9":"first","10":"instock","11":"sale","12":"taxable","13":"shipping-taxable","14":"purchasable","15":"product-type-simple"},"_links":{"self":[{"href":"https:\/\/routinesfashione.com\/fr\/wp-json\/wp\/v2\/product\/589","targetHints":{"allow":["GET"]}}],"collection":[{"href":"https:\/\/routinesfashione.com\/fr\/wp-json\/wp\/v2\/product"}],"about":[{"href":"https:\/\/routinesfashione.com\/fr\/wp-json\/wp\/v2\/types\/product"}],"wp:featuredmedia":[{"embeddable":true,"href":"https:\/\/routinesfashione.com\/fr\/wp-json\/wp\/v2\/media\/13224"}],"wp:attachment":[{"href":"https:\/\/routinesfashione.com\/fr\/wp-json\/wp\/v2\/media?parent=589"}],"wp:term":[{"taxonomy":"product_brand","embeddable":true,"href":"https:\/\/routinesfashione.com\/fr\/wp-json\/wp\/v2\/product_brand?post=589"},{"taxonomy":"product_cat","embeddable":true,"href":"https:\/\/routinesfashione.com\/fr\/wp-json\/wp\/v2\/product_cat?post=589"},{"taxonomy":"product_tag","embeddable":true,"href":"https:\/\/routinesfashione.com\/fr\/wp-json\/wp\/v2\/product_tag?post=589"},{"taxonomy":"product_country","embeddable":true,"href":"https:\/\/routinesfashione.com\/fr\/wp-json\/wp\/v2\/product_country?post=589"}],"curies":[{"name":"wp","href":"https:\/\/api.w.org\/{rel}","templated":true}]}}