{"id":5937,"date":"2025-08-07T19:59:55","date_gmt":"2025-08-07T19:59:55","guid":{"rendered":"https:\/\/lightgray-crow-170497.hostingersite.com\/?post_type=product&#038;p=5937"},"modified":"2025-09-30T21:05:26","modified_gmt":"2025-09-30T21:05:26","slug":"cafetera-delonghi-ecam-22-140-b","status":"publish","type":"product","link":"https:\/\/routinesfashione.com\/fr\/produit\/cafetera-delonghi-ecam-22-140-b\/","title":{"rendered":"Delonghi ECAM 22.140.B koffiezetapparaat"},"content":{"rendered":"<h3 data-start=\"175\" data-end=\"227\"><strong data-start=\"182\" data-end=\"225\">Productbeschrijving\u00a0<\/strong><\/h3>\n<p data-start=\"228\" data-end=\"741\">De <strong data-start=\"231\" data-end=\"258\">De\u2019Longhi ECAM 22.140.B<\/strong> is een compacte en gebruiksvriendelijke volautomatische koffiemachine waarmee u met \u00e9\u00e9n druk op de knop kunt genieten van een perfecte espresso of lungo. Dankzij het ge\u00efntegreerde conische maalwerk worden de bonen vers gemalen voor elke kop koffie. Met de <strong data-start=\"515\" data-end=\"546\">Cappuccino System-stoompijp<\/strong> maakt u handmatig romig melkschuim voor cappuccino\u2019s en latte macchiato\u2019s. De eenvoudige draaiknoppen en het onderhoudsvriendelijke ontwerp maken dit een ideale machine voor dagelijks gebruik.<\/p>\n<hr data-start=\"743\" data-end=\"746\" \/>\n<h3 data-start=\"748\" data-end=\"794\"><strong data-start=\"755\" data-end=\"792\">Specificaties\u00a0<\/strong><\/h3>\n<div class=\"_tableContainer_1rjym_1\">\n<div class=\"group w-fit _tableWrapper_1rjym_13 flex flex-col-reverse\" tabindex=\"-1\">\n<table class=\"w-fit min-w-(--thread-content-width)\" style=\"height: 489px;\" width=\"939\" data-start=\"796\" data-end=\"1737\">\n<thead data-start=\"796\" data-end=\"822\">\n<tr data-start=\"796\" data-end=\"822\">\n<th data-start=\"796\" data-end=\"806\" data-col-size=\"sm\">Kenmerk<\/th>\n<th data-start=\"806\" data-end=\"822\" data-col-size=\"md\">Specificatie<\/th>\n<\/tr>\n<\/thead>\n<tbody data-start=\"851\" data-end=\"1737\">\n<tr data-start=\"851\" data-end=\"890\">\n<td data-start=\"851\" data-end=\"863\" data-col-size=\"sm\"><strong data-start=\"853\" data-end=\"862\">Model<\/strong><\/td>\n<td data-start=\"863\" data-end=\"890\" data-col-size=\"md\">De\u2019Longhi ECAM 22.140.B<\/td>\n<\/tr>\n<tr data-start=\"891\" data-end=\"937\">\n<td data-start=\"891\" data-end=\"902\" data-col-size=\"sm\"><strong data-start=\"893\" data-end=\"901\">Taper<\/strong><\/td>\n<td data-start=\"902\" data-end=\"937\" data-col-size=\"md\">Volautomatische espressomachine<\/td>\n<\/tr>\n<tr data-start=\"938\" data-end=\"999\">\n<td data-start=\"938\" data-end=\"955\" data-col-size=\"sm\"><strong data-start=\"940\" data-end=\"954\">Koffietype<\/strong><\/td>\n<td data-start=\"955\" data-end=\"999\" data-col-size=\"md\">Koffiebonen + gemalen koffie (optioneel)<\/td>\n<\/tr>\n<tr data-start=\"1000\" data-end=\"1062\">\n<td data-start=\"1000\" data-end=\"1015\" data-col-size=\"sm\"><strong data-start=\"1002\" data-end=\"1014\">Maalwerk<\/strong><\/td>\n<td data-start=\"1015\" data-end=\"1062\" data-col-size=\"md\">Stil conisch maalwerk (13 maalinstellingen)<\/td>\n<\/tr>\n<tr data-start=\"1063\" data-end=\"1100\">\n<td data-start=\"1063\" data-end=\"1081\" data-col-size=\"sm\"><strong data-start=\"1065\" data-end=\"1080\">Pompsysteem<\/strong><\/td>\n<td data-start=\"1081\" data-end=\"1100\" data-col-size=\"md\">15 bar pompdruk<\/td>\n<\/tr>\n<tr data-start=\"1101\" data-end=\"1152\">\n<td data-start=\"1101\" data-end=\"1122\" data-col-size=\"sm\"><strong data-start=\"1103\" data-end=\"1121\">Waterreservoir<\/strong><\/td>\n<td data-start=\"1122\" data-end=\"1152\" data-col-size=\"md\">ca. 1,8 liter (afneembaar)<\/td>\n<\/tr>\n<tr data-start=\"1153\" data-end=\"1190\">\n<td data-start=\"1153\" data-end=\"1174\" data-col-size=\"sm\"><strong data-start=\"1155\" data-end=\"1173\">Bonenreservoir<\/strong><\/td>\n<td data-start=\"1174\" data-end=\"1190\" data-col-size=\"md\">ca. 250 gram<\/td>\n<\/tr>\n<tr data-start=\"1191\" data-end=\"1253\">\n<td data-start=\"1191\" data-end=\"1209\" data-col-size=\"sm\"><strong data-start=\"1193\" data-end=\"1208\">Melksysteem<\/strong><\/td>\n<td data-start=\"1209\" data-end=\"1253\" data-col-size=\"md\">Handmatige stoompijp (Cappuccino System)<\/td>\n<\/tr>\n<tr data-start=\"1254\" data-end=\"1322\">\n<td data-start=\"1254\" data-end=\"1273\" data-col-size=\"sm\"><strong data-start=\"1256\" data-end=\"1272\">Drankenkeuze<\/strong><\/td>\n<td data-start=\"1273\" data-end=\"1322\" data-col-size=\"md\">Espresso, dubbele espresso, Lungo, heet water<\/td>\n<\/tr>\n<tr data-start=\"1323\" data-end=\"1392\">\n<td data-start=\"1323\" data-end=\"1339\" data-col-size=\"sm\"><strong data-start=\"1325\" data-end=\"1338\">Bediening<\/strong><\/td>\n<td data-start=\"1339\" data-end=\"1392\" data-col-size=\"md\">Draai- en drukknoppen met duidelijke pictogrammen<\/td>\n<\/tr>\n<tr data-start=\"1393\" data-end=\"1468\">\n<td data-start=\"1393\" data-end=\"1412\" data-col-size=\"sm\"><strong data-start=\"1395\" data-end=\"1411\">Instellingen<\/strong><\/td>\n<td data-start=\"1412\" data-end=\"1468\" data-col-size=\"md\">Instelbare koffiesterkte, temperatuur en hoeveelheid<\/td>\n<\/tr>\n<tr data-start=\"1469\" data-end=\"1537\">\n<td data-start=\"1469\" data-end=\"1498\" data-col-size=\"sm\"><strong data-start=\"1471\" data-end=\"1497\">Automatische reiniging<\/strong><\/td>\n<td data-start=\"1498\" data-end=\"1537\" data-col-size=\"md\">Ja (spoel- en ontkalkingsprogramma)<\/td>\n<\/tr>\n<tr data-start=\"1538\" data-end=\"1603\">\n<td data-start=\"1538\" data-end=\"1561\" data-col-size=\"sm\"><strong data-start=\"1540\" data-end=\"1560\">Energiebesparing<\/strong><\/td>\n<td data-start=\"1561\" data-end=\"1603\" data-col-size=\"md\">Automatische uitschakeling + eco-modus<\/td>\n<\/tr>\n<tr data-start=\"1604\" data-end=\"1657\">\n<td data-start=\"1604\" data-end=\"1626\" data-col-size=\"sm\"><strong data-start=\"1606\" data-end=\"1625\">Kleur\/Afwerking<\/strong><\/td>\n<td data-start=\"1626\" data-end=\"1657\" data-col-size=\"md\">Zwart met zilveren accenten<\/td>\n<\/tr>\n<tr data-start=\"1658\" data-end=\"1710\">\n<td data-start=\"1658\" data-end=\"1683\" data-col-size=\"sm\"><strong data-start=\"1660\" data-end=\"1682\">Afmetingen (BxDxH)<\/strong><\/td>\n<td data-start=\"1683\" data-end=\"1710\" data-col-size=\"md\">ca. 23,8 x 43 x 34,1 cm<\/td>\n<\/tr>\n<tr data-start=\"1711\" data-end=\"1737\">\n<td data-start=\"1711\" data-end=\"1725\" data-col-size=\"sm\"><strong data-start=\"1713\" data-end=\"1724\">Poids<\/strong><\/td>\n<td data-start=\"1725\" data-end=\"1737\" data-col-size=\"md\">ca. 9 kg<\/td>\n<\/tr>\n<\/tbody>\n<\/table>\n<\/div>\n<\/div>","protected":false},"excerpt":{"rendered":"<p>Productbeschrijving\u00a0 De De\u2019Longhi ECAM 22.140.B is een compacte en gebruiksvriendelijke volautomatische koffiemachine waarmee u met \u00e9\u00e9n druk op de knop<\/p>","protected":false},"featured_media":25872,"template":"","meta":[],"product_brand":[],"product_cat":[70],"product_tag":[71],"product_country":[1504],"class_list":{"0":"post-5937","1":"product","2":"type-product","3":"status-publish","4":"has-post-thumbnail","6":"product_cat-cofee-machine","7":"product_tag-cofee-machine","8":"product_country-netherlands","10":"first","11":"instock","12":"sale","13":"taxable","14":"shipping-taxable","15":"purchasable","16":"product-type-simple"},"_links":{"self":[{"href":"https:\/\/routinesfashione.com\/fr\/wp-json\/wp\/v2\/product\/5937","targetHints":{"allow":["GET"]}}],"collection":[{"href":"https:\/\/routinesfashione.com\/fr\/wp-json\/wp\/v2\/product"}],"about":[{"href":"https:\/\/routinesfashione.com\/fr\/wp-json\/wp\/v2\/types\/product"}],"wp:featuredmedia":[{"embeddable":true,"href":"https:\/\/routinesfashione.com\/fr\/wp-json\/wp\/v2\/media\/25872"}],"wp:attachment":[{"href":"https:\/\/routinesfashione.com\/fr\/wp-json\/wp\/v2\/media?parent=5937"}],"wp:term":[{"taxonomy":"product_brand","embeddable":true,"href":"https:\/\/routinesfashione.com\/fr\/wp-json\/wp\/v2\/product_brand?post=5937"},{"taxonomy":"product_cat","embeddable":true,"href":"https:\/\/routinesfashione.com\/fr\/wp-json\/wp\/v2\/product_cat?post=5937"},{"taxonomy":"product_tag","embeddable":true,"href":"https:\/\/routinesfashione.com\/fr\/wp-json\/wp\/v2\/product_tag?post=5937"},{"taxonomy":"product_country","embeddable":true,"href":"https:\/\/routinesfashione.com\/fr\/wp-json\/wp\/v2\/product_country?post=5937"}],"curies":[{"name":"wp","href":"https:\/\/api.w.org\/{rel}","templated":true}]}}