{"id":602,"date":"2025-09-30T20:53:43","date_gmt":"2025-09-30T20:53:43","guid":{"rendered":"https:\/\/lightgray-crow-170497.hostingersite.com\/?post_type=product&#038;p=602"},"modified":"2025-09-30T20:53:43","modified_gmt":"2025-09-30T20:53:43","slug":"torros-brouette-electrique-2-roues-motrices-100l-260kg-ek260","status":"publish","type":"product","link":"https:\/\/routinesfashione.com\/fr\/produit\/torros-brouette-electrique-2-roues-motrices-100l-260kg-ek260\/","title":{"rendered":"Torros Brouette \u00e9lectrique 2 roues moteurs 100L 260KG EK260"},"content":{"rendered":"<p class=\"\">Brouette \u00e9lectrique avec roue avant double et bac m\u00e9tallique d&#8217;une capacit\u00e9 de 260 kg.<\/p>\n<p class=\"\">Brouette polyvalente aliment\u00e9e par batterie avec des caract\u00e9ristiques de conduite extr\u00eamement stables et confortables, gr\u00e2ce \u00e0 un double essieu avant avec diff\u00e9rentiel. Particuli\u00e8rement adapt\u00e9e aux surfaces irr\u00e9guli\u00e8res et inclin\u00e9es telles que les chantiers ou les zones rurales.<\/p>\n<p class=\"\">Avec sa capacit\u00e9 de 260 kg et son volume de 100 litres, cette brouette est beaucoup plus lourde qu&#8217;une brouette standard, ce qui la rend id\u00e9ale pour toutes sortes d&#8217;applications dans la construction, la r\u00e9novation, l&#8217;agriculture, l&#8217;\u00e9levage, le jardinage, etc.<\/p>\n<p class=\"\">Gr\u00e2ce \u00e0 sa faible largeur, \u00e0 sa vitesse variable en avant et en arri\u00e8re et \u00e0 sa capacit\u00e9 de tourner \u00e0 360\u00b0 sur place, elle peut \u00eatre utilis\u00e9e dans des situations et sur des terrains o\u00f9 les man\u0153uvres sont difficiles.<\/p>\n<p class=\"\"><strong>Caract\u00e9ristiques:<\/strong><\/p>\n<ul class=\"--type-list  --type-list\">\n<li class=\"--type-list-item  --type-list-item\">\n<div class=\"--type-list-item-text\">\n<div class=\"--type-list-item-text\"><strong>Grande stabilit\u00e9 :\u00a0<\/strong>les doubles roues avant assurent un \u00e9quilibre parfait de la brouette, de sorte qu&#8217;elle reste stable m\u00eame en cas de charge lourde et irr\u00e9guli\u00e8re<\/div>\n<\/div>\n<\/li>\n<li class=\"--type-list-item  --type-list-item\">\n<div class=\"--type-list-item-text\">\n<div class=\"--type-list-item-text\"><strong>Essieu avant<\/strong>\u00a0avec transmission diff\u00e9rentielle pour des virages en douceur et une grande ergonomie de travail. M\u00eame une rotation de 360\u00b0 en charge est possible sur le chantier<\/div>\n<\/div>\n<\/li>\n<li class=\"--type-list-item  --type-list-item\">\n<div class=\"--type-list-item-text\">\n<div class=\"--type-list-item-text\"><strong>Bac en acier d&#8217;une capacit\u00e9 de 260 kg<\/strong>, 100 litres, finition \u00e9poxy<\/div>\n<\/div>\n<\/li>\n<li class=\"--type-list-item  --type-list-item\">\n<div class=\"--type-list-item-text\">\n<div class=\"--type-list-item-text\"><strong>Vitesse variable<\/strong>\u00a0en avant et en arri\u00e8re<\/div>\n<\/div>\n<\/li>\n<li class=\"--type-list-item  --type-list-item\">\n<div class=\"--type-list-item-text\">\n<div class=\"--type-list-item-text\">Autonomie de 2,1 heure \u00e0 pleine capacit\u00e9, 2,7 heure \u00e0 demi-capacit\u00e9 et 3,2 heure sans charge dans la benne<\/div>\n<\/div>\n<\/li>\n<li class=\"--type-list-item  --type-list-item\">\n<div class=\"--type-list-item-text\">\n<div class=\"--type-list-item-text\">Autonomie de 1,8 heure \u00e0 la pente maximale et \u00e0 pleine capacit\u00e9 dans la benne<\/div>\n<\/div>\n<\/li>\n<li class=\"--type-list-item  --type-list-item\">\n<div class=\"--type-list-item-text\">\n<div class=\"--type-list-item-text\">Frein \u00e9lectrique avec 2 modes de freinage : 100% et 30%, gr\u00e2ce au moteur \u00e0 aimant permanent :-\u00a0Fonction de freinage \u00e0 100% : la brouette freine compl\u00e8tement lorsqu&#8217;on rel\u00e2che la poign\u00e9e. Utile lors du d\u00e9versement du bac, ou dans les situations o\u00f9 la charge doit \u00eatre maintenue bri\u00e8vement sur une pente-\u00a0<strong>Fonction de freinage en descente \u00e0 30 %<\/strong>\u00a0: la brouette freine partiellement, ceci est particuli\u00e8rement recommand\u00e9 lors de la descente de pentes, de rampes d&#8217;acc\u00e8s,&#8230; afin de pouvoir transporter la charge de mani\u00e8re contr\u00f4l\u00e9e et s\u00fbre sans risque de survitesse<\/div>\n<\/div>\n<\/li>\n<li class=\"--type-list-item  --type-list-item\">\n<div class=\"--type-list-item-text\">\n<div class=\"--type-list-item-text\">Lorsque le moteur est coup\u00e9, les roues sont frein\u00e9es \u00e0 30 % et la brouette peut \u00eatre d\u00e9plac\u00e9e manuellement.<\/div>\n<\/div>\n<\/li>\n<li class=\"--type-list-item  --type-list-item\">\n<div class=\"--type-list-item-text\">\n<div class=\"--type-list-item-text\">Moteur \u00e9lectrique DC sans balais 350 W avec aimant permanent<\/div>\n<\/div>\n<\/li>\n<li class=\"--type-list-item  --type-list-item\">\n<div class=\"--type-list-item-text\">\n<div class=\"--type-list-item-text\">Batterie lithium int\u00e9gr\u00e9e 40 V \/ 6 Ah<\/div>\n<\/div>\n<\/li>\n<li class=\"--type-list-item  --type-list-item\">\n<div class=\"--type-list-item-text\">\n<div class=\"--type-list-item-text\">Avec une largeur de seulement 703 mm, la brouette peut passer sans effort les portes ext\u00e9rieures et int\u00e9rieures et d&#8217;autres obstacles dans l&#8217;atelier<\/div>\n<\/div>\n<\/li>\n<li class=\"--type-list-item  --type-list-item\">\n<div class=\"--type-list-item-text\">\n<div class=\"--type-list-item-text\">2 pneus en caoutchouc\u00a013 x 5.0-6 \u00e0 profil bas, con\u00e7us pour minimiser l&#8217;empreinte sur les pelouses<\/div>\n<\/div>\n<\/li>\n<li class=\"--type-list-item  --type-list-item\">\n<div class=\"--type-list-item-text\">\n<div class=\"--type-list-item-text\">Peut \u00eatre utilis\u00e9e sur des pentes allant jusqu&#8217;\u00e0 15\u00b0<\/div>\n<\/div>\n<\/li>\n<li class=\"--type-list-item  --type-list-item\">\n<div class=\"--type-list-item-text\">\n<div class=\"--type-list-item-text\">Bo\u00eetier de batterie \u00e9tanche aux \u00e9claboussures IP64<\/div>\n<\/div>\n<\/li>\n<li class=\"--type-list-item  --type-list-item\">\n<div class=\"--type-list-item-text\">\n<div class=\"--type-list-item-text\">Type d&#8217;huile hyro46 pour l&#8217;entretien de la bo\u00eete de vitesses. Quantit\u00e9 n\u00e9cessaire 150ml. (art 790030050)<\/div>\n<\/div>\n<\/li>\n<\/ul>\n<p class=\"\"><strong>Livr\u00e9 avec :<\/strong><\/p>\n<ul class=\"--type-list  --type-list\">\n<li class=\"--type-list-item  --type-list-item\">\n<div class=\"--type-list-item-text\">\n<div class=\"--type-list-item-text\">Batterie Li-ion 40 V avec capacit\u00e9 de 6 Ah, int\u00e9gr\u00e9e sous le bac<\/div>\n<\/div>\n<\/li>\n<li class=\"--type-list-item  --type-list-item\">\n<div class=\"--type-list-item-text\">\n<div class=\"--type-list-item-text\">Chargeur de batterie 230 V<\/div>\n<\/div>\n<\/li>\n<\/ul>\n<p class=\"\"><strong>Rampes en option :<\/strong><\/p>\n<ul class=\"--type-list  --type-list\">\n<li class=\"--type-list-item  --type-list-item\">\n<div class=\"--type-list-item-text\">\n<div class=\"--type-list-item-text\">Paire de rampes en aluminium courtes 3000kg 950x300mm &#8211; ref.\u00a0SOK0800<\/div>\n<\/div>\n<\/li>\n<li class=\"--type-list-item  --type-list-item\">\n<div class=\"--type-list-item-text\">\n<div class=\"--type-list-item-text\">Paire de rampes en aluminium pliables, type ouvert, 680kg 2260 x 280 mm &#8211; ref.\u00a0SOP2200<\/div>\n<\/div>\n<\/li>\n<li class=\"--type-list-item  --type-list-item\">\n<div class=\"--type-list-item-text\">\n<div class=\"--type-list-item-text\">Paire de rampes en aluminium 1000kg 1500 x 260 mm &#8211; ref. SOR1500<\/div>\n<\/div>\n<\/li>\n<li class=\"--type-list-item  --type-list-item\">\n<div class=\"--type-list-item-text\">\n<div class=\"--type-list-item-text\">Paire de rampes Alu 1000kg 2000 x 260 mm &#8211; ref. SOR2000<\/div>\n<\/div>\n<\/li>\n<li class=\"--type-list-item  --type-list-item\">\n<div class=\"--type-list-item-text\">\n<div class=\"--type-list-item-text\">Paire de rampes en aluminium 1000kg 2500 x 260 mm &#8211; ref. SOR2500<\/div>\n<\/div>\n<\/li>\n<li class=\"--type-list-item  --type-list-item\">\n<div class=\"--type-list-item-text\">\n<div class=\"--type-list-item-text\">Paire de rampes Alu pliables 1000kg 2400 x 240 mm &#8211; ref. SOP2400<\/div>\n<\/div>\n<\/li>\n<\/ul>","protected":false},"excerpt":{"rendered":"<p>Brouette \u00e9lectrique avec roue avant double et bac m\u00e9tallique d&#8217;une capacit\u00e9 de 260 kg. Brouette polyvalente aliment\u00e9e par batterie avec<\/p>","protected":false},"featured_media":13235,"template":"","meta":[],"product_brand":[],"product_cat":[61],"product_tag":[],"product_country":[1503],"class_list":{"0":"post-602","1":"product","2":"type-product","3":"status-publish","4":"has-post-thumbnail","6":"product_cat-sale-france","7":"product_country-france","9":"first","10":"instock","11":"sale","12":"taxable","13":"shipping-taxable","14":"purchasable","15":"product-type-simple"},"_links":{"self":[{"href":"https:\/\/routinesfashione.com\/fr\/wp-json\/wp\/v2\/product\/602","targetHints":{"allow":["GET"]}}],"collection":[{"href":"https:\/\/routinesfashione.com\/fr\/wp-json\/wp\/v2\/product"}],"about":[{"href":"https:\/\/routinesfashione.com\/fr\/wp-json\/wp\/v2\/types\/product"}],"wp:featuredmedia":[{"embeddable":true,"href":"https:\/\/routinesfashione.com\/fr\/wp-json\/wp\/v2\/media\/13235"}],"wp:attachment":[{"href":"https:\/\/routinesfashione.com\/fr\/wp-json\/wp\/v2\/media?parent=602"}],"wp:term":[{"taxonomy":"product_brand","embeddable":true,"href":"https:\/\/routinesfashione.com\/fr\/wp-json\/wp\/v2\/product_brand?post=602"},{"taxonomy":"product_cat","embeddable":true,"href":"https:\/\/routinesfashione.com\/fr\/wp-json\/wp\/v2\/product_cat?post=602"},{"taxonomy":"product_tag","embeddable":true,"href":"https:\/\/routinesfashione.com\/fr\/wp-json\/wp\/v2\/product_tag?post=602"},{"taxonomy":"product_country","embeddable":true,"href":"https:\/\/routinesfashione.com\/fr\/wp-json\/wp\/v2\/product_country?post=602"}],"curies":[{"name":"wp","href":"https:\/\/api.w.org\/{rel}","templated":true}]}}