{"id":6085,"date":"2025-08-07T21:11:51","date_gmt":"2025-08-07T21:11:51","guid":{"rendered":"https:\/\/lightgray-crow-170497.hostingersite.com\/?post_type=product&#038;p=6085"},"modified":"2025-09-30T21:05:37","modified_gmt":"2025-09-30T21:05:37","slug":"cafetera-de-grano-a-taza-delonghi-magnifica-start-ecam220-61-w","status":"publish","type":"product","link":"https:\/\/routinesfashione.com\/fr\/produit\/cafetera-de-grano-a-taza-delonghi-magnifica-start-ecam220-61-w\/","title":{"rendered":"DeLonghi Magnifica Start ECAM220.61.W Koffiezetapparaat"},"content":{"rendered":"<h3 data-start=\"196\" data-end=\"248\"><strong data-start=\"203\" data-end=\"246\">Productbeschrijving\u00a0<\/strong><\/h3>\n<p data-start=\"249\" data-end=\"767\">De <strong data-start=\"252\" data-end=\"294\">De\u2019Longhi Magnifica Start ECAM220.61.W<\/strong> is een compacte en stijlvolle volautomatische koffiemachine waarmee u met \u00e9\u00e9n druk op de knop kunt genieten van versgemalen koffie. Dankzij het ge\u00efntegreerde stille maalwerk worden de bonen altijd vers gemalen voor een optimale smaak en aroma. Met het automatische melkopschuimsysteem bereidt u moeiteloos cappuccino\u2019s en latte macchiato\u2019s. Het moderne witte design met grijze accenten en het intu\u00eftieve bedieningspaneel maken deze machine een blikvanger in elke keuken.<\/p>\n<hr data-start=\"769\" data-end=\"772\" \/>\n<h3 data-start=\"774\" data-end=\"820\"><strong data-start=\"781\" data-end=\"818\">Specificaties\u00a0<\/strong><\/h3>\n<div class=\"_tableContainer_1rjym_1\">\n<div class=\"group w-fit _tableWrapper_1rjym_13 flex flex-col-reverse\" tabindex=\"-1\">\n<table class=\"w-fit min-w-(--thread-content-width)\" data-start=\"822\" data-end=\"1831\">\n<thead data-start=\"822\" data-end=\"848\">\n<tr data-start=\"822\" data-end=\"848\">\n<th data-start=\"822\" data-end=\"832\" data-col-size=\"sm\">Kenmerk<\/th>\n<th data-start=\"832\" data-end=\"848\" data-col-size=\"md\">Specificatie<\/th>\n<\/tr>\n<\/thead>\n<tbody data-start=\"877\" data-end=\"1831\">\n<tr data-start=\"877\" data-end=\"931\">\n<td data-start=\"877\" data-end=\"889\" data-col-size=\"sm\"><strong data-start=\"879\" data-end=\"888\">Model<\/strong><\/td>\n<td data-start=\"889\" data-end=\"931\" data-col-size=\"md\">De\u2019Longhi Magnifica Start ECAM220.61.W<\/td>\n<\/tr>\n<tr data-start=\"932\" data-end=\"978\">\n<td data-start=\"932\" data-end=\"943\" data-col-size=\"sm\"><strong data-start=\"934\" data-end=\"942\">Taper<\/strong><\/td>\n<td data-start=\"943\" data-end=\"978\" data-col-size=\"md\">Volautomatische espressomachine<\/td>\n<\/tr>\n<tr data-start=\"979\" data-end=\"1040\">\n<td data-start=\"979\" data-end=\"996\" data-col-size=\"sm\"><strong data-start=\"981\" data-end=\"995\">Koffietype<\/strong><\/td>\n<td data-start=\"996\" data-end=\"1040\" data-col-size=\"md\">Koffiebonen + gemalen koffie (optioneel)<\/td>\n<\/tr>\n<tr data-start=\"1041\" data-end=\"1119\">\n<td data-start=\"1041\" data-end=\"1056\" data-col-size=\"sm\"><strong data-start=\"1043\" data-end=\"1055\">Maalwerk<\/strong><\/td>\n<td data-start=\"1056\" data-end=\"1119\" data-col-size=\"md\">Stil conisch maalwerk met instelbare maalgraad (13 standen)<\/td>\n<\/tr>\n<tr data-start=\"1120\" data-end=\"1157\">\n<td data-start=\"1120\" data-end=\"1138\" data-col-size=\"sm\"><strong data-start=\"1122\" data-end=\"1137\">Pompsysteem<\/strong><\/td>\n<td data-start=\"1138\" data-end=\"1157\" data-col-size=\"md\">15 bar pompdruk<\/td>\n<\/tr>\n<tr data-start=\"1158\" data-end=\"1196\">\n<td data-start=\"1158\" data-end=\"1179\" data-col-size=\"sm\"><strong data-start=\"1160\" data-end=\"1178\">Waterreservoir<\/strong><\/td>\n<td data-start=\"1179\" data-end=\"1196\" data-col-size=\"md\">ca. 1,8 liter<\/td>\n<\/tr>\n<tr data-start=\"1197\" data-end=\"1234\">\n<td data-start=\"1197\" data-end=\"1218\" data-col-size=\"sm\"><strong data-start=\"1199\" data-end=\"1217\">Bonenreservoir<\/strong><\/td>\n<td data-start=\"1218\" data-end=\"1234\" data-col-size=\"md\">ca. 250 gram<\/td>\n<\/tr>\n<tr data-start=\"1235\" data-end=\"1293\">\n<td data-start=\"1235\" data-end=\"1251\" data-col-size=\"sm\"><strong data-start=\"1237\" data-end=\"1250\">Bediening<\/strong><\/td>\n<td data-start=\"1251\" data-end=\"1293\" data-col-size=\"md\">Soft-touch knoppen met LED-indicatoren<\/td>\n<\/tr>\n<tr data-start=\"1294\" data-end=\"1358\">\n<td data-start=\"1294\" data-end=\"1327\" data-col-size=\"sm\"><strong data-start=\"1296\" data-end=\"1326\">Koffiesterkte-instellingen<\/strong><\/td>\n<td data-start=\"1327\" data-end=\"1358\" data-col-size=\"md\">Instelbaar (mild tot sterk)<\/td>\n<\/tr>\n<tr data-start=\"1359\" data-end=\"1439\">\n<td data-start=\"1359\" data-end=\"1377\" data-col-size=\"sm\"><strong data-start=\"1361\" data-end=\"1376\">Melksysteem<\/strong><\/td>\n<td data-start=\"1377\" data-end=\"1439\" data-col-size=\"md\">Automatisch melkopschuimsysteem (afneembaar melkreservoir)<\/td>\n<\/tr>\n<tr data-start=\"1440\" data-end=\"1537\">\n<td data-start=\"1440\" data-end=\"1459\" data-col-size=\"sm\"><strong data-start=\"1442\" data-end=\"1458\">Drankenkeuze<\/strong><\/td>\n<td data-start=\"1459\" data-end=\"1537\" data-col-size=\"md\">Espresso, dubbele espresso, Lungo, Cappuccino, Latte Macchiato, heet water<\/td>\n<\/tr>\n<tr data-start=\"1538\" data-end=\"1630\">\n<td data-start=\"1538\" data-end=\"1567\" data-col-size=\"sm\"><strong data-start=\"1540\" data-end=\"1566\">Automatische reiniging<\/strong><\/td>\n<td data-start=\"1567\" data-end=\"1630\" data-col-size=\"md\">Ja (spoel- en ontkalkingsprogramma + reiniging melksysteem)<\/td>\n<\/tr>\n<tr data-start=\"1631\" data-end=\"1696\">\n<td data-start=\"1631\" data-end=\"1654\" data-col-size=\"sm\"><strong data-start=\"1633\" data-end=\"1653\">Energiebesparing<\/strong><\/td>\n<td data-start=\"1654\" data-end=\"1696\" data-col-size=\"md\">Eco-modus + automatische uitschakeling<\/td>\n<\/tr>\n<tr data-start=\"1697\" data-end=\"1755\">\n<td data-start=\"1697\" data-end=\"1719\" data-col-size=\"sm\"><strong data-start=\"1699\" data-end=\"1718\">Kleur\/Afwerking<\/strong><\/td>\n<td data-start=\"1719\" data-end=\"1755\" data-col-size=\"md\">Wit met grijze\/zilveren accenten<\/td>\n<\/tr>\n<tr data-start=\"1756\" data-end=\"1804\">\n<td data-start=\"1756\" data-end=\"1781\" data-col-size=\"sm\"><strong data-start=\"1758\" data-end=\"1780\">Afmetingen (BxDxH)<\/strong><\/td>\n<td data-start=\"1781\" data-end=\"1804\" data-col-size=\"md\">ca. 24 x 43 x 35 cm<\/td>\n<\/tr>\n<tr data-start=\"1805\" data-end=\"1831\">\n<td data-start=\"1805\" data-end=\"1819\" data-col-size=\"sm\"><strong data-start=\"1807\" data-end=\"1818\">Poids<\/strong><\/td>\n<td data-start=\"1819\" data-end=\"1831\" data-col-size=\"md\">ca. 9 kg<\/td>\n<\/tr>\n<\/tbody>\n<\/table>\n<\/div>\n<\/div>","protected":false},"excerpt":{"rendered":"<p>Productbeschrijving\u00a0 De De\u2019Longhi Magnifica Start ECAM220.61.W is een compacte en stijlvolle volautomatische koffiemachine waarmee u met \u00e9\u00e9n druk op de<\/p>","protected":false},"featured_media":17831,"template":"","meta":[],"product_brand":[],"product_cat":[70],"product_tag":[71],"product_country":[1504],"class_list":{"0":"post-6085","1":"product","2":"type-product","3":"status-publish","4":"has-post-thumbnail","6":"product_cat-cofee-machine","7":"product_tag-cofee-machine","8":"product_country-netherlands","10":"first","11":"instock","12":"sale","13":"taxable","14":"shipping-taxable","15":"purchasable","16":"product-type-simple"},"_links":{"self":[{"href":"https:\/\/routinesfashione.com\/fr\/wp-json\/wp\/v2\/product\/6085","targetHints":{"allow":["GET"]}}],"collection":[{"href":"https:\/\/routinesfashione.com\/fr\/wp-json\/wp\/v2\/product"}],"about":[{"href":"https:\/\/routinesfashione.com\/fr\/wp-json\/wp\/v2\/types\/product"}],"wp:featuredmedia":[{"embeddable":true,"href":"https:\/\/routinesfashione.com\/fr\/wp-json\/wp\/v2\/media\/17831"}],"wp:attachment":[{"href":"https:\/\/routinesfashione.com\/fr\/wp-json\/wp\/v2\/media?parent=6085"}],"wp:term":[{"taxonomy":"product_brand","embeddable":true,"href":"https:\/\/routinesfashione.com\/fr\/wp-json\/wp\/v2\/product_brand?post=6085"},{"taxonomy":"product_cat","embeddable":true,"href":"https:\/\/routinesfashione.com\/fr\/wp-json\/wp\/v2\/product_cat?post=6085"},{"taxonomy":"product_tag","embeddable":true,"href":"https:\/\/routinesfashione.com\/fr\/wp-json\/wp\/v2\/product_tag?post=6085"},{"taxonomy":"product_country","embeddable":true,"href":"https:\/\/routinesfashione.com\/fr\/wp-json\/wp\/v2\/product_country?post=6085"}],"curies":[{"name":"wp","href":"https:\/\/api.w.org\/{rel}","templated":true}]}}