{"id":6170,"date":"2025-08-07T21:38:49","date_gmt":"2025-08-07T21:38:49","guid":{"rendered":"https:\/\/lightgray-crow-170497.hostingersite.com\/?post_type=product&#038;p=6170"},"modified":"2025-09-30T21:05:42","modified_gmt":"2025-09-30T21:05:42","slug":"cafetera-inteligente-delonghi-ecam250-23-sb-magnifica-s","status":"publish","type":"product","link":"https:\/\/routinesfashione.com\/fr\/produit\/cafetera-inteligente-delonghi-ecam250-23-sb-magnifica-s\/","title":{"rendered":"DeLonghi ECAM250.23.SB Magnifica S Smart Coffee Maker"},"content":{"rendered":"<h3 data-start=\"173\" data-end=\"225\"><strong data-start=\"180\" data-end=\"223\">Productbeschrijving\u00a0<\/strong><\/h3>\n<p data-start=\"226\" data-end=\"730\">De <strong data-start=\"229\" data-end=\"274\">De\u2019Longhi ECAM250.23.SB Magnifica S Smart<\/strong> is een compacte en veelzijdige volautomatische koffiemachine waarmee u met \u00e9\u00e9n druk op de knop koffie van barista-kwaliteit zet. Dankzij het ge\u00efntegreerde stille maalwerk geniet u van versgemalen bonen voor elke kop. De machine biedt een keuze uit verschillende koffiedranken, instelbare koffiesterkte en temperatuur en een stoompijp voor het handmatig opschuimen van melk. Met zijn strakke zilver-zwarte design past de Magnifica S Smart in elke keuken.<\/p>\n<hr data-start=\"732\" data-end=\"735\" \/>\n<h3 data-start=\"737\" data-end=\"783\"><strong data-start=\"744\" data-end=\"781\">Specificaties\u00a0<\/strong><\/h3>\n<div class=\"_tableContainer_1rjym_1\">\n<div class=\"group w-fit _tableWrapper_1rjym_13 flex flex-col-reverse\" tabindex=\"-1\">\n<table class=\"w-fit min-w-(--thread-content-width)\" data-start=\"785\" data-end=\"1760\">\n<thead data-start=\"785\" data-end=\"811\">\n<tr data-start=\"785\" data-end=\"811\">\n<th data-start=\"785\" data-end=\"795\" data-col-size=\"sm\">Kenmerk<\/th>\n<th data-start=\"795\" data-end=\"811\" data-col-size=\"md\">Specificatie<\/th>\n<\/tr>\n<\/thead>\n<tbody data-start=\"840\" data-end=\"1760\">\n<tr data-start=\"840\" data-end=\"897\">\n<td data-start=\"840\" data-end=\"852\" data-col-size=\"sm\"><strong data-start=\"842\" data-end=\"851\">Model<\/strong><\/td>\n<td data-start=\"852\" data-end=\"897\" data-col-size=\"md\">De\u2019Longhi ECAM250.23.SB Magnifica S Smart<\/td>\n<\/tr>\n<tr data-start=\"898\" data-end=\"944\">\n<td data-start=\"898\" data-end=\"909\" data-col-size=\"sm\"><strong data-start=\"900\" data-end=\"908\">Taper<\/strong><\/td>\n<td data-start=\"909\" data-end=\"944\" data-col-size=\"md\">Volautomatische espressomachine<\/td>\n<\/tr>\n<tr data-start=\"945\" data-end=\"1006\">\n<td data-start=\"945\" data-end=\"962\" data-col-size=\"sm\"><strong data-start=\"947\" data-end=\"961\">Koffietype<\/strong><\/td>\n<td data-start=\"962\" data-end=\"1006\" data-col-size=\"md\">Koffiebonen + gemalen koffie (optioneel)<\/td>\n<\/tr>\n<tr data-start=\"1007\" data-end=\"1076\">\n<td data-start=\"1007\" data-end=\"1022\" data-col-size=\"sm\"><strong data-start=\"1009\" data-end=\"1021\">Maalwerk<\/strong><\/td>\n<td data-start=\"1022\" data-end=\"1076\" data-col-size=\"md\">Stil conisch maalwerk met 13 maalgraadinstellingen<\/td>\n<\/tr>\n<tr data-start=\"1077\" data-end=\"1114\">\n<td data-start=\"1077\" data-end=\"1095\" data-col-size=\"sm\"><strong data-start=\"1079\" data-end=\"1094\">Pompsysteem<\/strong><\/td>\n<td data-start=\"1095\" data-end=\"1114\" data-col-size=\"md\">15 bar pompdruk<\/td>\n<\/tr>\n<tr data-start=\"1115\" data-end=\"1153\">\n<td data-start=\"1115\" data-end=\"1136\" data-col-size=\"sm\"><strong data-start=\"1117\" data-end=\"1135\">Waterreservoir<\/strong><\/td>\n<td data-start=\"1136\" data-end=\"1153\" data-col-size=\"md\">ca. 1,8 liter<\/td>\n<\/tr>\n<tr data-start=\"1154\" data-end=\"1191\">\n<td data-start=\"1154\" data-end=\"1175\" data-col-size=\"sm\"><strong data-start=\"1156\" data-end=\"1174\">Bonenreservoir<\/strong><\/td>\n<td data-start=\"1175\" data-end=\"1191\" data-col-size=\"md\">ca. 250 gram<\/td>\n<\/tr>\n<tr data-start=\"1192\" data-end=\"1270\">\n<td data-start=\"1192\" data-end=\"1208\" data-col-size=\"sm\"><strong data-start=\"1194\" data-end=\"1207\">Bediening<\/strong><\/td>\n<td data-start=\"1208\" data-end=\"1270\" data-col-size=\"md\">Intu\u00eftief bedieningspaneel met soft-touch knoppen en LED\u2019s<\/td>\n<\/tr>\n<tr data-start=\"1271\" data-end=\"1335\">\n<td data-start=\"1271\" data-end=\"1304\" data-col-size=\"sm\"><strong data-start=\"1273\" data-end=\"1303\">Koffiesterkte-instellingen<\/strong><\/td>\n<td data-start=\"1304\" data-end=\"1335\" data-col-size=\"md\">Instelbaar (mild tot sterk)<\/td>\n<\/tr>\n<tr data-start=\"1336\" data-end=\"1403\">\n<td data-start=\"1336\" data-end=\"1354\" data-col-size=\"sm\"><strong data-start=\"1338\" data-end=\"1353\">Melksysteem<\/strong><\/td>\n<td data-start=\"1354\" data-end=\"1403\" data-col-size=\"md\">Handmatige stoompijp voor cappuccino en latte<\/td>\n<\/tr>\n<tr data-start=\"1404\" data-end=\"1496\">\n<td data-start=\"1404\" data-end=\"1423\" data-col-size=\"sm\"><strong data-start=\"1406\" data-end=\"1422\">Drankenkeuze<\/strong><\/td>\n<td data-start=\"1423\" data-end=\"1496\" data-col-size=\"md\">Espresso, dubbele espresso, lungo, cappuccino (handmatig), heet water<\/td>\n<\/tr>\n<tr data-start=\"1497\" data-end=\"1565\">\n<td data-start=\"1497\" data-end=\"1526\" data-col-size=\"sm\"><strong data-start=\"1499\" data-end=\"1525\">Automatische reiniging<\/strong><\/td>\n<td data-start=\"1526\" data-end=\"1565\" data-col-size=\"md\">Ja (spoel- en ontkalkingsprogramma)<\/td>\n<\/tr>\n<tr data-start=\"1566\" data-end=\"1631\">\n<td data-start=\"1566\" data-end=\"1589\" data-col-size=\"sm\"><strong data-start=\"1568\" data-end=\"1588\">Energiebesparing<\/strong><\/td>\n<td data-start=\"1589\" data-end=\"1631\" data-col-size=\"md\">Eco-modus + automatische uitschakeling<\/td>\n<\/tr>\n<tr data-start=\"1632\" data-end=\"1684\">\n<td data-start=\"1632\" data-end=\"1654\" data-col-size=\"sm\"><strong data-start=\"1634\" data-end=\"1653\">Kleur\/Afwerking<\/strong><\/td>\n<td data-start=\"1654\" data-end=\"1684\" data-col-size=\"md\">Zilver met zwarte accenten<\/td>\n<\/tr>\n<tr data-start=\"1685\" data-end=\"1733\">\n<td data-start=\"1685\" data-end=\"1710\" data-col-size=\"sm\"><strong data-start=\"1687\" data-end=\"1709\">Afmetingen (BxDxH)<\/strong><\/td>\n<td data-start=\"1710\" data-end=\"1733\" data-col-size=\"md\">ca. 24 x 43 x 35 cm<\/td>\n<\/tr>\n<tr data-start=\"1734\" data-end=\"1760\">\n<td data-start=\"1734\" data-end=\"1748\" data-col-size=\"sm\"><strong data-start=\"1736\" data-end=\"1747\">Poids<\/strong><\/td>\n<td data-start=\"1748\" data-end=\"1760\" data-col-size=\"md\">ca. 9 kg<\/td>\n<\/tr>\n<\/tbody>\n<\/table>\n<\/div>\n<\/div>","protected":false},"excerpt":{"rendered":"<p>Productbeschrijving\u00a0 De De\u2019Longhi ECAM250.23.SB Magnifica S Smart is een compacte en veelzijdige volautomatische koffiemachine waarmee u met \u00e9\u00e9n druk op<\/p>","protected":false},"featured_media":17885,"template":"","meta":[],"product_brand":[],"product_cat":[70],"product_tag":[71],"product_country":[1504],"class_list":{"0":"post-6170","1":"product","2":"type-product","3":"status-publish","4":"has-post-thumbnail","6":"product_cat-cofee-machine","7":"product_tag-cofee-machine","8":"product_country-netherlands","10":"first","11":"instock","12":"sale","13":"taxable","14":"shipping-taxable","15":"purchasable","16":"product-type-simple"},"_links":{"self":[{"href":"https:\/\/routinesfashione.com\/fr\/wp-json\/wp\/v2\/product\/6170","targetHints":{"allow":["GET"]}}],"collection":[{"href":"https:\/\/routinesfashione.com\/fr\/wp-json\/wp\/v2\/product"}],"about":[{"href":"https:\/\/routinesfashione.com\/fr\/wp-json\/wp\/v2\/types\/product"}],"wp:featuredmedia":[{"embeddable":true,"href":"https:\/\/routinesfashione.com\/fr\/wp-json\/wp\/v2\/media\/17885"}],"wp:attachment":[{"href":"https:\/\/routinesfashione.com\/fr\/wp-json\/wp\/v2\/media?parent=6170"}],"wp:term":[{"taxonomy":"product_brand","embeddable":true,"href":"https:\/\/routinesfashione.com\/fr\/wp-json\/wp\/v2\/product_brand?post=6170"},{"taxonomy":"product_cat","embeddable":true,"href":"https:\/\/routinesfashione.com\/fr\/wp-json\/wp\/v2\/product_cat?post=6170"},{"taxonomy":"product_tag","embeddable":true,"href":"https:\/\/routinesfashione.com\/fr\/wp-json\/wp\/v2\/product_tag?post=6170"},{"taxonomy":"product_country","embeddable":true,"href":"https:\/\/routinesfashione.com\/fr\/wp-json\/wp\/v2\/product_country?post=6170"}],"curies":[{"name":"wp","href":"https:\/\/api.w.org\/{rel}","templated":true}]}}