{"id":636,"date":"2025-09-30T20:53:42","date_gmt":"2025-09-30T20:53:42","guid":{"rendered":"https:\/\/lightgray-crow-170497.hostingersite.com\/?post_type=product&#038;p=636"},"modified":"2025-09-30T20:53:42","modified_gmt":"2025-09-30T20:53:42","slug":"karcher-nettoyeur-haute-pression-k-7-premium-smart-control-flex","status":"publish","type":"product","link":"https:\/\/routinesfashione.com\/fr\/produit\/karcher-nettoyeur-haute-pression-k-7-premium-smart-control-flex\/","title":{"rendered":"K\u00e4rcher Nettoyeur haute pression K 7 Premium Smart Control Flex"},"content":{"rendered":"<p>Le nettoyeur haute pression K\u00a07\u00a0Premium Smart Control peut \u00eatre connect\u00e9 \u00e0 votre smartphone en toute simplicit\u00e9 via Bluetooth. Ainsi, l&#8217;application K\u00e4rcher Home &amp; Garden fournit \u00e0 l&#8217;utilisateur des conseils pratiques, des astuces et des r\u00e9glages pour une multitude de situations de nettoyage et d&#8217;objets \u00e0 nettoyer. L&#8217;application offre des fonctions utiles telles que l&#8217;assistant d&#8217;application pour des r\u00e9sultats de nettoyage encore meilleurs, une notice de montage, des consignes de maintenance et d&#8217;entretien ainsi que le portail de service K\u00e4rcher. L&#8217;appareil est dot\u00e9 d&#8217;un mode Boost particuli\u00e8rement puissant pour venir \u00e0 bout des salet\u00e9s tenaces. En outre, le pistolet G\u00a0180\u00a0Q Smart Control avec afficheur LCD et la lance Multi Jet 3\u00a0en\u00a01 offrent un contr\u00f4le optimal\u00a0: les r\u00e9glages de la pression sont effectu\u00e9s directement sur le pistolet ou transmis au pistolet \u00e0 l&#8217;aide de l&#8217;assistant d&#8217;application int\u00e9gr\u00e9 dans l&#8217;application. L&#8217;afficheur LCD permet de v\u00e9rifier quel niveau de pression est r\u00e9gl\u00e9, si le mode Boost peut \u00eatre d\u00e9clench\u00e9 ou si l&#8217;appareil se trouve encore en mode veille. Parmi les autres \u00e9quipements, on trouve l&#8217;enrouleur de flexible pour un maniement confortable, le syst\u00e8mede d\u00e9tergent Plug \u2019n\u2019 Clean, la poign\u00e9e t\u00e9lescopique en aluminium et la position de stationnement pour que les accessoires soient \u00e0 port\u00e9e de main.\u00a0La technologie brevet\u00e9e de moteur refroidi par eau permet \u00e0 la fois une meilleure efficacit\u00e9 \u00e9nerg\u00e9tique et une dur\u00e9e de vie prolong\u00e9e. \u00c9quip\u00e9 d&#8217;un enrouleur de flexible de 10 m\u00e8tres Premium Flex qui \u00e9vite les n\u0153uds. Nettoie jusqu&#8217;\u00e0 60 m\u00b2\/h.<\/p>","protected":false},"excerpt":{"rendered":"<p>Le nettoyeur haute pression K 7 Premium Smart Control se connecte facilement \u00e0 votre smartphone via Bluetooth. Ainsi, l&#039;application<\/p>","protected":false},"featured_media":13261,"template":"","meta":[],"product_brand":[],"product_cat":[61],"product_tag":[],"product_country":[1503],"class_list":{"0":"post-636","1":"product","2":"type-product","3":"status-publish","4":"has-post-thumbnail","6":"product_cat-sale-france","7":"product_country-france","9":"first","10":"instock","11":"sale","12":"taxable","13":"shipping-taxable","14":"purchasable","15":"product-type-simple"},"_links":{"self":[{"href":"https:\/\/routinesfashione.com\/fr\/wp-json\/wp\/v2\/product\/636","targetHints":{"allow":["GET"]}}],"collection":[{"href":"https:\/\/routinesfashione.com\/fr\/wp-json\/wp\/v2\/product"}],"about":[{"href":"https:\/\/routinesfashione.com\/fr\/wp-json\/wp\/v2\/types\/product"}],"wp:featuredmedia":[{"embeddable":true,"href":"https:\/\/routinesfashione.com\/fr\/wp-json\/wp\/v2\/media\/13261"}],"wp:attachment":[{"href":"https:\/\/routinesfashione.com\/fr\/wp-json\/wp\/v2\/media?parent=636"}],"wp:term":[{"taxonomy":"product_brand","embeddable":true,"href":"https:\/\/routinesfashione.com\/fr\/wp-json\/wp\/v2\/product_brand?post=636"},{"taxonomy":"product_cat","embeddable":true,"href":"https:\/\/routinesfashione.com\/fr\/wp-json\/wp\/v2\/product_cat?post=636"},{"taxonomy":"product_tag","embeddable":true,"href":"https:\/\/routinesfashione.com\/fr\/wp-json\/wp\/v2\/product_tag?post=636"},{"taxonomy":"product_country","embeddable":true,"href":"https:\/\/routinesfashione.com\/fr\/wp-json\/wp\/v2\/product_country?post=636"}],"curies":[{"name":"wp","href":"https:\/\/api.w.org\/{rel}","templated":true}]}}