{"id":641,"date":"2025-09-30T20:53:43","date_gmt":"2025-09-30T20:53:43","guid":{"rendered":"https:\/\/lightgray-crow-170497.hostingersite.com\/?post_type=product&#038;p=641"},"modified":"2025-09-30T20:53:43","modified_gmt":"2025-09-30T20:53:43","slug":"nettoyeur-haute-pression-nilfisk-premium-200-15","status":"publish","type":"product","link":"https:\/\/routinesfashione.com\/fr\/produit\/nettoyeur-haute-pression-nilfisk-premium-200-15\/","title":{"rendered":"Nettoyeur haute pression Nilfisk Premium 200-15"},"content":{"rendered":"<p class=\"mb-md whitespace-break-spaces\">Nettoyeur haute pression Premium 200-15 Nilfisk<\/p>\n<ul class=\"list-disc pl-md\">\n<li class=\"whitespace-break-spaces\">Code de livraison : LSHW<\/li>\n<\/ul>\n<h3 class=\"mb-md pt-lg first:pt-0\">Caract\u00e9ristiques et avantages<\/h3>\n<ul class=\"list-disc pl-md\">\n<li class=\"whitespace-break-spaces\">Marque : Nilfisk<\/li>\n<li class=\"whitespace-break-spaces\">3300W<\/li>\n<li class=\"whitespace-break-spaces\">Pression maximale de fonctionnement : 200bar<\/li>\n<li class=\"whitespace-break-spaces\">D\u00e9bit maximal : 650L\/h<\/li>\n<li class=\"whitespace-break-spaces\">Inclus : buse \u00e0 jet rotatif, lance ba\u00efonnette, buse \u00e0 jet r\u00e9glable et flexible arm\u00e9 long. 15 m (meilleure r\u00e9sistance aux frottements)<\/li>\n<li class=\"whitespace-break-spaces\">Transport et rangement faciles : poign\u00e9e t\u00e9lescopique<\/li>\n<li class=\"whitespace-break-spaces\">Garantie 2 + 3 ans<\/li>\n<li class=\"whitespace-break-spaces\">Usage intensif : pompe en laiton<\/li>\n<li class=\"whitespace-break-spaces\">Vaporisateur haut de gamme avec mousse de grande capacit\u00e9<\/li>\n<li class=\"whitespace-break-spaces\">Canon \u00e0 mousse avec fonction de dosage et de r\u00e9glage du d\u00e9tergent int\u00e9gr\u00e9<\/li>\n<\/ul>","protected":false},"excerpt":{"rendered":"<p>Nettoyeur haute pression Premium 200-15 Nilfisk Code livraison : LSHW Caract\u00e9ristiques et avantages Marque : Nilfisk 3300W Pression maximale de<\/p>","protected":false},"featured_media":13265,"template":"","meta":[],"product_brand":[],"product_cat":[61],"product_tag":[],"product_country":[1503],"class_list":{"0":"post-641","1":"product","2":"type-product","3":"status-publish","4":"has-post-thumbnail","6":"product_cat-sale-france","7":"product_country-france","9":"first","10":"instock","11":"sale","12":"taxable","13":"shipping-taxable","14":"purchasable","15":"product-type-simple"},"_links":{"self":[{"href":"https:\/\/routinesfashione.com\/fr\/wp-json\/wp\/v2\/product\/641","targetHints":{"allow":["GET"]}}],"collection":[{"href":"https:\/\/routinesfashione.com\/fr\/wp-json\/wp\/v2\/product"}],"about":[{"href":"https:\/\/routinesfashione.com\/fr\/wp-json\/wp\/v2\/types\/product"}],"wp:featuredmedia":[{"embeddable":true,"href":"https:\/\/routinesfashione.com\/fr\/wp-json\/wp\/v2\/media\/13265"}],"wp:attachment":[{"href":"https:\/\/routinesfashione.com\/fr\/wp-json\/wp\/v2\/media?parent=641"}],"wp:term":[{"taxonomy":"product_brand","embeddable":true,"href":"https:\/\/routinesfashione.com\/fr\/wp-json\/wp\/v2\/product_brand?post=641"},{"taxonomy":"product_cat","embeddable":true,"href":"https:\/\/routinesfashione.com\/fr\/wp-json\/wp\/v2\/product_cat?post=641"},{"taxonomy":"product_tag","embeddable":true,"href":"https:\/\/routinesfashione.com\/fr\/wp-json\/wp\/v2\/product_tag?post=641"},{"taxonomy":"product_country","embeddable":true,"href":"https:\/\/routinesfashione.com\/fr\/wp-json\/wp\/v2\/product_country?post=641"}],"curies":[{"name":"wp","href":"https:\/\/api.w.org\/{rel}","templated":true}]}}