{"id":6831,"date":"2025-08-08T21:54:40","date_gmt":"2025-08-08T21:54:40","guid":{"rendered":"https:\/\/lightgray-crow-170497.hostingersite.com\/?post_type=product&#038;p=6831"},"modified":"2025-09-30T21:06:11","modified_gmt":"2025-09-30T21:06:11","slug":"placa-induccion-con-extractor-integrado-bosch-pvq731h26e","status":"publish","type":"product","link":"https:\/\/routinesfashione.com\/fr\/produit\/placa-induccion-con-extractor-integrado-bosch-pvq731h26e\/","title":{"rendered":"Placa inducci\u00f3n con extractor integrado Bosch PVQ731H26E"},"content":{"rendered":"<h2 class=\"default\">Descripci\u00f3n del producto<\/h2>\n<div id=\"productDescription\" class=\"a-section a-spacing-small\">\n<p>La Placa de inducci\u00f3n Bosch PVQ731H26E con extractor cuenta con caracter\u00edsticas innovadoras como Home Connect, que te permite controlarla desde cualquier lugar a trav\u00e9s de una aplicaci\u00f3n intuitiva. Con la funci\u00f3n Assist<\/p>\n<table class=\"a-normal a-spacing-micro\">\n<tbody>\n<tr class=\"a-spacing-small po-brand\">\n<td class=\"a-span3\"><span class=\"a-size-base a-text-bold\">Marca<\/span><\/td>\n<td class=\"a-span9\"><span class=\"a-size-base po-break-word\">Bosch<\/span><\/td>\n<\/tr>\n<tr class=\"a-spacing-small po-number_of_heating_elements\">\n<td class=\"a-span3\"><span class=\"a-size-base a-text-bold\">Resistencias calentadoras<\/span><\/td>\n<td class=\"a-span9\"><span class=\"a-size-base po-break-word\">9<\/span><\/td>\n<\/tr>\n<tr class=\"a-spacing-small po-color\">\n<td class=\"a-span3\"><span class=\"a-size-base a-text-bold\">Couleur<\/span><\/td>\n<td class=\"a-span9\"><span class=\"a-size-base po-break-word\">Couleur<\/span><\/td>\n<\/tr>\n<tr class=\"a-spacing-small po-special_feature\">\n<td class=\"a-span3\"><span class=\"a-size-base a-text-bold\">Funci\u00f3n especial<\/span><\/td>\n<td class=\"a-span9\"><span class=\"a-size-base po-break-word\">Control por aplicaci\u00f3n<\/span><\/td>\n<\/tr>\n<tr class=\"a-spacing-small po-heater_surface.material\">\n<td class=\"a-span3\"><span class=\"a-size-base a-text-bold\">Material de la superficie del calentador<\/span><\/td>\n<td class=\"a-span9\"><span class=\"a-size-base po-break-word\">Vidrio templado<\/span><\/td>\n<\/tr>\n<tr class=\"a-spacing-small po-item_depth_width_height\">\n<td class=\"a-span3\"><span class=\"a-size-base a-text-bold\">Dimensiones del producto<\/span><\/td>\n<td class=\"a-span9\"><span class=\"a-size-base po-break-word\">10f. x 10an. x 10al. mil\u00edmetros<\/span><\/td>\n<\/tr>\n<tr class=\"a-spacing-small po-heating_element_type\">\n<td class=\"a-span3\"><span class=\"a-size-base a-text-bold\">Tipo de quemador<\/span><\/td>\n<td class=\"a-span9\"><span class=\"a-size-base po-break-word\">Inducci\u00f3n<\/span><\/td>\n<\/tr>\n<tr class=\"a-spacing-small po-control_type\">\n<td class=\"a-span3\"><span class=\"a-size-base a-text-bold\">Tipo de control<\/span><\/td>\n<td class=\"a-span9\"><span class=\"a-size-base po-break-word\">Control por aplicaci\u00f3n<\/span><\/td>\n<\/tr>\n<tr class=\"a-spacing-small po-included_components\">\n<td class=\"a-span3\"><span class=\"a-size-base a-text-bold\">Componentes incluidos<\/span><\/td>\n<td class=\"a-span9\"><span class=\"a-size-base po-break-word\">Cooktop unit only<\/span><\/td>\n<\/tr>\n<tr class=\"a-spacing-small po-item_weight\">\n<td class=\"a-span3\"><span class=\"a-size-base a-text-bold\">Peso del producto<\/span><\/td>\n<td class=\"a-span9\"><span class=\"a-size-base po-break-word\">15 Kilogramos<\/span><\/td>\n<\/tr>\n<\/tbody>\n<\/table>\n<\/div>","protected":false},"excerpt":{"rendered":"<p>Descripci\u00f3n del producto La Placa de inducci\u00f3n Bosch PVQ731H26E con extractor cuenta con caracter\u00edsticas innovadoras como Home Connect, que te<\/p>","protected":false},"featured_media":18336,"template":"","meta":[],"product_brand":[],"product_cat":[74],"product_tag":[75],"product_country":[1505],"class_list":{"0":"post-6831","1":"product","2":"type-product","3":"status-publish","4":"has-post-thumbnail","6":"product_cat-kitchen-appliances","7":"product_tag-kitchen-appliances","8":"product_country-spain","10":"first","11":"instock","12":"sale","13":"taxable","14":"shipping-taxable","15":"purchasable","16":"product-type-simple"},"_links":{"self":[{"href":"https:\/\/routinesfashione.com\/fr\/wp-json\/wp\/v2\/product\/6831","targetHints":{"allow":["GET"]}}],"collection":[{"href":"https:\/\/routinesfashione.com\/fr\/wp-json\/wp\/v2\/product"}],"about":[{"href":"https:\/\/routinesfashione.com\/fr\/wp-json\/wp\/v2\/types\/product"}],"wp:featuredmedia":[{"embeddable":true,"href":"https:\/\/routinesfashione.com\/fr\/wp-json\/wp\/v2\/media\/18336"}],"wp:attachment":[{"href":"https:\/\/routinesfashione.com\/fr\/wp-json\/wp\/v2\/media?parent=6831"}],"wp:term":[{"taxonomy":"product_brand","embeddable":true,"href":"https:\/\/routinesfashione.com\/fr\/wp-json\/wp\/v2\/product_brand?post=6831"},{"taxonomy":"product_cat","embeddable":true,"href":"https:\/\/routinesfashione.com\/fr\/wp-json\/wp\/v2\/product_cat?post=6831"},{"taxonomy":"product_tag","embeddable":true,"href":"https:\/\/routinesfashione.com\/fr\/wp-json\/wp\/v2\/product_tag?post=6831"},{"taxonomy":"product_country","embeddable":true,"href":"https:\/\/routinesfashione.com\/fr\/wp-json\/wp\/v2\/product_country?post=6831"}],"curies":[{"name":"wp","href":"https:\/\/api.w.org\/{rel}","templated":true}]}}