{"id":6854,"date":"2025-08-08T21:53:04","date_gmt":"2025-08-08T21:53:04","guid":{"rendered":"https:\/\/lightgray-crow-170497.hostingersite.com\/?post_type=product&#038;p=6854"},"modified":"2025-09-30T21:06:13","modified_gmt":"2025-09-30T21:06:13","slug":"lavavajillas-bosch-sms4emw06e","status":"publish","type":"product","link":"https:\/\/routinesfashione.com\/fr\/produit\/lavavajillas-bosch-sms4emw06e\/","title":{"rendered":"Lavavajillas Bosch SMS4EMW06E"},"content":{"rendered":"<ul class=\"a-unordered-list a-vertical a-spacing-mini\">\n<li class=\"a-spacing-mini\"><span class=\"a-list-item\">El lavavajillas Bosch es f\u00e1cil de usar gracias a su pantalla digital, donde tendr\u00e1 a la vista toda la informaci\u00f3n importante. Adem\u00e1s, es eficiente gracias a la tecnolog\u00eda ActiveWater, que garantiza un consumo responsable de agua y energ\u00eda.<\/span><\/li>\n<li class=\"a-spacing-mini\"><span class=\"a-list-item\">Controla tu lavavajillas sin necesidad de instalaci\u00f3n con la app Home Connect. Disfruta de la comodidad de descargar programas adicionales, realizar diagn\u00f3sticos remotos y controlar tu lavavajillas con la voz.<\/span><\/li>\n<li class=\"a-spacing-mini\"><span class=\"a-list-item\">El lavavajillas de 60 cm tiene capacidad para 14 cubiertos, as\u00ed que no tendr\u00e1s problemas de espacio cuando tengas invitados. Y si a\u00fan necesitas m\u00e1s espacio, puedes adaptar su capacidad con las cestas MaxFlex abatiendo sus varillas.<\/span><\/li>\n<li class=\"a-spacing-mini\"><span class=\"a-list-item\">Disfruta de funciones como el Secado Eficiente, que abre autom\u00e1ticamente la puerta del lavavajillas al finalizar el lavado, para garantizar el secado m\u00e1s \u00f3ptimo de tu vajilla.<\/span><\/li>\n<li class=\"a-spacing-mini\"><span class=\"a-list-item\">Las dimensiones del lavavajillas son 84,5 x 60 x 60 cm (alto x ancho x profundidad).<\/span><br \/>\n<table class=\"a-normal a-spacing-micro\">\n<tbody>\n<tr class=\"a-spacing-small po-brand\">\n<td class=\"a-span3\"><span class=\"a-size-base a-text-bold\">Nombre de marca<\/span><\/td>\n<td class=\"a-span9\"><span class=\"a-size-base po-break-word\">Bosch<\/span><\/td>\n<\/tr>\n<tr class=\"a-spacing-small po-installation_type\">\n<td class=\"a-span3\"><span class=\"a-size-base a-text-bold\">Tipo de instalaci\u00f3n<\/span><\/td>\n<td class=\"a-span9\"><span class=\"a-size-base po-break-word\">Independiente<\/span><\/td>\n<\/tr>\n<tr class=\"a-spacing-small po-item_depth_width_height\">\n<td class=\"a-span3\"><span class=\"a-size-base a-text-bold\">Dimensiones del art\u00edculo Pr x An x Al<\/span><\/td>\n<td class=\"a-span9\"><span class=\"a-size-base po-break-word\">60D x 60W x 84.5H cent\u00edmetros<\/span><\/td>\n<\/tr>\n<tr class=\"a-spacing-small po-capacity\">\n<td class=\"a-span3\"><span class=\"a-size-base a-text-bold\">Capacidad<\/span><\/td>\n<td class=\"a-span9\"><span class=\"a-size-base po-break-word\">14 cubiertos<\/span><\/td>\n<\/tr>\n<tr class=\"a-spacing-small po-special_feature\">\n<td class=\"a-span3\"><span class=\"a-size-base a-text-bold\">Caracter\u00edsticas especiales<\/span><\/td>\n<td class=\"a-span9\"><span class=\"a-size-base\"><span class=\"a-truncate po-truncate-attribute\" data-a-word-break=\"normal\" data-a-truncate-name=\"po-attribute-truncate-4\" data-a-max-rows=\"3\" data-a-overflow-marker=\"&amp;hellip;\" data-a-recalculate=\"false\" data-a-updated=\"true\"><span class=\"a-truncate-full a-offscreen\">Cesta ajustable, seguro para ni\u00f1os, indicador de tiempo restante, filtro autolimpiable, indicador de nivel de sal<\/span><span class=\"a-truncate-cut\" aria-hidden=\"true\">Cesta ajustable, seguro para ni\u00f1os, indicador de tiempo restante, filtro autolimpiable, indicador de nivel de sal<\/span><\/span><\/span><\/td>\n<\/tr>\n<tr class=\"a-spacing-small po-color\">\n<td class=\"a-span3\"><span class=\"a-size-base a-text-bold\">Couleur<\/span><\/td>\n<td class=\"a-span9\"><span class=\"a-size-base po-break-word\">Blanco<\/span><\/td>\n<\/tr>\n<tr class=\"a-spacing-small po-controls_type\">\n<td class=\"a-span3\"><span class=\"a-size-base a-text-bold\">Tipo de control<\/span><\/td>\n<td class=\"a-span9\"><span class=\"a-size-base po-break-word\">Tocar<\/span><\/td>\n<\/tr>\n<tr class=\"a-spacing-small po-material\">\n<td class=\"a-span3\"><span class=\"a-size-base a-text-bold\">mat\u00e9riel<\/span><\/td>\n<td class=\"a-span9\"><span class=\"a-size-base po-break-word\">Acero inoxidable<\/span><\/td>\n<\/tr>\n<tr class=\"a-spacing-small po-noise_level\">\n<td class=\"a-span3\"><span class=\"a-size-base a-text-bold\">Nivel de ruido<\/span><\/td>\n<td class=\"a-span9\"><span class=\"a-size-base po-break-word\">42 dB<\/span><\/td>\n<\/tr>\n<tr class=\"a-spacing-small po-included_components\">\n<td class=\"a-span3\"><span class=\"a-size-base a-text-bold\">Componentes incluidos<\/span><\/td>\n<td class=\"a-span9\"><span class=\"a-size-base po-break-word\">Manguera de drenaje, manguera de entrada, instrucciones de uso, cable de alimentaci\u00f3n<\/span><\/td>\n<\/tr>\n<\/tbody>\n<\/table>\n<\/li>\n<\/ul>","protected":false},"excerpt":{"rendered":"<p>El lavavajillas Bosch es f\u00e1cil de usar gracias a su pantalla digital, donde tendr\u00e1 a la vista toda la informaci\u00f3n<\/p>","protected":false},"featured_media":18352,"template":"","meta":[],"product_brand":[],"product_cat":[74],"product_tag":[75],"product_country":[1505],"class_list":{"0":"post-6854","1":"product","2":"type-product","3":"status-publish","4":"has-post-thumbnail","6":"product_cat-kitchen-appliances","7":"product_tag-kitchen-appliances","8":"product_country-spain","10":"first","11":"instock","12":"sale","13":"taxable","14":"shipping-taxable","15":"purchasable","16":"product-type-simple"},"_links":{"self":[{"href":"https:\/\/routinesfashione.com\/fr\/wp-json\/wp\/v2\/product\/6854","targetHints":{"allow":["GET"]}}],"collection":[{"href":"https:\/\/routinesfashione.com\/fr\/wp-json\/wp\/v2\/product"}],"about":[{"href":"https:\/\/routinesfashione.com\/fr\/wp-json\/wp\/v2\/types\/product"}],"wp:featuredmedia":[{"embeddable":true,"href":"https:\/\/routinesfashione.com\/fr\/wp-json\/wp\/v2\/media\/18352"}],"wp:attachment":[{"href":"https:\/\/routinesfashione.com\/fr\/wp-json\/wp\/v2\/media?parent=6854"}],"wp:term":[{"taxonomy":"product_brand","embeddable":true,"href":"https:\/\/routinesfashione.com\/fr\/wp-json\/wp\/v2\/product_brand?post=6854"},{"taxonomy":"product_cat","embeddable":true,"href":"https:\/\/routinesfashione.com\/fr\/wp-json\/wp\/v2\/product_cat?post=6854"},{"taxonomy":"product_tag","embeddable":true,"href":"https:\/\/routinesfashione.com\/fr\/wp-json\/wp\/v2\/product_tag?post=6854"},{"taxonomy":"product_country","embeddable":true,"href":"https:\/\/routinesfashione.com\/fr\/wp-json\/wp\/v2\/product_country?post=6854"}],"curies":[{"name":"wp","href":"https:\/\/api.w.org\/{rel}","templated":true}]}}