{"id":7049,"date":"2025-08-08T23:36:53","date_gmt":"2025-08-08T23:36:53","guid":{"rendered":"https:\/\/lightgray-crow-170497.hostingersite.com\/?post_type=product&#038;p=7049"},"modified":"2025-09-30T21:17:13","modified_gmt":"2025-09-30T21:17:13","slug":"mini-horno-de-encimera-ninja-foodie-8-en-1","status":"publish","type":"product","link":"https:\/\/routinesfashione.com\/fr\/produit\/mini-horno-de-encimera-ninja-foodie-8-en-1\/","title":{"rendered":"Mini horno de encimera Ninja Foodie 8 en 1"},"content":{"rendered":"<ul class=\"a-unordered-list a-vertical a-spacing-mini\">\n<li class=\"a-spacing-mini\"><span class=\"a-list-item\">COMIDAS FAMILIARES EN 20 MINUTOS: Cocina hasta un 50 % m\u00e1s r\u00e1pido que los hornos el\u00e9ctricos. Dise\u00f1ado especialmente para bandejas de comida. Tiene capacidad para una pizza de 30 cm, 1 kg de patatas fritas o 6 tostadas de pan.<\/span><\/li>\n<li class=\"a-spacing-mini\"><span class=\"a-list-item\">M\u00c1S QUE UN MINI HORNO: Disfrute de opciones de comidas ilimitadas con 8 funciones de cocci\u00f3n personalizables: Fre\u00edr con aire, Asar, Grill, Hornear, Deshidratar, Recalentar, Tostar y Bagel<\/span><\/li>\n<li class=\"a-spacing-mini\"><span class=\"a-list-item\">FREIDORA DE AIRE: Hasta un 75% menos de grasa que los m\u00e9todos de fritura tradicionales* (*Probado con patatas fritas cortadas a mano y en abundante aceite)<\/span><\/li>\n<li class=\"a-spacing-mini\"><span class=\"a-list-item\">RECUPERA TU ESTANTE SUPERIOR: Se pliega y guarda f\u00e1cilmente para ahorrar espacio y facilitar la limpieza. Guarda de lado para ocupar un 50 % menos de espacio.<\/span><\/li>\n<li class=\"a-spacing-mini\"><span class=\"a-list-item\">INCLUYE: Horno multifunci\u00f3n Ninja Foodi 8 en 1 (enchufe europeo), rejilla, bandeja para hornear, cesta para fre\u00edr al aire y gu\u00eda de recetas. Color: plateado y negro.<\/span><\/li>\n<li class=\"a-spacing-mini\"><span class=\"a-list-item\">Dimensiones: 19,5 cm x 51 cm x 3 cm. Admite alimentos y platos de hasta 5 cm de altura. Peso: 8,5 kg.<\/span><br \/>\n<table class=\"a-normal a-spacing-micro\">\n<tbody>\n<tr class=\"a-spacing-small po-brand\">\n<td class=\"a-span3\"><span class=\"a-size-base a-text-bold\">Nombre de marca<\/span><\/td>\n<td class=\"a-span9\"><span class=\"a-size-base po-break-word\">Ninja<\/span><\/td>\n<\/tr>\n<tr class=\"a-spacing-small po-color\">\n<td class=\"a-span3\"><span class=\"a-size-base a-text-bold\">Couleur<\/span><\/td>\n<td class=\"a-span9\"><span class=\"a-size-base po-break-word\">Plata<\/span><\/td>\n<\/tr>\n<tr class=\"a-spacing-small po-item_depth_width_height\">\n<td class=\"a-span3\"><span class=\"a-size-base a-text-bold\">Dimensiones del art\u00edculo Pr x An x Al<\/span><\/td>\n<td class=\"a-span9\"><span class=\"a-size-base po-break-word\">19,2D x 38W x 50,1H cent\u00edmetros<\/span><\/td>\n<\/tr>\n<tr class=\"a-spacing-small po-special_feature\">\n<td class=\"a-span3\"><span class=\"a-size-base a-text-bold\">Caracter\u00edsticas especiales<\/span><\/td>\n<td class=\"a-span9\"><span class=\"a-size-base po-break-word\">8 funciones de cocci\u00f3n: fre\u00edr con aire, asar, asar entero, asar a la parrilla, hornear, pizza, ahorro de espacio, gran capacidad<\/span><\/td>\n<\/tr>\n<tr class=\"a-spacing-small po-control_type\">\n<td class=\"a-span3\"><span class=\"a-size-base a-text-bold\">Tipo de control<\/span><\/td>\n<td class=\"a-span9\"><span class=\"a-size-base po-break-word\">Tocar<\/span><\/td>\n<\/tr>\n<tr class=\"a-spacing-small po-door.style\">\n<td class=\"a-span3\"><span class=\"a-size-base a-text-bold\">Estilo de puerta<\/span><\/td>\n<td class=\"a-span9\"><span class=\"a-size-base po-break-word\">Balanceo lateral<\/span><\/td>\n<\/tr>\n<tr class=\"a-spacing-small po-included_components\">\n<td class=\"a-span3\"><span class=\"a-size-base a-text-bold\">Componentes incluidos<\/span><\/td>\n<td class=\"a-span9\"><span class=\"a-size-base po-break-word\">Bandeja de horno, parrilla, rejilla<\/span><\/td>\n<\/tr>\n<tr class=\"a-spacing-small po-model_name\">\n<td class=\"a-span3\"><span class=\"a-size-base a-text-bold\">Nombre del modelo<\/span><\/td>\n<td class=\"a-span9\"><span class=\"a-size-base po-break-word\">SP101EU<\/span><\/td>\n<\/tr>\n<tr class=\"a-spacing-small po-finish_type\">\n<td class=\"a-span3\"><span class=\"a-size-base a-text-bold\">Tipo de acabado<\/span><\/td>\n<td class=\"a-span9\"><span class=\"a-size-base po-break-word\">Cepillado<\/span><\/td>\n<\/tr>\n<tr class=\"a-spacing-small po-door.material_type\">\n<td class=\"a-span3\"><span class=\"a-size-base a-text-bold\">Tipo de material de la puerta<\/span><\/td>\n<td class=\"a-span9\"><span class=\"a-size-base po-break-word\">Acero inoxidable<\/span><\/td>\n<\/tr>\n<\/tbody>\n<\/table>\n<\/li>\n<\/ul>","protected":false},"excerpt":{"rendered":"<p>COMIDAS FAMILIARES EN 20 MINUTOS: Cocina hasta un 50 % m\u00e1s r\u00e1pido que los hornos el\u00e9ctricos. Dise\u00f1ado especialmente para bandejas<\/p>","protected":false},"featured_media":18497,"template":"","meta":[],"product_brand":[],"product_cat":[74],"product_tag":[75],"product_country":[1505],"class_list":{"0":"post-7049","1":"product","2":"type-product","3":"status-publish","4":"has-post-thumbnail","6":"product_cat-kitchen-appliances","7":"product_tag-kitchen-appliances","8":"product_country-spain","10":"first","11":"instock","12":"sale","13":"taxable","14":"shipping-taxable","15":"purchasable","16":"product-type-simple"},"_links":{"self":[{"href":"https:\/\/routinesfashione.com\/fr\/wp-json\/wp\/v2\/product\/7049","targetHints":{"allow":["GET"]}}],"collection":[{"href":"https:\/\/routinesfashione.com\/fr\/wp-json\/wp\/v2\/product"}],"about":[{"href":"https:\/\/routinesfashione.com\/fr\/wp-json\/wp\/v2\/types\/product"}],"wp:featuredmedia":[{"embeddable":true,"href":"https:\/\/routinesfashione.com\/fr\/wp-json\/wp\/v2\/media\/18497"}],"wp:attachment":[{"href":"https:\/\/routinesfashione.com\/fr\/wp-json\/wp\/v2\/media?parent=7049"}],"wp:term":[{"taxonomy":"product_brand","embeddable":true,"href":"https:\/\/routinesfashione.com\/fr\/wp-json\/wp\/v2\/product_brand?post=7049"},{"taxonomy":"product_cat","embeddable":true,"href":"https:\/\/routinesfashione.com\/fr\/wp-json\/wp\/v2\/product_cat?post=7049"},{"taxonomy":"product_tag","embeddable":true,"href":"https:\/\/routinesfashione.com\/fr\/wp-json\/wp\/v2\/product_tag?post=7049"},{"taxonomy":"product_country","embeddable":true,"href":"https:\/\/routinesfashione.com\/fr\/wp-json\/wp\/v2\/product_country?post=7049"}],"curies":[{"name":"wp","href":"https:\/\/api.w.org\/{rel}","templated":true}]}}