{"id":7103,"date":"2025-08-08T23:45:56","date_gmt":"2025-08-08T23:45:56","guid":{"rendered":"https:\/\/lightgray-crow-170497.hostingersite.com\/?post_type=product&#038;p=7103"},"modified":"2025-09-30T21:17:16","modified_gmt":"2025-09-30T21:17:16","slug":"aeg-horno-multifuncion-vapor-bse999330m","status":"publish","type":"product","link":"https:\/\/routinesfashione.com\/fr\/produit\/aeg-horno-multifuncion-vapor-bse999330m\/","title":{"rendered":"AEG Horno Multifunci\u00f3n vapor BSE999330M"},"content":{"rendered":"<h2 class=\"default\">Descripci\u00f3n del producto<\/h2>\n<div id=\"productDescription\" class=\"a-section a-spacing-small\">\n<p><span class=\"a-text-bold\">Horno Multifunci\u00f3n BSE999330M AEG<\/span><\/p>\n<p>Este horno te har\u00e1 tus h\u00e1bitos de cocina sencillos gracias a las tecnolog\u00edas AEG que incluye.<\/p>\n<p><span class=\"a-text-bold\">Caracter\u00edsticas:<\/span><\/p>\n<ul class=\"a-unordered-list a-vertical\">\n<li><span class=\"a-list-item\">Cocci\u00f3n uniforme: El ventilador de los hornos asegura que cada parte de la receta recibe el calor necesario de manera homog\u00e9nea y sin necesidad de girar el recipiente durante la cocci\u00f3n. .<\/span><\/li>\n<li><span class=\"a-list-item\">Ventilador XXL: Cuenta con un ventilador XXL que hace que el aire circule uniforme. Un calentamiento r\u00e1pido que pueden reducirse hasta un 20% ahorrando tiempo y energ\u00eda.<\/span><\/li>\n<li><span class=\"a-list-item\">Seguridad ni\u00f1os: Previene la puesta en marcha accidental.<\/span><\/li>\n<li><span class=\"a-list-item\">Limpieza pirol\u00edtica natural mediante vapor, con un simple pa\u00f1o h\u00famedo el horno queda limpio.<\/span><\/li>\n<\/ul>\n<p><span class=\"a-text-bold\">Datos t\u00e9cnicos:<\/span><\/p>\n<ul class=\"a-unordered-list a-vertical\">\n<li><span class=\"a-list-item\">Capacidad \u00fatil (L): 70<\/span><\/li>\n<li><span class=\"a-list-item\">Cavidad interior: Grande<\/span><\/li>\n<li><span class=\"a-list-item\">Eficiencia energ\u00e9tica: A++<\/span><\/li>\n<li><span class=\"a-list-item\">Alto (mm): 595<\/span><\/li>\n<li><span class=\"a-list-item\">Ancho (mm): 594<\/span><\/li>\n<li><span class=\"a-list-item\">Fondo (mm): 567<\/span><\/li>\n<li><span class=\"a-list-item\">Accesorios incluidos: Bandeja de Horno + 1 Parrilla<\/span><\/li>\n<li><span class=\"a-list-item\">Frecuencia (Hz): 50<\/span><\/li>\n<li><span class=\"a-list-item\">Voltaje (V): 230<\/span><\/li>\n<\/ul>\n<table class=\"a-normal a-spacing-micro\">\n<tbody>\n<tr class=\"a-spacing-small po-size\">\n<td class=\"a-span3\"><span class=\"a-size-base a-text-bold\">Tama\u00f1o<\/span><\/td>\n<td class=\"a-span9\"><span class=\"a-size-base po-break-word\">Grande<\/span><\/td>\n<\/tr>\n<tr class=\"a-spacing-small po-brand\">\n<td class=\"a-span3\"><span class=\"a-size-base a-text-bold\">Marca<\/span><\/td>\n<td class=\"a-span9\"><span class=\"a-size-base po-break-word\">AEG<\/span><\/td>\n<\/tr>\n<tr class=\"a-spacing-small po-color\">\n<td class=\"a-span3\"><span class=\"a-size-base a-text-bold\">Couleur<\/span><\/td>\n<td class=\"a-span9\"><span class=\"a-size-base po-break-word\">Acier inoxydable<\/span><\/td>\n<\/tr>\n<tr class=\"a-spacing-small po-heating_method\">\n<td class=\"a-span3\"><span class=\"a-size-base a-text-bold\">M\u00e9todo de calentamiento<\/span><\/td>\n<td class=\"a-span9\"><span class=\"a-size-base po-break-word\">Conducci\u00f3n<\/span><\/td>\n<\/tr>\n<tr class=\"a-spacing-small po-fuel_type\">\n<td class=\"a-span3\"><span class=\"a-size-base a-text-bold\">Tipo de combustible<\/span><\/td>\n<td class=\"a-span9\"><span class=\"a-size-base po-break-word\">El\u00e9ctrico<\/span><\/td>\n<\/tr>\n<tr class=\"a-spacing-small po-installation_type\">\n<td class=\"a-span3\"><span class=\"a-size-base a-text-bold\">Tipo de instalaci\u00f3n<\/span><\/td>\n<td class=\"a-span9\"><span class=\"a-size-base po-break-word\">Empotrado<\/span><\/td>\n<\/tr>\n<tr class=\"a-spacing-small po-wattage\">\n<td class=\"a-span3\"><span class=\"a-size-base a-text-bold\">Vataje<\/span><\/td>\n<td class=\"a-span9\"><span class=\"a-size-base po-break-word\">220 vatios<\/span><\/td>\n<\/tr>\n<tr class=\"a-spacing-small po-item_depth_width_height\">\n<td class=\"a-span3\"><span class=\"a-size-base a-text-bold\">Dimensiones del producto<\/span><\/td>\n<td class=\"a-span9\"><span class=\"a-size-base po-break-word\">56,7f. x 59,5an. x 59,4al. cent\u00edmetros<\/span><\/td>\n<\/tr>\n<tr class=\"a-spacing-small po-item_weight\">\n<td class=\"a-span3\"><span class=\"a-size-base a-text-bold\">Peso del producto<\/span><\/td>\n<td class=\"a-span9\"><span class=\"a-size-base po-break-word\">41,5 Kilogramos<\/span><\/td>\n<\/tr>\n<tr class=\"a-spacing-small po-lock_type\">\n<td class=\"a-span3\"><span class=\"a-size-base a-text-bold\">Tipo de bloqueo<\/span><\/td>\n<td class=\"a-span9\"><span class=\"a-size-base po-break-word\">Bloqueo infantil disponible<\/span><\/td>\n<\/tr>\n<\/tbody>\n<\/table>\n<\/div>","protected":false},"excerpt":{"rendered":"<p>Descripci\u00f3n del producto Horno Multifunci\u00f3n BSE999330M AEG Este horno te har\u00e1 tus h\u00e1bitos de cocina sencillos gracias a las tecnolog\u00edas<\/p>","protected":false},"featured_media":18531,"template":"","meta":[],"product_brand":[],"product_cat":[74],"product_tag":[75],"product_country":[1505],"class_list":{"0":"post-7103","1":"product","2":"type-product","3":"status-publish","4":"has-post-thumbnail","6":"product_cat-kitchen-appliances","7":"product_tag-kitchen-appliances","8":"product_country-spain","10":"first","11":"instock","12":"sale","13":"taxable","14":"shipping-taxable","15":"purchasable","16":"product-type-simple"},"_links":{"self":[{"href":"https:\/\/routinesfashione.com\/fr\/wp-json\/wp\/v2\/product\/7103","targetHints":{"allow":["GET"]}}],"collection":[{"href":"https:\/\/routinesfashione.com\/fr\/wp-json\/wp\/v2\/product"}],"about":[{"href":"https:\/\/routinesfashione.com\/fr\/wp-json\/wp\/v2\/types\/product"}],"wp:featuredmedia":[{"embeddable":true,"href":"https:\/\/routinesfashione.com\/fr\/wp-json\/wp\/v2\/media\/18531"}],"wp:attachment":[{"href":"https:\/\/routinesfashione.com\/fr\/wp-json\/wp\/v2\/media?parent=7103"}],"wp:term":[{"taxonomy":"product_brand","embeddable":true,"href":"https:\/\/routinesfashione.com\/fr\/wp-json\/wp\/v2\/product_brand?post=7103"},{"taxonomy":"product_cat","embeddable":true,"href":"https:\/\/routinesfashione.com\/fr\/wp-json\/wp\/v2\/product_cat?post=7103"},{"taxonomy":"product_tag","embeddable":true,"href":"https:\/\/routinesfashione.com\/fr\/wp-json\/wp\/v2\/product_tag?post=7103"},{"taxonomy":"product_country","embeddable":true,"href":"https:\/\/routinesfashione.com\/fr\/wp-json\/wp\/v2\/product_country?post=7103"}],"curies":[{"name":"wp","href":"https:\/\/api.w.org\/{rel}","templated":true}]}}