{"id":711,"date":"2025-09-30T20:53:42","date_gmt":"2025-09-30T20:53:42","guid":{"rendered":"https:\/\/lightgray-crow-170497.hostingersite.com\/?post_type=product&#038;p=711"},"modified":"2025-09-30T20:53:42","modified_gmt":"2025-09-30T20:53:42","slug":"kawasaki-tj-45-e-zp-debroussailleuse-a-dos-professionnelle-arbre-blue-bird","status":"publish","type":"product","link":"https:\/\/routinesfashione.com\/fr\/produit\/kawasaki-tj-45-e-zp-debroussailleuse-a-dos-professionnelle-arbre-blue-bird\/","title":{"rendered":"Kawasaki TJ 45 E ZP \u2013 D\u00e9broussailleuse \u00e0 dos professionnelle \u2013 Arbre Blue Bird"},"content":{"rendered":"<p data-start=\"276\" data-end=\"629\"><strong data-start=\"276\" data-end=\"293\">Description :<\/strong><br data-start=\"293\" data-end=\"296\" \/>Le Kawasaki TJ 45 E ZP a \u00e9t\u00e9 con\u00e7u pour les professionnels recherchant confort et efficacit\u00e9 lors de travaux longue distance sur terrains difficiles. Gr\u00e2ce \u00e0 son moteur thermique bicylindre Kawasaki TJ 45 E de 45,4 cm\u00b3, il offre d&#039;excellentes performances en coup\u00e9, m\u00eame dans des conditions exceptionnelles.<\/p>\n<p data-start=\"631\" data-end=\"996\">Le syst\u00e8me de portage dorsal assure une maniabilit\u00e9 optimale, r\u00e9duisant la fatigue de l&#039;utilisateur lors de longues s\u00e9ances de travail. L&#039;arbre Blue Bird, robuste et fiable, assure une transmission efficace de la puissance vers l&#039;outil de coupe, tout en garantissant une maniabilit\u00e9 remarquable, notamment sur terrains en pente, talus ou zones accident\u00e9es.<\/p>\n<p data-start=\"998\" data-end=\"1033\"><strong data-start=\"998\" data-end=\"1031\">Techniques caract\u00e9ristiques :<\/strong><\/p>\n<ul data-start=\"1034\" data-end=\"1555\">\n<li data-start=\"1034\" data-end=\"1072\">\n<p data-start=\"1036\" data-end=\"1072\">Moteur : Kawasaki TJ 45 E, 2 temps<\/p>\n<\/li>\n<li data-start=\"1073\" data-end=\"1097\">\n<p data-start=\"1075\" data-end=\"1097\">Cylindr\u00e9e : 45,4 cm\u00b3<\/p>\n<\/li>\n<li data-start=\"1098\" data-end=\"1129\">\n<p data-start=\"1100\" data-end=\"1129\">Puissance maximale : 1,4 kW<\/p>\n<\/li>\n<li data-start=\"1130\" data-end=\"1163\">\n<p data-start=\"1132\" data-end=\"1163\">Capacit\u00e9 du r\u00e9servoir : 1,0 L<\/p>\n<\/li>\n<li data-start=\"1164\" data-end=\"1207\">\n<p data-start=\"1166\" data-end=\"1207\">Type d&#039;arriv\u00e9e : Manuel avec lanceur<\/p>\n<\/li>\n<li data-start=\"1208\" data-end=\"1260\">\n<p data-start=\"1210\" data-end=\"1260\">Arbre : Blue Bird peut \u00eatre retir\u00e9 avec un angle diff\u00e9rent<\/p>\n<\/li>\n<li data-start=\"1261\" data-end=\"1321\">\n<p data-start=\"1263\" data-end=\"1321\">Syst\u00e8me de coupe : T\u00eate nylon Tap &amp; Go + lame m\u00e9tallique<\/p>\n<\/li>\n<li data-start=\"1322\" data-end=\"1396\">\n<p data-start=\"1324\" data-end=\"1396\">Syst\u00e8me de portage : Harnais dorsal ergonomique avec support amovible<\/p>\n<\/li>\n<li data-start=\"1397\" data-end=\"1430\">\n<p data-start=\"1399\" data-end=\"1430\">Poign\u00e9e : Type guidon d\u00e9port\u00e9<\/p>\n<\/li>\n<li data-start=\"1431\" data-end=\"1480\">\n<p data-start=\"1433\" data-end=\"1480\">Transmission : Arbre rigide, haute r\u00e9sistance<\/p>\n<\/li>\n<li data-start=\"1481\" data-end=\"1514\">\n<p data-start=\"1483\" data-end=\"1514\">Poids \u00e0 sec : Environ 11,5 kg<\/p>\n<\/li>\n<li data-start=\"1515\" data-end=\"1555\">\n<p data-start=\"1517\" data-end=\"1555\">Niveau sonore : Conforme aux normes CE<\/p>\n<\/li>\n<\/ul>\n<p data-start=\"1557\" data-end=\"1747\">Id\u00e9ale pour le d\u00e9broussaillage intensif sur terrains difficiles, cette machine \u00e0 dos allie robustesse, confort et performances pour r\u00e9pondre aux besoins des utilisateurs les plus exigeants.<\/p>","protected":false},"excerpt":{"rendered":"<p>Description :La d\u00e9broussailleuse \u00e0 dos Kawasaki TJ 45 E ZP est con\u00e7ue pour les professionnels qui recherchent puissance, confort et<\/p>","protected":false},"featured_media":13319,"template":"","meta":[],"product_brand":[],"product_cat":[61],"product_tag":[],"product_country":[1503],"class_list":{"0":"post-711","1":"product","2":"type-product","3":"status-publish","4":"has-post-thumbnail","6":"product_cat-sale-france","7":"product_country-france","9":"first","10":"instock","11":"sale","12":"taxable","13":"shipping-taxable","14":"purchasable","15":"product-type-simple"},"_links":{"self":[{"href":"https:\/\/routinesfashione.com\/fr\/wp-json\/wp\/v2\/product\/711","targetHints":{"allow":["GET"]}}],"collection":[{"href":"https:\/\/routinesfashione.com\/fr\/wp-json\/wp\/v2\/product"}],"about":[{"href":"https:\/\/routinesfashione.com\/fr\/wp-json\/wp\/v2\/types\/product"}],"wp:featuredmedia":[{"embeddable":true,"href":"https:\/\/routinesfashione.com\/fr\/wp-json\/wp\/v2\/media\/13319"}],"wp:attachment":[{"href":"https:\/\/routinesfashione.com\/fr\/wp-json\/wp\/v2\/media?parent=711"}],"wp:term":[{"taxonomy":"product_brand","embeddable":true,"href":"https:\/\/routinesfashione.com\/fr\/wp-json\/wp\/v2\/product_brand?post=711"},{"taxonomy":"product_cat","embeddable":true,"href":"https:\/\/routinesfashione.com\/fr\/wp-json\/wp\/v2\/product_cat?post=711"},{"taxonomy":"product_tag","embeddable":true,"href":"https:\/\/routinesfashione.com\/fr\/wp-json\/wp\/v2\/product_tag?post=711"},{"taxonomy":"product_country","embeddable":true,"href":"https:\/\/routinesfashione.com\/fr\/wp-json\/wp\/v2\/product_country?post=711"}],"curies":[{"name":"wp","href":"https:\/\/api.w.org\/{rel}","templated":true}]}}