{"id":7120,"date":"2025-08-08T23:52:56","date_gmt":"2025-08-08T23:52:56","guid":{"rendered":"https:\/\/lightgray-crow-170497.hostingersite.com\/?post_type=product&#038;p=7120"},"modified":"2025-09-30T21:17:18","modified_gmt":"2025-09-30T21:17:18","slug":"horno-multifuncion-bosch-hba574es3-ix-71l-3-6kw-pirolisis-negro-clase","status":"publish","type":"product","link":"https:\/\/routinesfashione.com\/fr\/produit\/horno-multifuncion-bosch-hba574es3-ix-71l-3-6kw-pirolisis-negro-clase\/","title":{"rendered":"Horno multifunci\u00f3n bosch hba574es3 ix 71l 3.6kw pir\u00f3lisis negro clase"},"content":{"rendered":"<div class=\"kjcrym-1yykb8i e1rza2k30\">\n<div class=\"kjcrym-x45uo8 etxhwac0\">\n<div class=\"kjcrym-u8lou9 etxhwac0\">\n<div class=\"kjcrym-15xiax4 em3ubvu6\">\n<p>El horno pirol\u00edtico de Bosch es sencillo de utilizar gracias a su display LED con luz roja y sus mandos ocultables; que facilitan la navegaci\u00f3n y el acceso a la informaci\u00f3n necesaria. Disfruta de este horno de eficiencia energ\u00e9tica A+ y de sus 10 recetas preestablecidas. Con las que solo tendr\u00e1s que seleccionar el tipo de alimento y su peso para obtener resultados deliciosos. Tendr\u00e1s un horno siempre limpio gracias a la funci\u00f3n de autolimpieza pirol\u00edtica, que elimina la suciedad de manera autom\u00e1tica y sin esfuerzo. Gracias al sistema 3D Hotair, el calor se distribuye de forma r\u00e1pida y uniforme en todo el interior del horno, logrando una cocci\u00f3n \u00f3ptima en cualquier nivel. Las dimensiones de horno multifunci\u00f3n son de 59,5 x 59,4 x 54,8 cent\u00edmetros (alto x ancho x fondo). Mientras que las dimensiones de la cavidad son de 35,7 x 48 x 41,5 cent\u00edmetros (alto x ancho x fondo).<\/p>\n<\/div>\n<\/div>\n<\/div>\n<\/div>","protected":false},"excerpt":{"rendered":"<p>El horno pirol\u00edtico de Bosch es sencillo de utilizar gracias a su display LED con luz roja y sus mandos<\/p>","protected":false},"featured_media":18546,"template":"","meta":[],"product_brand":[],"product_cat":[74],"product_tag":[75],"product_country":[1505],"class_list":{"0":"post-7120","1":"product","2":"type-product","3":"status-publish","4":"has-post-thumbnail","6":"product_cat-kitchen-appliances","7":"product_tag-kitchen-appliances","8":"product_country-spain","10":"first","11":"instock","12":"sale","13":"taxable","14":"shipping-taxable","15":"purchasable","16":"product-type-simple"},"_links":{"self":[{"href":"https:\/\/routinesfashione.com\/fr\/wp-json\/wp\/v2\/product\/7120","targetHints":{"allow":["GET"]}}],"collection":[{"href":"https:\/\/routinesfashione.com\/fr\/wp-json\/wp\/v2\/product"}],"about":[{"href":"https:\/\/routinesfashione.com\/fr\/wp-json\/wp\/v2\/types\/product"}],"wp:featuredmedia":[{"embeddable":true,"href":"https:\/\/routinesfashione.com\/fr\/wp-json\/wp\/v2\/media\/18546"}],"wp:attachment":[{"href":"https:\/\/routinesfashione.com\/fr\/wp-json\/wp\/v2\/media?parent=7120"}],"wp:term":[{"taxonomy":"product_brand","embeddable":true,"href":"https:\/\/routinesfashione.com\/fr\/wp-json\/wp\/v2\/product_brand?post=7120"},{"taxonomy":"product_cat","embeddable":true,"href":"https:\/\/routinesfashione.com\/fr\/wp-json\/wp\/v2\/product_cat?post=7120"},{"taxonomy":"product_tag","embeddable":true,"href":"https:\/\/routinesfashione.com\/fr\/wp-json\/wp\/v2\/product_tag?post=7120"},{"taxonomy":"product_country","embeddable":true,"href":"https:\/\/routinesfashione.com\/fr\/wp-json\/wp\/v2\/product_country?post=7120"}],"curies":[{"name":"wp","href":"https:\/\/api.w.org\/{rel}","templated":true}]}}