{"id":7146,"date":"2025-08-09T00:05:46","date_gmt":"2025-08-09T00:05:46","guid":{"rendered":"https:\/\/lightgray-crow-170497.hostingersite.com\/?post_type=product&#038;p=7146"},"modified":"2025-09-30T21:17:19","modified_gmt":"2025-09-30T21:17:19","slug":"balay-horno-3hb4841g2","status":"publish","type":"product","link":"https:\/\/routinesfashione.com\/fr\/produit\/balay-horno-3hb4841g2\/","title":{"rendered":"Balay horno 3HB4841G2"},"content":{"rendered":"<h2 class=\"sc-e254ed6f-0 lcisAJ\">Descripci\u00f3n<\/h2>\n<div id=\"description-content\" class=\"sc-70c7237b-6 biLfRQ\">\n<div class=\"sc-e254ed6f-0 hyNykO sc-ca7874f-0 fxZZEq\" data-test=\"pdp-description-pim-fallback\">\n<p>Horno Balay 3HB4841X3 Serie Acero con ra\u00edles telesc\u00f3picos Comfort, el dise\u00f1o cl\u00e1sico del acero con las mejores prestaciones de ahora. Te har\u00e1 la vida m\u00e1s f\u00e1cil gracias a pr\u00e1cticas prestaciones como la Autolimpieza pirol\u00edtica, el Asistente de limpieza Aqu\u00e1lisis, el esmalte antiadherente Titan de alta resistencia y f\u00e1cil limpieza. Disfruta de la cocci\u00f3n inteligente con funciones como el Aire caliente 3D Profesional, la funci\u00f3n Aire Caliente Suave, que permite cocinar a un solo nivel optimizando el consumo energ\u00e9tico, y la funci\u00f3n Precalentamiento, que permite reducir el tiempo de precalentamiento hasta en un 50%. Eficiencia y ahorro en un producto. Adem\u00e1s, cuenta con una funci\u00f3n de uso para cada tipo de cocci\u00f3n, como por ejemplo Funci\u00f3n Horno de Le\u00f1a, ideal para pizzas, o Funci\u00f3n Grill Total, para gratinar platos grandes.<\/p>\n<table class=\"sc-eb5d0dd3-0 brREjs\">\n<thead class=\"sc-4d4fd441-0 fAxnSG\">\n<tr class=\"sc-dfa23c87-0 dkdsfi\">\n<th class=\"sc-fe2e4cbb-0 dOdMfy\" colspan=\"2\">\n<p class=\"sc-e254ed6f-0 eqAoQC\">Caracteristicas t\u00e9cnicas<\/p>\n<\/th>\n<\/tr>\n<\/thead>\n<tbody class=\"sc-b388eff-0 eqyplR\">\n<tr class=\"sc-dfa23c87-0 dkdsfi\">\n<td class=\"sc-fe2e4cbb-0 btUfxD\">\n<p class=\"sc-e254ed6f-0 jUOGRg\">Tipo de dispositivo<\/p>\n<\/td>\n<td class=\"sc-fe2e4cbb-0 fRBvcN sc-87c66558-1 fFFFYO\">\n<p class=\"sc-e254ed6f-0 eRJAKe\">Horno<\/p>\n<\/td>\n<\/tr>\n<tr class=\"sc-dfa23c87-0 dkdsfi\">\n<td class=\"sc-fe2e4cbb-0 btUfxD\">\n<p class=\"sc-e254ed6f-0 jUOGRg\">Tipo de construcci\u00f3n<\/p>\n<\/td>\n<td class=\"sc-fe2e4cbb-0 fRBvcN sc-87c66558-1 fFFFYO\">\n<p class=\"sc-e254ed6f-0 eRJAKe\">Integrable<\/p>\n<\/td>\n<\/tr>\n<tr class=\"sc-dfa23c87-0 dkdsfi\">\n<td class=\"sc-fe2e4cbb-0 btUfxD\">\n<p class=\"sc-e254ed6f-0 jUOGRg\">Inteligencia Artificial<\/p>\n<\/td>\n<td class=\"sc-fe2e4cbb-0 fRBvcN sc-87c66558-1 fFFFYO\">\n<p class=\"sc-e254ed6f-0 eRJAKe\">No<\/p>\n<\/td>\n<\/tr>\n<\/tbody>\n<\/table>\n<table class=\"sc-eb5d0dd3-0 brREjs\">\n<thead class=\"sc-4d4fd441-0 fAxnSG\">\n<tr class=\"sc-dfa23c87-0 dkdsfi\">\n<th class=\"sc-fe2e4cbb-0 dOdMfy\" colspan=\"2\">\n<p class=\"sc-e254ed6f-0 eqAoQC\">Horno<\/p>\n<\/th>\n<\/tr>\n<\/thead>\n<tbody class=\"sc-b388eff-0 eqyplR\">\n<tr class=\"sc-dfa23c87-0 dkdsfi\">\n<td class=\"sc-fe2e4cbb-0 btUfxD\">\n<p class=\"sc-e254ed6f-0 jUOGRg\">Material de la puerta<\/p>\n<\/td>\n<td class=\"sc-fe2e4cbb-0 fRBvcN sc-87c66558-1 fFFFYO\">\n<p class=\"sc-e254ed6f-0 eRJAKe\">vidrio<\/p>\n<\/td>\n<\/tr>\n<tr class=\"sc-dfa23c87-0 dkdsfi\">\n<td class=\"sc-fe2e4cbb-0 btUfxD\">\n<p class=\"sc-e254ed6f-0 jUOGRg\">Sistema de limpieza integrado<\/p>\n<\/td>\n<td class=\"sc-fe2e4cbb-0 fRBvcN sc-87c66558-1 fFFFYO\">\n<p class=\"sc-e254ed6f-0 eRJAKe\">Pirol\u00edtico<\/p>\n<\/td>\n<\/tr>\n<tr class=\"sc-dfa23c87-0 dkdsfi\">\n<td class=\"sc-fe2e4cbb-0 btUfxD\">\n<p class=\"sc-e254ed6f-0 jUOGRg\">Volumen utilizable del horno<\/p>\n<\/td>\n<td class=\"sc-fe2e4cbb-0 fRBvcN sc-87c66558-1 fFFFYO\">\n<p class=\"sc-e254ed6f-0 eRJAKe\">71 l<\/p>\n<\/td>\n<\/tr>\n<\/tbody>\n<\/table>\n<table class=\"sc-eb5d0dd3-0 brREjs\">\n<thead class=\"sc-4d4fd441-0 fAxnSG\">\n<tr class=\"sc-dfa23c87-0 dkdsfi\">\n<th class=\"sc-fe2e4cbb-0 dOdMfy\" colspan=\"2\">\n<p class=\"sc-e254ed6f-0 eqAoQC\">Equipo<\/p>\n<\/th>\n<\/tr>\n<\/thead>\n<tbody class=\"sc-b388eff-0 eqyplR\">\n<tr class=\"sc-dfa23c87-0 dkdsfi\">\n<td class=\"sc-fe2e4cbb-0 btUfxD\">\n<p class=\"sc-e254ed6f-0 jUOGRg\">Funci\u00f3n de aire caliente<\/p>\n<\/td>\n<td class=\"sc-fe2e4cbb-0 fRBvcN sc-87c66558-1 fFFFYO\">\n<p class=\"sc-e254ed6f-0 eRJAKe\">S\u00ed<\/p>\n<\/td>\n<\/tr>\n<tr class=\"sc-dfa23c87-0 dkdsfi\">\n<td class=\"sc-fe2e4cbb-0 btUfxD\">\n<p class=\"sc-e254ed6f-0 jUOGRg\">Funci\u00f3n de vapor<\/p>\n<\/td>\n<td class=\"sc-fe2e4cbb-0 fRBvcN sc-87c66558-1 fFFFYO\">\n<p class=\"sc-e254ed6f-0 eRJAKe\">No<\/p>\n<\/td>\n<\/tr>\n<tr class=\"sc-dfa23c87-0 dkdsfi\">\n<td class=\"sc-fe2e4cbb-0 btUfxD\">\n<p class=\"sc-e254ed6f-0 jUOGRg\">Caract. especiales<\/p>\n<\/td>\n<td class=\"sc-fe2e4cbb-0 fRBvcN sc-87c66558-1 fFFFYO\">\n<p class=\"sc-e254ed6f-0 eRJAKe\">Sistema de Limpieza pirol\u00edtico e hidrol\u00edtico, Aire caliente 3D Profesional, Programas autom\u00e1ticos, m\u00e9todo de cocci\u00f3n Aire caliente, Aire caliente suave, Grill total, Hornear, Horno de le\u00f1a, Solera, Turbo grill, Display LED en color \u00e1mbar con mandos,<\/p>\n<\/td>\n<\/tr>\n<tr class=\"sc-dfa23c87-0 dkdsfi\">\n<td class=\"sc-fe2e4cbb-0 btUfxD\">\n<p class=\"sc-e254ed6f-0 jUOGRg\">Modo de funcionamiento<\/p>\n<\/td>\n<td class=\"sc-fe2e4cbb-0 fRBvcN sc-87c66558-1 fFFFYO\">\n<p class=\"sc-e254ed6f-0 eRJAKe\">Multifunci\u00f3n<\/p>\n<\/td>\n<\/tr>\n<tr class=\"sc-dfa23c87-0 dkdsfi\">\n<td class=\"sc-fe2e4cbb-0 btUfxD\">\n<p class=\"sc-e254ed6f-0 jUOGRg\">Caracter\u00edsticas de seguridad<\/p>\n<\/td>\n<td class=\"sc-fe2e4cbb-0 fRBvcN sc-87c66558-1 fFFFYO\">\n<p class=\"sc-e254ed6f-0 eRJAKe\">Cierre de puerta electr\u00f3nico, Desconexi\u00f3n seguridad horno, Seguro para ni\u00f1os<\/p>\n<\/td>\n<\/tr>\n<\/tbody>\n<\/table>\n<table class=\"sc-eb5d0dd3-0 brREjs\">\n<thead class=\"sc-4d4fd441-0 fAxnSG\">\n<tr class=\"sc-dfa23c87-0 dkdsfi\">\n<th class=\"sc-fe2e4cbb-0 dOdMfy\" colspan=\"2\">\n<p class=\"sc-e254ed6f-0 eqAoQC\">Visualizaci\u00f3n\/Control<\/p>\n<\/th>\n<\/tr>\n<\/thead>\n<tbody class=\"sc-b388eff-0 eqyplR\">\n<tr class=\"sc-dfa23c87-0 dkdsfi\">\n<td class=\"sc-fe2e4cbb-0 btUfxD\">\n<p class=\"sc-e254ed6f-0 jUOGRg\">Temporizador<\/p>\n<\/td>\n<td class=\"sc-fe2e4cbb-0 fRBvcN sc-87c66558-1 fFFFYO\">\n<p class=\"sc-e254ed6f-0 eRJAKe\">S\u00ed<\/p>\n<\/td>\n<\/tr>\n<\/tbody>\n<\/table>\n<table class=\"sc-eb5d0dd3-0 brREjs\">\n<thead class=\"sc-4d4fd441-0 fAxnSG\">\n<tr class=\"sc-dfa23c87-0 dkdsfi\">\n<th class=\"sc-fe2e4cbb-0 dOdMfy\" colspan=\"2\">\n<p class=\"sc-e254ed6f-0 eqAoQC\">Fuente de alimentaci\u00f3n<\/p>\n<\/th>\n<\/tr>\n<\/thead>\n<tbody class=\"sc-b388eff-0 eqyplR\">\n<tr class=\"sc-dfa23c87-0 dkdsfi\">\n<td class=\"sc-fe2e4cbb-0 btUfxD\">\n<p class=\"sc-e254ed6f-0 jUOGRg\">Potencia el\u00e9ctrica<\/p>\n<\/td>\n<td class=\"sc-fe2e4cbb-0 fRBvcN sc-87c66558-1 fFFFYO\">\n<p class=\"sc-e254ed6f-0 eRJAKe\">3600 W<\/p>\n<\/td>\n<\/tr>\n<\/tbody>\n<\/table>\n<table class=\"sc-eb5d0dd3-0 brREjs\">\n<thead class=\"sc-4d4fd441-0 fAxnSG\">\n<tr class=\"sc-dfa23c87-0 dkdsfi\">\n<th class=\"sc-fe2e4cbb-0 dOdMfy\" colspan=\"2\">\n<p class=\"sc-e254ed6f-0 eqAoQC\">Caracter\u00edsticas generales<\/p>\n<\/th>\n<\/tr>\n<\/thead>\n<tbody class=\"sc-b388eff-0 eqyplR\">\n<tr class=\"sc-dfa23c87-0 dkdsfi\">\n<td class=\"sc-fe2e4cbb-0 btUfxD\">\n<p class=\"sc-e254ed6f-0 jUOGRg\">Color (por fabricante)<\/p>\n<\/td>\n<td class=\"sc-fe2e4cbb-0 fRBvcN sc-87c66558-1 fFFFYO\">\n<p class=\"sc-e254ed6f-0 eRJAKe\">Acero inoxidable<\/p>\n<\/td>\n<\/tr>\n<tr class=\"sc-dfa23c87-0 dkdsfi\">\n<td class=\"sc-fe2e4cbb-0 btUfxD\">\n<p class=\"sc-e254ed6f-0 jUOGRg\">Peso (seg\u00fan el fabricante)<\/p>\n<\/td>\n<td class=\"sc-fe2e4cbb-0 fRBvcN sc-87c66558-1 fFFFYO\">\n<p class=\"sc-e254ed6f-0 eRJAKe\">35.6 kg<\/p>\n<\/td>\n<\/tr>\n<tr class=\"sc-dfa23c87-0 dkdsfi\">\n<td class=\"sc-fe2e4cbb-0 btUfxD\">\n<p class=\"sc-e254ed6f-0 jUOGRg\">Peso<\/p>\n<\/td>\n<td class=\"sc-fe2e4cbb-0 fRBvcN sc-87c66558-1 fFFFYO\">\n<p class=\"sc-e254ed6f-0 eRJAKe\">35.6 kg<\/p>\n<\/td>\n<\/tr>\n<tr class=\"sc-dfa23c87-0 dkdsfi\">\n<td class=\"sc-fe2e4cbb-0 btUfxD\">\n<p class=\"sc-e254ed6f-0 jUOGRg\">Dimensiones hueco<\/p>\n<\/td>\n<td class=\"sc-fe2e4cbb-0 fRBvcN sc-87c66558-1 fFFFYO\">\n<p class=\"sc-e254ed6f-0 eRJAKe\">56 cm \/ 58.5 cm \/ 55 cm<\/p>\n<\/td>\n<\/tr>\n<tr class=\"sc-dfa23c87-0 dkdsfi\">\n<td class=\"sc-fe2e4cbb-0 btUfxD\">\n<p class=\"sc-e254ed6f-0 jUOGRg\">Anchura m\u00ednima del hueco<\/p>\n<\/td>\n<td class=\"sc-fe2e4cbb-0 fRBvcN sc-87c66558-1 fFFFYO\">\n<p class=\"sc-e254ed6f-0 eRJAKe\">56 cm<\/p>\n<\/td>\n<\/tr>\n<tr class=\"sc-dfa23c87-0 dkdsfi\">\n<td class=\"sc-fe2e4cbb-0 btUfxD\">\n<p class=\"sc-e254ed6f-0 jUOGRg\">Profundidad m\u00ednima del hueco<\/p>\n<\/td>\n<td class=\"sc-fe2e4cbb-0 fRBvcN sc-87c66558-1 fFFFYO\">\n<p class=\"sc-e254ed6f-0 eRJAKe\">55 cm<\/p>\n<\/td>\n<\/tr>\n<tr id=\"pdp-features-last-always-visible\" class=\"sc-dfa23c87-0 dkdsfi\">\n<td class=\"sc-fe2e4cbb-0 btUfxD\">\n<p class=\"sc-e254ed6f-0 jUOGRg\">Altura m\u00ednima del hueco<\/p>\n<\/td>\n<td class=\"sc-fe2e4cbb-0 fRBvcN sc-87c66558-1 fFFFYO\">\n<p class=\"sc-e254ed6f-0 eRJAKe\">58.5 cm<\/p>\n<\/td>\n<\/tr>\n<tr class=\"sc-dfa23c87-0 dkdsfi\">\n<td class=\"sc-fe2e4cbb-0 btUfxD\">\n<p class=\"sc-e254ed6f-0 jUOGRg\">Anchura m\u00e1xima del hueco<\/p>\n<\/td>\n<td class=\"sc-fe2e4cbb-0 fRBvcN sc-87c66558-1 fFFFYO\">\n<p class=\"sc-e254ed6f-0 eRJAKe\">568 mm<\/p>\n<\/td>\n<\/tr>\n<tr class=\"sc-dfa23c87-0 dkdsfi\">\n<td class=\"sc-fe2e4cbb-0 btUfxD\">\n<p class=\"sc-e254ed6f-0 jUOGRg\">Altura m\u00e1xima del hueco<\/p>\n<\/td>\n<td class=\"sc-fe2e4cbb-0 fRBvcN sc-87c66558-1 fFFFYO\">\n<p class=\"sc-e254ed6f-0 eRJAKe\">595 mm<\/p>\n<\/td>\n<\/tr>\n<tr class=\"sc-dfa23c87-0 dkdsfi\">\n<td class=\"sc-fe2e4cbb-0 btUfxD\">\n<p class=\"sc-e254ed6f-0 jUOGRg\">Sistema o compatible con el sistema<\/p>\n<\/td>\n<td class=\"sc-fe2e4cbb-0 fRBvcN sc-87c66558-1 fFFFYO\">\n<p class=\"sc-e254ed6f-0 eRJAKe\">balay<\/p>\n<\/td>\n<\/tr>\n<tr class=\"sc-dfa23c87-0 dkdsfi\">\n<td class=\"sc-fe2e4cbb-0 btUfxD\">\n<p class=\"sc-e254ed6f-0 jUOGRg\">Conexi\u00f3n de gas<\/p>\n<\/td>\n<td class=\"sc-fe2e4cbb-0 fRBvcN sc-87c66558-1 fFFFYO\">\n<p class=\"sc-e254ed6f-0 eRJAKe\">no<\/p>\n<\/td>\n<\/tr>\n<tr class=\"sc-dfa23c87-0 dkdsfi\">\n<td class=\"sc-fe2e4cbb-0 btUfxD\">\n<p class=\"sc-e254ed6f-0 jUOGRg\">Longitud cable de alimentaci\u00f3n<\/p>\n<\/td>\n<td class=\"sc-fe2e4cbb-0 fRBvcN sc-87c66558-1 fFFFYO\">\n<p class=\"sc-e254ed6f-0 eRJAKe\">120.0 cm<\/p>\n<\/td>\n<\/tr>\n<tr class=\"sc-dfa23c87-0 dkdsfi\">\n<td class=\"sc-fe2e4cbb-0 btUfxD\">\n<p class=\"sc-e254ed6f-0 jUOGRg\">Anchura<\/p>\n<\/td>\n<td class=\"sc-fe2e4cbb-0 fRBvcN sc-87c66558-1 fFFFYO\">\n<p class=\"sc-e254ed6f-0 eRJAKe\">59.4 cm<\/p>\n<\/td>\n<\/tr>\n<tr class=\"sc-dfa23c87-0 dkdsfi\">\n<td class=\"sc-fe2e4cbb-0 btUfxD\">\n<p class=\"sc-e254ed6f-0 jUOGRg\">Altura<\/p>\n<\/td>\n<td class=\"sc-fe2e4cbb-0 fRBvcN sc-87c66558-1 fFFFYO\">\n<p class=\"sc-e254ed6f-0 eRJAKe\">59.5 cm<\/p>\n<\/td>\n<\/tr>\n<tr class=\"sc-dfa23c87-0 dkdsfi\">\n<td class=\"sc-fe2e4cbb-0 btUfxD\">\n<p class=\"sc-e254ed6f-0 jUOGRg\">Profundidad<\/p>\n<\/td>\n<td class=\"sc-fe2e4cbb-0 fRBvcN sc-87c66558-1 fFFFYO\">\n<p class=\"sc-e254ed6f-0 eRJAKe\">54.8 cm<\/p>\n<\/td>\n<\/tr>\n<\/tbody>\n<\/table>\n<\/div>\n<\/div>","protected":false},"excerpt":{"rendered":"<p>Descripci\u00f3n Horno Balay 3HB4841X3 Serie Acero con ra\u00edles telesc\u00f3picos Comfort, el dise\u00f1o cl\u00e1sico del acero con las mejores prestaciones de<\/p>","protected":false},"featured_media":18558,"template":"","meta":[],"product_brand":[],"product_cat":[74],"product_tag":[75],"product_country":[1505],"class_list":{"0":"post-7146","1":"product","2":"type-product","3":"status-publish","4":"has-post-thumbnail","6":"product_cat-kitchen-appliances","7":"product_tag-kitchen-appliances","8":"product_country-spain","10":"first","11":"instock","12":"sale","13":"taxable","14":"shipping-taxable","15":"purchasable","16":"product-type-simple"},"_links":{"self":[{"href":"https:\/\/routinesfashione.com\/fr\/wp-json\/wp\/v2\/product\/7146","targetHints":{"allow":["GET"]}}],"collection":[{"href":"https:\/\/routinesfashione.com\/fr\/wp-json\/wp\/v2\/product"}],"about":[{"href":"https:\/\/routinesfashione.com\/fr\/wp-json\/wp\/v2\/types\/product"}],"wp:featuredmedia":[{"embeddable":true,"href":"https:\/\/routinesfashione.com\/fr\/wp-json\/wp\/v2\/media\/18558"}],"wp:attachment":[{"href":"https:\/\/routinesfashione.com\/fr\/wp-json\/wp\/v2\/media?parent=7146"}],"wp:term":[{"taxonomy":"product_brand","embeddable":true,"href":"https:\/\/routinesfashione.com\/fr\/wp-json\/wp\/v2\/product_brand?post=7146"},{"taxonomy":"product_cat","embeddable":true,"href":"https:\/\/routinesfashione.com\/fr\/wp-json\/wp\/v2\/product_cat?post=7146"},{"taxonomy":"product_tag","embeddable":true,"href":"https:\/\/routinesfashione.com\/fr\/wp-json\/wp\/v2\/product_tag?post=7146"},{"taxonomy":"product_country","embeddable":true,"href":"https:\/\/routinesfashione.com\/fr\/wp-json\/wp\/v2\/product_country?post=7146"}],"curies":[{"name":"wp","href":"https:\/\/api.w.org\/{rel}","templated":true}]}}