{"id":7320,"date":"2025-08-09T12:38:03","date_gmt":"2025-08-09T12:38:03","guid":{"rendered":"https:\/\/lightgray-crow-170497.hostingersite.com\/?post_type=product&#038;p=7320"},"modified":"2025-09-30T21:17:32","modified_gmt":"2025-09-30T21:17:32","slug":"sage-la-freidora-de-aire-inteligente","status":"publish","type":"product","link":"https:\/\/routinesfashione.com\/fr\/produit\/sage-la-freidora-de-aire-inteligente\/","title":{"rendered":"SAGE La freidora de aire inteligente"},"content":{"rendered":"<p><strong>10 FUNCIONES DE COCCI\u00d3N INTELIGENTES, INCLUIDA LA FRITURA AL AIRE LIBRE<\/strong><br \/>\nLa freidora de aire Smart Oven cuenta con el sistema Element iQ\u2122 para un \u00f3ptimo rendimiento y versatilidad. Los algoritmos inteligentes recrean las condiciones ideales para la fritura al aire y otras 9 t\u00e9cnicas de cocci\u00f3n. Las temperaturas m\u00e1s altas y el modo de superconvecci\u00f3n reducen el tiempo de cocci\u00f3n para obtener resultados crujientes y dorados.<\/p>\n<p><strong>AJUSTE DE FRITURA POR AIRE<\/strong><br \/>\n\u00bfPor qu\u00e9 comprar una freidora de aire cuando el Smart Oven Air Fry puede hacer toda la comida frita que quieras? Patatas fritas, alitas de pollo y todas las delicias que te gustan en casa, en versi\u00f3n light. Las temperaturas m\u00e1s altas y el modo de superconvecci\u00f3n (con un flujo de aire maximizado) garantizan que las patatas fritas queden doradas e irresistiblemente crujientes.<\/p>\n<p><strong>SISTEMA ELEMENTO iQ\u2122<\/strong><br \/>\nLos algoritmos inteligentes dirigen la energ\u00eda a los puntos y tiempos correctos para crear las condiciones ideales de cocci\u00f3n, por lo que puede explorar una gama de diferentes t\u00e9cnicas para cocinar sus platos. La cocci\u00f3n uniforme est\u00e1 garantizada por el control digital preciso de la temperatura PID. Los elementos calefactores independientes y el posicionamiento optimizado de la rejilla no dejan lugar a errores.<\/p>\n<p><strong>GRAN VERSATILIDAD<\/strong><br \/>\n10 funciones de cocci\u00f3n para alcanzar la perfecci\u00f3n en la cocina: Tostar 6 rebanadas, Crumpet, Grill, Hornear, Asar, Calentar, Pizza, Air Fry, Recalentar y Slow Cook, para cocinar a baja temperatura.<\/p>\n<p><strong>CONVECCI\u00d3N DE DOS VELOCIDADES<\/strong><br \/>\nEl modo de convecci\u00f3n puede reducir el tiempo de cocci\u00f3n hasta un 30%. Acelera el proceso de cocci\u00f3n moviendo el aire m\u00e1s caliente hacia arriba y el aire m\u00e1s fr\u00edo hacia abajo, calentando el horno m\u00e1s r\u00e1pidamente. La superconvecci\u00f3n maximiza el flujo de aire caliente y es perfecta para fre\u00edr al aire.<\/p>\n<p><strong>PANTALLA LCD<\/strong><br \/>\nPantalla LCD para acceder f\u00e1cilmente a las funciones inteligentes incorporadas y elegir entre 10 funciones de cocci\u00f3n inteligentes. La pantalla LCD tambi\u00e9n indica cu\u00e1ndo se ha completado el precalentamiento y comienza autom\u00e1ticamente la cuenta atr\u00e1s del tiempo de cocci\u00f3n para garantizar unos resultados perfectos.<\/p>\n<p><strong>BOMBILLA INCORPORADA<\/strong><br \/>\nLa bombilla integrada se enciende autom\u00e1ticamente al abrir la puerta y al final del ciclo de cocci\u00f3n para permitirle ver el interior del horno. Se puede encender en cualquier momento para controlar el proceso de cocci\u00f3n. Los componentes son reemplazables como los de los hornos est\u00e1ndar.<\/p>\n<p><strong>ESPECIFICACIONES DEL PRODUCTO<\/strong><br \/>\n\u2013 Dimensiones interiores (ancho x fondo x alto): 47 x 37 x 28 cm<br \/>\n\u2013 Garant\u00eda: 2 a\u00f1os de garant\u00eda para reparaci\u00f3n o sustituci\u00f3n<br \/>\n\u2013 Materiales de construcci\u00f3n: Acero inoxidable cepillado<br \/>\n\u2013 Capacidad: 22 l; Capacidad para 6 rebanadas de pan tostado; 1 pizza de 30 cm de di\u00e1metro; 1 pollo entero; 9 moldes para magdalenas<br \/>\n\u2013 Ajustes: 10 funciones preestablecidas: Tostar, hacer bollos, hornear, asar, asar a la parrilla, pizza, fre\u00edr, recalentar, calentar y cocinar a fuego lento<\/p>","protected":false},"excerpt":{"rendered":"<p>10 FUNCIONES DE COCCI\u00d3N INTELIGENTES, INCLUIDA LA FRITURA AL AIRE LIBRE La freidora de aire Smart Oven cuenta con el<\/p>","protected":false},"featured_media":18693,"template":"","meta":[],"product_brand":[],"product_cat":[74],"product_tag":[75],"product_country":[1505],"class_list":{"0":"post-7320","1":"product","2":"type-product","3":"status-publish","4":"has-post-thumbnail","6":"product_cat-kitchen-appliances","7":"product_tag-kitchen-appliances","8":"product_country-spain","10":"first","11":"instock","12":"sale","13":"taxable","14":"shipping-taxable","15":"purchasable","16":"product-type-simple"},"_links":{"self":[{"href":"https:\/\/routinesfashione.com\/fr\/wp-json\/wp\/v2\/product\/7320","targetHints":{"allow":["GET"]}}],"collection":[{"href":"https:\/\/routinesfashione.com\/fr\/wp-json\/wp\/v2\/product"}],"about":[{"href":"https:\/\/routinesfashione.com\/fr\/wp-json\/wp\/v2\/types\/product"}],"wp:featuredmedia":[{"embeddable":true,"href":"https:\/\/routinesfashione.com\/fr\/wp-json\/wp\/v2\/media\/18693"}],"wp:attachment":[{"href":"https:\/\/routinesfashione.com\/fr\/wp-json\/wp\/v2\/media?parent=7320"}],"wp:term":[{"taxonomy":"product_brand","embeddable":true,"href":"https:\/\/routinesfashione.com\/fr\/wp-json\/wp\/v2\/product_brand?post=7320"},{"taxonomy":"product_cat","embeddable":true,"href":"https:\/\/routinesfashione.com\/fr\/wp-json\/wp\/v2\/product_cat?post=7320"},{"taxonomy":"product_tag","embeddable":true,"href":"https:\/\/routinesfashione.com\/fr\/wp-json\/wp\/v2\/product_tag?post=7320"},{"taxonomy":"product_country","embeddable":true,"href":"https:\/\/routinesfashione.com\/fr\/wp-json\/wp\/v2\/product_country?post=7320"}],"curies":[{"name":"wp","href":"https:\/\/api.w.org\/{rel}","templated":true}]}}