{"id":7327,"date":"2025-08-09T11:41:46","date_gmt":"2025-08-09T11:41:46","guid":{"rendered":"https:\/\/lightgray-crow-170497.hostingersite.com\/?post_type=product&#038;p=7327"},"modified":"2025-09-30T21:06:23","modified_gmt":"2025-09-30T21:06:23","slug":"horno-bosch-hbg7241b1","status":"publish","type":"product","link":"https:\/\/routinesfashione.com\/fr\/produit\/horno-bosch-hbg7241b1\/","title":{"rendered":"Horno Bosch HBG7241B1"},"content":{"rendered":"<h1 class=\"a-size-base-plus a-text-bold\">Acerca de este producto<\/h1>\n<ul class=\"a-unordered-list a-vertical a-spacing-mini\">\n<li class=\"a-spacing-mini\"><span class=\"a-list-item\">Cocinar con el Horno Bosch ser\u00e1 tarea f\u00e1cil gracias a su pantalla TFT TouchControl, que proporciona textos e im\u00e1genes a todo color para que lo manejes de forma f\u00e1cil e intuitiva. Solo necesitar\u00e1s un dedo para poner en marcha cualquiera de sus programas.<\/span><\/li>\n<li class=\"a-spacing-mini\"><span class=\"a-list-item\">Cocina #LikeABosch con el Calentamiento 4D Profesional del Horno Multifunci\u00f3n, que distribuye el calor de forma homog\u00e9nea para que puedas hornear simult\u00e1neamente hasta 4 bandejas a la vez. Adem\u00e1s, lo hace de forma silenciosa gracias a la tecnolog\u00eda EcoSilence, que tambi\u00e9n es m\u00e1s eficiente.<\/span><\/li>\n<li class=\"a-spacing-mini\"><span class=\"a-list-item\">Cocina sano con AirFry&#8230; y al aceite di \u201cbye\u201d \u201cbye\u201d. Fr\u00ede alimentos con aire caliente gracias a la Funci\u00f3n AirFry del Horno Bosch. Solo tendr\u00e1s que cortarlos en rodajas muy finas, pulverizarlos con aceite y dejar que el horno haga su funci\u00f3n. Disfruta de un aperitivo rico y saludable.<\/span><\/li>\n<li class=\"a-spacing-mini\"><span class=\"a-list-item\">Descubre un mundo de recetas y de nuevas funcionalidades con Home Connect, la App con la que podr\u00e1s llevar tu Horno a todas partes y sorprender a todos tus invitados.<\/span><\/li>\n<li class=\"a-spacing-mini\"><span class=\"a-list-item\">Las dimensiones del Horno Negro son de 59,5 x 59,4 x 54,8 cent\u00edmetros (alto x ancho x fondo). En cuanto a su cavidad, tiene unas medidas de 35,7 x 48 x 41,5 cent\u00edmetros (alto x ancho x fondo).<\/span><\/li>\n<\/ul>","protected":false},"excerpt":{"rendered":"<p>Acerca de este producto Cocinar con el Horno Bosch ser\u00e1 tarea f\u00e1cil gracias a su pantalla TFT TouchControl, que proporciona<\/p>","protected":false},"featured_media":27192,"template":"","meta":[],"product_brand":[],"product_cat":[74],"product_tag":[75],"product_country":[1505],"class_list":{"0":"post-7327","1":"product","2":"type-product","3":"status-publish","4":"has-post-thumbnail","6":"product_cat-kitchen-appliances","7":"product_tag-kitchen-appliances","8":"product_country-spain","10":"first","11":"instock","12":"sale","13":"taxable","14":"shipping-taxable","15":"purchasable","16":"product-type-simple"},"_links":{"self":[{"href":"https:\/\/routinesfashione.com\/fr\/wp-json\/wp\/v2\/product\/7327","targetHints":{"allow":["GET"]}}],"collection":[{"href":"https:\/\/routinesfashione.com\/fr\/wp-json\/wp\/v2\/product"}],"about":[{"href":"https:\/\/routinesfashione.com\/fr\/wp-json\/wp\/v2\/types\/product"}],"wp:featuredmedia":[{"embeddable":true,"href":"https:\/\/routinesfashione.com\/fr\/wp-json\/wp\/v2\/media\/27192"}],"wp:attachment":[{"href":"https:\/\/routinesfashione.com\/fr\/wp-json\/wp\/v2\/media?parent=7327"}],"wp:term":[{"taxonomy":"product_brand","embeddable":true,"href":"https:\/\/routinesfashione.com\/fr\/wp-json\/wp\/v2\/product_brand?post=7327"},{"taxonomy":"product_cat","embeddable":true,"href":"https:\/\/routinesfashione.com\/fr\/wp-json\/wp\/v2\/product_cat?post=7327"},{"taxonomy":"product_tag","embeddable":true,"href":"https:\/\/routinesfashione.com\/fr\/wp-json\/wp\/v2\/product_tag?post=7327"},{"taxonomy":"product_country","embeddable":true,"href":"https:\/\/routinesfashione.com\/fr\/wp-json\/wp\/v2\/product_country?post=7327"}],"curies":[{"name":"wp","href":"https:\/\/api.w.org\/{rel}","templated":true}]}}