{"id":7373,"date":"2025-08-09T15:08:37","date_gmt":"2025-08-09T15:08:37","guid":{"rendered":"https:\/\/lightgray-crow-170497.hostingersite.com\/?post_type=product&#038;p=7373"},"modified":"2025-09-30T21:06:27","modified_gmt":"2025-09-30T21:06:27","slug":"cobertizo-de-madera-mia-36-m%c2%b2","status":"publish","type":"product","link":"https:\/\/routinesfashione.com\/fr\/produit\/cobertizo-de-madera-mia-36-m%c2%b2\/","title":{"rendered":"Cobertizo de Madera Mia 3,6 m\u00b2"},"content":{"rendered":"<p>Cobertizo modelo Mia 3,6 m<sup>2<\/sup>\u00a0, fabricado\u00a0en madera de Abeto n\u00f3rdico, cubierta a 1 agua y unas dimensiones exteriores de 222x165cm y 210cm(alto). Paneles prefabricados con tarima de 16mm de grosor. Incluye suelo de 16mm. Con doble puerta ciega de 103x166cm(alto), apertura hacia el exterior.<\/p>\n<p>Cortac\u00e9sped, bicicleta, pala y rastrillo \u2026 a veces necesitas un espacio sencillo para guardar cosas como estas. Organice la vida de sus herramientas de jard\u00edn. Aqu\u00ed est\u00e1 nuestra mejor selecci\u00f3n &#8230;<\/p>\n<p>Estos cobertizos son r\u00e1pidos y f\u00e1ciles de instalar, ya que el equipo de casa incluye todos los dibujos y despiece de los elementos de madera que se requieren, de piso a techo, incluyendo puertas, ventanas, etc.<\/p>\n<p>Tenemos todos los modelos de cobertizos en existencias en nuestro almac\u00e9n durante todo el a\u00f1o para ofrecer entregas r\u00e1pidas.<\/p>\n<p>Ofrecemos muchos productos adicionales, adem\u00e1s de las casas, por ejemplo, material para techos, terrazas, contraventanas, jardineras, etc.<\/p>","protected":false},"excerpt":{"rendered":"<p>Cobertizo modelo Mia 3,6 m2\u00a0, fabricado\u00a0en madera de Abeto n\u00f3rdico, cubierta a 1 agua y unas dimensiones exteriores de 222x165cm<\/p>","protected":false},"featured_media":25649,"template":"","meta":[],"product_brand":[],"product_cat":[76],"product_tag":[77],"product_country":[1505],"class_list":{"0":"post-7373","1":"product","2":"type-product","3":"status-publish","4":"has-post-thumbnail","6":"product_cat-shed","7":"product_tag-shed","8":"product_country-spain","10":"first","11":"instock","12":"sale","13":"taxable","14":"shipping-taxable","15":"purchasable","16":"product-type-simple"},"_links":{"self":[{"href":"https:\/\/routinesfashione.com\/fr\/wp-json\/wp\/v2\/product\/7373","targetHints":{"allow":["GET"]}}],"collection":[{"href":"https:\/\/routinesfashione.com\/fr\/wp-json\/wp\/v2\/product"}],"about":[{"href":"https:\/\/routinesfashione.com\/fr\/wp-json\/wp\/v2\/types\/product"}],"wp:featuredmedia":[{"embeddable":true,"href":"https:\/\/routinesfashione.com\/fr\/wp-json\/wp\/v2\/media\/25649"}],"wp:attachment":[{"href":"https:\/\/routinesfashione.com\/fr\/wp-json\/wp\/v2\/media?parent=7373"}],"wp:term":[{"taxonomy":"product_brand","embeddable":true,"href":"https:\/\/routinesfashione.com\/fr\/wp-json\/wp\/v2\/product_brand?post=7373"},{"taxonomy":"product_cat","embeddable":true,"href":"https:\/\/routinesfashione.com\/fr\/wp-json\/wp\/v2\/product_cat?post=7373"},{"taxonomy":"product_tag","embeddable":true,"href":"https:\/\/routinesfashione.com\/fr\/wp-json\/wp\/v2\/product_tag?post=7373"},{"taxonomy":"product_country","embeddable":true,"href":"https:\/\/routinesfashione.com\/fr\/wp-json\/wp\/v2\/product_country?post=7373"}],"curies":[{"name":"wp","href":"https:\/\/api.w.org\/{rel}","templated":true}]}}