{"id":7398,"date":"2025-08-09T15:51:47","date_gmt":"2025-08-09T15:51:47","guid":{"rendered":"https:\/\/lightgray-crow-170497.hostingersite.com\/?post_type=product&#038;p=7398"},"modified":"2025-09-30T21:06:29","modified_gmt":"2025-09-30T21:06:29","slug":"cobertizo-de-jardin-parrojo-acero-galvanizado-gris-118x382x178-cm-decoracion-de-muebles-de-jardin-al-aire-libre","status":"publish","type":"product","link":"https:\/\/routinesfashione.com\/fr\/produit\/cobertizo-de-jardin-parrojo-acero-galvanizado-gris-118x382x178-cm-decoracion-de-muebles-de-jardin-al-aire-libre\/","title":{"rendered":"Cobertizo De Jard\u00edn Parrojo Acero Galvanizado Gris 118x382x178 Cm Decoraci\u00f3n De Muebles De Jard\u00edn Al Aire Libre"},"content":{"rendered":"<div class=\"description\">\n<div class=\"value content text-base\">\n<p>Este cobertizo de jard\u00edn montado en la pared es perfecto para almacenar varios art\u00edculos como herramientas, muebles de jard\u00edn, equipos de jard\u00edn, etc. El cobertizo ofrece protecci\u00f3n contra la suciedad, el polvo y tambi\u00e9n contra el viento y el clima.<\/p>\n<p>Como est\u00e1 construida con acero galvanizado y metal, la casa de almacenamiento requiere un mantenimiento m\u00ednimo y es muy duradera. Las puertas de doble apertura en el frente permiten una f\u00e1cil entrada y salida. El mango de pl\u00e1stico con funci\u00f3n de bloqueo garantiza la seguridad de tu art\u00edculo. Adem\u00e1s, el agua de lluvia se drena autom\u00e1ticamente del techo gracias a su dise\u00f1o inclinado.<\/p>\n<\/div>\n<\/div>\n<div class=\"product-specifications details\">\n<h2 class=\"title text-md font-weight-bold\">Especificaciones<\/h2>\n<div class=\"value content text-base\">\n<ul>\n<li>Color: Gris<\/li>\n<li>Material: Acero galvanizado, metal<\/li>\n<li>Dimensiones totales: 118 x 382 x 160\/178 cm (ancho x profundo x alto)<\/li>\n<li>Dimensiones de la puerta: 99 x 158 cm (ancho x alto)<\/li>\n<li>Dimensiones inferiores: 114,5 x 189 cm (ancho x profundo)<\/li>\n<li>Mango de pl\u00e1stico con funci\u00f3n de bloqueo<\/li>\n<li>Incluye protectores de esquinas de pl\u00e1stico<\/li>\n<li>Requiere montaje: S\u00ed<\/li>\n<li>EAN:8720286513057<\/li>\n<li>SKU:316230<\/li>\n<li>Brand:vidaXL<\/li>\n<\/ul>\n<\/div>\n<\/div>","protected":false},"excerpt":{"rendered":"<p>Este cobertizo de jard\u00edn montado en la pared es perfecto para almacenar varios art\u00edculos como herramientas, muebles de jard\u00edn, equipos<\/p>","protected":false},"featured_media":18755,"template":"","meta":[],"product_brand":[],"product_cat":[76],"product_tag":[77],"product_country":[1505],"class_list":{"0":"post-7398","1":"product","2":"type-product","3":"status-publish","4":"has-post-thumbnail","6":"product_cat-shed","7":"product_tag-shed","8":"product_country-spain","10":"first","11":"instock","12":"sale","13":"taxable","14":"shipping-taxable","15":"purchasable","16":"product-type-simple"},"_links":{"self":[{"href":"https:\/\/routinesfashione.com\/fr\/wp-json\/wp\/v2\/product\/7398","targetHints":{"allow":["GET"]}}],"collection":[{"href":"https:\/\/routinesfashione.com\/fr\/wp-json\/wp\/v2\/product"}],"about":[{"href":"https:\/\/routinesfashione.com\/fr\/wp-json\/wp\/v2\/types\/product"}],"wp:featuredmedia":[{"embeddable":true,"href":"https:\/\/routinesfashione.com\/fr\/wp-json\/wp\/v2\/media\/18755"}],"wp:attachment":[{"href":"https:\/\/routinesfashione.com\/fr\/wp-json\/wp\/v2\/media?parent=7398"}],"wp:term":[{"taxonomy":"product_brand","embeddable":true,"href":"https:\/\/routinesfashione.com\/fr\/wp-json\/wp\/v2\/product_brand?post=7398"},{"taxonomy":"product_cat","embeddable":true,"href":"https:\/\/routinesfashione.com\/fr\/wp-json\/wp\/v2\/product_cat?post=7398"},{"taxonomy":"product_tag","embeddable":true,"href":"https:\/\/routinesfashione.com\/fr\/wp-json\/wp\/v2\/product_tag?post=7398"},{"taxonomy":"product_country","embeddable":true,"href":"https:\/\/routinesfashione.com\/fr\/wp-json\/wp\/v2\/product_country?post=7398"}],"curies":[{"name":"wp","href":"https:\/\/api.w.org\/{rel}","templated":true}]}}