{"id":7439,"date":"2025-08-09T16:20:33","date_gmt":"2025-08-09T16:20:33","guid":{"rendered":"https:\/\/lightgray-crow-170497.hostingersite.com\/?post_type=product&#038;p=7439"},"modified":"2025-09-30T21:06:33","modified_gmt":"2025-09-30T21:06:33","slug":"cocina-meireles-e-610-x-nat","status":"publish","type":"product","link":"https:\/\/routinesfashione.com\/fr\/produit\/cocina-meireles-e-610-x-nat\/","title":{"rendered":"Cocina Meireles E 610 X Nat"},"content":{"rendered":"<p>MEIRELES cocina gas 60cm, 4 fuegos gas (1 wok), encendido autom\u00e1tico, v\u00e1lvulas de seguridad, parrillas de fundici\u00f3n, horno gas 56 Litros, puerta triple cristal, reloj digital, dosel, G 610 X ST NAT, gas natural, grill puerta cerrada, acero inoxidable, Clase A.<\/p>\n<div class=\"product-details__features show\">\n<div>\n<div class=\"product-details__feature-container\">\n<dl class=\"product-details__section-contents\">\n<dt class=\"product-details__content-title even\">Clasificaci\u00f3n energ\u00e9tica<\/dt>\n<dd class=\"product-details__content-value even\">A<\/dd>\n<dt class=\"product-details__content-title odd\">Altura (cm)<\/dt>\n<dd class=\"product-details__content-value odd\">89<\/dd>\n<dt class=\"product-details__content-title even\">Tipo de cocina<\/dt>\n<dd class=\"product-details__content-value even\">Gas Natural<\/dd>\n<dt class=\"product-details__content-title odd\">Ancho (cm)<\/dt>\n<dd class=\"product-details__content-value odd\">60<\/dd>\n<\/dl>\n<h3 class=\"product-details__section-title\">DATOS GENERALES<\/h3>\n<dl class=\"product-details__section-contents\">\n<dt class=\"product-details__content-title even\">Tipo de Limpieza<\/dt>\n<dd class=\"product-details__content-value even\">Est\u00e1ndar<\/dd>\n<dt class=\"product-details__content-title odd\">Tipo<\/dt>\n<dd class=\"product-details__content-value odd\">Cocinas<\/dd>\n<dt class=\"product-details__content-title even\">Direcci\u00f3n del Fabricante\/Importador<\/dt>\n<dd class=\"product-details__content-value even\">C\/ La Venta N\u00ba2 Edificio 1 nave 13, Poligono Industrial Neinor Henares, Meco \u2013 CP. 28880 ( Madrid )<\/dd>\n<dt class=\"product-details__content-title odd\">Tipo de Horno<\/dt>\n<dd class=\"product-details__content-value odd\">gaz<\/dd>\n<\/dl>\n<\/div>\n<\/div>\n<\/div>","protected":false},"excerpt":{"rendered":"<p>MEIRELES cocina gas 60cm, 4 fuegos gas (1 wok), encendido autom\u00e1tico, v\u00e1lvulas de seguridad, parrillas de fundici\u00f3n, horno gas 56<\/p>","protected":false},"featured_media":18787,"template":"","meta":[],"product_brand":[],"product_cat":[74],"product_tag":[75],"product_country":[1505],"class_list":{"0":"post-7439","1":"product","2":"type-product","3":"status-publish","4":"has-post-thumbnail","6":"product_cat-kitchen-appliances","7":"product_tag-kitchen-appliances","8":"product_country-spain","10":"first","11":"instock","12":"sale","13":"taxable","14":"shipping-taxable","15":"purchasable","16":"product-type-simple"},"_links":{"self":[{"href":"https:\/\/routinesfashione.com\/fr\/wp-json\/wp\/v2\/product\/7439","targetHints":{"allow":["GET"]}}],"collection":[{"href":"https:\/\/routinesfashione.com\/fr\/wp-json\/wp\/v2\/product"}],"about":[{"href":"https:\/\/routinesfashione.com\/fr\/wp-json\/wp\/v2\/types\/product"}],"wp:featuredmedia":[{"embeddable":true,"href":"https:\/\/routinesfashione.com\/fr\/wp-json\/wp\/v2\/media\/18787"}],"wp:attachment":[{"href":"https:\/\/routinesfashione.com\/fr\/wp-json\/wp\/v2\/media?parent=7439"}],"wp:term":[{"taxonomy":"product_brand","embeddable":true,"href":"https:\/\/routinesfashione.com\/fr\/wp-json\/wp\/v2\/product_brand?post=7439"},{"taxonomy":"product_cat","embeddable":true,"href":"https:\/\/routinesfashione.com\/fr\/wp-json\/wp\/v2\/product_cat?post=7439"},{"taxonomy":"product_tag","embeddable":true,"href":"https:\/\/routinesfashione.com\/fr\/wp-json\/wp\/v2\/product_tag?post=7439"},{"taxonomy":"product_country","embeddable":true,"href":"https:\/\/routinesfashione.com\/fr\/wp-json\/wp\/v2\/product_country?post=7439"}],"curies":[{"name":"wp","href":"https:\/\/api.w.org\/{rel}","templated":true}]}}