{"id":7448,"date":"2025-09-30T20:11:35","date_gmt":"2025-09-30T20:11:35","guid":{"rendered":"https:\/\/lightgray-crow-170497.hostingersite.com\/?post_type=product&#038;p=7448"},"modified":"2025-09-30T21:06:34","modified_gmt":"2025-09-30T21:06:34","slug":"30-srm-18-rm-buche-getrocknet","status":"publish","type":"product","link":"https:\/\/routinesfashione.com\/fr\/produit\/30-srm-18-rm-buche-getrocknet\/","title":{"rendered":"3,0 SRM (1,8 RM) h\u00eatre s\u00e9ch\u00e9"},"content":{"rendered":"<div class=\"std\">\n<p>3,0 Sch\u00fcttraummeter (1,8 Raummeter gesetzt\/gestapelt) Kaminholz Buche in bester Qualit\u00e4t, kammergetrocknet und ofenfertig.<\/p>\n<p>Erh\u00e4ltliche Holzscheitl\u00e4ngen: ca. 30-33 cm.<\/p>\n<p>3,0 SRM-Box (Innenma\u00dfen: ca. 1,8m3: so kann man leicht die gelieferte Menge selbst nachmessen). Das Scheitholz ist gestapelt \/ ordentlich aufgeschichtet, ohne Zwischenr\u00e4ume, nicht gesch\u00fcttet.<\/p>\n<p>Die Box hat die Au\u00dfenmasse: 1,2m breit \/ 1,2m tief \/ 2,00m hoch.<\/p>\n<p>\u2013 Esche hat einen Heizwert und entwickelt das sch\u00f6nste Flammenbild. Es ist \u00e4hnlich gut geeignet f\u00fcr offene Kamine, da es ebenfalls kaum Funken spritzt. Eschenholz ist hart und z\u00e4h (leicht zu s\u00e4gen aber schwer zu spalten).<br \/> (Source : Wikip\u00e9dia, <a href=\"https:\/\/de.wikipedia.org\/wiki\/Brennholz#Holzarten\">https:\/\/de.wikipedia.org\/wiki\/Brennholz#Holzarten<\/a> ).<\/p>\n<p>Das Kaminholz ist Kammergetrocknet: Das hei\u00dft, das Holz wird durch technische, aber umweltschonende Trocknung auf eine Restfeuchtigkeit unter 20% getrocknet<\/p>\n<\/p>\n<\/div>","protected":false},"excerpt":{"rendered":"<p>\u00a0<\/p>\n<table>\n<tbody>\n<tr>\n<td><img loading=\"lazy\" decoding=\"async\" class=\"alignnone wp-image-1183\" src=\"https:\/\/anreut.de\/wp-content\/uploads\/fire.svg\" alt=\"\" width=\"20\" height=\"20\" \/><\/td>\n<td>Le bois de chauffage est s\u00e9ch\u00e9 au four et pr\u00eat \u00e0 \u00eatre cuit au four<\/td>\n<\/tr>\n<tr>\n<td><img loading=\"lazy\" decoding=\"async\" class=\"alignnone wp-image-1203\" src=\"https:\/\/anreut.de\/wp-content\/uploads\/gewicht.svg\" alt=\"\" width=\"20\" height=\"20\" \/><\/td>\n<td>Nettogewicht: ca. 1000kg<\/td>\n<\/tr>\n<tr>\n<td><img loading=\"lazy\" decoding=\"async\" class=\"alignnone wp-image-1202\" src=\"https:\/\/anreut.de\/wp-content\/uploads\/ruler.svg\" alt=\"\" width=\"20\" height=\"20\" \/><\/td>\n<td>Longueurs de b\u00fbches disponibles : environ 30-33 cm<\/td>\n<\/tr>\n<tr>\n<td><img loading=\"lazy\" decoding=\"async\" class=\"alignnone wp-image-1220\" src=\"https:\/\/anreut.de\/wp-content\/uploads\/cube-with-layers_1609.svg\" alt=\"\" width=\"20\" height=\"20\" \/><\/td>\n<td>Das Scheitholz ist gestapelt \/ ordentlich aufgeschichtet, ohne Zwischenr\u00e4ume, nicht gesch\u00fcttet.<\/td>\n<\/tr>\n<\/tbody>\n<\/table>","protected":false},"featured_media":7449,"template":"","meta":[],"product_brand":[],"product_cat":[15],"product_tag":[],"product_country":[1501],"class_list":{"0":"post-7448","1":"product","2":"type-product","3":"status-publish","4":"has-post-thumbnail","6":"product_cat-non-classe","7":"product_country-germany","9":"first","10":"instock","11":"sale","12":"taxable","13":"shipping-taxable","14":"purchasable","15":"product-type-simple"},"_links":{"self":[{"href":"https:\/\/routinesfashione.com\/fr\/wp-json\/wp\/v2\/product\/7448","targetHints":{"allow":["GET"]}}],"collection":[{"href":"https:\/\/routinesfashione.com\/fr\/wp-json\/wp\/v2\/product"}],"about":[{"href":"https:\/\/routinesfashione.com\/fr\/wp-json\/wp\/v2\/types\/product"}],"wp:featuredmedia":[{"embeddable":true,"href":"https:\/\/routinesfashione.com\/fr\/wp-json\/wp\/v2\/media\/7449"}],"wp:attachment":[{"href":"https:\/\/routinesfashione.com\/fr\/wp-json\/wp\/v2\/media?parent=7448"}],"wp:term":[{"taxonomy":"product_brand","embeddable":true,"href":"https:\/\/routinesfashione.com\/fr\/wp-json\/wp\/v2\/product_brand?post=7448"},{"taxonomy":"product_cat","embeddable":true,"href":"https:\/\/routinesfashione.com\/fr\/wp-json\/wp\/v2\/product_cat?post=7448"},{"taxonomy":"product_tag","embeddable":true,"href":"https:\/\/routinesfashione.com\/fr\/wp-json\/wp\/v2\/product_tag?post=7448"},{"taxonomy":"product_country","embeddable":true,"href":"https:\/\/routinesfashione.com\/fr\/wp-json\/wp\/v2\/product_country?post=7448"}],"curies":[{"name":"wp","href":"https:\/\/api.w.org\/{rel}","templated":true}]}}