{"id":7492,"date":"2025-09-30T20:11:34","date_gmt":"2025-09-30T20:11:34","guid":{"rendered":"https:\/\/lightgray-crow-170497.hostingersite.com\/?post_type=product&#038;p=7492"},"modified":"2025-09-30T21:06:39","modified_gmt":"2025-09-30T21:06:39","slug":"16-srm-1-rm-birke-getrocknet","status":"publish","type":"product","link":"https:\/\/routinesfashione.com\/fr\/produit\/16-srm-1-rm-birke-getrocknet\/","title":{"rendered":"1,6 SRM (1 RM) de bouleau s\u00e9ch\u00e9"},"content":{"rendered":"<div class=\"std\">\n<p>1,6 SRM (1 RM) de bouleau s\u00e9ch\u00e9 :<\/p>\n<p>1,6 m\u00e8tre cube en vrac (1 m\u00e8tre cube en lot \/ empil\u00e9) de bois de chauffage de bouleau de la meilleure qualit\u00e9, s\u00e9ch\u00e9 au four et pr\u00eat \u00e0 cuire au four.<\/p>\n<p>Longueurs de b\u00fbches disponibles : environ 30-33 cm<\/p>\n<p>Caisse SRM de 1,6 m\u00b3 (dimensions int\u00e9rieures\u00a0: environ 1\u00a0m\u00b3, ce qui permet de mesurer facilement la quantit\u00e9 livr\u00e9e). Les b\u00fbches sont empil\u00e9es proprement, sans espace, sans coulures.<\/p>\n<p>La bo\u00eete a les dimensions ext\u00e9rieures : 1,20 m de large \/ 1,20 m de long \/ 1,30 m de haut.<\/p>\n<p>Pourquoi le bouleau est-il appel\u00e9 \u00ab le \u00bb bois de chauffage classique ?<\/p>\n<p class=\"p1\">\u2013 Le bouleau est souvent utilis\u00e9 pour les chemin\u00e9es ouvertes. Le bouleau est le bois de chauffage classique, car il ne produit pas de bulles de r\u00e9sine provoquant des \u00e9tincelles. Outre sa belle flamme (assez brillante, bleut\u00e9e), il d\u00e9gage une odeur tr\u00e8s agr\u00e9able gr\u00e2ce aux huiles essentielles qu&#039;il contient (plut\u00f4t qu&#039;aux substances r\u00e9sineuses). Le bouleau br\u00fble un peu plus vite, mais nettement plus lentement que les conif\u00e8res. <span class=\"s1\">(Source : Wikip\u00e9dia,\u00a0<a title=\"Bois de chauffage WiKi\" href=\"https:\/\/de.wikipedia.org\/wiki\/Brennholz#Holzarten\" target=\"_blank\" rel=\"noopener\"><span class=\"s2\">https:\/\/de.wikipedia.org\/wiki\/Brennholz#Holzarten<\/span><\/a>).<\/span><\/p>\n<p>Le bois de chauffage est<strong>\u00a0S\u00e9ch\u00e9 au four<\/strong>:Cela signifie que le bois est s\u00e9ch\u00e9 par un s\u00e9chage technique mais respectueux de l&#039;environnement jusqu&#039;\u00e0 une teneur en humidit\u00e9 r\u00e9siduelle inf\u00e9rieure \u00e0 20%.<\/p>\n<\/p>\n<\/div>","protected":false},"excerpt":{"rendered":"<table>\n<tbody>\n<tr>\n<td><img loading=\"lazy\" decoding=\"async\" class=\"alignnone wp-image-1183\" src=\"https:\/\/anreut.de\/wp-content\/uploads\/fire.svg\" alt=\"\" width=\"20\" height=\"20\" \/><\/td>\n<td>Le bois de chauffage est s\u00e9ch\u00e9 au four et pr\u00eat \u00e0 \u00eatre cuit au four<\/td>\n<\/tr>\n<tr>\n<td><img loading=\"lazy\" decoding=\"async\" class=\"alignnone wp-image-1203\" src=\"https:\/\/anreut.de\/wp-content\/uploads\/gewicht.svg\" alt=\"\" width=\"20\" height=\"20\" \/><\/td>\n<td>Poids net : environ 500 kg<\/td>\n<\/tr>\n<tr>\n<td><img loading=\"lazy\" decoding=\"async\" class=\"alignnone wp-image-1202\" src=\"https:\/\/anreut.de\/wp-content\/uploads\/ruler.svg\" alt=\"\" width=\"20\" height=\"20\" \/><\/td>\n<td>Longueurs de b\u00fbches disponibles : environ 30-33 cm<\/td>\n<\/tr>\n<tr>\n<td><img loading=\"lazy\" decoding=\"async\" class=\"alignnone wp-image-1220\" src=\"https:\/\/anreut.de\/wp-content\/uploads\/cube-with-layers_1609.svg\" alt=\"\" width=\"20\" height=\"20\" \/><\/td>\n<td>Les b\u00fbches sont empil\u00e9es \/ soigneusement empil\u00e9es<\/td>\n<\/tr>\n<\/tbody>\n<\/table>\n<p>Prix au kg : 0,45 \u20ac<\/p>","protected":false},"featured_media":7493,"template":"","meta":[],"product_brand":[],"product_cat":[15],"product_tag":[],"product_country":[1501],"class_list":{"0":"post-7492","1":"product","2":"type-product","3":"status-publish","4":"has-post-thumbnail","6":"product_cat-non-classe","7":"product_country-germany","9":"first","10":"instock","11":"sale","12":"taxable","13":"shipping-taxable","14":"purchasable","15":"product-type-simple"},"_links":{"self":[{"href":"https:\/\/routinesfashione.com\/fr\/wp-json\/wp\/v2\/product\/7492","targetHints":{"allow":["GET"]}}],"collection":[{"href":"https:\/\/routinesfashione.com\/fr\/wp-json\/wp\/v2\/product"}],"about":[{"href":"https:\/\/routinesfashione.com\/fr\/wp-json\/wp\/v2\/types\/product"}],"wp:featuredmedia":[{"embeddable":true,"href":"https:\/\/routinesfashione.com\/fr\/wp-json\/wp\/v2\/media\/7493"}],"wp:attachment":[{"href":"https:\/\/routinesfashione.com\/fr\/wp-json\/wp\/v2\/media?parent=7492"}],"wp:term":[{"taxonomy":"product_brand","embeddable":true,"href":"https:\/\/routinesfashione.com\/fr\/wp-json\/wp\/v2\/product_brand?post=7492"},{"taxonomy":"product_cat","embeddable":true,"href":"https:\/\/routinesfashione.com\/fr\/wp-json\/wp\/v2\/product_cat?post=7492"},{"taxonomy":"product_tag","embeddable":true,"href":"https:\/\/routinesfashione.com\/fr\/wp-json\/wp\/v2\/product_tag?post=7492"},{"taxonomy":"product_country","embeddable":true,"href":"https:\/\/routinesfashione.com\/fr\/wp-json\/wp\/v2\/product_country?post=7492"}],"curies":[{"name":"wp","href":"https:\/\/api.w.org\/{rel}","templated":true}]}}