{"id":7497,"date":"2025-08-09T16:53:26","date_gmt":"2025-08-09T16:53:26","guid":{"rendered":"https:\/\/lightgray-crow-170497.hostingersite.com\/?post_type=product&#038;p=7497"},"modified":"2025-09-30T21:06:39","modified_gmt":"2025-09-30T21:06:39","slug":"outsunny-cobertizo-de-jardin-340x386x200-cm","status":"publish","type":"product","link":"https:\/\/routinesfashione.com\/fr\/produit\/outsunny-cobertizo-de-jardin-340x386x200-cm\/","title":{"rendered":"Cobertizo de Jard\u00edn 340x386x200 cm 12,27 m\u00b2 Caseta Exterior de Acero para Almacenamiento de Herramientas con Puertas Correderas y Ventilaciones"},"content":{"rendered":"<div class=\"bg-white-main\">\n<ul class=\"ml-2 pl-3 mb-0 list-outside list-disc not-prose marker:text-metro-blue-tint-20 !ml-0\">\n<li class=\"text-base my-0 ml-[5px] pl-0 leading-6 !text-blue-shade-60 text-metro-blue-tint-20\" data-testid=\"artificial-highlights\">:\u00a0200 cm x 386 cm x 340 cm<\/li>\n<li class=\"text-base my-0 ml-[5px] pl-0 leading-6 !text-blue-shade-60 text-metro-blue-tint-20\" data-testid=\"artificial-highlights\">Dimensiones del empaque (A x A x P):\u00a013 cm x 53 cm x 186 cm<\/li>\n<li class=\"text-base my-0 ml-[5px] pl-0 leading-6 !text-blue-shade-60 text-metro-blue-tint-20\" data-testid=\"artificial-highlights\">Peso del producto:\u00a0114.5\u00a0kg<\/li>\n<li class=\"text-base my-0 ml-[5px] pl-0 leading-6 !text-blue-shade-60 text-metro-blue-tint-20\" data-testid=\"artificial-highlights\">Peso, incluido embalaje:\u00a0132.5\u00a0kg<\/li>\n<li class=\"text-base my-0 ml-[5px] pl-0 leading-6 !text-blue-shade-60 text-metro-blue-tint-20\" data-testid=\"artificial-highlights\">Pa\u00eds de fabricaci\u00f3n:\u00a0China<\/li>\n<\/ul>\n<\/div>\n<div class=\"!prose !text-primary-main !text-[14px] text-ellipsis mt-2\">\n<p>Si buscas una caseta de jard\u00edn con suelo de grandes dimensiones, esta de Outsunny te gustar\u00e1. Ideal para tener tus herramientas de jard\u00edn, bicicletas y otros elementos ordenados. Hecho de acero galvanizado, lleva una base de refuerzo para que puedas colocar algunos de tus art\u00edculos encima y no entren en contacto directo con el suelo. Su techo inclinado evita que el agua se estanque y propicie la oxidaci\u00f3n. Su gran tama\u00f1o lo convierte en el espacio ideal para usar c\u00f3mo caseta de obras.<\/p>\n<p><b>Caracter\u00edsticas:<\/b><\/p>\n<ul>\n<li style=\"list-style-type: none;\">\n<ul>\n<li>Gran espacio de almacenaje para herramientas, equipamiento de jardiner\u00eda y m\u00e1s<\/li>\n<li>Hecho de acero galvanizado con recubrimiento adecuado para estar a la intemperie<\/li>\n<li>Doble puerta corredera para un acceso f\u00e1cil<\/li>\n<li>Techo inclinado para evitar el encharcamiento de agua<\/li>\n<li>4 rejillas de ventilaci\u00f3n proporcionan una \u00f3ptima ventilaci\u00f3n, evitando la acumulaci\u00f3n de moho<\/li>\n<li>Base incluida (suelo no incluido), con todas las partes pre cortadas y pre taladradas<\/li>\n<li>Se recomienda el uso de guantes para su instalaci\u00f3n<\/li>\n<li>Se requiere montaje<\/li>\n<\/ul>\n<\/li>\n<\/ul>\n<p><b>Especificaci\u00f3n:<\/b><\/p>\n<ul>\n<li style=\"list-style-type: none;\">\n<ul>\n<li style=\"list-style-type: none;\">\n<ul>\n<li>Color: verde<\/li>\n<li>Material: acero galvanizado y PP<\/li>\n<li>Medidas totales: 340x386x200 cm (LxANxAL)<\/li>\n<li>Medidas de la puerta: 138&#215;152 cm (LxAL)<\/li>\n<li>Altura superior: 200 cm<\/li>\n<li>Altura del alero: 155 cm<\/li>\n<li>Medidas interiores: 330&#215;372 cm (LxAN)<\/li>\n<li>Superficie \u00fatil: 12,27 m\u00b2<\/li>\n<li>Referencia: 845-031V01GN<\/li>\n<\/ul>\n<\/li>\n<\/ul>\n<p>Importante: Este producto se env\u00eda por separado en diferentes cajas, por lo tanto, el tiempo de entrega puede ser distinto en cada una. Cantidad de caja: 5<\/li>\n<\/ul>\n<ul>\n<li>1 x Caseta de jard\u00edn<\/li>\n<li>1 x Manual de instrucciones<\/li>\n<\/ul>\n<\/div>","protected":false},"excerpt":{"rendered":"<p>:\u00a0200 cm x 386 cm x 340 cm Dimensiones del empaque (A x A x P):\u00a013 cm x 53 cm<\/p>","protected":false},"featured_media":18844,"template":"","meta":[],"product_brand":[],"product_cat":[76],"product_tag":[77],"product_country":[1505],"class_list":{"0":"post-7497","1":"product","2":"type-product","3":"status-publish","4":"has-post-thumbnail","6":"product_cat-shed","7":"product_tag-shed","8":"product_country-spain","10":"first","11":"instock","12":"sale","13":"taxable","14":"shipping-taxable","15":"purchasable","16":"product-type-simple"},"_links":{"self":[{"href":"https:\/\/routinesfashione.com\/fr\/wp-json\/wp\/v2\/product\/7497","targetHints":{"allow":["GET"]}}],"collection":[{"href":"https:\/\/routinesfashione.com\/fr\/wp-json\/wp\/v2\/product"}],"about":[{"href":"https:\/\/routinesfashione.com\/fr\/wp-json\/wp\/v2\/types\/product"}],"wp:featuredmedia":[{"embeddable":true,"href":"https:\/\/routinesfashione.com\/fr\/wp-json\/wp\/v2\/media\/18844"}],"wp:attachment":[{"href":"https:\/\/routinesfashione.com\/fr\/wp-json\/wp\/v2\/media?parent=7497"}],"wp:term":[{"taxonomy":"product_brand","embeddable":true,"href":"https:\/\/routinesfashione.com\/fr\/wp-json\/wp\/v2\/product_brand?post=7497"},{"taxonomy":"product_cat","embeddable":true,"href":"https:\/\/routinesfashione.com\/fr\/wp-json\/wp\/v2\/product_cat?post=7497"},{"taxonomy":"product_tag","embeddable":true,"href":"https:\/\/routinesfashione.com\/fr\/wp-json\/wp\/v2\/product_tag?post=7497"},{"taxonomy":"product_country","embeddable":true,"href":"https:\/\/routinesfashione.com\/fr\/wp-json\/wp\/v2\/product_country?post=7497"}],"curies":[{"name":"wp","href":"https:\/\/api.w.org\/{rel}","templated":true}]}}