{"id":7535,"date":"2025-08-09T17:10:19","date_gmt":"2025-08-09T17:10:19","guid":{"rendered":"https:\/\/lightgray-crow-170497.hostingersite.com\/?post_type=product&#038;p=7535"},"modified":"2025-09-30T21:06:42","modified_gmt":"2025-09-30T21:06:42","slug":"caseta-de-jardin-de-acero-galvanizado-verde-192x523x223-cm-cobertizos","status":"publish","type":"product","link":"https:\/\/routinesfashione.com\/fr\/produit\/caseta-de-jardin-de-acero-galvanizado-verde-192x523x223-cm-cobertizos\/","title":{"rendered":"Caseta de jard\u00edn de acero galvanizado verde 192x523x223 cm &#8211; Cobertizos"},"content":{"rendered":"<div class=\"description\">\n<div class=\"value content text-base\">\n<p>Este imprescindible cobertizo de jard\u00edn es una excelente soluci\u00f3n de almacenaje exterior para art\u00edculos tales como herramientas de jard\u00edn, cosas de la piscina y equipamientos similares.<\/p>\n<ul>\n<li>Material duradero: La caseta de herramientas de jard\u00edn est\u00e1 hecha de acero galvanizado, que es duradero y no se corroe ni se ve afectado por las condiciones clim\u00e1ticas adversas.<\/li>\n<li>Amplio espacio de almacenamiento: La caseta de almacenamiento de herramientas es sorprendentemente espaciosa para guardar una gran variedad de herramientas, muebles de jard\u00edn y equipos.<\/li>\n<li>Dise\u00f1o pr\u00e1ctico: Esta caseta de almacenamiento tiene rejillas de ventilaci\u00f3n tanto en la parte delantera como en la trasera, lo que garantiza una excelente ventilaci\u00f3n. Sus dobles puertas correderas permiten una f\u00e1cil entrada y salida.<\/li>\n<\/ul>\n<p>Usar:<\/p>\n<ul>\n<li>Cada producto viene con un manual de montaje en la caja para facilitar el montaje.<\/li>\n<\/ul>\n<\/div>\n<\/div>\n<div class=\"product-specifications details\">\n<h2 class=\"title text-md font-weight-bold\">Especificaciones<\/h2>\n<div class=\"value content text-base\">\n<ul>\n<li>Color: Verde<\/li>\n<li>Material: Acero galvanizado<\/li>\n<li>Dimensiones totales: 192 x 523 x 223 cm (largo x ancho x alto)<\/li>\n<li>Dimensiones de la puerta: 80 x 194 cm (largo x alto)<\/li>\n<li>EAN:8720845581916<\/li>\n<li>SKU:3147431<\/li>\n<li>Marca: vidaXL<\/li>\n<\/ul>\n<\/div>\n<\/div>","protected":false},"excerpt":{"rendered":"<p>Este imprescindible cobertizo de jard\u00edn es una excelente soluci\u00f3n de almacenaje exterior para art\u00edculos tales como herramientas de jard\u00edn, cosas<\/p>","protected":false},"featured_media":18870,"template":"","meta":[],"product_brand":[],"product_cat":[76],"product_tag":[77],"product_country":[1505],"class_list":{"0":"post-7535","1":"product","2":"type-product","3":"status-publish","4":"has-post-thumbnail","6":"product_cat-shed","7":"product_tag-shed","8":"product_country-spain","10":"first","11":"instock","12":"sale","13":"taxable","14":"shipping-taxable","15":"purchasable","16":"product-type-simple"},"_links":{"self":[{"href":"https:\/\/routinesfashione.com\/fr\/wp-json\/wp\/v2\/product\/7535","targetHints":{"allow":["GET"]}}],"collection":[{"href":"https:\/\/routinesfashione.com\/fr\/wp-json\/wp\/v2\/product"}],"about":[{"href":"https:\/\/routinesfashione.com\/fr\/wp-json\/wp\/v2\/types\/product"}],"wp:featuredmedia":[{"embeddable":true,"href":"https:\/\/routinesfashione.com\/fr\/wp-json\/wp\/v2\/media\/18870"}],"wp:attachment":[{"href":"https:\/\/routinesfashione.com\/fr\/wp-json\/wp\/v2\/media?parent=7535"}],"wp:term":[{"taxonomy":"product_brand","embeddable":true,"href":"https:\/\/routinesfashione.com\/fr\/wp-json\/wp\/v2\/product_brand?post=7535"},{"taxonomy":"product_cat","embeddable":true,"href":"https:\/\/routinesfashione.com\/fr\/wp-json\/wp\/v2\/product_cat?post=7535"},{"taxonomy":"product_tag","embeddable":true,"href":"https:\/\/routinesfashione.com\/fr\/wp-json\/wp\/v2\/product_tag?post=7535"},{"taxonomy":"product_country","embeddable":true,"href":"https:\/\/routinesfashione.com\/fr\/wp-json\/wp\/v2\/product_country?post=7535"}],"curies":[{"name":"wp","href":"https:\/\/api.w.org\/{rel}","templated":true}]}}