{"id":7588,"date":"2025-08-09T17:30:11","date_gmt":"2025-08-09T17:30:11","guid":{"rendered":"https:\/\/lightgray-crow-170497.hostingersite.com\/?post_type=product&#038;p=7588"},"modified":"2025-09-30T21:06:45","modified_gmt":"2025-09-30T21:06:45","slug":"timbela-cobertizo-de-madera-con-pared-lateral","status":"publish","type":"product","link":"https:\/\/routinesfashione.com\/fr\/produit\/timbela-cobertizo-de-madera-con-pared-lateral\/","title":{"rendered":"Timbela Cobertizo de madera con PARED LATERAL"},"content":{"rendered":"<h1 class=\"a-size-base-plus a-text-bold\">Acerca de este producto<\/h1>\n<ul class=\"a-unordered-list a-vertical a-spacing-mini\">\n<li class=\"a-spacing-mini\"><span class=\"a-list-item\">COBERTIZO DE MADERA GRANDE. Generoso tama\u00f1o para caminar en este dep\u00f3sito con 10.2m2 de \u00e1rea interna y un techo de 183 &#8211; 244 cm de altura. Suficiente espacio para almacenar herramientas, bicicletas, juguetes y cortadoras de c\u00e9sped. Organiza tu jard\u00edn y disfruta de tus espacios exteriores m\u00e1s que nunca.<\/span><\/li>\n<li class=\"a-spacing-mini\"><span class=\"a-list-item\">TECHOS IMPERMEABLES. Gracias a su durable fieltro de techo, tu bodega de jard\u00edn proporciona protecci\u00f3n de los elementos, manteniendo tus pertenencias secas. Para extra seguridad, viene completo con un perno de bloqueo de puerta.<\/span><\/li>\n<li class=\"a-spacing-mini\"><span class=\"a-list-item\">PERFECTA COMO CASA DE VERANO. Gracias a la doble puerta y a las ventanas de plexigl\u00e1s que dan mucha luz natural, hacen de esta caba\u00f1a de jard\u00edn una impresionante casa de jard\u00edn de verano. Tu parrilla y muebles de exterior y piscina pueden ser r\u00e1pidamente accesibles para los calurosos d\u00edas de verano.<\/span><\/li>\n<li class=\"a-spacing-mini\"><span class=\"a-list-item\">BODEGA DE JARD\u00cdN CON CERROJO. Con madera natural certificada. Somos el fabricante- ofrecemos la garant\u00eda, respondemos las consultas, resolvemos cualquier problema. Nadie conoce estos cobertizos de jard\u00edn mejor que nosotros.<\/span><\/li>\n<li class=\"a-spacing-mini\"><span class=\"a-list-item\">ROBUSTOS PANELES DE REVESTIMIENTO. Revestimiento de madera de abeto y pino de alta calidad traslapado con paneles de 17mm de espesor. Este cobertizo est\u00e1 dise\u00f1ado para durar y viene con una garant\u00eda de fabricante de 2 a\u00f1os. Con el cuidado y mantenimiento adecuados, ofrecer\u00e1 una vida de uso. (*Debido a las propiedades naturales de la madera, el tama\u00f1o puede variar de 1 a 2 mm.)<\/span><\/li>\n<\/ul>\n<table class=\"a-normal a-spacing-micro\">\n<tbody>\n<tr class=\"a-spacing-small po-brand\">\n<td class=\"a-span3\"><span class=\"a-size-base a-text-bold\">Marca<\/span><\/td>\n<td class=\"a-span9\"><span class=\"a-size-base po-break-word\">TIMBELA<\/span><\/td>\n<\/tr>\n<tr class=\"a-spacing-small po-color\">\n<td class=\"a-span3\"><span class=\"a-size-base a-text-bold\">Couleur<\/span><\/td>\n<td class=\"a-span9\"><span class=\"a-size-base po-break-word\">Marr\u00f3n (posiblemente natural de pino o abeto n\u00f3rdico)<\/span><\/td>\n<\/tr>\n<tr class=\"a-spacing-small po-material\">\n<td class=\"a-span3\"><span class=\"a-size-base a-text-bold\">mat\u00e9riel<\/span><\/td>\n<td class=\"a-span9\"><span class=\"a-size-base po-break-word\">Madera, Pino<\/span><\/td>\n<\/tr>\n<tr class=\"a-spacing-small po-item_depth_width_height\">\n<td class=\"a-span3\"><span class=\"a-size-base a-text-bold\">Dimensiones del producto<\/span><\/td>\n<td class=\"a-span9\"><span class=\"a-size-base po-break-word\">0,21f. x 2,18an. x 2,18al. metros<\/span><\/td>\n<\/tr>\n<tr class=\"a-spacing-small po-style\">\n<td class=\"a-span3\"><span class=\"a-size-base a-text-bold\">Estilo<\/span><\/td>\n<td class=\"a-span9\"><span class=\"a-size-base po-break-word\">Durable<\/span><\/td>\n<\/tr>\n<tr class=\"a-spacing-small po-base.material\">\n<td class=\"a-span3\"><span class=\"a-size-base a-text-bold\">Material de la base<\/span><\/td>\n<td class=\"a-span9\"><span class=\"a-size-base po-break-word\">Madera<\/span><\/td>\n<\/tr>\n<tr class=\"a-spacing-small po-top.material\">\n<td class=\"a-span3\"><span class=\"a-size-base a-text-bold\">Tipo de material de la parte superior<\/span><\/td>\n<td class=\"a-span9\"><span class=\"a-size-base po-break-word\">Madera<\/span><\/td>\n<\/tr>\n<tr class=\"a-spacing-small po-water_resistance_level\">\n<td class=\"a-span3\"><span class=\"a-size-base a-text-bold\">Nivel de resistencia al agua<\/span><\/td>\n<td class=\"a-span9\"><span class=\"a-size-base po-break-word\">A prueba de agua<\/span><\/td>\n<\/tr>\n<tr class=\"a-spacing-small po-chamber.height\">\n<td class=\"a-span3\"><span class=\"a-size-base a-text-bold\">Altura de la c\u00e1mara<\/span><\/td>\n<td class=\"a-span9\"><span class=\"a-size-base po-break-word\">244 Cent\u00edmetros<\/span><\/td>\n<\/tr>\n<tr class=\"a-spacing-small po-frame.material\">\n<td class=\"a-span3\"><span class=\"a-size-base a-text-bold\">Material del marco<\/span><\/td>\n<td class=\"a-span9\"><span class=\"a-size-base po-break-word\">Pino<\/span><\/td>\n<\/tr>\n<\/tbody>\n<\/table>","protected":false},"excerpt":{"rendered":"<p>Acerca de este producto COBERTIZO DE MADERA GRANDE. Generoso tama\u00f1o para caminar en este dep\u00f3sito con 10.2m2 de \u00e1rea interna<\/p>","protected":false},"featured_media":18900,"template":"","meta":[],"product_brand":[],"product_cat":[76],"product_tag":[77],"product_country":[1505],"class_list":{"0":"post-7588","1":"product","2":"type-product","3":"status-publish","4":"has-post-thumbnail","6":"product_cat-shed","7":"product_tag-shed","8":"product_country-spain","10":"first","11":"instock","12":"sale","13":"taxable","14":"shipping-taxable","15":"purchasable","16":"product-type-simple"},"_links":{"self":[{"href":"https:\/\/routinesfashione.com\/fr\/wp-json\/wp\/v2\/product\/7588","targetHints":{"allow":["GET"]}}],"collection":[{"href":"https:\/\/routinesfashione.com\/fr\/wp-json\/wp\/v2\/product"}],"about":[{"href":"https:\/\/routinesfashione.com\/fr\/wp-json\/wp\/v2\/types\/product"}],"wp:featuredmedia":[{"embeddable":true,"href":"https:\/\/routinesfashione.com\/fr\/wp-json\/wp\/v2\/media\/18900"}],"wp:attachment":[{"href":"https:\/\/routinesfashione.com\/fr\/wp-json\/wp\/v2\/media?parent=7588"}],"wp:term":[{"taxonomy":"product_brand","embeddable":true,"href":"https:\/\/routinesfashione.com\/fr\/wp-json\/wp\/v2\/product_brand?post=7588"},{"taxonomy":"product_cat","embeddable":true,"href":"https:\/\/routinesfashione.com\/fr\/wp-json\/wp\/v2\/product_cat?post=7588"},{"taxonomy":"product_tag","embeddable":true,"href":"https:\/\/routinesfashione.com\/fr\/wp-json\/wp\/v2\/product_tag?post=7588"},{"taxonomy":"product_country","embeddable":true,"href":"https:\/\/routinesfashione.com\/fr\/wp-json\/wp\/v2\/product_country?post=7588"}],"curies":[{"name":"wp","href":"https:\/\/api.w.org\/{rel}","templated":true}]}}