{"id":7594,"date":"2025-08-09T17:35:55","date_gmt":"2025-08-09T17:35:55","guid":{"rendered":"https:\/\/lightgray-crow-170497.hostingersite.com\/?post_type=product&#038;p=7594"},"modified":"2025-09-30T21:06:46","modified_gmt":"2025-09-30T21:06:46","slug":"palmako-caseta-de-madera-leif-16-mm","status":"publish","type":"product","link":"https:\/\/routinesfashione.com\/fr\/produit\/palmako-caseta-de-madera-leif-16-mm\/","title":{"rendered":"Casa de madera de palmera Leif 16 mm"},"content":{"rendered":"<p>Uno de nuestros productos m\u00e1s funcionales es el\u00a0<strong>cobertizo de madera<\/strong>\u00a0Jane o Leif 2, pr\u00e1ctico para todo tipo de almacenaje. Cuenta con unas\u00a0<strong>medidas de cubierta 189 x 186 cm<\/strong>. Dispone de una\u00a0<strong>puerta de doble hoja media de 102 x 182cm<\/strong>.<\/p>\n<p>Fabricada con madera de abeto N\u00f3rdico, su construcci\u00f3n se compone\u00a0de elementos de pared prefabricados junto con tablas s\u00f3lidas de tejado y techo ambos de 16 mm de espesor.<\/p>\n<p>El cobertizo de jard\u00edn incluye el kit de auto-montaje con todos aquellos elementos necesarios para su instalaci\u00f3n y utilizaci\u00f3n. Con 5 a\u00f1os de garant\u00eda.<\/p>\n<p>&nbsp;<\/p>\n<ul>\n<li><strong>IVA.<\/strong><\/li>\n<li><strong>Transporte<\/strong>\u00a0<strong>peninsular<\/strong>. (Entrega gratuita a pie de cami\u00f3n)<\/li>\n<li><strong>Suelo incluido.<\/strong><\/li>\n<li><strong>No incluye tela asf\u00e1ltica<\/strong>\u00a0(Seleccione su opci\u00f3n en Accesorios).<\/li>\n<\/ul>","protected":false},"excerpt":{"rendered":"<p>Uno de nuestros productos m\u00e1s funcionales es el\u00a0cobertizo de madera\u00a0Jane o Leif 2, pr\u00e1ctico para todo tipo de almacenaje. Cuenta<\/p>","protected":false},"featured_media":18904,"template":"","meta":[],"product_brand":[],"product_cat":[76],"product_tag":[77],"product_country":[1505],"class_list":{"0":"post-7594","1":"product","2":"type-product","3":"status-publish","4":"has-post-thumbnail","6":"product_cat-shed","7":"product_tag-shed","8":"product_country-spain","10":"first","11":"instock","12":"sale","13":"taxable","14":"shipping-taxable","15":"purchasable","16":"product-type-simple"},"_links":{"self":[{"href":"https:\/\/routinesfashione.com\/fr\/wp-json\/wp\/v2\/product\/7594","targetHints":{"allow":["GET"]}}],"collection":[{"href":"https:\/\/routinesfashione.com\/fr\/wp-json\/wp\/v2\/product"}],"about":[{"href":"https:\/\/routinesfashione.com\/fr\/wp-json\/wp\/v2\/types\/product"}],"wp:featuredmedia":[{"embeddable":true,"href":"https:\/\/routinesfashione.com\/fr\/wp-json\/wp\/v2\/media\/18904"}],"wp:attachment":[{"href":"https:\/\/routinesfashione.com\/fr\/wp-json\/wp\/v2\/media?parent=7594"}],"wp:term":[{"taxonomy":"product_brand","embeddable":true,"href":"https:\/\/routinesfashione.com\/fr\/wp-json\/wp\/v2\/product_brand?post=7594"},{"taxonomy":"product_cat","embeddable":true,"href":"https:\/\/routinesfashione.com\/fr\/wp-json\/wp\/v2\/product_cat?post=7594"},{"taxonomy":"product_tag","embeddable":true,"href":"https:\/\/routinesfashione.com\/fr\/wp-json\/wp\/v2\/product_tag?post=7594"},{"taxonomy":"product_country","embeddable":true,"href":"https:\/\/routinesfashione.com\/fr\/wp-json\/wp\/v2\/product_country?post=7594"}],"curies":[{"name":"wp","href":"https:\/\/api.w.org\/{rel}","templated":true}]}}