{"id":760,"date":"2025-09-30T20:13:45","date_gmt":"2025-09-30T20:13:45","guid":{"rendered":"https:\/\/lightgray-crow-170497.hostingersite.com\/?post_type=product&#038;p=760"},"modified":"2025-09-30T21:01:45","modified_gmt":"2025-09-30T21:01:45","slug":"bezzera-bz10","status":"publish","type":"product","link":"https:\/\/routinesfashione.com\/fr\/produit\/bezzera-bz10\/","title":{"rendered":"Bezzera BZ10"},"content":{"rendered":"<div class=\"product-detail-description-text\">\n<h2>Machine \u00e0 expresso Bezzera BZ10, acier inoxydable<\/h2>\n<p>La machine \u00e0 porte-filtre est une machine \u00e0 double circuit avec des circuits d&#039;eau s\u00e9par\u00e9s, permettant de pr\u00e9parer simultan\u00e9ment un expresso et de faire mousser du lait pour un d\u00e9licieux cappuccino, par exemple. Gr\u00e2ce \u00e0 ses composants performants, la machine \u00e0 expresso chauffe rapidement et affiche des param\u00e8tres importants tels que la pr\u00e9paration et la pression de la chaudi\u00e8re gr\u00e2ce \u00e0 un double manom\u00e8tre. Le r\u00e9chauffeur sp\u00e9cial du groupe de pr\u00e9paration, la chaudi\u00e8re en cuivre de 1,5 litre avec \u00e9changeur de chaleur et d&#039;autres composants assurent une temp\u00e9rature de pr\u00e9paration stable et un expresso d\u00e9licieux. La buse vapeur permet de g\u00e9n\u00e9rer la quantit\u00e9 de vapeur n\u00e9cessaire pour faire mousser le lait et de distribuer de l&#039;eau chaude pour le th\u00e9, par exemple.<\/p>\n<h3>La machine \u00e0 expresso Bezzera BZ10 \u2013 un vrai classique !<\/h3>\n<ul>\n<li>Porte-filtre et machine \u00e0 expresso avec bo\u00eetier en acier inoxydable<\/li>\n<li>Interrupteurs \u00e0 bascule et voyants LED<\/li>\n<li>Pompe : pompe vibrante ULKA 15 bar<\/li>\n<li>Manom\u00e8tre double : manom\u00e8tre chaudi\u00e8re et pompe 16 bar<\/li>\n<li>Groupe de brassage chauff\u00e9 \u00e9lectriquement<\/li>\n<li>Alimentation de la lance \u00e0 vapeur (2 trous) par vanne basculante ou roue rotative<\/li>\n<li>y compris l&#039;approvisionnement en eau chaude<\/li>\n<li>Bouilloire en cuivre : 1,5 l<\/li>\n<li>r\u00e9servoir d&#039;eau amovible (capacit\u00e9 : 3 litres)<\/li>\n<li>Arr\u00eat automatique lorsque le niveau d&#039;eau est bas<\/li>\n<li>Bo\u00eetier en acier inoxydable mat AISI 304<\/li>\n<\/ul>\n<h3>Toujours bien inform\u00e9 \u2013 Les \u00e9crans du Bezzera BZ10<\/h3>\n<p>Pr\u00e9parer un bon expresso n\u00e9cessite des composants de haute qualit\u00e9 qui fournissent la pression id\u00e9ale. Le double manom\u00e8tre vous permet de contr\u00f4ler en permanence la chaudi\u00e8re et la pression d&#039;infusion. Les indicateurs indiquent quand la machine \u00e0 porte-filtre est pr\u00eate \u00e0 l&#039;emploi, si la mouture est correcte et vous rappellent quand un d\u00e9tartrage est n\u00e9cessaire. Si le r\u00e9servoir d&#039;eau amovible (capacit\u00e9\u00a0: 3\u00a0litres) est trop faible, la machine s&#039;\u00e9teint automatiquement.<\/p>\n<h3>Mod\u00e8le d&#039;entr\u00e9e de gamme populaire, machine \u00e0 expresso robuste \u2013 Bezzera BZ10<\/h3>\n<p>Une excellente machine \u00e0 double circuit d&#039;entr\u00e9e de gamme dot\u00e9e de toutes les fonctionnalit\u00e9s essentielles, avec expresso et vapeur simultan\u00e9s pour faire mousser le lait. Avec son design classique en acier inoxydable et son format compact, elle est id\u00e9ale pour votre cuisine. Tout le n\u00e9cessaire pour un expresso est inclus\u00a0: 1 porte-filtre \u00e0 2 becs verseurs (58\u00a0mm), 2 filtres (7 et 14\u00a0g), un filtre borgne pour le nettoyage, 1 tamper en plastique et une brosse de nettoyage.<\/p>\n<\/p>\n<\/div>","protected":false},"excerpt":{"rendered":"<ul>\n<li>Dimensions : (L x H x P) 25 \u00d7 37,5 \u00d7 42,5 cm (250 x 375 x 425 mm)<\/li>\n<li>Poids de l&#039;appareil : 19 kg<\/li>\n<li>Puissance : 1500 watts<\/li>\n<li>Tension : 230 volts<\/li>\n<li>Avec prise d&#039;alimentation<\/li>\n<\/ul>","protected":false},"featured_media":761,"template":"","meta":[],"product_brand":[],"product_cat":[29],"product_tag":[],"product_country":[1501],"class_list":{"0":"post-760","1":"product","2":"type-product","3":"status-publish","4":"has-post-thumbnail","6":"product_cat-espressomaschinen","7":"product_country-germany","9":"first","10":"instock","11":"sale","12":"taxable","13":"shipping-taxable","14":"purchasable","15":"product-type-simple"},"_links":{"self":[{"href":"https:\/\/routinesfashione.com\/fr\/wp-json\/wp\/v2\/product\/760","targetHints":{"allow":["GET"]}}],"collection":[{"href":"https:\/\/routinesfashione.com\/fr\/wp-json\/wp\/v2\/product"}],"about":[{"href":"https:\/\/routinesfashione.com\/fr\/wp-json\/wp\/v2\/types\/product"}],"wp:featuredmedia":[{"embeddable":true,"href":"https:\/\/routinesfashione.com\/fr\/wp-json\/wp\/v2\/media\/761"}],"wp:attachment":[{"href":"https:\/\/routinesfashione.com\/fr\/wp-json\/wp\/v2\/media?parent=760"}],"wp:term":[{"taxonomy":"product_brand","embeddable":true,"href":"https:\/\/routinesfashione.com\/fr\/wp-json\/wp\/v2\/product_brand?post=760"},{"taxonomy":"product_cat","embeddable":true,"href":"https:\/\/routinesfashione.com\/fr\/wp-json\/wp\/v2\/product_cat?post=760"},{"taxonomy":"product_tag","embeddable":true,"href":"https:\/\/routinesfashione.com\/fr\/wp-json\/wp\/v2\/product_tag?post=760"},{"taxonomy":"product_country","embeddable":true,"href":"https:\/\/routinesfashione.com\/fr\/wp-json\/wp\/v2\/product_country?post=760"}],"curies":[{"name":"wp","href":"https:\/\/api.w.org\/{rel}","templated":true}]}}