{"id":763,"date":"2025-09-30T20:13:45","date_gmt":"2025-09-30T20:13:45","guid":{"rendered":"https:\/\/lightgray-crow-170497.hostingersite.com\/?post_type=product&#038;p=763"},"modified":"2025-09-30T21:01:46","modified_gmt":"2025-09-30T21:01:46","slug":"krups-ea89z-classic-edition-schwarz","status":"publish","type":"product","link":"https:\/\/routinesfashione.com\/fr\/produit\/krups-ea89z-classic-edition-schwarz\/","title":{"rendered":"Krups EA89Z \u00c9dition Classique noir"},"content":{"rendered":"<p><b>Krups EA89Z Classic Edition Kaffee-Vollautomat<\/b><\/p>\n<div>Der platzsparende Classic Kaffeevollautomat im modernen Krups Design sorgt dank Br\u00fchgruppe aus Metall und Milk-Advanced-Technologie f\u00fcr immer beste Kaffee- Ergebnisse. Entdecken Sie jetzt mit dem platzsparenden Krups einen One-Touch-Cappuccino Vollautomaten f\u00fcr echte Kaffee und Cappuccino Liebhaber. 8 verschiedene Getr\u00e4nkespezialit\u00e4ten stehen auf Knopfdruck zur Verf\u00fcgung. Highlight ist die Milk-Advanced Technologie die f\u00fcr immer feinporigen Milchschaum sorgt, dazu lassen sich sogar Cappuccino und Latte Macchiato gleichzeitig zweifach zubereiten \u2013 f\u00fcr gemeinsamen Kaffeegenuss. Dank geschlossenem Br\u00fchsystem genie\u00dfen Sie die Reinigung so einfach wie Sie es von einem Vollautomaten erwarten d\u00fcrfen.<\/div>\n<div>\n<p><b>Produkt-Highlights<\/b><\/p>\n<ul>\n<li>Gro\u00dfes, intuitiv bedienbares Sensor-Touch-Display<\/li>\n<li>8 verschiedene Getr\u00e4nkevariationen im Direktbezug auf Knopfdruck: Ristretto, Espresso, Long Coffee (Kaffee), Americano, Cappuccino, Latte Macchiato, Caf\u00e9 Latte, Hei\u00dfwasser f\u00fcr Tee<\/li>\n<li>2 Favoriten speicherbar<\/li>\n<li>Alle Getr\u00e4nke auch im Doppelbezug, sogar Cappuccino und Latte Macchiato mit nur einem Knopfdruck<\/li>\n<li>3 Kaffeest\u00e4rken einstellbar, 3 Mahlgradstufen<\/li>\n<li>Krups Exklusiv: Br\u00fchgruppe aus Metall<\/li>\n<li>Intelligente Reinigung mit Tab \u2013 kein manueller Reinigungsaufwand dank geschlossenem Br\u00fchsystem<\/li>\n<li>Milk-Advanced-Technology: Perfekter, feinporiger Milchschaum auf Knopfdruck H\u00f6henverstellbarer Kaffeeauslauf auch f\u00fcr gro\u00dfe Latte Macchiato Gl\u00e4ser<\/li>\n<li>Krups Barista Quattro Force Technologie f\u00fcr 4fach besseren Kaffee<\/li>\n<\/ul>\n<\/div>\n<p>Donn\u00e9es techniques<\/p>\n<div class=\"sc-c9210e66-0 otYxB\"><\/div>\n<div>\n<div id=\"features-content\" class=\"sc-f8389933-6 bnzjfq\">\n<div class=\"sc-c0c3f7bd-0 koVlBT\">\n<table class=\"sc-4fa5c86b-0 ghZSzg\">\n<thead class=\"sc-4d4fd441-0 fAxnSG\">\n<tr class=\"sc-cda3276b-0 iNKSCY\">\n<th class=\"sc-27ebc524-0 Lhmuk\">\n<p class=\"sc-f1f881c4-0 cqWMyf\">Technische Merkmale<\/p>\n<\/th>\n<th class=\"sc-27ebc524-0 dOIQbM\"><\/th>\n<\/tr>\n<\/thead>\n<tbody class=\"sc-18c0a0ab-0 hjSrbh\">\n<tr class=\"sc-cda3276b-0 iNKSCY\">\n<td class=\"sc-27ebc524-0 iIdXkJ\">\n<p class=\"sc-f1f881c4-0 bNhGON\">Type de produit<\/p>\n<\/td>\n<td class=\"sc-27ebc524-0 ca-dqbf sc-c0c3f7bd-1 bMxfiq\">\n<p class=\"sc-f1f881c4-0 evTnGL\">Machine \u00e0 caf\u00e9 enti\u00e8rement automatique<\/p>\n<\/td>\n<\/tr>\n<tr class=\"sc-cda3276b-0 iNKSCY\">\n<td class=\"sc-27ebc524-0 iIdXkJ\">\n<p class=\"sc-f1f881c4-0 bNhGON\">Maximale Leistung<\/p>\n<\/td>\n<td class=\"sc-27ebc524-0 ca-dqbf sc-c0c3f7bd-1 bMxfiq\">\n<p class=\"sc-f1f881c4-0 evTnGL\">1450 Watt<\/p>\n<\/td>\n<\/tr>\n<tr class=\"sc-cda3276b-0 iNKSCY\">\n<td class=\"sc-27ebc524-0 iIdXkJ\">\n<p class=\"sc-f1f881c4-0 bNhGON\">Fassungsverm\u00f6gen des Wassertanks<\/p>\n<\/td>\n<td class=\"sc-27ebc524-0 ca-dqbf sc-c0c3f7bd-1 bMxfiq\">\n<p class=\"sc-f1f881c4-0 evTnGL\">2.3 l<\/p>\n<\/td>\n<\/tr>\n<tr class=\"sc-cda3276b-0 iNKSCY\">\n<td class=\"sc-27ebc524-0 iIdXkJ\">\n<p class=\"sc-f1f881c4-0 bNhGON\">Inhalt Bohnenbeh\u00e4lter<\/p>\n<\/td>\n<td class=\"sc-27ebc524-0 ca-dqbf sc-c0c3f7bd-1 bMxfiq\">\n<p class=\"sc-f1f881c4-0 evTnGL\">250g<\/p>\n<\/td>\n<\/tr>\n<\/tbody>\n<\/table>\n<table class=\"sc-4fa5c86b-0 ghZSzg\">\n<thead class=\"sc-4d4fd441-0 fAxnSG\">\n<tr class=\"sc-cda3276b-0 iNKSCY\">\n<th class=\"sc-27ebc524-0 Lhmuk\">\n<p class=\"sc-f1f881c4-0 cqWMyf\">\u00e9quipement<\/p>\n<\/th>\n<th class=\"sc-27ebc524-0 dOIQbM\"><\/th>\n<\/tr>\n<\/thead>\n<tbody class=\"sc-18c0a0ab-0 hjSrbh\">\n<tr class=\"sc-cda3276b-0 iNKSCY\">\n<td class=\"sc-27ebc524-0 iIdXkJ\">\n<p class=\"sc-f1f881c4-0 bNhGON\">Milchzufuhr<\/p>\n<\/td>\n<td class=\"sc-27ebc524-0 ca-dqbf sc-c0c3f7bd-1 bMxfiq\">\n<p class=\"sc-f1f881c4-0 evTnGL\">Milchschlauch<\/p>\n<\/td>\n<\/tr>\n<\/tbody>\n<\/table>\n<table class=\"sc-4fa5c86b-0 ghZSzg\">\n<thead class=\"sc-4d4fd441-0 fAxnSG\">\n<tr class=\"sc-cda3276b-0 iNKSCY\">\n<th class=\"sc-27ebc524-0 Lhmuk\">\n<p class=\"sc-f1f881c4-0 cqWMyf\">Allgemeine Merkmale<\/p>\n<\/th>\n<th class=\"sc-27ebc524-0 dOIQbM\"><\/th>\n<\/tr>\n<\/thead>\n<tbody class=\"sc-18c0a0ab-0 hjSrbh\">\n<tr class=\"sc-cda3276b-0 iNKSCY\">\n<td class=\"sc-27ebc524-0 iIdXkJ\">\n<p class=\"sc-f1f881c4-0 bNhGON\">Farbe (laut Hersteller)<\/p>\n<\/td>\n<td class=\"sc-27ebc524-0 ca-dqbf sc-c0c3f7bd-1 bMxfiq\">\n<p class=\"sc-f1f881c4-0 evTnGL\">schwarz<\/p>\n<\/td>\n<\/tr>\n<tr class=\"sc-cda3276b-0 iNKSCY\">\n<td class=\"sc-27ebc524-0 iIdXkJ\">\n<p class=\"sc-f1f881c4-0 bNhGON\">Largeur<\/p>\n<\/td>\n<td class=\"sc-27ebc524-0 ca-dqbf sc-c0c3f7bd-1 bMxfiq\">\n<p class=\"sc-f1f881c4-0 evTnGL\">38.7 cm<\/p>\n<\/td>\n<\/tr>\n<tr class=\"sc-cda3276b-0 iNKSCY\">\n<td class=\"sc-27ebc524-0 iIdXkJ\">\n<p class=\"sc-f1f881c4-0 bNhGON\">Hauteur<\/p>\n<\/td>\n<td class=\"sc-27ebc524-0 ca-dqbf sc-c0c3f7bd-1 bMxfiq\">\n<p class=\"sc-f1f881c4-0 evTnGL\">49.2 cm<\/p>\n<\/td>\n<\/tr>\n<tr class=\"sc-cda3276b-0 iNKSCY\">\n<td class=\"sc-27ebc524-0 iIdXkJ\">\n<p class=\"sc-f1f881c4-0 bNhGON\">Tiefe<\/p>\n<\/td>\n<td class=\"sc-27ebc524-0 ca-dqbf sc-c0c3f7bd-1 bMxfiq\">\n<p class=\"sc-f1f881c4-0 evTnGL\">29.3 cm<\/p>\n<\/td>\n<\/tr>\n<tr class=\"sc-cda3276b-0 iNKSCY\">\n<td class=\"sc-27ebc524-0 iIdXkJ\">\n<p class=\"sc-f1f881c4-0 bNhGON\">Gewicht (laut Hersteller)<\/p>\n<\/td>\n<td class=\"sc-27ebc524-0 ca-dqbf sc-c0c3f7bd-1 bMxfiq\">\n<p class=\"sc-f1f881c4-0 evTnGL\">7800 g<\/p>\n<\/td>\n<\/tr>\n<tr class=\"sc-cda3276b-0 iNKSCY\">\n<td class=\"sc-27ebc524-0 iIdXkJ\">\n<p class=\"sc-f1f881c4-0 bNhGON\">Poids<\/p>\n<\/td>\n<td class=\"sc-27ebc524-0 ca-dqbf sc-c0c3f7bd-1 bMxfiq\">\n<p class=\"sc-f1f881c4-0 evTnGL\">7800 g<\/p>\n<\/td>\n<\/tr>\n<tr class=\"sc-cda3276b-0 iNKSCY\">\n<td class=\"sc-27ebc524-0 iIdXkJ\">\n<p class=\"sc-f1f881c4-0 bNhGON\">Contenu de la livraison<\/p>\n<\/td>\n<td class=\"sc-27ebc524-0 ca-dqbf sc-c0c3f7bd-1 bMxfiq\">\n<p class=\"sc-f1f881c4-0 evTnGL\">Krups EA89Z Classic Edition Kaffee-Vollautomat schwarz\/anthrazit<\/p>\n<\/td>\n<\/tr>\n<tr class=\"sc-cda3276b-0 iNKSCY\">\n<td class=\"sc-27ebc524-0 iIdXkJ\">\n<p class=\"sc-f1f881c4-0 bNhGON\">Ger\u00e4tetyp<\/p>\n<\/td>\n<td class=\"sc-27ebc524-0 ca-dqbf sc-c0c3f7bd-1 bMxfiq\">\n<p class=\"sc-f1f881c4-0 evTnGL\">Machine \u00e0 caf\u00e9 enti\u00e8rement automatique<\/p>\n<\/td>\n<\/tr>\n<\/tbody>\n<\/table>\n<\/div>\n<\/div>\n<\/div>\n<p>\u00a0<\/p>","protected":false},"excerpt":{"rendered":"<ul>\n<li><strong>En stock<\/strong><\/li>\n<li><strong>Livraison en Allemagne :\u00a0<\/strong>Livraison gratuite (3 \u2013 4 jours) : 0\u20ac<\/li>\n<li><strong>Livraison en Autriche, Danemark, Pologne, Pays-Bas, Finlande, Su\u00e8de, France, Belgique, Suisse :\u00a0<\/strong>(14 jours) : 39,99\u20ac<\/li>\n<li><strong>Retour sous 14 jours<\/strong><\/li>\n<\/ul>","protected":false},"featured_media":764,"template":"","meta":[],"product_brand":[],"product_cat":[29],"product_tag":[],"product_country":[1501],"class_list":{"0":"post-763","1":"product","2":"type-product","3":"status-publish","4":"has-post-thumbnail","6":"product_cat-espressomaschinen","7":"product_country-germany","9":"first","10":"instock","11":"sale","12":"taxable","13":"shipping-taxable","14":"purchasable","15":"product-type-simple"},"_links":{"self":[{"href":"https:\/\/routinesfashione.com\/fr\/wp-json\/wp\/v2\/product\/763","targetHints":{"allow":["GET"]}}],"collection":[{"href":"https:\/\/routinesfashione.com\/fr\/wp-json\/wp\/v2\/product"}],"about":[{"href":"https:\/\/routinesfashione.com\/fr\/wp-json\/wp\/v2\/types\/product"}],"wp:featuredmedia":[{"embeddable":true,"href":"https:\/\/routinesfashione.com\/fr\/wp-json\/wp\/v2\/media\/764"}],"wp:attachment":[{"href":"https:\/\/routinesfashione.com\/fr\/wp-json\/wp\/v2\/media?parent=763"}],"wp:term":[{"taxonomy":"product_brand","embeddable":true,"href":"https:\/\/routinesfashione.com\/fr\/wp-json\/wp\/v2\/product_brand?post=763"},{"taxonomy":"product_cat","embeddable":true,"href":"https:\/\/routinesfashione.com\/fr\/wp-json\/wp\/v2\/product_cat?post=763"},{"taxonomy":"product_tag","embeddable":true,"href":"https:\/\/routinesfashione.com\/fr\/wp-json\/wp\/v2\/product_tag?post=763"},{"taxonomy":"product_country","embeddable":true,"href":"https:\/\/routinesfashione.com\/fr\/wp-json\/wp\/v2\/product_country?post=763"}],"curies":[{"name":"wp","href":"https:\/\/api.w.org\/{rel}","templated":true}]}}