{"id":7654,"date":"2025-09-30T20:11:34","date_gmt":"2025-09-30T20:11:34","guid":{"rendered":"https:\/\/lightgray-crow-170497.hostingersite.com\/?post_type=product&#038;p=7654"},"modified":"2025-09-30T21:14:02","modified_gmt":"2025-09-30T21:14:02","slug":"worx-landroid-m700-plus-starter-set-inkl-gratis-garage-und-acs","status":"publish","type":"product","link":"https:\/\/routinesfashione.com\/fr\/produit\/worx-landroid-m700-plus-starter-set-inkl-gratis-garage-und-acs\/","title":{"rendered":"Kit de d\u00e9marrage Worx Landroid M700 Plus \u2013 avec garage et ACS gratuits"},"content":{"rendered":"<ul class=\"list_list__Wwwc3\">\n<li class=\"list_listItemBullet___5nbU list_listItem__jBNlu\"><strong>Bluetooth-Konnektivit\u00e4t:\u00a0<\/strong>Das Ger\u00e4t ist mit Bluetooth-Konnektivit\u00e4t ausgestattet, was es erm\u00f6glicht, es einfach mit Deinem Smartphone zu verbinden. Diese Verbindung erm\u00f6glicht es Dir, das Ger\u00e4t mit Deinem Smartphone zu steuern und auf die Einstellungen zuzugreifen. Du kannst auch den Fortschritt und den Status des Ger\u00e4ts \u00fcberwachen, um es auf Deine Bed\u00fcrfnisse anzupassen.<\/li>\n<li class=\"list_listItemBullet___5nbU list_listItem__jBNlu\"><strong>Hochwertiges Design f\u00fcr jeden Garten:\u00a0<\/strong>Durch ihr hochwertiges sowie schlichtes Design f\u00e4llt die Worx Landroid Garage gar nicht gro\u00df auf. Das kompakte Erscheinungsbild, wird durch die hochwertige Optik abgerundet, welche sich wunderbar in jeden Garten ein schmiegt.<\/li>\n<li class=\"list_listItemBullet___5nbU list_listItem__jBNlu\"><strong>Cut-to-Edge Funktion:\u00a0<\/strong>Der M\u00e4hroboter ist mit einer speziellen Klinge ausgestattet, die besonders nahe an der Rasenkante platziert ist. Dies erm\u00f6glicht eine pr\u00e4zise und genaue Schneidung des Rasens, ohne dass es zu unregelm\u00e4\u00dfigen Stellen oder ungleichm\u00e4\u00dfigen L\u00e4ngen kommt. Durch die Verwendung dieser Klinge wird das Nachbearbeiten des Rasens \u00fcberfl\u00fcssig und Du sparst Zeit und M\u00fche.<\/li>\n<li class=\"list_listItemBullet___5nbU list_listItem__jBNlu\"><strong>Mit Technik aus der Automobilindustrie:\u00a0<\/strong>Das in der Automobilindustrie entwickelte Anti-Kollision System, sorgt daf\u00fcr, dass Dein Worx M\u00e4hroboter Hindernisse wie B\u00e4ume oder Steine erkennt und diese umf\u00e4hrt. Somit sch\u00fctzt Du sowohl Deinen M\u00e4hroboter als auch Deinen Garten.<\/li>\n<li class=\"list_listItemBullet___5nbU list_listItem__jBNlu\"><strong>Kognitive automatische Planung:\u00a0<\/strong>Der automatisierte Zeitplan des Ger\u00e4ts erm\u00f6glicht es, die Arbeitszeit automatisch an die aktuellen Bedingungen wie Wetter, Grasart und Bodentyp anzupassen. Dadurch kann sichergestellt werden, dass die Arbeit immer optimal auf die aktuellen Umst\u00e4nde abgestimmt ist und ein bestm\u00f6gliches Ergebnis erzielt wird. Es erm\u00f6glicht eine anpassungsf\u00e4hige und effiziente Nutzung des Ger\u00e4ts.<\/li>\n<li class=\"list_listItemBullet___5nbU list_listItem__jBNlu\"><strong>Vielseitiger PowerShare Akku:\u00a0<\/strong>Der Landroid M700 Plus verf\u00fcgt \u00fcber einen Akku, der eine lange Laufzeit aufweist und schnell aufgeladen werden kann, n\u00e4mlich innerhalb von nur 1,5 Stunden. Dieser leichte Akku besitzt eine hohe Kapazit\u00e4t, sodass er lange, ohne Aufladen, verwendet werden kann. Au\u00dferdem hat er eine geringe Selbstentladung, sodass er auch bei l\u00e4ngerer Lagerung noch \u00fcber Ladung verf\u00fcgt.<\/li>\n<li class=\"list_listItemBullet___5nbU list_listItem__jBNlu\"><strong>Patentierte AIA\u2122-Technologie:\u00a0<\/strong>Der M\u00e4hroboter verf\u00fcgt \u00fcber die patentierte AIA\u2122-Technologie, die ihn zu einem der effizientesten und wendigsten M\u00e4hroboter auf dem Markt macht. Diese Technologie erm\u00f6glicht es dem M\u00e4hroboter, seine Arbeit schneller und pr\u00e4ziser auszuf\u00fchren, indem sie die Navigation und die Routenplanung optimiert. Aufgrund dieser Technologie ist der M\u00e4hroboter in der Lage, schneller und gr\u00fcndlicher zu arbeiten, wodurch Zeit und Energie gespart werden.<\/li>\n<\/ul>","protected":false},"excerpt":{"rendered":"<p>Bluetooth-Konnektivit\u00e4t:\u00a0Das Ger\u00e4t ist mit Bluetooth-Konnektivit\u00e4t ausgestattet, was es erm\u00f6glicht, es einfach mit Deinem Smartphone zu verbinden. Diese Verbindung erm\u00f6glicht es<\/p>","protected":false},"featured_media":7655,"template":"","meta":[],"product_brand":[],"product_cat":[32],"product_tag":[],"product_country":[1501],"class_list":{"0":"post-7654","1":"product","2":"type-product","3":"status-publish","4":"has-post-thumbnail","6":"product_cat-electronic","7":"product_country-germany","9":"first","10":"instock","11":"sale","12":"taxable","13":"shipping-taxable","14":"purchasable","15":"product-type-simple"},"_links":{"self":[{"href":"https:\/\/routinesfashione.com\/fr\/wp-json\/wp\/v2\/product\/7654","targetHints":{"allow":["GET"]}}],"collection":[{"href":"https:\/\/routinesfashione.com\/fr\/wp-json\/wp\/v2\/product"}],"about":[{"href":"https:\/\/routinesfashione.com\/fr\/wp-json\/wp\/v2\/types\/product"}],"wp:featuredmedia":[{"embeddable":true,"href":"https:\/\/routinesfashione.com\/fr\/wp-json\/wp\/v2\/media\/7655"}],"wp:attachment":[{"href":"https:\/\/routinesfashione.com\/fr\/wp-json\/wp\/v2\/media?parent=7654"}],"wp:term":[{"taxonomy":"product_brand","embeddable":true,"href":"https:\/\/routinesfashione.com\/fr\/wp-json\/wp\/v2\/product_brand?post=7654"},{"taxonomy":"product_cat","embeddable":true,"href":"https:\/\/routinesfashione.com\/fr\/wp-json\/wp\/v2\/product_cat?post=7654"},{"taxonomy":"product_tag","embeddable":true,"href":"https:\/\/routinesfashione.com\/fr\/wp-json\/wp\/v2\/product_tag?post=7654"},{"taxonomy":"product_country","embeddable":true,"href":"https:\/\/routinesfashione.com\/fr\/wp-json\/wp\/v2\/product_country?post=7654"}],"curies":[{"name":"wp","href":"https:\/\/api.w.org\/{rel}","templated":true}]}}