{"id":7716,"date":"2025-09-30T20:11:34","date_gmt":"2025-09-30T20:11:34","guid":{"rendered":"https:\/\/lightgray-crow-170497.hostingersite.com\/?post_type=product&#038;p=7716"},"modified":"2025-09-30T21:14:05","modified_gmt":"2025-09-30T21:14:05","slug":"husqvarna-automower-aspire-r4-maehroboter","status":"publish","type":"product","link":"https:\/\/routinesfashione.com\/fr\/produit\/husqvarna-automower-aspire-r4-maehroboter\/","title":{"rendered":"Tondeuse robot Husqvarna Automower Aspire R4"},"content":{"rendered":"<ul class=\"list_list__Wwwc3\">\n<li class=\"list_listItemBullet___5nbU list_listItem__jBNlu\"><strong>Kompakter M\u00e4hroboter:\u00a0<\/strong>Der Husqvarna Automower Aspire R4 ist ein kompakter M\u00e4hroboter mit drei R\u00e4dern. Er ist optimiert f\u00fcr Rasenfl\u00e4chen von bis zu 400 m\u00b2 Fl\u00e4che und H\u00e4nge von bis zu 25 % Steigung, auf welchen er rund um die Uhr f\u00fcr einen perfekten Rasenschnitt sorgt.<\/li>\n<li class=\"list_listItemBullet___5nbU list_listItem__jBNlu\"><strong>Steuerung mit der Automower Connect App:\u00a0<\/strong>Verbinde Deinen Husqvarna Aspire R4 problemlos per Bluetooth oder per WLAN mit der Automower Connect App und steuere diesen bequem von Deinem Smartphone aus. In der App hast Du jederzeit die vollst\u00e4ndige Kontrolle \u00fcber den M\u00e4hroboter und kannst diesen sowohl \u00fcberwachen als auch verwalten, egal wo Du gerade bist.<\/li>\n<li class=\"list_listItemBullet___5nbU list_listItem__jBNlu\"><strong>Kompatibel mit Sprachassistenten und IFTTT:\u00a0<\/strong>Die Verbindung des smarten M\u00e4hroboters mit der Automower Connect App erm\u00f6glicht, zus\u00e4tzlich zu den App-Funktionen, auch die Bedienung per Sprachbefehl mithilfe von kompatiblen Sprachassistenten, wie Amazon Alexa oder Google Assistant, und das Erstellen von IFTTT-Routinen. Steuere so Deinen Aspire R4 mit Deinen Worten oder erstelle Automatisierungen, welche unter anderem den M\u00e4hroboter automatischen parken, wenn die Kinder von der Schule nach Hause kommen.<\/li>\n<li class=\"list_listItemBullet___5nbU list_listItem__jBNlu\"><strong>Systematisches M\u00e4hen in engen Passagen:\u00a0<\/strong>Trifft der Husqvarna Aspire R4 auf eine enge Passage oder schmale Gasse, wird diese erkannt und der M\u00e4hroboter schaltet vom Zufallsmodus automatisch in den systematischen Modus um. Er bewegt sich nun also, statt in einem zuf\u00e4lligen Muster, systematisch durch die Passage, um unerw\u00fcnschte Spurrillen im Rasen zu vermeiden.<\/li>\n<li class=\"list_listItemBullet___5nbU list_listItem__jBNlu\"><strong>Anpassung der M\u00e4hzeit an das Rasenwachstum mit Wetter-Timer:\u00a0<\/strong>Die Wetter-Timer Funktion des intelligenten M\u00e4hroboters erm\u00f6glicht Dir die automatische Anpassung der M\u00e4hzeiten an das Rasenwachstum. Der Automower Aspire R4 maximiert nach Vorgaben des Wetter-Timers die M\u00e4hzeit in Zeiten, in denen das Gras schnell w\u00e4chst und m\u00e4ht weniger h\u00e4ufig bei sonnigem oder trockenem Wetter, um Verschlei\u00df zu verringern und den Rasen zu schonen \u2013 all das ganz von allein!<\/li>\n<li class=\"list_listItemBullet___5nbU list_listItem__jBNlu\"><strong>Sorgenfreier Betrieb dank Frostschutz und automatischen Updates:\u00a0<\/strong>Der Husqvarna Automower Aspire R4 erh\u00e4lt nicht nur automatische Firmware-Updates dank FOTA-Technologie, \u201eFirmware over-the-air\u201c, sondern er verf\u00fcgt au\u00dferdem \u00fcber einen Frostsensor. Der M\u00e4h Plan wird also bei Frost automatisch vom M\u00e4hroboter unterbrochen, um den Rasen zu sch\u00fctzen. F\u00fcr Dich bedeutet das, dass Du Dir keinerlei Sorgen machen musst.<\/li>\n<li class=\"list_listItemBullet___5nbU list_listItem__jBNlu\"><strong>Leichte Reinigung:\u00a0<\/strong>Die Au\u00dfen- und Unterseite des M\u00e4hroboters lassen sich einfach mit einem Gartenschlauch reinigen. Diese kinderleichte Reinigung wird zus\u00e4tzlich durch das mitgelieferte Wartungswerkzeug erleichtert, mit welchem die Abdeckung im Handumdrehen entfernt werden kann.<\/li>\n<li class=\"list_listItemBullet___5nbU list_listItem__jBNlu\"><strong>Eco-Modus spart Energie:\u00a0<\/strong>Bei Bedarf kannst Du den Eco-Modus einschalten, dank welchem sich das Signal des Leit- und Begrenzungskabels automatisch abschaltet, solange sich der M\u00e4her in der Ladestation befindet. Dies ist nicht nur sicherer, sondern spart obendrein Energie!<\/li>\n<\/ul>","protected":false},"excerpt":{"rendered":"<p><br data-mce-bogus=\"1\"><\/p>","protected":false},"featured_media":7717,"template":"","meta":[],"product_brand":[],"product_cat":[32],"product_tag":[],"product_country":[1501],"class_list":{"0":"post-7716","1":"product","2":"type-product","3":"status-publish","4":"has-post-thumbnail","6":"product_cat-electronic","7":"product_country-germany","9":"first","10":"instock","11":"sale","12":"taxable","13":"shipping-taxable","14":"purchasable","15":"product-type-simple"},"_links":{"self":[{"href":"https:\/\/routinesfashione.com\/fr\/wp-json\/wp\/v2\/product\/7716","targetHints":{"allow":["GET"]}}],"collection":[{"href":"https:\/\/routinesfashione.com\/fr\/wp-json\/wp\/v2\/product"}],"about":[{"href":"https:\/\/routinesfashione.com\/fr\/wp-json\/wp\/v2\/types\/product"}],"wp:featuredmedia":[{"embeddable":true,"href":"https:\/\/routinesfashione.com\/fr\/wp-json\/wp\/v2\/media\/7717"}],"wp:attachment":[{"href":"https:\/\/routinesfashione.com\/fr\/wp-json\/wp\/v2\/media?parent=7716"}],"wp:term":[{"taxonomy":"product_brand","embeddable":true,"href":"https:\/\/routinesfashione.com\/fr\/wp-json\/wp\/v2\/product_brand?post=7716"},{"taxonomy":"product_cat","embeddable":true,"href":"https:\/\/routinesfashione.com\/fr\/wp-json\/wp\/v2\/product_cat?post=7716"},{"taxonomy":"product_tag","embeddable":true,"href":"https:\/\/routinesfashione.com\/fr\/wp-json\/wp\/v2\/product_tag?post=7716"},{"taxonomy":"product_country","embeddable":true,"href":"https:\/\/routinesfashione.com\/fr\/wp-json\/wp\/v2\/product_country?post=7716"}],"curies":[{"name":"wp","href":"https:\/\/api.w.org\/{rel}","templated":true}]}}