{"id":7723,"date":"2025-09-30T20:11:34","date_gmt":"2025-09-30T20:11:34","guid":{"rendered":"https:\/\/lightgray-crow-170497.hostingersite.com\/?post_type=product&#038;p=7723"},"modified":"2025-09-30T21:14:06","modified_gmt":"2025-09-30T21:14:06","slug":"husqvarna-epos-plug-in-nera-320-430x-450x-virtuelles-begrenzungskabel","status":"publish","type":"product","link":"https:\/\/routinesfashione.com\/fr\/produit\/husqvarna-epos-plug-in-nera-320-430x-450x-virtuelles-begrenzungskabel\/","title":{"rendered":"Husqvarna EPOS Plug-in NERA 320\/430X\/450X \u2013 C\u00e2ble p\u00e9riph\u00e9rique virtuel"},"content":{"rendered":"<ul class=\"list_list__Wwwc3\">\n<li class=\"list_listItemBullet___5nbU list_listItem__jBNlu\"><strong>Schnell bereit f\u00fcr den Einsatz:\u00a0<\/strong>Mit einer benutzerfreundlichen Einrichtung ist die Installation des Husqvarna EPOS Plug-In Kits ein Kinderspiel. Folge einfach den klaren Anweisungen und verbinde die Komponenten m\u00fchelos, um das Kit schnell einsatzbereit zu machen. In Kombination mit einer Referenzstation (nicht im Lieferumfnag enthalten) kannst Du sofort von den Vorteilen dieser fortschrittlichen Navigationsl\u00f6sung profitieren.\u00a0Via Husqvarna Cloud ist die Nutzung ohne zus\u00e4tzliche Referenzstation m\u00f6glich. Voraussetzung daf\u00fcr ist aber, dass Du in Deinem M\u00e4hbereich Wi-Fi-Empfang hast.<\/li>\n<li class=\"list_listItemBullet___5nbU list_listItem__jBNlu\"><strong>Pr\u00e4zise Navigation f\u00fcr Deinen M\u00e4hroboter:\u00a0<\/strong>Das Husqvarna EPOS Plug-In Kit fungiert als virtuelles Begrenzungskabel und definiert die Standards f\u00fcr pr\u00e4zise Navigation im Bereich der Rasenpflege. Mit dieser hochentwickelten Technologie kann Dein M\u00e4hroboter sein Arbeitsgebiet genau abgrenzen und Hindernisse sicher umfahren, w\u00e4hrend er f\u00fcr eine gleichm\u00e4\u00dfige und gr\u00fcndliche Rasenpflege sorgt. Vertraue auf die Pr\u00e4zision des EPOS Plug-In Kits f\u00fcr ein makelloses Rasenergebnis.<\/li>\n<li class=\"list_listItemBullet___5nbU list_listItem__jBNlu\"><strong>Maximiere die Leistung Deines Automowers:\u00a0<\/strong>Mit dem Husqvarna EPOS Plug-In Kit f\u00fcr NERA 320\/430X\/450X kannst Du die Leistung Deines M\u00e4hroboters auf ein Maximum steigern. Die pr\u00e4zise Ausrichtung gew\u00e4hrleistet, dass Dein Automower effizient und gleichm\u00e4\u00dfig jede Rasenfl\u00e4che m\u00e4ht, selbst in komplexen Gel\u00e4ndebedingungen. Installiere das Kit, um einen perfekt gepflegten Rasen zu genie\u00dfen, ohne gro\u00dfen Aufwand.<\/li>\n<\/ul>","protected":false},"excerpt":{"rendered":"<p>Schnell bereit f\u00fcr den Einsatz:\u00a0Mit einer benutzerfreundlichen Einrichtung ist die Installation des Husqvarna EPOS Plug-In Kits ein Kinderspiel. Folge einfach<\/p>","protected":false},"featured_media":7724,"template":"","meta":[],"product_brand":[],"product_cat":[32],"product_tag":[],"product_country":[1501],"class_list":{"0":"post-7723","1":"product","2":"type-product","3":"status-publish","4":"has-post-thumbnail","6":"product_cat-electronic","7":"product_country-germany","9":"first","10":"instock","11":"sale","12":"taxable","13":"shipping-taxable","14":"purchasable","15":"product-type-simple"},"_links":{"self":[{"href":"https:\/\/routinesfashione.com\/fr\/wp-json\/wp\/v2\/product\/7723","targetHints":{"allow":["GET"]}}],"collection":[{"href":"https:\/\/routinesfashione.com\/fr\/wp-json\/wp\/v2\/product"}],"about":[{"href":"https:\/\/routinesfashione.com\/fr\/wp-json\/wp\/v2\/types\/product"}],"wp:featuredmedia":[{"embeddable":true,"href":"https:\/\/routinesfashione.com\/fr\/wp-json\/wp\/v2\/media\/7724"}],"wp:attachment":[{"href":"https:\/\/routinesfashione.com\/fr\/wp-json\/wp\/v2\/media?parent=7723"}],"wp:term":[{"taxonomy":"product_brand","embeddable":true,"href":"https:\/\/routinesfashione.com\/fr\/wp-json\/wp\/v2\/product_brand?post=7723"},{"taxonomy":"product_cat","embeddable":true,"href":"https:\/\/routinesfashione.com\/fr\/wp-json\/wp\/v2\/product_cat?post=7723"},{"taxonomy":"product_tag","embeddable":true,"href":"https:\/\/routinesfashione.com\/fr\/wp-json\/wp\/v2\/product_tag?post=7723"},{"taxonomy":"product_country","embeddable":true,"href":"https:\/\/routinesfashione.com\/fr\/wp-json\/wp\/v2\/product_country?post=7723"}],"curies":[{"name":"wp","href":"https:\/\/api.w.org\/{rel}","templated":true}]}}