{"id":7855,"date":"2025-09-30T20:11:33","date_gmt":"2025-09-30T20:11:33","guid":{"rendered":"https:\/\/lightgray-crow-170497.hostingersite.com\/?post_type=product&#038;p=7855"},"modified":"2025-09-30T21:14:15","modified_gmt":"2025-09-30T21:14:15","slug":"worx-landroid-s250-maehroboter-fuer-bis-zu-250-m%c2%b2","status":"publish","type":"product","link":"https:\/\/routinesfashione.com\/fr\/produit\/worx-landroid-s250-maehroboter-fuer-bis-zu-250-m%c2%b2\/","title":{"rendered":"WORX Landroid S250 \u2013 Tondeuse robotis\u00e9e jusqu&#039;\u00e0 250 m\u00b2"},"content":{"rendered":"<ul class=\"list_list__Wwwc3\">\n<li class=\"list_listItemBullet___5nbU list_listItem__jBNlu\"><strong>Personalisiertes M\u00e4hen \u2013 f\u00fcr G\u00e4rten bis zu 250 m\u00b2:\u00a0<\/strong>Der WORX Landroid S250 ist ideal f\u00fcr kleine bis mittelgro\u00dfe G\u00e4rten und m\u00e4ht selbstst\u00e4ndig Rasenfl\u00e4chen bis zu 250 m\u00b2. Dank der pr\u00e4zisen Cut-To-Edge-Funktion schneidet er besonders nah an der Kante und sorgt f\u00fcr ein gleichm\u00e4\u00dfiges Ergebnis, wodurch Dein manueller Schnittaufwand deutlich reduziert wird. Der M\u00e4hroboter erstellt t\u00e4glich einen individuellen M\u00e4hplan, der sich automatisch an die Bed\u00fcrfnisse Deines Rasens anpasst.<\/li>\n<li class=\"list_listItemBullet___5nbU list_listItem__jBNlu\"><strong>Flexibles M\u00e4hen f\u00fcr jeden Gartenstil:\u00a0<\/strong>Der M\u00e4hroboter ber\u00fccksichtigt die Wachstumsrate Deines Rasens, das lokale Wetter, die Grasart, den Bodentyp sowie die Wasser- und N\u00e4hrstoffversorgung. So bleibt Dein Rasen jederzeit optimal gepflegt.<\/li>\n<li class=\"list_listItemBullet___5nbU list_listItem__jBNlu\"><strong>Austauschbarer PowerShare\u2122-Akku:\u00a0<\/strong>Der integrierte 20-Volt-Akku ist mit anderen WORX-Werkzeugen kompatibel und austauschbar. Das gibt Dir noch mehr Flexibilit\u00e4t und erm\u00f6glicht Dir eine vielseitige Nutzung Deiner WORX Produkte.<\/li>\n<li class=\"list_listItemBullet___5nbU list_listItem__jBNlu\"><strong>\u00dcberwachung und Fernsteuerung per App:\u00a0<\/strong>\u00dcber WLAN steuerst Du den M\u00e4hroboter ganz einfach mit der WORX Landroid App auf Deinem Smartphone. \u00dcberwache den Status, passe verschiedene Modi an und behalte Deinen Garten jederzeit im Blick.<\/li>\n<li class=\"list_listItemBullet___5nbU list_listItem__jBNlu\"><strong>Diebstahlschutz mit PIN-Code zur Entsperrung:\u00a0<\/strong>Dank PIN-Code und App-Sperrfunktion ist er vor unbefugtem Zugriff gesch\u00fctzt. Falls er unerlaubt bewegt wird, bleibt er ohne den richtigen PIN-Code unbrauchbar.<\/li>\n<\/ul>","protected":false},"excerpt":{"rendered":"<p>Personalisiertes M\u00e4hen \u2013 f\u00fcr G\u00e4rten bis zu 250 m\u00b2:\u00a0Der WORX Landroid S250 ist ideal f\u00fcr kleine bis mittelgro\u00dfe G\u00e4rten und<\/p>","protected":false},"featured_media":7856,"template":"","meta":[],"product_brand":[],"product_cat":[32],"product_tag":[],"product_country":[1501],"class_list":{"0":"post-7855","1":"product","2":"type-product","3":"status-publish","4":"has-post-thumbnail","6":"product_cat-electronic","7":"product_country-germany","9":"first","10":"instock","11":"sale","12":"taxable","13":"shipping-taxable","14":"purchasable","15":"product-type-simple"},"_links":{"self":[{"href":"https:\/\/routinesfashione.com\/fr\/wp-json\/wp\/v2\/product\/7855","targetHints":{"allow":["GET"]}}],"collection":[{"href":"https:\/\/routinesfashione.com\/fr\/wp-json\/wp\/v2\/product"}],"about":[{"href":"https:\/\/routinesfashione.com\/fr\/wp-json\/wp\/v2\/types\/product"}],"wp:featuredmedia":[{"embeddable":true,"href":"https:\/\/routinesfashione.com\/fr\/wp-json\/wp\/v2\/media\/7856"}],"wp:attachment":[{"href":"https:\/\/routinesfashione.com\/fr\/wp-json\/wp\/v2\/media?parent=7855"}],"wp:term":[{"taxonomy":"product_brand","embeddable":true,"href":"https:\/\/routinesfashione.com\/fr\/wp-json\/wp\/v2\/product_brand?post=7855"},{"taxonomy":"product_cat","embeddable":true,"href":"https:\/\/routinesfashione.com\/fr\/wp-json\/wp\/v2\/product_cat?post=7855"},{"taxonomy":"product_tag","embeddable":true,"href":"https:\/\/routinesfashione.com\/fr\/wp-json\/wp\/v2\/product_tag?post=7855"},{"taxonomy":"product_country","embeddable":true,"href":"https:\/\/routinesfashione.com\/fr\/wp-json\/wp\/v2\/product_country?post=7855"}],"curies":[{"name":"wp","href":"https:\/\/api.w.org\/{rel}","templated":true}]}}