{"id":7888,"date":"2025-08-09T20:14:16","date_gmt":"2025-08-09T20:14:16","guid":{"rendered":"https:\/\/lightgray-crow-170497.hostingersite.com\/?post_type=product&#038;p=7888"},"modified":"2025-09-30T21:14:18","modified_gmt":"2025-09-30T21:14:18","slug":"gardiun-pergola-de-jardin-fenix-12-m2-300x401x282-cm-madera-laminada-postes-de-14x14-cm-cubierta-de-acero-fijacion-incluida","status":"publish","type":"product","link":"https:\/\/routinesfashione.com\/fr\/produit\/gardiun-pergola-de-jardin-fenix-12-m2-300x401x282-cm-madera-laminada-postes-de-14x14-cm-cubierta-de-acero-fijacion-incluida\/","title":{"rendered":"Gardiun P\u00e9rgola de Jard\u00edn F\u00e9nix 12 m2 300x401x282 cm Madera Laminada | Postes de 14&#215;14 cm | Cubierta de Acero | Fijaci\u00f3n Incluida"},"content":{"rendered":"<h1 class=\"a-size-base-plus a-text-bold\">Acerca de este producto<\/h1>\n<ul class=\"a-unordered-list a-vertical a-spacing-mini\">\n<li class=\"a-spacing-mini\"><span class=\"a-list-item\">DISE\u00d1O: la robusta estructura y la elegante cubierta de la p\u00e9rgola F\u00e9nix te dar\u00e1 toda la elegancia y el resguardo que necesitas para completar tu jard\u00edn<\/span><\/li>\n<li class=\"a-spacing-mini\"><span class=\"a-list-item\">RESISTENCIA: la madera laminada de la estructura y el acero galvanizado de su cubierta son materiales aptos para el uso exterior durante todas las estaciones del a\u00f1o<\/span><\/li>\n<li class=\"a-spacing-mini\"><span class=\"a-list-item\">ESTABILIDAD: dise\u00f1o cuadrado de 300x401x282 cm con 4 pilares de 14&#215;14 cm<\/span><\/li>\n<li class=\"a-spacing-mini\"><span class=\"a-list-item\">VERSATILIDAD: podr\u00e1s adaptar este espacio con el mobiliario que desees para disfrutar de la p\u00e9rgola durante todo el a\u00f1o<\/span><\/li>\n<li class=\"a-spacing-mini\"><span class=\"a-list-item\">MONTAJE: incluye los soportes de fijaci\u00f3n y toda la torniller\u00eda necesaria para un montaje sencillo.<\/span><\/li>\n<\/ul>\n<table class=\"a-normal a-spacing-micro\" role=\"list\">\n<tbody>\n<tr class=\"a-spacing-small po-brand\" role=\"listitem\">\n<td class=\"a-span3\" role=\"presentation\"><strong><span class=\"a-size-base a-text-bold\"><span dir=\"auto\">Nombre de marca<\/span><\/span><\/strong><\/td>\n<td class=\"a-span9\" role=\"presentation\"><span class=\"a-size-base po-break-word\"><span dir=\"auto\">Gardiun<\/span><\/span><\/td>\n<\/tr>\n<tr class=\"a-spacing-small po-material\" role=\"listitem\">\n<td class=\"a-span3\" role=\"presentation\"><strong><span class=\"a-size-base a-text-bold\"><span dir=\"auto\">mat\u00e9riel<\/span><\/span><\/strong><\/td>\n<td class=\"a-span9\" role=\"presentation\"><span class=\"a-size-base po-break-word\"><span dir=\"auto\">Madera<\/span><\/span><\/td>\n<\/tr>\n<tr class=\"a-spacing-small po-style\" role=\"listitem\">\n<td class=\"a-span3\" role=\"presentation\"><strong><span class=\"a-size-base a-text-bold\"><span dir=\"auto\">Estilo<\/span><\/span><\/strong><\/td>\n<td class=\"a-span9\" role=\"presentation\"><span class=\"a-size-base po-break-word\"><span dir=\"auto\">Elegante, robusto<\/span><\/span><\/td>\n<\/tr>\n<tr class=\"a-spacing-small po-item_length_width_height\" role=\"listitem\">\n<td class=\"a-span3\" role=\"presentation\"><strong><span class=\"a-size-base a-text-bold\"><span dir=\"auto\">Dimensiones del art\u00edculo L x An x Al<\/span><\/span><\/strong><\/td>\n<td class=\"a-span9\" role=\"presentation\"><span class=\"a-size-base po-break-word\"><span dir=\"auto\">4,01L x 2,24W x 2,82H metros<\/span><\/span><\/td>\n<\/tr>\n<tr class=\"a-spacing-small po-item_weight\" role=\"listitem\">\n<td class=\"a-span3\" role=\"presentation\"><strong><span class=\"a-size-base a-text-bold\"><span dir=\"auto\">Peso del art\u00edculo<\/span><\/span><\/strong><\/td>\n<td class=\"a-span9\" role=\"presentation\"><span class=\"a-size-base po-break-word\"><span dir=\"auto\">201,5 kilogramos<\/span><\/span><\/td>\n<\/tr>\n<tr class=\"a-spacing-small po-frame.material\" role=\"listitem\">\n<td class=\"a-span3\" role=\"presentation\"><strong><span class=\"a-size-base a-text-bold\"><span dir=\"auto\">Material del marco<\/span><\/span><\/strong><\/td>\n<td class=\"a-span9\" role=\"presentation\"><span class=\"a-size-base po-break-word\"><span dir=\"auto\">Acero, madera<\/span><\/span><\/td>\n<\/tr>\n<tr class=\"a-spacing-small po-water_resistance_level\" role=\"listitem\">\n<td class=\"a-span3\" role=\"presentation\"><strong><span class=\"a-size-base a-text-bold\"><span dir=\"auto\">Nivel de resistencia al agua<\/span><\/span><\/strong><\/td>\n<td class=\"a-span9\" role=\"presentation\"><span class=\"a-size-base po-break-word\"><span dir=\"auto\">Resistente al agua<\/span><\/span><\/td>\n<\/tr>\n<tr class=\"a-spacing-small po-item_shape\" role=\"listitem\">\n<td class=\"a-span3\" role=\"presentation\"><strong><span class=\"a-size-base a-text-bold\"><span dir=\"auto\">Forma del art\u00edculo<\/span><\/span><\/strong><\/td>\n<td class=\"a-span9\" role=\"presentation\"><span class=\"a-size-base po-break-word\"><span dir=\"auto\">Cuadrado<\/span><\/span><\/td>\n<\/tr>\n<tr class=\"a-spacing-small po-ultraviolet_light_protection\" role=\"listitem\">\n<td class=\"a-span3\" role=\"presentation\"><strong><span class=\"a-size-base a-text-bold\"><span dir=\"auto\">Protecci\u00f3n contra la luz ultravioleta<\/span><\/span><\/strong><\/td>\n<td class=\"a-span9\" role=\"presentation\"><span class=\"a-size-base po-break-word\"><span dir=\"auto\">[POSIBLE] F\u00e9nix, indicativo de resistencia a los rayos UV<\/span><\/span><\/td>\n<\/tr>\n<tr class=\"a-spacing-small po-is_assembly_required\" role=\"listitem\">\n<td class=\"a-span3\" role=\"presentation\"><strong><span class=\"a-size-base a-text-bold\"><span dir=\"auto\">\u00bfEs necesario ensamblaje?<\/span><\/span><\/strong><\/td>\n<td class=\"a-span9\" role=\"presentation\"><span class=\"a-size-base po-break-word\"><span dir=\"auto\">S\u00ed<\/span><\/span><\/td>\n<\/tr>\n<\/tbody>\n<\/table>","protected":false},"excerpt":{"rendered":"<p>Acerca de este producto DISE\u00d1O: la robusta estructura y la elegante cubierta de la p\u00e9rgola F\u00e9nix te dar\u00e1 toda la<\/p>","protected":false},"featured_media":19131,"template":"","meta":[],"product_brand":[],"product_cat":[78],"product_tag":[79],"product_country":[1505],"class_list":{"0":"post-7888","1":"product","2":"type-product","3":"status-publish","4":"has-post-thumbnail","6":"product_cat-gazebos-pergolas","7":"product_tag-gazebos-pergolas","8":"product_country-spain","10":"first","11":"instock","12":"sale","13":"taxable","14":"shipping-taxable","15":"purchasable","16":"product-type-simple"},"_links":{"self":[{"href":"https:\/\/routinesfashione.com\/fr\/wp-json\/wp\/v2\/product\/7888","targetHints":{"allow":["GET"]}}],"collection":[{"href":"https:\/\/routinesfashione.com\/fr\/wp-json\/wp\/v2\/product"}],"about":[{"href":"https:\/\/routinesfashione.com\/fr\/wp-json\/wp\/v2\/types\/product"}],"wp:featuredmedia":[{"embeddable":true,"href":"https:\/\/routinesfashione.com\/fr\/wp-json\/wp\/v2\/media\/19131"}],"wp:attachment":[{"href":"https:\/\/routinesfashione.com\/fr\/wp-json\/wp\/v2\/media?parent=7888"}],"wp:term":[{"taxonomy":"product_brand","embeddable":true,"href":"https:\/\/routinesfashione.com\/fr\/wp-json\/wp\/v2\/product_brand?post=7888"},{"taxonomy":"product_cat","embeddable":true,"href":"https:\/\/routinesfashione.com\/fr\/wp-json\/wp\/v2\/product_cat?post=7888"},{"taxonomy":"product_tag","embeddable":true,"href":"https:\/\/routinesfashione.com\/fr\/wp-json\/wp\/v2\/product_tag?post=7888"},{"taxonomy":"product_country","embeddable":true,"href":"https:\/\/routinesfashione.com\/fr\/wp-json\/wp\/v2\/product_country?post=7888"}],"curies":[{"name":"wp","href":"https:\/\/api.w.org\/{rel}","templated":true}]}}