{"id":789,"date":"2025-09-30T20:53:41","date_gmt":"2025-09-30T20:53:41","guid":{"rendered":"https:\/\/lightgray-crow-170497.hostingersite.com\/?post_type=product&#038;p=789"},"modified":"2025-09-30T20:53:41","modified_gmt":"2025-09-30T20:53:41","slug":"tondeuse-autotractee-a-essence-moteur-combustion-4-temps-largeur-de-coupe-53cm","status":"publish","type":"product","link":"https:\/\/routinesfashione.com\/fr\/produit\/tondeuse-autotractee-a-essence-moteur-combustion-4-temps-largeur-de-coupe-53cm\/","title":{"rendered":"Tondeuse autotract\u00e9e \u00e0 essence moteur combustion 4 temps largeur de coup\u00e9 53cm"},"content":{"rendered":"<p>La\u00a0<strong>Le GLM880x est un ton avec gaz autopropuls\u00e9<\/strong>\u00a0avec laquelle vous pouvez optimiser les r\u00e9sultats des coupes puisque vous atteignez les endroits les plus \u00e9troits de votre jardin gr\u00e2ce \u00e0 sa largeur. La tondeuse essence moteur mulching thermique\u00a0<strong>GLM880X<\/strong>\u00a0est \u00e9quip\u00e9 d&#039;un\u00a0<strong>Syst\u00e8me de d\u00e9marrage facile<\/strong>\u00a0avec ouverture manuelle, et \u00e9galement arr\u00eat de s\u00e9curit\u00e9.<\/p>\n<p>Son puissant\u00a0<strong>moteur \u00e0 essence 4 temps de 173cc<\/strong>\u00a0refroidi par air et de\u00a0<strong>7,5 cv\u00a0<\/strong>\u00e0 soupapes en t\u00eate vous donnera des r\u00e9sultats de tonte parfaits. La lame \u00e0 double tranchant \u00e0 un\u00a0<strong>diam\u00e8tre de 53 cm\u00a0<\/strong>et la hauteur de coupe est r\u00e9glable en\u00a0<strong>8 postes<\/strong>\u00a0sur 25-70 mm.<\/p>\n<p>Vous pouvez r\u00e9colter l&#039;herbe coup\u00e9e de la mani\u00e8re qui vous convient le mieux gr\u00e2ce au\u00a0<strong>syst\u00e8me de collecte 4 en 1, p<\/strong>Il s&#039;agit d&#039;un sac de collecte de 65 litres, qui dispose \u00e9galement d&#039;un syst\u00e8me de tri, d&#039;un tri lat\u00e9ral ou d&#039;un syst\u00e8me de paillage.<\/p>\n<p>Elle est dot\u00e9e d&#039;une<strong>\u00a0poign\u00e9e en V repliable<\/strong>\u00a0Afin de faciliter le transport et le stockage de la machine, et de disposer d&#039;un raccord standard pour une utilisation facile apr\u00e8s utilisation, il est d\u00e9conseill\u00e9 de travailler sur les pointes de la 5%.<\/p>\n<h5>Avantages de l&#039;utilisation de la Tondeuse GLM880X<\/h5>\n<ul>\n<li>Tondeuse thermique mulching autopropuls\u00e9e 173cc 7.5cv<\/li>\n<li>Largeur de coupe de type rotatif de 530 mm<\/li>\n<li>Hauteur de coup\u00e9 r\u00e9glable en 8 positions<\/li>\n<li>Syst\u00e8me de paillage<\/li>\n<li>Syst\u00e8me de collecte 4 en 1<\/li>\n<li>Sac de r\u00e9cup\u00e9ration de 65 litres avec couvercle<\/li>\n<li>Configuration manuelle facile<\/li>\n<li>Ch\u00e2ssis en acier<\/li>\n<\/ul>","protected":false},"excerpt":{"rendered":"<p>La GLM880x est une tondeuse \u00e0 gazon autopropuls\u00e9e avec la source qui vous permet d&#039;optimiser les r\u00e9sultats des coupes et vous pouvez atteindrez les extr\u00e9mit\u00e9s<\/p>","protected":false},"featured_media":13378,"template":"","meta":[],"product_brand":[],"product_cat":[61],"product_tag":[],"product_country":[1503],"class_list":{"0":"post-789","1":"product","2":"type-product","3":"status-publish","4":"has-post-thumbnail","6":"product_cat-sale-france","7":"product_country-france","9":"first","10":"instock","11":"sale","12":"taxable","13":"shipping-taxable","14":"purchasable","15":"product-type-simple"},"_links":{"self":[{"href":"https:\/\/routinesfashione.com\/fr\/wp-json\/wp\/v2\/product\/789","targetHints":{"allow":["GET"]}}],"collection":[{"href":"https:\/\/routinesfashione.com\/fr\/wp-json\/wp\/v2\/product"}],"about":[{"href":"https:\/\/routinesfashione.com\/fr\/wp-json\/wp\/v2\/types\/product"}],"wp:featuredmedia":[{"embeddable":true,"href":"https:\/\/routinesfashione.com\/fr\/wp-json\/wp\/v2\/media\/13378"}],"wp:attachment":[{"href":"https:\/\/routinesfashione.com\/fr\/wp-json\/wp\/v2\/media?parent=789"}],"wp:term":[{"taxonomy":"product_brand","embeddable":true,"href":"https:\/\/routinesfashione.com\/fr\/wp-json\/wp\/v2\/product_brand?post=789"},{"taxonomy":"product_cat","embeddable":true,"href":"https:\/\/routinesfashione.com\/fr\/wp-json\/wp\/v2\/product_cat?post=789"},{"taxonomy":"product_tag","embeddable":true,"href":"https:\/\/routinesfashione.com\/fr\/wp-json\/wp\/v2\/product_tag?post=789"},{"taxonomy":"product_country","embeddable":true,"href":"https:\/\/routinesfashione.com\/fr\/wp-json\/wp\/v2\/product_country?post=789"}],"curies":[{"name":"wp","href":"https:\/\/api.w.org\/{rel}","templated":true}]}}