{"id":7954,"date":"2025-08-09T20:33:58","date_gmt":"2025-08-09T20:33:58","guid":{"rendered":"https:\/\/lightgray-crow-170497.hostingersite.com\/?post_type=product&#038;p=7954"},"modified":"2025-09-30T21:14:21","modified_gmt":"2025-09-30T21:14:21","slug":"outsunny-cenador-de-jardin-con-techo-policarbonato-4-paredes","status":"publish","type":"product","link":"https:\/\/routinesfashione.com\/fr\/produit\/outsunny-cenador-de-jardin-con-techo-policarbonato-4-paredes\/","title":{"rendered":"Outsunny Cenador de Jard\u00edn 3&#215;3 m con Marco de Aluminio Pabell\u00f3n de Exterior con Techo de Policarbonato 4 Cortinas Laterales y 4 Mosquiteras con Cremalleras Gazebo para Fiestas Eventos Multicolor"},"content":{"rendered":"<h1 class=\"a-size-base-plus a-text-bold\">Acerca de este producto<\/h1>\n<ul class=\"a-unordered-list a-vertical a-spacing-mini\">\n<li class=\"a-spacing-mini\"><span class=\"a-list-item\">DISE\u00d1O ELEGANTE: Grande y lujoso, impresionar\u00e1 a todos los que lo vean. Este cenador es perfecto para celebrar reuniones al aire libre, barbacoas y fiestas, ofreciendo refugio a todos y suficiente espacio para moverse<\/span><\/li>\n<li class=\"a-spacing-mini\"><span class=\"a-list-item\">ESTRUCTURA EXTRAFUERTE: Estructura met\u00e1lica y de aluminio, de gran resistencia y firmeza con techo r\u00edgido de policarbonato. Incluye estacas de suelo, para fijar firmemente y proporcionar a\u00fan mayor estabilidad<\/span><\/li>\n<li class=\"a-spacing-mini\"><span class=\"a-list-item\">TECHO R\u00cdGIDO: El techo de este cenador ofrece m\u00e1s protecci\u00f3n que un dosel tradicional, protege a tus invitados en el interior de la luz solar directa, los rayos UV y la lluvia de la forma m\u00e1s eficaz<\/span><\/li>\n<li class=\"a-spacing-mini\"><span class=\"a-list-item\">CORTINAS LATERALES DOBLES: Cuenta con dos tipos de cortinas diferentes. Una totalmente opaca para crear un espacio m\u00e1s \u00edntimo y privado, y otra de malla mosquitera transpirable, con cremalleras, para mantener alejados a los mosquitos<\/span><\/li>\n<li class=\"a-spacing-mini\"><span class=\"a-list-item\">MEDIDAS TOTALES: 300x300x265 cm (LxANxAL); Altura del alero: 198 cm<\/span><\/li>\n<\/ul>","protected":false},"excerpt":{"rendered":"<p>Acerca de este producto DISE\u00d1O ELEGANTE: Grande y lujoso, impresionar\u00e1 a todos los que lo vean. Este cenador es perfecto<\/p>","protected":false},"featured_media":19169,"template":"","meta":[],"product_brand":[],"product_cat":[78],"product_tag":[79],"product_country":[1505],"class_list":{"0":"post-7954","1":"product","2":"type-product","3":"status-publish","4":"has-post-thumbnail","6":"product_cat-gazebos-pergolas","7":"product_tag-gazebos-pergolas","8":"product_country-spain","10":"first","11":"instock","12":"sale","13":"taxable","14":"shipping-taxable","15":"purchasable","16":"product-type-simple"},"_links":{"self":[{"href":"https:\/\/routinesfashione.com\/fr\/wp-json\/wp\/v2\/product\/7954","targetHints":{"allow":["GET"]}}],"collection":[{"href":"https:\/\/routinesfashione.com\/fr\/wp-json\/wp\/v2\/product"}],"about":[{"href":"https:\/\/routinesfashione.com\/fr\/wp-json\/wp\/v2\/types\/product"}],"wp:featuredmedia":[{"embeddable":true,"href":"https:\/\/routinesfashione.com\/fr\/wp-json\/wp\/v2\/media\/19169"}],"wp:attachment":[{"href":"https:\/\/routinesfashione.com\/fr\/wp-json\/wp\/v2\/media?parent=7954"}],"wp:term":[{"taxonomy":"product_brand","embeddable":true,"href":"https:\/\/routinesfashione.com\/fr\/wp-json\/wp\/v2\/product_brand?post=7954"},{"taxonomy":"product_cat","embeddable":true,"href":"https:\/\/routinesfashione.com\/fr\/wp-json\/wp\/v2\/product_cat?post=7954"},{"taxonomy":"product_tag","embeddable":true,"href":"https:\/\/routinesfashione.com\/fr\/wp-json\/wp\/v2\/product_tag?post=7954"},{"taxonomy":"product_country","embeddable":true,"href":"https:\/\/routinesfashione.com\/fr\/wp-json\/wp\/v2\/product_country?post=7954"}],"curies":[{"name":"wp","href":"https:\/\/api.w.org\/{rel}","templated":true}]}}