{"id":7985,"date":"2025-08-09T21:06:05","date_gmt":"2025-08-09T21:06:05","guid":{"rendered":"https:\/\/lightgray-crow-170497.hostingersite.com\/?post_type=product&#038;p=7985"},"modified":"2025-09-30T21:14:24","modified_gmt":"2025-09-30T21:14:24","slug":"pergola-aluminio-naterial-persea-gris-antracita-320x360-cm","status":"publish","type":"product","link":"https:\/\/routinesfashione.com\/fr\/produit\/pergola-aluminio-naterial-persea-gris-antracita-320x360-cm\/","title":{"rendered":"P\u00e9rgola aluminio naterial persea gris antracita 320&#215;360 cm"},"content":{"rendered":"<div class=\"o-product-detail-informations__description\">\n<p>P\u00e9rgola para terraza o jard\u00edn Naterial serie Persea con estructura y cubierta de aluminio en color gris antracita. Cuenta con tratamiento resistente a la intemperie. La cubierta es de lamas orientables, que te permitir\u00e1n regular la luz y la temperatura de forma sencilla, y cubre una superficie de 11,52 m\u00b2. Dise\u00f1ada para permitir la evacuaci\u00f3n del agua de lluvia. Podr\u00e1s fijarla en el suelo con los tornillos adecuados. Medidas: 3,20 x 2,46 x 3,60 m (ancho x alto x largo).<\/p>\n<p>Sistema de recogida de aguas pluviales<\/p>\n<p>Gran resistencia a la intemperie y los rayos solares.<\/p>\n<p>Bioclim\u00e1tica: regula la luz y la temperatura de forma sencilla y ecol\u00f3gica gracias a sus lamas orientables<\/p>\n<\/div>\n<table class=\"o-product-features\" role=\"presentation\" data-cerberus=\"TABLE_AttributesProduct\">\n<caption class=\"kl-hidden-accessibility\">\u00a0<\/caption>\n<tbody>\n<tr class=\"m-product-attr-row\">\n<th class=\"m-product-attr-row__name\" scope=\"row\">Familia de color<\/th>\n<td class=\"m-product-attr-row__value\">Gris \/ plata<\/td>\n<\/tr>\n<tr class=\"m-product-attr-row\">\n<th class=\"m-product-attr-row__name\" scope=\"row\">Bioclim\u00e1tico<\/th>\n<td class=\"m-product-attr-row__value\">S\u00ed<\/td>\n<\/tr>\n<tr class=\"m-product-attr-row\">\n<th class=\"m-product-attr-row__name\" scope=\"row\">Fijaci\u00f3n a suelo<\/th>\n<td class=\"m-product-attr-row__value\">S\u00ed<\/td>\n<\/tr>\n<tr class=\"m-product-attr-row\">\n<th class=\"m-product-attr-row__name\" scope=\"row\">Material de las cortinas<\/th>\n<td class=\"m-product-attr-row__value\">Pecado<\/td>\n<\/tr>\n<tr class=\"m-product-attr-row\">\n<th class=\"m-product-attr-row__name\" scope=\"row\">Altura entrada (en cm)<\/th>\n<td class=\"m-product-attr-row__value\">216<\/td>\n<\/tr>\n<tr class=\"m-product-attr-row\">\n<th class=\"m-product-attr-row__name\" scope=\"row\">Color de la estructura<\/th>\n<td class=\"m-product-attr-row__value\">Gris antracita<\/td>\n<\/tr>\n<tr class=\"m-product-attr-row\">\n<th class=\"m-product-attr-row__name\" scope=\"row\">Superficie (en m\u00b2)<\/th>\n<td class=\"m-product-attr-row__value\">11.52<\/td>\n<\/tr>\n<tr class=\"m-product-attr-row\">\n<th class=\"m-product-attr-row__name\" scope=\"row\">Material de la estructura<\/th>\n<td class=\"m-product-attr-row__value\">Aluminio<\/td>\n<\/tr>\n<tr class=\"m-product-attr-row\">\n<th class=\"m-product-attr-row__name\" scope=\"row\">Con jardinera<\/th>\n<td class=\"m-product-attr-row__value\">No<\/td>\n<\/tr>\n<tr class=\"m-product-attr-row\">\n<th class=\"m-product-attr-row__name\" scope=\"row\">Modelo de negocio<\/th>\n<td class=\"m-product-attr-row__value\">Persea<\/td>\n<\/tr>\n<tr class=\"m-product-attr-row\">\n<th class=\"m-product-attr-row__name\" scope=\"row\">Desag\u00fce<\/th>\n<td class=\"m-product-attr-row__value\">S\u00ed<\/td>\n<\/tr>\n<tr class=\"m-product-attr-row\">\n<th class=\"m-product-attr-row__name\" scope=\"row\">Cortinas elevables<\/th>\n<td class=\"m-product-attr-row__value\">No<\/td>\n<\/tr>\n<tr class=\"m-product-attr-row\">\n<th class=\"m-product-attr-row__name\" scope=\"row\">Nombre de la serie<\/th>\n<td class=\"m-product-attr-row__value\">Persea<\/td>\n<\/tr>\n<tr class=\"m-product-attr-row\">\n<th class=\"m-product-attr-row__name\" scope=\"row\">Color de la cubierta<\/th>\n<td class=\"m-product-attr-row__value\">Antracita<\/td>\n<\/tr>\n<tr class=\"m-product-attr-row\">\n<th class=\"m-product-attr-row__name\" scope=\"row\">Sistema a prueba de viento<\/th>\n<td class=\"m-product-attr-row__value\">No<\/td>\n<\/tr>\n<tr class=\"m-product-attr-row\">\n<th class=\"m-product-attr-row__name\" scope=\"row\">Anchura (en cm)<\/th>\n<td class=\"m-product-attr-row__value\">320<\/td>\n<\/tr>\n<tr class=\"m-product-attr-row\">\n<th class=\"m-product-attr-row__name\" scope=\"row\">Longitud (en cm)<\/th>\n<td class=\"m-product-attr-row__value\">358<\/td>\n<\/tr>\n<tr class=\"m-product-attr-row\">\n<th class=\"m-product-attr-row__name\" scope=\"row\">Altura (en cm)<\/th>\n<td class=\"m-product-attr-row__value\">246<\/td>\n<\/tr>\n<tr class=\"m-product-attr-row\">\n<th class=\"m-product-attr-row__name\" scope=\"row\">Largo interior (en cm)<\/th>\n<td class=\"m-product-attr-row__value\">297<\/td>\n<\/tr>\n<tr class=\"m-product-attr-row\">\n<th class=\"m-product-attr-row__name\" scope=\"row\">Plegable<\/th>\n<td class=\"m-product-attr-row__value\">No<\/td>\n<\/tr>\n<tr class=\"m-product-attr-row\">\n<th class=\"m-product-attr-row__name\" scope=\"row\">Producto empaquetado: anchura (en cm)<\/th>\n<td class=\"m-product-attr-row__value\">59<\/td>\n<\/tr>\n<tr class=\"m-product-attr-row\">\n<th class=\"m-product-attr-row__name\" scope=\"row\">Producto empaquetado: altura (en cm)<\/th>\n<td class=\"m-product-attr-row__value\">69<\/td>\n<\/tr>\n<tr class=\"m-product-attr-row\">\n<th class=\"m-product-attr-row__name\" scope=\"row\">Producto empaquetado: profundidad (en cm)<\/th>\n<td class=\"m-product-attr-row__value\">359<\/td>\n<\/tr>\n<tr class=\"m-product-attr-row\">\n<th class=\"m-product-attr-row__name\" scope=\"row\">Producto empaquetado: peso (en kg)<\/th>\n<td class=\"m-product-attr-row__value\">117<\/td>\n<\/tr>\n<tr class=\"m-product-attr-row\">\n<th class=\"m-product-attr-row__name\" scope=\"row\">Garant\u00eda (en a\u00f1os)<\/th>\n<td class=\"m-product-attr-row__value\">5<\/td>\n<\/tr>\n<tr class=\"m-product-attr-row\">\n<th class=\"m-product-attr-row__name\" scope=\"row\">Soporte de destino<\/th>\n<td class=\"m-product-attr-row__value\">Suelo<\/td>\n<\/tr>\n<\/tbody>\n<\/table>","protected":false},"excerpt":{"rendered":"<p>P\u00e9rgola para terraza o jard\u00edn Naterial serie Persea con estructura y cubierta de aluminio en color gris antracita. Cuenta con<\/p>","protected":false},"featured_media":19191,"template":"","meta":[],"product_brand":[],"product_cat":[78],"product_tag":[79],"product_country":[1505],"class_list":{"0":"post-7985","1":"product","2":"type-product","3":"status-publish","4":"has-post-thumbnail","6":"product_cat-gazebos-pergolas","7":"product_tag-gazebos-pergolas","8":"product_country-spain","10":"first","11":"instock","12":"sale","13":"taxable","14":"shipping-taxable","15":"purchasable","16":"product-type-simple"},"_links":{"self":[{"href":"https:\/\/routinesfashione.com\/fr\/wp-json\/wp\/v2\/product\/7985","targetHints":{"allow":["GET"]}}],"collection":[{"href":"https:\/\/routinesfashione.com\/fr\/wp-json\/wp\/v2\/product"}],"about":[{"href":"https:\/\/routinesfashione.com\/fr\/wp-json\/wp\/v2\/types\/product"}],"wp:featuredmedia":[{"embeddable":true,"href":"https:\/\/routinesfashione.com\/fr\/wp-json\/wp\/v2\/media\/19191"}],"wp:attachment":[{"href":"https:\/\/routinesfashione.com\/fr\/wp-json\/wp\/v2\/media?parent=7985"}],"wp:term":[{"taxonomy":"product_brand","embeddable":true,"href":"https:\/\/routinesfashione.com\/fr\/wp-json\/wp\/v2\/product_brand?post=7985"},{"taxonomy":"product_cat","embeddable":true,"href":"https:\/\/routinesfashione.com\/fr\/wp-json\/wp\/v2\/product_cat?post=7985"},{"taxonomy":"product_tag","embeddable":true,"href":"https:\/\/routinesfashione.com\/fr\/wp-json\/wp\/v2\/product_tag?post=7985"},{"taxonomy":"product_country","embeddable":true,"href":"https:\/\/routinesfashione.com\/fr\/wp-json\/wp\/v2\/product_country?post=7985"}],"curies":[{"name":"wp","href":"https:\/\/api.w.org\/{rel}","templated":true}]}}