{"id":8037,"date":"2025-08-09T21:13:20","date_gmt":"2025-08-09T21:13:20","guid":{"rendered":"https:\/\/lightgray-crow-170497.hostingersite.com\/?post_type=product&#038;p=8037"},"modified":"2025-09-30T21:14:27","modified_gmt":"2025-09-30T21:14:27","slug":"pergola-de-aluminio-naterial-clima-bio-gris-de-313x198-cm","status":"publish","type":"product","link":"https:\/\/routinesfashione.com\/fr\/produit\/pergola-de-aluminio-naterial-clima-bio-gris-de-313x198-cm\/","title":{"rendered":"P\u00e9rgola de aluminio naterial clima bio gris de 313&#215;198 cm"},"content":{"rendered":"<div class=\"o-product-detail-informations__description\">\n<p>P\u00e9rgola bioclim\u00e1tica rectangular para terraza o jard\u00edn Naterial Clima, con estructura y cubierta de aluminio color gris oscuro. Cubre una superficie de 5,08 m\u00b2. Se fija al suelo con los tornillos suministrados. Cuenta con sistema antiviento y el tejido es antimanchas. Adem\u00e1s, tiene un sistema de desag\u00fce por el interior de los tubos de forma que el agua no se acumula en la parte superior y es evacuado por la parte inferior. Esta p\u00e9rgola de dise\u00f1o sencillo y protecci\u00f3n UV encaja en todos los estilos decorativos, combina con el resto de elementos de la serie Clima pensados para jard\u00edn, terraza o patio, disponibles en Leroy Merlin. Disponible en otros colores y tama\u00f1os. Medidas: 3,13 x 2,29 x 1,98 m (ancho x alto x largo).<\/p>\n<\/div>\n<table class=\"o-product-features\" role=\"presentation\" data-cerberus=\"TABLE_AttributesProduct\">\n<caption class=\"kl-hidden-accessibility\">\u00a0<\/caption>\n<tbody>\n<tr class=\"m-product-attr-row\">\n<th class=\"m-product-attr-row__name\" scope=\"row\">Familia de color<\/th>\n<td class=\"m-product-attr-row__value\">Gris \/ plata<\/td>\n<\/tr>\n<tr class=\"m-product-attr-row\">\n<th class=\"m-product-attr-row__name\" scope=\"row\">Bioclim\u00e1tico<\/th>\n<td class=\"m-product-attr-row__value\">S\u00ed<\/td>\n<\/tr>\n<tr class=\"m-product-attr-row\">\n<th class=\"m-product-attr-row__name\" scope=\"row\">Fijaci\u00f3n a suelo<\/th>\n<td class=\"m-product-attr-row__value\">S\u00ed<\/td>\n<\/tr>\n<tr class=\"m-product-attr-row\">\n<th class=\"m-product-attr-row__name\" scope=\"row\">Material de las cortinas<\/th>\n<td class=\"m-product-attr-row__value\">Pecado<\/td>\n<\/tr>\n<tr class=\"m-product-attr-row\">\n<th class=\"m-product-attr-row__name\" scope=\"row\">Color de la estructura<\/th>\n<td class=\"m-product-attr-row__value\">Gris<\/td>\n<\/tr>\n<tr class=\"m-product-attr-row\">\n<th class=\"m-product-attr-row__name\" scope=\"row\">Superficie (en m\u00b2)<\/th>\n<td class=\"m-product-attr-row__value\">6.2<\/td>\n<\/tr>\n<tr class=\"m-product-attr-row\">\n<th class=\"m-product-attr-row__name\" scope=\"row\">Material de la estructura<\/th>\n<td class=\"m-product-attr-row__value\">Aluminio<\/td>\n<\/tr>\n<tr class=\"m-product-attr-row\">\n<th class=\"m-product-attr-row__name\" scope=\"row\">Desag\u00fce<\/th>\n<td class=\"m-product-attr-row__value\">S\u00ed<\/td>\n<\/tr>\n<tr class=\"m-product-attr-row\">\n<th class=\"m-product-attr-row__name\" scope=\"row\">Cortinas elevables<\/th>\n<td class=\"m-product-attr-row__value\">No<\/td>\n<\/tr>\n<tr class=\"m-product-attr-row\">\n<th class=\"m-product-attr-row__name\" scope=\"row\">Color de la cubierta<\/th>\n<td class=\"m-product-attr-row__value\">Gris oscuro<\/td>\n<\/tr>\n<tr class=\"m-product-attr-row\">\n<th class=\"m-product-attr-row__name\" scope=\"row\">Sistema a prueba de viento<\/th>\n<td class=\"m-product-attr-row__value\">S\u00ed<\/td>\n<\/tr>\n<tr class=\"m-product-attr-row\">\n<th class=\"m-product-attr-row__name\" scope=\"row\">Anchura (en cm)<\/th>\n<td class=\"m-product-attr-row__value\">313<\/td>\n<\/tr>\n<tr class=\"m-product-attr-row\">\n<th class=\"m-product-attr-row__name\" scope=\"row\">Longitud (en cm)<\/th>\n<td class=\"m-product-attr-row__value\">198<\/td>\n<\/tr>\n<tr class=\"m-product-attr-row\">\n<th class=\"m-product-attr-row__name\" scope=\"row\">Altura (en cm)<\/th>\n<td class=\"m-product-attr-row__value\">229<\/td>\n<\/tr>\n<tr class=\"m-product-attr-row\">\n<th class=\"m-product-attr-row__name\" scope=\"row\">Largo interior (en cm)<\/th>\n<td class=\"m-product-attr-row__value\">290.5<\/td>\n<\/tr>\n<tr class=\"m-product-attr-row\">\n<th class=\"m-product-attr-row__name\" scope=\"row\">Plegable<\/th>\n<td class=\"m-product-attr-row__value\">No<\/td>\n<\/tr>\n<tr class=\"m-product-attr-row\">\n<th class=\"m-product-attr-row__name\" scope=\"row\">Producto empaquetado: anchura (en cm)<\/th>\n<td class=\"m-product-attr-row__value\">52<\/td>\n<\/tr>\n<tr class=\"m-product-attr-row\">\n<th class=\"m-product-attr-row__name\" scope=\"row\">Producto empaquetado: altura (en cm)<\/th>\n<td class=\"m-product-attr-row__value\">32.8<\/td>\n<\/tr>\n<tr class=\"m-product-attr-row\">\n<th class=\"m-product-attr-row__name\" scope=\"row\">Producto empaquetado: profundidad (en cm)<\/th>\n<td class=\"m-product-attr-row__value\">306<\/td>\n<\/tr>\n<tr class=\"m-product-attr-row\">\n<th class=\"m-product-attr-row__name\" scope=\"row\">Producto empaquetado: peso (en kg)<\/th>\n<td class=\"m-product-attr-row__value\">112.1<\/td>\n<\/tr>\n<tr class=\"m-product-attr-row\">\n<th class=\"m-product-attr-row__name\" scope=\"row\">Garant\u00eda (en a\u00f1os)<\/th>\n<td class=\"m-product-attr-row__value\">3<\/td>\n<\/tr>\n<tr class=\"m-product-attr-row\">\n<th class=\"m-product-attr-row__name\" scope=\"row\">Soporte de destino<\/th>\n<td class=\"m-product-attr-row__value\">Suelo<\/td>\n<\/tr>\n<\/tbody>\n<\/table>","protected":false},"excerpt":{"rendered":"<p>P\u00e9rgola bioclim\u00e1tica rectangular para terraza o jard\u00edn Naterial Clima, con estructura y cubierta de aluminio color gris oscuro. Cubre una<\/p>","protected":false},"featured_media":19223,"template":"","meta":[],"product_brand":[],"product_cat":[78],"product_tag":[79],"product_country":[1505],"class_list":{"0":"post-8037","1":"product","2":"type-product","3":"status-publish","4":"has-post-thumbnail","6":"product_cat-gazebos-pergolas","7":"product_tag-gazebos-pergolas","8":"product_country-spain","10":"first","11":"instock","12":"sale","13":"taxable","14":"shipping-taxable","15":"purchasable","16":"product-type-simple"},"_links":{"self":[{"href":"https:\/\/routinesfashione.com\/fr\/wp-json\/wp\/v2\/product\/8037","targetHints":{"allow":["GET"]}}],"collection":[{"href":"https:\/\/routinesfashione.com\/fr\/wp-json\/wp\/v2\/product"}],"about":[{"href":"https:\/\/routinesfashione.com\/fr\/wp-json\/wp\/v2\/types\/product"}],"wp:featuredmedia":[{"embeddable":true,"href":"https:\/\/routinesfashione.com\/fr\/wp-json\/wp\/v2\/media\/19223"}],"wp:attachment":[{"href":"https:\/\/routinesfashione.com\/fr\/wp-json\/wp\/v2\/media?parent=8037"}],"wp:term":[{"taxonomy":"product_brand","embeddable":true,"href":"https:\/\/routinesfashione.com\/fr\/wp-json\/wp\/v2\/product_brand?post=8037"},{"taxonomy":"product_cat","embeddable":true,"href":"https:\/\/routinesfashione.com\/fr\/wp-json\/wp\/v2\/product_cat?post=8037"},{"taxonomy":"product_tag","embeddable":true,"href":"https:\/\/routinesfashione.com\/fr\/wp-json\/wp\/v2\/product_tag?post=8037"},{"taxonomy":"product_country","embeddable":true,"href":"https:\/\/routinesfashione.com\/fr\/wp-json\/wp\/v2\/product_country?post=8037"}],"curies":[{"name":"wp","href":"https:\/\/api.w.org\/{rel}","templated":true}]}}